{"id":831,"date":"2025-07-19T10:26:35","date_gmt":"2025-07-19T13:26:35","guid":{"rendered":"https:\/\/tomasostore.com.ar\/tienda\/?post_type=product&#038;p=831"},"modified":"2025-07-29T12:12:59","modified_gmt":"2025-07-29T15:12:59","slug":"juguete-musical-con-actividades-didacticas-ok-baby-okbb0107-isakito","status":"publish","type":"product","link":"https:\/\/tomasostore.com.ar\/tienda\/producto\/juguete-musical-con-actividades-didacticas-ok-baby-okbb0107-isakito\/","title":{"rendered":"Juguete Musical Con Actividades Did\u00e1cticas Ok Baby Okbb0107 Isakito"},"content":{"rendered":"<p>Juguete Musical Con Actividades Did\u00e1cticas Ok Baby Okbb0107 Isakito Juguete Musical Con Actividades Did\u00e1cticas Ok Baby OKBB0107 Contiene luces y sonidos Incluye pilas 2XAA Medidas aproximadas del juguete: 22 cm de alto x 17 cm de ancho Edad recomendada: +6 meses *Los precios de \u00e9ste sitio web son exclusivos para compras online, y no necesariamente coinciden con los precios en el local. LAS FOTOS E IM\u00c1GENES SON A MODO ILUSTRATIVO INTENTANDO REFLEJAR LO M\u00c1S REAL POSIBLE SUS CARACTER\u00cdSTICAS Y PUEDEN VARIAR SEG\u00daN DECISI\u00d3N DEL FABRICANTE. DADA LA DIVERSIDAD DE PANTALLAS NO PODEMOS GARANTIZARLE QUE EN TODAS VEA LOS MISMOS COLORES.<\/p>\n","protected":false},"excerpt":{"rendered":"<p>Juguete Musical Con Actividades Did\u00e1cticas Ok Baby Okbb0107 Isakito Juguete Musical Con Actividades Did\u00e1cticas Ok Baby OKBB0107 Contiene luces y sonidos Incluye pilas 2XAA Medidas aproximadas del juguete: 22 cm de alto x 17 cm de ancho Edad recomendada: +6 meses *Los precios de \u00e9ste sitio web son exclusivos para compras online, y no necesariamente [&hellip;]<\/p>\n","protected":false},"featured_media":22627,"comment_status":"open","ping_status":"closed","template":"","meta":[],"product_brand":[46],"product_cat":[636],"product_tag":[637],"class_list":{"0":"post-831","1":"product","2":"type-product","3":"status-publish","4":"has-post-thumbnail","6":"product_brand-isakito","7":"product_cat-bebes-didacticos","8":"product_tag-bebes-didacticos","10":"first","11":"instock","12":"sale","13":"shipping-taxable","14":"purchasable","15":"product-type-simple"},"yoast_head":"<!-- This site is optimized with the Yoast SEO plugin v27.5 - https:\/\/yoast.com\/product\/yoast-seo-wordpress\/ -->\n<title>Juguete Musical Con Actividades Did\u00e1cticas Ok Baby Okbb0107 Isakito - Tomaso Store<\/title>\n<meta name=\"robots\" content=\"index, follow, max-snippet:-1, max-image-preview:large, max-video-preview:-1\" \/>\n<link rel=\"canonical\" href=\"https:\/\/tomasostore.com.ar\/tienda\/producto\/juguete-musical-con-actividades-didacticas-ok-baby-okbb0107-isakito\/\" \/>\n<meta property=\"og:locale\" content=\"es_ES\" \/>\n<meta property=\"og:type\" content=\"article\" \/>\n<meta property=\"og:title\" content=\"Juguete Musical Con Actividades Did\u00e1cticas Ok Baby Okbb0107 Isakito - Tomaso Store\" \/>\n<meta property=\"og:description\" content=\"Juguete Musical Con Actividades Did\u00e1cticas Ok Baby Okbb0107 Isakito Juguete Musical Con Actividades Did\u00e1cticas Ok Baby OKBB0107 Contiene luces y sonidos Incluye pilas 2XAA Medidas aproximadas del juguete: 22 cm de alto x 17 cm de ancho Edad recomendada: +6 meses *Los precios de \u00e9ste sitio web son exclusivos para compras online, y no necesariamente [&hellip;]\" \/>\n<meta property=\"og:url\" content=\"https:\/\/tomasostore.com.ar\/tienda\/producto\/juguete-musical-con-actividades-didacticas-ok-baby-okbb0107-isakito\/\" \/>\n<meta property=\"og:site_name\" content=\"Tomaso Store\" \/>\n<meta property=\"article:modified_time\" content=\"2025-07-29T15:12:59+00:00\" \/>\n<meta name=\"twitter:card\" content=\"summary_large_image\" \/>\n<meta name=\"twitter:label1\" content=\"Tiempo de lectura\" \/>\n\t<meta name=\"twitter:data1\" content=\"1 minuto\" \/>\n<script type=\"application\/ld+json\" class=\"yoast-schema-graph\">{\"@context\":\"https:\\\/\\\/schema.org\",\"@graph\":[{\"@type\":\"WebPage\",\"@id\":\"https:\\\/\\\/tomasostore.com.ar\\\/tienda\\\/producto\\\/juguete-musical-con-actividades-didacticas-ok-baby-okbb0107-isakito\\\/\",\"url\":\"https:\\\/\\\/tomasostore.com.ar\\\/tienda\\\/producto\\\/juguete-musical-con-actividades-didacticas-ok-baby-okbb0107-isakito\\\/\",\"name\":\"Juguete Musical Con Actividades Did\u00e1cticas Ok Baby Okbb0107 Isakito - Tomaso Store\",\"isPartOf\":{\"@id\":\"https:\\\/\\\/tomasostore.com.ar\\\/tienda\\\/#website\"},\"primaryImageOfPage\":{\"@id\":\"https:\\\/\\\/tomasostore.com.ar\\\/tienda\\\/producto\\\/juguete-musical-con-actividades-didacticas-ok-baby-okbb0107-isakito\\\/#primaryimage\"},\"image\":{\"@id\":\"https:\\\/\\\/tomasostore.com.ar\\\/tienda\\\/producto\\\/juguete-musical-con-actividades-didacticas-ok-baby-okbb0107-isakito\\\/#primaryimage\"},\"thumbnailUrl\":\"https:\\\/\\\/tomasostore.com.ar\\\/tienda\\\/wp-content\\\/uploads\\\/2025\\\/07\\\/pintar-y-jugar-90-a034937bf564636e7e17000805126818-1024-1024.png\",\"datePublished\":\"2025-07-19T13:26:35+00:00\",\"dateModified\":\"2025-07-29T15:12:59+00:00\",\"breadcrumb\":{\"@id\":\"https:\\\/\\\/tomasostore.com.ar\\\/tienda\\\/producto\\\/juguete-musical-con-actividades-didacticas-ok-baby-okbb0107-isakito\\\/#breadcrumb\"},\"inLanguage\":\"es\",\"potentialAction\":[{\"@type\":\"ReadAction\",\"target\":[\"https:\\\/\\\/tomasostore.com.ar\\\/tienda\\\/producto\\\/juguete-musical-con-actividades-didacticas-ok-baby-okbb0107-isakito\\\/\"]}]},{\"@type\":\"ImageObject\",\"inLanguage\":\"es\",\"@id\":\"https:\\\/\\\/tomasostore.com.ar\\\/tienda\\\/producto\\\/juguete-musical-con-actividades-didacticas-ok-baby-okbb0107-isakito\\\/#primaryimage\",\"url\":\"https:\\\/\\\/tomasostore.com.ar\\\/tienda\\\/wp-content\\\/uploads\\\/2025\\\/07\\\/pintar-y-jugar-90-a034937bf564636e7e17000805126818-1024-1024.png\",\"contentUrl\":\"https:\\\/\\\/tomasostore.com.ar\\\/tienda\\\/wp-content\\\/uploads\\\/2025\\\/07\\\/pintar-y-jugar-90-a034937bf564636e7e17000805126818-1024-1024.png\",\"width\":1024,\"height\":1024},{\"@type\":\"BreadcrumbList\",\"@id\":\"https:\\\/\\\/tomasostore.com.ar\\\/tienda\\\/producto\\\/juguete-musical-con-actividades-didacticas-ok-baby-okbb0107-isakito\\\/#breadcrumb\",\"itemListElement\":[{\"@type\":\"ListItem\",\"position\":1,\"name\":\"Portada\",\"item\":\"https:\\\/\\\/tomasostore.com.ar\\\/tienda\\\/\"},{\"@type\":\"ListItem\",\"position\":2,\"name\":\"Tienda\",\"item\":\"https:\\\/\\\/tomasostore.com.ar\\\/tienda\\\/tienda\\\/\"},{\"@type\":\"ListItem\",\"position\":3,\"name\":\"Juguete Musical Con Actividades Did\u00e1cticas Ok Baby Okbb0107 Isakito\"}]},{\"@type\":\"WebSite\",\"@id\":\"https:\\\/\\\/tomasostore.com.ar\\\/tienda\\\/#website\",\"url\":\"https:\\\/\\\/tomasostore.com.ar\\\/tienda\\\/\",\"name\":\"Tomaso Store\",\"description\":\"Compr\u00e1s online, recib\u00eds en mano. Desde Hernando, llevando confianza a tu casa. Productos con garant\u00eda.\",\"potentialAction\":[{\"@type\":\"SearchAction\",\"target\":{\"@type\":\"EntryPoint\",\"urlTemplate\":\"https:\\\/\\\/tomasostore.com.ar\\\/tienda\\\/?s={search_term_string}\"},\"query-input\":{\"@type\":\"PropertyValueSpecification\",\"valueRequired\":true,\"valueName\":\"search_term_string\"}}],\"inLanguage\":\"es\"}]}<\/script>\n<!-- \/ Yoast SEO plugin. -->","yoast_head_json":{"title":"Juguete Musical Con Actividades Did\u00e1cticas Ok Baby Okbb0107 Isakito - Tomaso Store","robots":{"index":"index","follow":"follow","max-snippet":"max-snippet:-1","max-image-preview":"max-image-preview:large","max-video-preview":"max-video-preview:-1"},"canonical":"https:\/\/tomasostore.com.ar\/tienda\/producto\/juguete-musical-con-actividades-didacticas-ok-baby-okbb0107-isakito\/","og_locale":"es_ES","og_type":"article","og_title":"Juguete Musical Con Actividades Did\u00e1cticas Ok Baby Okbb0107 Isakito - Tomaso Store","og_description":"Juguete Musical Con Actividades Did\u00e1cticas Ok Baby Okbb0107 Isakito Juguete Musical Con Actividades Did\u00e1cticas Ok Baby OKBB0107 Contiene luces y sonidos Incluye pilas 2XAA Medidas aproximadas del juguete: 22 cm de alto x 17 cm de ancho Edad recomendada: +6 meses *Los precios de \u00e9ste sitio web son exclusivos para compras online, y no necesariamente [&hellip;]","og_url":"https:\/\/tomasostore.com.ar\/tienda\/producto\/juguete-musical-con-actividades-didacticas-ok-baby-okbb0107-isakito\/","og_site_name":"Tomaso Store","article_modified_time":"2025-07-29T15:12:59+00:00","twitter_card":"summary_large_image","twitter_misc":{"Tiempo de lectura":"1 minuto"},"schema":{"@context":"https:\/\/schema.org","@graph":[{"@type":"WebPage","@id":"https:\/\/tomasostore.com.ar\/tienda\/producto\/juguete-musical-con-actividades-didacticas-ok-baby-okbb0107-isakito\/","url":"https:\/\/tomasostore.com.ar\/tienda\/producto\/juguete-musical-con-actividades-didacticas-ok-baby-okbb0107-isakito\/","name":"Juguete Musical Con Actividades Did\u00e1cticas Ok Baby Okbb0107 Isakito - Tomaso Store","isPartOf":{"@id":"https:\/\/tomasostore.com.ar\/tienda\/#website"},"primaryImageOfPage":{"@id":"https:\/\/tomasostore.com.ar\/tienda\/producto\/juguete-musical-con-actividades-didacticas-ok-baby-okbb0107-isakito\/#primaryimage"},"image":{"@id":"https:\/\/tomasostore.com.ar\/tienda\/producto\/juguete-musical-con-actividades-didacticas-ok-baby-okbb0107-isakito\/#primaryimage"},"thumbnailUrl":"https:\/\/tomasostore.com.ar\/tienda\/wp-content\/uploads\/2025\/07\/pintar-y-jugar-90-a034937bf564636e7e17000805126818-1024-1024.png","datePublished":"2025-07-19T13:26:35+00:00","dateModified":"2025-07-29T15:12:59+00:00","breadcrumb":{"@id":"https:\/\/tomasostore.com.ar\/tienda\/producto\/juguete-musical-con-actividades-didacticas-ok-baby-okbb0107-isakito\/#breadcrumb"},"inLanguage":"es","potentialAction":[{"@type":"ReadAction","target":["https:\/\/tomasostore.com.ar\/tienda\/producto\/juguete-musical-con-actividades-didacticas-ok-baby-okbb0107-isakito\/"]}]},{"@type":"ImageObject","inLanguage":"es","@id":"https:\/\/tomasostore.com.ar\/tienda\/producto\/juguete-musical-con-actividades-didacticas-ok-baby-okbb0107-isakito\/#primaryimage","url":"https:\/\/tomasostore.com.ar\/tienda\/wp-content\/uploads\/2025\/07\/pintar-y-jugar-90-a034937bf564636e7e17000805126818-1024-1024.png","contentUrl":"https:\/\/tomasostore.com.ar\/tienda\/wp-content\/uploads\/2025\/07\/pintar-y-jugar-90-a034937bf564636e7e17000805126818-1024-1024.png","width":1024,"height":1024},{"@type":"BreadcrumbList","@id":"https:\/\/tomasostore.com.ar\/tienda\/producto\/juguete-musical-con-actividades-didacticas-ok-baby-okbb0107-isakito\/#breadcrumb","itemListElement":[{"@type":"ListItem","position":1,"name":"Portada","item":"https:\/\/tomasostore.com.ar\/tienda\/"},{"@type":"ListItem","position":2,"name":"Tienda","item":"https:\/\/tomasostore.com.ar\/tienda\/tienda\/"},{"@type":"ListItem","position":3,"name":"Juguete Musical Con Actividades Did\u00e1cticas Ok Baby Okbb0107 Isakito"}]},{"@type":"WebSite","@id":"https:\/\/tomasostore.com.ar\/tienda\/#website","url":"https:\/\/tomasostore.com.ar\/tienda\/","name":"Tomaso Store","description":"Compr\u00e1s online, recib\u00eds en mano. Desde Hernando, llevando confianza a tu casa. Productos con garant\u00eda.","potentialAction":[{"@type":"SearchAction","target":{"@type":"EntryPoint","urlTemplate":"https:\/\/tomasostore.com.ar\/tienda\/?s={search_term_string}"},"query-input":{"@type":"PropertyValueSpecification","valueRequired":true,"valueName":"search_term_string"}}],"inLanguage":"es"}]}},"_links":{"self":[{"href":"https:\/\/tomasostore.com.ar\/tienda\/wp-json\/wp\/v2\/product\/831","targetHints":{"allow":["GET"]}}],"collection":[{"href":"https:\/\/tomasostore.com.ar\/tienda\/wp-json\/wp\/v2\/product"}],"about":[{"href":"https:\/\/tomasostore.com.ar\/tienda\/wp-json\/wp\/v2\/types\/product"}],"replies":[{"embeddable":true,"href":"https:\/\/tomasostore.com.ar\/tienda\/wp-json\/wp\/v2\/comments?post=831"}],"version-history":[{"count":1,"href":"https:\/\/tomasostore.com.ar\/tienda\/wp-json\/wp\/v2\/product\/831\/revisions"}],"predecessor-version":[{"id":22628,"href":"https:\/\/tomasostore.com.ar\/tienda\/wp-json\/wp\/v2\/product\/831\/revisions\/22628"}],"wp:featuredmedia":[{"embeddable":true,"href":"https:\/\/tomasostore.com.ar\/tienda\/wp-json\/wp\/v2\/media\/22627"}],"wp:attachment":[{"href":"https:\/\/tomasostore.com.ar\/tienda\/wp-json\/wp\/v2\/media?parent=831"}],"wp:term":[{"taxonomy":"product_brand","embeddable":true,"href":"https:\/\/tomasostore.com.ar\/tienda\/wp-json\/wp\/v2\/product_brand?post=831"},{"taxonomy":"product_cat","embeddable":true,"href":"https:\/\/tomasostore.com.ar\/tienda\/wp-json\/wp\/v2\/product_cat?post=831"},{"taxonomy":"product_tag","embeddable":true,"href":"https:\/\/tomasostore.com.ar\/tienda\/wp-json\/wp\/v2\/product_tag?post=831"}],"curies":[{"name":"wp","href":"https:\/\/api.w.org\/{rel}","templated":true}]}}