{"id":823,"date":"2025-07-19T10:22:26","date_gmt":"2025-07-19T13:22:26","guid":{"rendered":"https:\/\/tomasostore.com.ar\/tienda\/?post_type=product&#038;p=823"},"modified":"2025-07-29T12:12:09","modified_gmt":"2025-07-29T15:12:09","slug":"alfombra-megamat-paw-patrol-peppa-pig-con-vehiculo-tap00512-tapimovil","status":"publish","type":"product","link":"https:\/\/tomasostore.com.ar\/tienda\/producto\/alfombra-megamat-paw-patrol-peppa-pig-con-vehiculo-tap00512-tapimovil\/","title":{"rendered":"Alfombra Megamat Paw Patrol-Peppa Pig Con Veh\u00edculo Tap00512 Tapimovil"},"content":{"rendered":"<p>Alfombra Megamat Paw Patrol-Peppa Pig Con Veh\u00edculo Tap00512 Tapimovil Nuestra alfombra del Parque Aventura incluye una calle especialmente dise\u00f1ada para pasear el autito que viene incluido Tus peque\u00f1os podr\u00e1n disfrutar de aventuras sin fin mientras conducen por calles en zigzag, curvas emocionantes y puentes encantadores. \u00a1Jug\u00e1 con tus personajes de la Patrulla Canina.<\/p>\n","protected":false},"excerpt":{"rendered":"<p>Alfombra Megamat Paw Patrol-Peppa Pig Con Veh\u00edculo Tap00512 Tapimovil Nuestra alfombra del Parque Aventura incluye una calle especialmente dise\u00f1ada para pasear el autito que viene incluido Tus peque\u00f1os podr\u00e1n disfrutar de aventuras sin fin mientras conducen por calles en zigzag, curvas emocionantes y puentes encantadores. \u00a1Jug\u00e1 con tus personajes de la Patrulla Canina.<\/p>\n","protected":false},"featured_media":22041,"comment_status":"open","ping_status":"closed","template":"","meta":[],"product_brand":[115],"product_cat":[634],"product_tag":[635],"class_list":{"0":"post-823","1":"product","2":"type-product","3":"status-publish","4":"has-post-thumbnail","6":"product_brand-tapimovil","7":"product_cat-bebes","8":"product_tag-bebes","10":"first","11":"instock","12":"sale","13":"shipping-taxable","14":"purchasable","15":"product-type-simple"},"yoast_head":"<!-- This site is optimized with the Yoast SEO plugin v27.5 - https:\/\/yoast.com\/product\/yoast-seo-wordpress\/ -->\n<title>Alfombra Megamat Paw Patrol-Peppa Pig Con Veh\u00edculo Tap00512 Tapimovil - Tomaso Store<\/title>\n<meta name=\"robots\" content=\"index, follow, max-snippet:-1, max-image-preview:large, max-video-preview:-1\" \/>\n<link rel=\"canonical\" href=\"https:\/\/tomasostore.com.ar\/tienda\/producto\/alfombra-megamat-paw-patrol-peppa-pig-con-vehiculo-tap00512-tapimovil\/\" \/>\n<meta property=\"og:locale\" content=\"es_ES\" \/>\n<meta property=\"og:type\" content=\"article\" \/>\n<meta property=\"og:title\" content=\"Alfombra Megamat Paw Patrol-Peppa Pig Con Veh\u00edculo Tap00512 Tapimovil - Tomaso Store\" \/>\n<meta property=\"og:description\" content=\"Alfombra Megamat Paw Patrol-Peppa Pig Con Veh\u00edculo Tap00512 Tapimovil Nuestra alfombra del Parque Aventura incluye una calle especialmente dise\u00f1ada para pasear el autito que viene incluido Tus peque\u00f1os podr\u00e1n disfrutar de aventuras sin fin mientras conducen por calles en zigzag, curvas emocionantes y puentes encantadores. \u00a1Jug\u00e1 con tus personajes de la Patrulla Canina.\" \/>\n<meta property=\"og:url\" content=\"https:\/\/tomasostore.com.ar\/tienda\/producto\/alfombra-megamat-paw-patrol-peppa-pig-con-vehiculo-tap00512-tapimovil\/\" \/>\n<meta property=\"og:site_name\" content=\"Tomaso Store\" \/>\n<meta property=\"article:modified_time\" content=\"2025-07-29T15:12:09+00:00\" \/>\n<meta property=\"og:image\" content=\"https:\/\/tomasostore.com.ar\/tienda\/wp-content\/uploads\/2025\/07\/whatsapp-image-2023-11-16-at-16-08-23-3dfa0320c527ba7eb617001632790919-1024-1024.jpg\" \/>\n\t<meta property=\"og:image:width\" content=\"1024\" \/>\n\t<meta property=\"og:image:height\" content=\"1024\" \/>\n\t<meta property=\"og:image:type\" content=\"image\/jpeg\" \/>\n<meta name=\"twitter:card\" content=\"summary_large_image\" \/>\n<script type=\"application\/ld+json\" class=\"yoast-schema-graph\">{\"@context\":\"https:\\\/\\\/schema.org\",\"@graph\":[{\"@type\":\"WebPage\",\"@id\":\"https:\\\/\\\/tomasostore.com.ar\\\/tienda\\\/producto\\\/alfombra-megamat-paw-patrol-peppa-pig-con-vehiculo-tap00512-tapimovil\\\/\",\"url\":\"https:\\\/\\\/tomasostore.com.ar\\\/tienda\\\/producto\\\/alfombra-megamat-paw-patrol-peppa-pig-con-vehiculo-tap00512-tapimovil\\\/\",\"name\":\"Alfombra Megamat Paw Patrol-Peppa Pig Con Veh\u00edculo Tap00512 Tapimovil - Tomaso Store\",\"isPartOf\":{\"@id\":\"https:\\\/\\\/tomasostore.com.ar\\\/tienda\\\/#website\"},\"primaryImageOfPage\":{\"@id\":\"https:\\\/\\\/tomasostore.com.ar\\\/tienda\\\/producto\\\/alfombra-megamat-paw-patrol-peppa-pig-con-vehiculo-tap00512-tapimovil\\\/#primaryimage\"},\"image\":{\"@id\":\"https:\\\/\\\/tomasostore.com.ar\\\/tienda\\\/producto\\\/alfombra-megamat-paw-patrol-peppa-pig-con-vehiculo-tap00512-tapimovil\\\/#primaryimage\"},\"thumbnailUrl\":\"https:\\\/\\\/tomasostore.com.ar\\\/tienda\\\/wp-content\\\/uploads\\\/2025\\\/07\\\/whatsapp-image-2023-11-16-at-16-08-23-3dfa0320c527ba7eb617001632790919-1024-1024.jpg\",\"datePublished\":\"2025-07-19T13:22:26+00:00\",\"dateModified\":\"2025-07-29T15:12:09+00:00\",\"breadcrumb\":{\"@id\":\"https:\\\/\\\/tomasostore.com.ar\\\/tienda\\\/producto\\\/alfombra-megamat-paw-patrol-peppa-pig-con-vehiculo-tap00512-tapimovil\\\/#breadcrumb\"},\"inLanguage\":\"es\",\"potentialAction\":[{\"@type\":\"ReadAction\",\"target\":[\"https:\\\/\\\/tomasostore.com.ar\\\/tienda\\\/producto\\\/alfombra-megamat-paw-patrol-peppa-pig-con-vehiculo-tap00512-tapimovil\\\/\"]}]},{\"@type\":\"ImageObject\",\"inLanguage\":\"es\",\"@id\":\"https:\\\/\\\/tomasostore.com.ar\\\/tienda\\\/producto\\\/alfombra-megamat-paw-patrol-peppa-pig-con-vehiculo-tap00512-tapimovil\\\/#primaryimage\",\"url\":\"https:\\\/\\\/tomasostore.com.ar\\\/tienda\\\/wp-content\\\/uploads\\\/2025\\\/07\\\/whatsapp-image-2023-11-16-at-16-08-23-3dfa0320c527ba7eb617001632790919-1024-1024.jpg\",\"contentUrl\":\"https:\\\/\\\/tomasostore.com.ar\\\/tienda\\\/wp-content\\\/uploads\\\/2025\\\/07\\\/whatsapp-image-2023-11-16-at-16-08-23-3dfa0320c527ba7eb617001632790919-1024-1024.jpg\",\"width\":1024,\"height\":1024},{\"@type\":\"BreadcrumbList\",\"@id\":\"https:\\\/\\\/tomasostore.com.ar\\\/tienda\\\/producto\\\/alfombra-megamat-paw-patrol-peppa-pig-con-vehiculo-tap00512-tapimovil\\\/#breadcrumb\",\"itemListElement\":[{\"@type\":\"ListItem\",\"position\":1,\"name\":\"Portada\",\"item\":\"https:\\\/\\\/tomasostore.com.ar\\\/tienda\\\/\"},{\"@type\":\"ListItem\",\"position\":2,\"name\":\"Tienda\",\"item\":\"https:\\\/\\\/tomasostore.com.ar\\\/tienda\\\/tienda\\\/\"},{\"@type\":\"ListItem\",\"position\":3,\"name\":\"Alfombra Megamat Paw Patrol-Peppa Pig Con Veh\u00edculo Tap00512 Tapimovil\"}]},{\"@type\":\"WebSite\",\"@id\":\"https:\\\/\\\/tomasostore.com.ar\\\/tienda\\\/#website\",\"url\":\"https:\\\/\\\/tomasostore.com.ar\\\/tienda\\\/\",\"name\":\"Tomaso Store\",\"description\":\"Compr\u00e1s online, recib\u00eds en mano. Desde Hernando, llevando confianza a tu casa. Productos con garant\u00eda.\",\"potentialAction\":[{\"@type\":\"SearchAction\",\"target\":{\"@type\":\"EntryPoint\",\"urlTemplate\":\"https:\\\/\\\/tomasostore.com.ar\\\/tienda\\\/?s={search_term_string}\"},\"query-input\":{\"@type\":\"PropertyValueSpecification\",\"valueRequired\":true,\"valueName\":\"search_term_string\"}}],\"inLanguage\":\"es\"}]}<\/script>\n<!-- \/ Yoast SEO plugin. -->","yoast_head_json":{"title":"Alfombra Megamat Paw Patrol-Peppa Pig Con Veh\u00edculo Tap00512 Tapimovil - Tomaso Store","robots":{"index":"index","follow":"follow","max-snippet":"max-snippet:-1","max-image-preview":"max-image-preview:large","max-video-preview":"max-video-preview:-1"},"canonical":"https:\/\/tomasostore.com.ar\/tienda\/producto\/alfombra-megamat-paw-patrol-peppa-pig-con-vehiculo-tap00512-tapimovil\/","og_locale":"es_ES","og_type":"article","og_title":"Alfombra Megamat Paw Patrol-Peppa Pig Con Veh\u00edculo Tap00512 Tapimovil - Tomaso Store","og_description":"Alfombra Megamat Paw Patrol-Peppa Pig Con Veh\u00edculo Tap00512 Tapimovil Nuestra alfombra del Parque Aventura incluye una calle especialmente dise\u00f1ada para pasear el autito que viene incluido Tus peque\u00f1os podr\u00e1n disfrutar de aventuras sin fin mientras conducen por calles en zigzag, curvas emocionantes y puentes encantadores. \u00a1Jug\u00e1 con tus personajes de la Patrulla Canina.","og_url":"https:\/\/tomasostore.com.ar\/tienda\/producto\/alfombra-megamat-paw-patrol-peppa-pig-con-vehiculo-tap00512-tapimovil\/","og_site_name":"Tomaso Store","article_modified_time":"2025-07-29T15:12:09+00:00","og_image":[{"width":1024,"height":1024,"url":"https:\/\/tomasostore.com.ar\/tienda\/wp-content\/uploads\/2025\/07\/whatsapp-image-2023-11-16-at-16-08-23-3dfa0320c527ba7eb617001632790919-1024-1024.jpg","type":"image\/jpeg"}],"twitter_card":"summary_large_image","schema":{"@context":"https:\/\/schema.org","@graph":[{"@type":"WebPage","@id":"https:\/\/tomasostore.com.ar\/tienda\/producto\/alfombra-megamat-paw-patrol-peppa-pig-con-vehiculo-tap00512-tapimovil\/","url":"https:\/\/tomasostore.com.ar\/tienda\/producto\/alfombra-megamat-paw-patrol-peppa-pig-con-vehiculo-tap00512-tapimovil\/","name":"Alfombra Megamat Paw Patrol-Peppa Pig Con Veh\u00edculo Tap00512 Tapimovil - Tomaso Store","isPartOf":{"@id":"https:\/\/tomasostore.com.ar\/tienda\/#website"},"primaryImageOfPage":{"@id":"https:\/\/tomasostore.com.ar\/tienda\/producto\/alfombra-megamat-paw-patrol-peppa-pig-con-vehiculo-tap00512-tapimovil\/#primaryimage"},"image":{"@id":"https:\/\/tomasostore.com.ar\/tienda\/producto\/alfombra-megamat-paw-patrol-peppa-pig-con-vehiculo-tap00512-tapimovil\/#primaryimage"},"thumbnailUrl":"https:\/\/tomasostore.com.ar\/tienda\/wp-content\/uploads\/2025\/07\/whatsapp-image-2023-11-16-at-16-08-23-3dfa0320c527ba7eb617001632790919-1024-1024.jpg","datePublished":"2025-07-19T13:22:26+00:00","dateModified":"2025-07-29T15:12:09+00:00","breadcrumb":{"@id":"https:\/\/tomasostore.com.ar\/tienda\/producto\/alfombra-megamat-paw-patrol-peppa-pig-con-vehiculo-tap00512-tapimovil\/#breadcrumb"},"inLanguage":"es","potentialAction":[{"@type":"ReadAction","target":["https:\/\/tomasostore.com.ar\/tienda\/producto\/alfombra-megamat-paw-patrol-peppa-pig-con-vehiculo-tap00512-tapimovil\/"]}]},{"@type":"ImageObject","inLanguage":"es","@id":"https:\/\/tomasostore.com.ar\/tienda\/producto\/alfombra-megamat-paw-patrol-peppa-pig-con-vehiculo-tap00512-tapimovil\/#primaryimage","url":"https:\/\/tomasostore.com.ar\/tienda\/wp-content\/uploads\/2025\/07\/whatsapp-image-2023-11-16-at-16-08-23-3dfa0320c527ba7eb617001632790919-1024-1024.jpg","contentUrl":"https:\/\/tomasostore.com.ar\/tienda\/wp-content\/uploads\/2025\/07\/whatsapp-image-2023-11-16-at-16-08-23-3dfa0320c527ba7eb617001632790919-1024-1024.jpg","width":1024,"height":1024},{"@type":"BreadcrumbList","@id":"https:\/\/tomasostore.com.ar\/tienda\/producto\/alfombra-megamat-paw-patrol-peppa-pig-con-vehiculo-tap00512-tapimovil\/#breadcrumb","itemListElement":[{"@type":"ListItem","position":1,"name":"Portada","item":"https:\/\/tomasostore.com.ar\/tienda\/"},{"@type":"ListItem","position":2,"name":"Tienda","item":"https:\/\/tomasostore.com.ar\/tienda\/tienda\/"},{"@type":"ListItem","position":3,"name":"Alfombra Megamat Paw Patrol-Peppa Pig Con Veh\u00edculo Tap00512 Tapimovil"}]},{"@type":"WebSite","@id":"https:\/\/tomasostore.com.ar\/tienda\/#website","url":"https:\/\/tomasostore.com.ar\/tienda\/","name":"Tomaso Store","description":"Compr\u00e1s online, recib\u00eds en mano. Desde Hernando, llevando confianza a tu casa. Productos con garant\u00eda.","potentialAction":[{"@type":"SearchAction","target":{"@type":"EntryPoint","urlTemplate":"https:\/\/tomasostore.com.ar\/tienda\/?s={search_term_string}"},"query-input":{"@type":"PropertyValueSpecification","valueRequired":true,"valueName":"search_term_string"}}],"inLanguage":"es"}]}},"_links":{"self":[{"href":"https:\/\/tomasostore.com.ar\/tienda\/wp-json\/wp\/v2\/product\/823","targetHints":{"allow":["GET"]}}],"collection":[{"href":"https:\/\/tomasostore.com.ar\/tienda\/wp-json\/wp\/v2\/product"}],"about":[{"href":"https:\/\/tomasostore.com.ar\/tienda\/wp-json\/wp\/v2\/types\/product"}],"replies":[{"embeddable":true,"href":"https:\/\/tomasostore.com.ar\/tienda\/wp-json\/wp\/v2\/comments?post=823"}],"version-history":[{"count":2,"href":"https:\/\/tomasostore.com.ar\/tienda\/wp-json\/wp\/v2\/product\/823\/revisions"}],"predecessor-version":[{"id":31648,"href":"https:\/\/tomasostore.com.ar\/tienda\/wp-json\/wp\/v2\/product\/823\/revisions\/31648"}],"wp:featuredmedia":[{"embeddable":true,"href":"https:\/\/tomasostore.com.ar\/tienda\/wp-json\/wp\/v2\/media\/22041"}],"wp:attachment":[{"href":"https:\/\/tomasostore.com.ar\/tienda\/wp-json\/wp\/v2\/media?parent=823"}],"wp:term":[{"taxonomy":"product_brand","embeddable":true,"href":"https:\/\/tomasostore.com.ar\/tienda\/wp-json\/wp\/v2\/product_brand?post=823"},{"taxonomy":"product_cat","embeddable":true,"href":"https:\/\/tomasostore.com.ar\/tienda\/wp-json\/wp\/v2\/product_cat?post=823"},{"taxonomy":"product_tag","embeddable":true,"href":"https:\/\/tomasostore.com.ar\/tienda\/wp-json\/wp\/v2\/product_tag?post=823"}],"curies":[{"name":"wp","href":"https:\/\/api.w.org\/{rel}","templated":true}]}}