{"id":749,"date":"2025-07-19T11:13:26","date_gmt":"2025-07-19T14:13:26","guid":{"rendered":"https:\/\/tomasostore.com.ar\/tienda\/?post_type=product&#038;p=749"},"modified":"2025-07-29T12:18:54","modified_gmt":"2025-07-29T15:18:54","slug":"pistola-de-burbujas-c-luz-bazooka-bubble-machine","status":"publish","type":"product","link":"https:\/\/tomasostore.com.ar\/tienda\/producto\/pistola-de-burbujas-c-luz-bazooka-bubble-machine\/","title":{"rendered":"Pistola De Burbujas C\/Luz Bazooka Bubble Machine"},"content":{"rendered":"<p>Este lanzador bazooka de burbujas est\u00e1 hecho de ABS seguro y de alta calidad, duradero, sin bordes afilados ni olores desagradables Tiene 64 orificios para burbujas, que pueden expulsar cientos de burbujas por minuto, tiene luz led multicolor Cuando hay burbujas por todo el cielo, la burbuja de color puede atraer la atenci\u00f3n de ni\u00f1os y grandes, brind\u00e1ndole a usted y a su familia m\u00e1s alegr\u00edas Cuando se est\u00e1 quedando sin burbujas, puede actuar como un ventilador el\u00e9ctrico para refrescarte en verano Este juguete funciona con 1 bateria de litio recargable 3,7 V incluida Edad recomendada: +3 a\u00f1os *Los precios de \u00e9ste sitio web son exclusivos para compras online, y no necesariamente coinciden con los precios en el local. LAS FOTOS E IM\u00c1GENES SON A MODO ILUSTRATIVO INTENTANDO REFLEJAR LO M\u00c1S REAL POSIBLE SUS CARACTER\u00cdSTICAS Y PUEDEN VARIAR SEG\u00daN DECISI\u00d3N DEL FABRICANTE. DADA LA DIVERSIDAD DE PANTALLAS NO PODEMOS GARANTIZARLE QUE EN TODAS VEA LOS MISMOS COLORES.<\/p>\n","protected":false},"excerpt":{"rendered":"<p>Este lanzador bazooka de burbujas est\u00e1 hecho de ABS seguro y de alta calidad, duradero, sin bordes afilados ni olores desagradables Tiene 64 orificios para burbujas, que pueden expulsar cientos de burbujas por minuto, tiene luz led multicolor Cuando hay burbujas por todo el cielo, la burbuja de color puede atraer la atenci\u00f3n de ni\u00f1os [&hellip;]<\/p>\n","protected":false},"featured_media":26623,"comment_status":"open","ping_status":"closed","template":"","meta":[],"product_brand":[330],"product_cat":[648],"product_tag":[649],"class_list":{"0":"post-749","1":"product","2":"type-product","3":"status-publish","4":"has-post-thumbnail","6":"product_brand-mazel-toys","7":"product_cat-juegos-y-juguetes","8":"product_tag-juegos-y-juguetes","10":"first","11":"instock","12":"sale","13":"shipping-taxable","14":"purchasable","15":"product-type-simple"},"yoast_head":"<!-- This site is optimized with the Yoast SEO plugin v27.4 - https:\/\/yoast.com\/product\/yoast-seo-wordpress\/ -->\n<title>Pistola De Burbujas C\/Luz Bazooka Bubble Machine - Tomaso Store<\/title>\n<meta name=\"robots\" content=\"index, follow, max-snippet:-1, max-image-preview:large, max-video-preview:-1\" \/>\n<link rel=\"canonical\" href=\"https:\/\/tomasostore.com.ar\/tienda\/producto\/pistola-de-burbujas-c-luz-bazooka-bubble-machine\/\" \/>\n<meta property=\"og:locale\" content=\"es_ES\" \/>\n<meta property=\"og:type\" content=\"article\" \/>\n<meta property=\"og:title\" content=\"Pistola De Burbujas C\/Luz Bazooka Bubble Machine - Tomaso Store\" \/>\n<meta property=\"og:description\" content=\"Este lanzador bazooka de burbujas est\u00e1 hecho de ABS seguro y de alta calidad, duradero, sin bordes afilados ni olores desagradables Tiene 64 orificios para burbujas, que pueden expulsar cientos de burbujas por minuto, tiene luz led multicolor Cuando hay burbujas por todo el cielo, la burbuja de color puede atraer la atenci\u00f3n de ni\u00f1os [&hellip;]\" \/>\n<meta property=\"og:url\" content=\"https:\/\/tomasostore.com.ar\/tienda\/producto\/pistola-de-burbujas-c-luz-bazooka-bubble-machine\/\" \/>\n<meta property=\"og:site_name\" content=\"Tomaso Store\" \/>\n<meta property=\"article:modified_time\" content=\"2025-07-29T15:18:54+00:00\" \/>\n<meta name=\"twitter:card\" content=\"summary_large_image\" \/>\n<meta name=\"twitter:label1\" content=\"Tiempo de lectura\" \/>\n\t<meta name=\"twitter:data1\" content=\"1 minuto\" \/>\n<script type=\"application\/ld+json\" class=\"yoast-schema-graph\">{\"@context\":\"https:\\\/\\\/schema.org\",\"@graph\":[{\"@type\":\"WebPage\",\"@id\":\"https:\\\/\\\/tomasostore.com.ar\\\/tienda\\\/producto\\\/pistola-de-burbujas-c-luz-bazooka-bubble-machine\\\/\",\"url\":\"https:\\\/\\\/tomasostore.com.ar\\\/tienda\\\/producto\\\/pistola-de-burbujas-c-luz-bazooka-bubble-machine\\\/\",\"name\":\"Pistola De Burbujas C\\\/Luz Bazooka Bubble Machine - Tomaso Store\",\"isPartOf\":{\"@id\":\"https:\\\/\\\/tomasostore.com.ar\\\/tienda\\\/#website\"},\"primaryImageOfPage\":{\"@id\":\"https:\\\/\\\/tomasostore.com.ar\\\/tienda\\\/producto\\\/pistola-de-burbujas-c-luz-bazooka-bubble-machine\\\/#primaryimage\"},\"image\":{\"@id\":\"https:\\\/\\\/tomasostore.com.ar\\\/tienda\\\/producto\\\/pistola-de-burbujas-c-luz-bazooka-bubble-machine\\\/#primaryimage\"},\"thumbnailUrl\":\"https:\\\/\\\/tomasostore.com.ar\\\/tienda\\\/wp-content\\\/uploads\\\/2025\\\/07\\\/diseno-sin-titulo-71-5bca27aaab0413027e17014451574170-1024-1024.png\",\"datePublished\":\"2025-07-19T14:13:26+00:00\",\"dateModified\":\"2025-07-29T15:18:54+00:00\",\"breadcrumb\":{\"@id\":\"https:\\\/\\\/tomasostore.com.ar\\\/tienda\\\/producto\\\/pistola-de-burbujas-c-luz-bazooka-bubble-machine\\\/#breadcrumb\"},\"inLanguage\":\"es\",\"potentialAction\":[{\"@type\":\"ReadAction\",\"target\":[\"https:\\\/\\\/tomasostore.com.ar\\\/tienda\\\/producto\\\/pistola-de-burbujas-c-luz-bazooka-bubble-machine\\\/\"]}]},{\"@type\":\"ImageObject\",\"inLanguage\":\"es\",\"@id\":\"https:\\\/\\\/tomasostore.com.ar\\\/tienda\\\/producto\\\/pistola-de-burbujas-c-luz-bazooka-bubble-machine\\\/#primaryimage\",\"url\":\"https:\\\/\\\/tomasostore.com.ar\\\/tienda\\\/wp-content\\\/uploads\\\/2025\\\/07\\\/diseno-sin-titulo-71-5bca27aaab0413027e17014451574170-1024-1024.png\",\"contentUrl\":\"https:\\\/\\\/tomasostore.com.ar\\\/tienda\\\/wp-content\\\/uploads\\\/2025\\\/07\\\/diseno-sin-titulo-71-5bca27aaab0413027e17014451574170-1024-1024.png\",\"width\":1024,\"height\":1024},{\"@type\":\"BreadcrumbList\",\"@id\":\"https:\\\/\\\/tomasostore.com.ar\\\/tienda\\\/producto\\\/pistola-de-burbujas-c-luz-bazooka-bubble-machine\\\/#breadcrumb\",\"itemListElement\":[{\"@type\":\"ListItem\",\"position\":1,\"name\":\"Portada\",\"item\":\"https:\\\/\\\/tomasostore.com.ar\\\/tienda\\\/\"},{\"@type\":\"ListItem\",\"position\":2,\"name\":\"Tienda\",\"item\":\"https:\\\/\\\/tomasostore.com.ar\\\/tienda\\\/tienda\\\/\"},{\"@type\":\"ListItem\",\"position\":3,\"name\":\"Pistola De Burbujas C\\\/Luz Bazooka Bubble Machine\"}]},{\"@type\":\"WebSite\",\"@id\":\"https:\\\/\\\/tomasostore.com.ar\\\/tienda\\\/#website\",\"url\":\"https:\\\/\\\/tomasostore.com.ar\\\/tienda\\\/\",\"name\":\"Tomaso Store\",\"description\":\"Compr\u00e1s online, recib\u00eds en mano. Desde Hernando, llevando confianza a tu casa. Productos con garant\u00eda.\",\"potentialAction\":[{\"@type\":\"SearchAction\",\"target\":{\"@type\":\"EntryPoint\",\"urlTemplate\":\"https:\\\/\\\/tomasostore.com.ar\\\/tienda\\\/?s={search_term_string}\"},\"query-input\":{\"@type\":\"PropertyValueSpecification\",\"valueRequired\":true,\"valueName\":\"search_term_string\"}}],\"inLanguage\":\"es\"}]}<\/script>\n<!-- \/ Yoast SEO plugin. -->","yoast_head_json":{"title":"Pistola De Burbujas C\/Luz Bazooka Bubble Machine - Tomaso Store","robots":{"index":"index","follow":"follow","max-snippet":"max-snippet:-1","max-image-preview":"max-image-preview:large","max-video-preview":"max-video-preview:-1"},"canonical":"https:\/\/tomasostore.com.ar\/tienda\/producto\/pistola-de-burbujas-c-luz-bazooka-bubble-machine\/","og_locale":"es_ES","og_type":"article","og_title":"Pistola De Burbujas C\/Luz Bazooka Bubble Machine - Tomaso Store","og_description":"Este lanzador bazooka de burbujas est\u00e1 hecho de ABS seguro y de alta calidad, duradero, sin bordes afilados ni olores desagradables Tiene 64 orificios para burbujas, que pueden expulsar cientos de burbujas por minuto, tiene luz led multicolor Cuando hay burbujas por todo el cielo, la burbuja de color puede atraer la atenci\u00f3n de ni\u00f1os [&hellip;]","og_url":"https:\/\/tomasostore.com.ar\/tienda\/producto\/pistola-de-burbujas-c-luz-bazooka-bubble-machine\/","og_site_name":"Tomaso Store","article_modified_time":"2025-07-29T15:18:54+00:00","twitter_card":"summary_large_image","twitter_misc":{"Tiempo de lectura":"1 minuto"},"schema":{"@context":"https:\/\/schema.org","@graph":[{"@type":"WebPage","@id":"https:\/\/tomasostore.com.ar\/tienda\/producto\/pistola-de-burbujas-c-luz-bazooka-bubble-machine\/","url":"https:\/\/tomasostore.com.ar\/tienda\/producto\/pistola-de-burbujas-c-luz-bazooka-bubble-machine\/","name":"Pistola De Burbujas C\/Luz Bazooka Bubble Machine - Tomaso Store","isPartOf":{"@id":"https:\/\/tomasostore.com.ar\/tienda\/#website"},"primaryImageOfPage":{"@id":"https:\/\/tomasostore.com.ar\/tienda\/producto\/pistola-de-burbujas-c-luz-bazooka-bubble-machine\/#primaryimage"},"image":{"@id":"https:\/\/tomasostore.com.ar\/tienda\/producto\/pistola-de-burbujas-c-luz-bazooka-bubble-machine\/#primaryimage"},"thumbnailUrl":"https:\/\/tomasostore.com.ar\/tienda\/wp-content\/uploads\/2025\/07\/diseno-sin-titulo-71-5bca27aaab0413027e17014451574170-1024-1024.png","datePublished":"2025-07-19T14:13:26+00:00","dateModified":"2025-07-29T15:18:54+00:00","breadcrumb":{"@id":"https:\/\/tomasostore.com.ar\/tienda\/producto\/pistola-de-burbujas-c-luz-bazooka-bubble-machine\/#breadcrumb"},"inLanguage":"es","potentialAction":[{"@type":"ReadAction","target":["https:\/\/tomasostore.com.ar\/tienda\/producto\/pistola-de-burbujas-c-luz-bazooka-bubble-machine\/"]}]},{"@type":"ImageObject","inLanguage":"es","@id":"https:\/\/tomasostore.com.ar\/tienda\/producto\/pistola-de-burbujas-c-luz-bazooka-bubble-machine\/#primaryimage","url":"https:\/\/tomasostore.com.ar\/tienda\/wp-content\/uploads\/2025\/07\/diseno-sin-titulo-71-5bca27aaab0413027e17014451574170-1024-1024.png","contentUrl":"https:\/\/tomasostore.com.ar\/tienda\/wp-content\/uploads\/2025\/07\/diseno-sin-titulo-71-5bca27aaab0413027e17014451574170-1024-1024.png","width":1024,"height":1024},{"@type":"BreadcrumbList","@id":"https:\/\/tomasostore.com.ar\/tienda\/producto\/pistola-de-burbujas-c-luz-bazooka-bubble-machine\/#breadcrumb","itemListElement":[{"@type":"ListItem","position":1,"name":"Portada","item":"https:\/\/tomasostore.com.ar\/tienda\/"},{"@type":"ListItem","position":2,"name":"Tienda","item":"https:\/\/tomasostore.com.ar\/tienda\/tienda\/"},{"@type":"ListItem","position":3,"name":"Pistola De Burbujas C\/Luz Bazooka Bubble Machine"}]},{"@type":"WebSite","@id":"https:\/\/tomasostore.com.ar\/tienda\/#website","url":"https:\/\/tomasostore.com.ar\/tienda\/","name":"Tomaso Store","description":"Compr\u00e1s online, recib\u00eds en mano. Desde Hernando, llevando confianza a tu casa. Productos con garant\u00eda.","potentialAction":[{"@type":"SearchAction","target":{"@type":"EntryPoint","urlTemplate":"https:\/\/tomasostore.com.ar\/tienda\/?s={search_term_string}"},"query-input":{"@type":"PropertyValueSpecification","valueRequired":true,"valueName":"search_term_string"}}],"inLanguage":"es"}]}},"_links":{"self":[{"href":"https:\/\/tomasostore.com.ar\/tienda\/wp-json\/wp\/v2\/product\/749","targetHints":{"allow":["GET"]}}],"collection":[{"href":"https:\/\/tomasostore.com.ar\/tienda\/wp-json\/wp\/v2\/product"}],"about":[{"href":"https:\/\/tomasostore.com.ar\/tienda\/wp-json\/wp\/v2\/types\/product"}],"replies":[{"embeddable":true,"href":"https:\/\/tomasostore.com.ar\/tienda\/wp-json\/wp\/v2\/comments?post=749"}],"version-history":[{"count":1,"href":"https:\/\/tomasostore.com.ar\/tienda\/wp-json\/wp\/v2\/product\/749\/revisions"}],"predecessor-version":[{"id":26624,"href":"https:\/\/tomasostore.com.ar\/tienda\/wp-json\/wp\/v2\/product\/749\/revisions\/26624"}],"wp:featuredmedia":[{"embeddable":true,"href":"https:\/\/tomasostore.com.ar\/tienda\/wp-json\/wp\/v2\/media\/26623"}],"wp:attachment":[{"href":"https:\/\/tomasostore.com.ar\/tienda\/wp-json\/wp\/v2\/media?parent=749"}],"wp:term":[{"taxonomy":"product_brand","embeddable":true,"href":"https:\/\/tomasostore.com.ar\/tienda\/wp-json\/wp\/v2\/product_brand?post=749"},{"taxonomy":"product_cat","embeddable":true,"href":"https:\/\/tomasostore.com.ar\/tienda\/wp-json\/wp\/v2\/product_cat?post=749"},{"taxonomy":"product_tag","embeddable":true,"href":"https:\/\/tomasostore.com.ar\/tienda\/wp-json\/wp\/v2\/product_tag?post=749"}],"curies":[{"name":"wp","href":"https:\/\/api.w.org\/{rel}","templated":true}]}}