{"id":729,"date":"2025-07-19T11:13:22","date_gmt":"2025-07-19T14:13:22","guid":{"rendered":"https:\/\/tomasostore.com.ar\/tienda\/?post_type=product&#038;p=729"},"modified":"2025-07-29T12:18:54","modified_gmt":"2025-07-29T15:18:54","slug":"caja-musical-alhajero-cresko","status":"publish","type":"product","link":"https:\/\/tomasostore.com.ar\/tienda\/producto\/caja-musical-alhajero-cresko\/","title":{"rendered":"Caja Musical Alhajero Cresko"},"content":{"rendered":"<p>Caja Musical Alhajero Cresko Caja m\u00fasical Medidas de di\u00e1metro 15cm Reproduce m\u00fasica *Los precios de \u00e9ste sitio web son exclusivos para compras online, y no necesariamente coinciden con los precios en el local. LAS FOTOS E IM\u00c1GENES SON A MODO ILUSTRATIVO INTENTANDO REFLEJAR LO M\u00c1S REAL POSIBLE SUS CARACTER\u00cdSTICAS Y PUEDEN VARIAR SEG\u00daN DECISI\u00d3N DEL FABRICANTE. DADA LA DIVERSIDAD DE PANTALLAS NO PODEMOS GARANTIZARLE QUE EN TODAS VEA LOS MISMOS COLORES.<\/p>\n","protected":false},"excerpt":{"rendered":"<p>Caja Musical Alhajero Cresko Caja m\u00fasical Medidas de di\u00e1metro 15cm Reproduce m\u00fasica *Los precios de \u00e9ste sitio web son exclusivos para compras online, y no necesariamente coinciden con los precios en el local. LAS FOTOS E IM\u00c1GENES SON A MODO ILUSTRATIVO INTENTANDO REFLEJAR LO M\u00c1S REAL POSIBLE SUS CARACTER\u00cdSTICAS Y PUEDEN VARIAR SEG\u00daN DECISI\u00d3N DEL [&hellip;]<\/p>\n","protected":false},"featured_media":0,"comment_status":"open","ping_status":"closed","template":"","meta":[],"product_brand":[148],"product_cat":[648],"product_tag":[649],"class_list":{"0":"post-729","1":"product","2":"type-product","3":"status-publish","5":"product_brand-cresko","6":"product_cat-juegos-y-juguetes","7":"product_tag-juegos-y-juguetes","9":"first","10":"instock","11":"sale","12":"shipping-taxable","13":"purchasable","14":"product-type-simple"},"yoast_head":"<!-- This site is optimized with the Yoast SEO plugin v27.4 - https:\/\/yoast.com\/product\/yoast-seo-wordpress\/ -->\n<title>Caja Musical Alhajero Cresko - Tomaso Store<\/title>\n<meta name=\"robots\" content=\"index, follow, max-snippet:-1, max-image-preview:large, max-video-preview:-1\" \/>\n<link rel=\"canonical\" href=\"https:\/\/tomasostore.com.ar\/tienda\/producto\/caja-musical-alhajero-cresko\/\" \/>\n<meta property=\"og:locale\" content=\"es_ES\" \/>\n<meta property=\"og:type\" content=\"article\" \/>\n<meta property=\"og:title\" content=\"Caja Musical Alhajero Cresko - Tomaso Store\" \/>\n<meta property=\"og:description\" content=\"Caja Musical Alhajero Cresko Caja m\u00fasical Medidas de di\u00e1metro 15cm Reproduce m\u00fasica *Los precios de \u00e9ste sitio web son exclusivos para compras online, y no necesariamente coinciden con los precios en el local. LAS FOTOS E IM\u00c1GENES SON A MODO ILUSTRATIVO INTENTANDO REFLEJAR LO M\u00c1S REAL POSIBLE SUS CARACTER\u00cdSTICAS Y PUEDEN VARIAR SEG\u00daN DECISI\u00d3N DEL [&hellip;]\" \/>\n<meta property=\"og:url\" content=\"https:\/\/tomasostore.com.ar\/tienda\/producto\/caja-musical-alhajero-cresko\/\" \/>\n<meta property=\"og:site_name\" content=\"Tomaso Store\" \/>\n<meta property=\"article:modified_time\" content=\"2025-07-29T15:18:54+00:00\" \/>\n<meta name=\"twitter:card\" content=\"summary_large_image\" \/>\n<script type=\"application\/ld+json\" class=\"yoast-schema-graph\">{\"@context\":\"https:\\\/\\\/schema.org\",\"@graph\":[{\"@type\":\"WebPage\",\"@id\":\"https:\\\/\\\/tomasostore.com.ar\\\/tienda\\\/producto\\\/caja-musical-alhajero-cresko\\\/\",\"url\":\"https:\\\/\\\/tomasostore.com.ar\\\/tienda\\\/producto\\\/caja-musical-alhajero-cresko\\\/\",\"name\":\"Caja Musical Alhajero Cresko - Tomaso Store\",\"isPartOf\":{\"@id\":\"https:\\\/\\\/tomasostore.com.ar\\\/tienda\\\/#website\"},\"datePublished\":\"2025-07-19T14:13:22+00:00\",\"dateModified\":\"2025-07-29T15:18:54+00:00\",\"breadcrumb\":{\"@id\":\"https:\\\/\\\/tomasostore.com.ar\\\/tienda\\\/producto\\\/caja-musical-alhajero-cresko\\\/#breadcrumb\"},\"inLanguage\":\"es\",\"potentialAction\":[{\"@type\":\"ReadAction\",\"target\":[\"https:\\\/\\\/tomasostore.com.ar\\\/tienda\\\/producto\\\/caja-musical-alhajero-cresko\\\/\"]}]},{\"@type\":\"BreadcrumbList\",\"@id\":\"https:\\\/\\\/tomasostore.com.ar\\\/tienda\\\/producto\\\/caja-musical-alhajero-cresko\\\/#breadcrumb\",\"itemListElement\":[{\"@type\":\"ListItem\",\"position\":1,\"name\":\"Portada\",\"item\":\"https:\\\/\\\/tomasostore.com.ar\\\/tienda\\\/\"},{\"@type\":\"ListItem\",\"position\":2,\"name\":\"Tienda\",\"item\":\"https:\\\/\\\/tomasostore.com.ar\\\/tienda\\\/tienda\\\/\"},{\"@type\":\"ListItem\",\"position\":3,\"name\":\"Caja Musical Alhajero Cresko\"}]},{\"@type\":\"WebSite\",\"@id\":\"https:\\\/\\\/tomasostore.com.ar\\\/tienda\\\/#website\",\"url\":\"https:\\\/\\\/tomasostore.com.ar\\\/tienda\\\/\",\"name\":\"Tomaso Store\",\"description\":\"Compr\u00e1s online, recib\u00eds en mano. Desde Hernando, llevando confianza a tu casa. Productos con garant\u00eda.\",\"potentialAction\":[{\"@type\":\"SearchAction\",\"target\":{\"@type\":\"EntryPoint\",\"urlTemplate\":\"https:\\\/\\\/tomasostore.com.ar\\\/tienda\\\/?s={search_term_string}\"},\"query-input\":{\"@type\":\"PropertyValueSpecification\",\"valueRequired\":true,\"valueName\":\"search_term_string\"}}],\"inLanguage\":\"es\"}]}<\/script>\n<!-- \/ Yoast SEO plugin. -->","yoast_head_json":{"title":"Caja Musical Alhajero Cresko - Tomaso Store","robots":{"index":"index","follow":"follow","max-snippet":"max-snippet:-1","max-image-preview":"max-image-preview:large","max-video-preview":"max-video-preview:-1"},"canonical":"https:\/\/tomasostore.com.ar\/tienda\/producto\/caja-musical-alhajero-cresko\/","og_locale":"es_ES","og_type":"article","og_title":"Caja Musical Alhajero Cresko - Tomaso Store","og_description":"Caja Musical Alhajero Cresko Caja m\u00fasical Medidas de di\u00e1metro 15cm Reproduce m\u00fasica *Los precios de \u00e9ste sitio web son exclusivos para compras online, y no necesariamente coinciden con los precios en el local. LAS FOTOS E IM\u00c1GENES SON A MODO ILUSTRATIVO INTENTANDO REFLEJAR LO M\u00c1S REAL POSIBLE SUS CARACTER\u00cdSTICAS Y PUEDEN VARIAR SEG\u00daN DECISI\u00d3N DEL [&hellip;]","og_url":"https:\/\/tomasostore.com.ar\/tienda\/producto\/caja-musical-alhajero-cresko\/","og_site_name":"Tomaso Store","article_modified_time":"2025-07-29T15:18:54+00:00","twitter_card":"summary_large_image","schema":{"@context":"https:\/\/schema.org","@graph":[{"@type":"WebPage","@id":"https:\/\/tomasostore.com.ar\/tienda\/producto\/caja-musical-alhajero-cresko\/","url":"https:\/\/tomasostore.com.ar\/tienda\/producto\/caja-musical-alhajero-cresko\/","name":"Caja Musical Alhajero Cresko - Tomaso Store","isPartOf":{"@id":"https:\/\/tomasostore.com.ar\/tienda\/#website"},"datePublished":"2025-07-19T14:13:22+00:00","dateModified":"2025-07-29T15:18:54+00:00","breadcrumb":{"@id":"https:\/\/tomasostore.com.ar\/tienda\/producto\/caja-musical-alhajero-cresko\/#breadcrumb"},"inLanguage":"es","potentialAction":[{"@type":"ReadAction","target":["https:\/\/tomasostore.com.ar\/tienda\/producto\/caja-musical-alhajero-cresko\/"]}]},{"@type":"BreadcrumbList","@id":"https:\/\/tomasostore.com.ar\/tienda\/producto\/caja-musical-alhajero-cresko\/#breadcrumb","itemListElement":[{"@type":"ListItem","position":1,"name":"Portada","item":"https:\/\/tomasostore.com.ar\/tienda\/"},{"@type":"ListItem","position":2,"name":"Tienda","item":"https:\/\/tomasostore.com.ar\/tienda\/tienda\/"},{"@type":"ListItem","position":3,"name":"Caja Musical Alhajero Cresko"}]},{"@type":"WebSite","@id":"https:\/\/tomasostore.com.ar\/tienda\/#website","url":"https:\/\/tomasostore.com.ar\/tienda\/","name":"Tomaso Store","description":"Compr\u00e1s online, recib\u00eds en mano. Desde Hernando, llevando confianza a tu casa. Productos con garant\u00eda.","potentialAction":[{"@type":"SearchAction","target":{"@type":"EntryPoint","urlTemplate":"https:\/\/tomasostore.com.ar\/tienda\/?s={search_term_string}"},"query-input":{"@type":"PropertyValueSpecification","valueRequired":true,"valueName":"search_term_string"}}],"inLanguage":"es"}]}},"_links":{"self":[{"href":"https:\/\/tomasostore.com.ar\/tienda\/wp-json\/wp\/v2\/product\/729","targetHints":{"allow":["GET"]}}],"collection":[{"href":"https:\/\/tomasostore.com.ar\/tienda\/wp-json\/wp\/v2\/product"}],"about":[{"href":"https:\/\/tomasostore.com.ar\/tienda\/wp-json\/wp\/v2\/types\/product"}],"replies":[{"embeddable":true,"href":"https:\/\/tomasostore.com.ar\/tienda\/wp-json\/wp\/v2\/comments?post=729"}],"version-history":[{"count":1,"href":"https:\/\/tomasostore.com.ar\/tienda\/wp-json\/wp\/v2\/product\/729\/revisions"}],"predecessor-version":[{"id":26620,"href":"https:\/\/tomasostore.com.ar\/tienda\/wp-json\/wp\/v2\/product\/729\/revisions\/26620"}],"wp:attachment":[{"href":"https:\/\/tomasostore.com.ar\/tienda\/wp-json\/wp\/v2\/media?parent=729"}],"wp:term":[{"taxonomy":"product_brand","embeddable":true,"href":"https:\/\/tomasostore.com.ar\/tienda\/wp-json\/wp\/v2\/product_brand?post=729"},{"taxonomy":"product_cat","embeddable":true,"href":"https:\/\/tomasostore.com.ar\/tienda\/wp-json\/wp\/v2\/product_cat?post=729"},{"taxonomy":"product_tag","embeddable":true,"href":"https:\/\/tomasostore.com.ar\/tienda\/wp-json\/wp\/v2\/product_tag?post=729"}],"curies":[{"name":"wp","href":"https:\/\/api.w.org\/{rel}","templated":true}]}}