{"id":593,"date":"2025-07-19T10:52:10","date_gmt":"2025-07-19T13:52:10","guid":{"rendered":"https:\/\/tomasostore.com.ar\/tienda\/?post_type=product&#038;p=593"},"modified":"2025-07-29T12:16:30","modified_gmt":"2025-07-29T15:16:30","slug":"domino-marvel-spidey-spiderman-juego-de-mesa-fichas-grandes-tapimovil","status":"publish","type":"product","link":"https:\/\/tomasostore.com.ar\/tienda\/producto\/domino-marvel-spidey-spiderman-juego-de-mesa-fichas-grandes-tapimovil\/","title":{"rendered":"Domino Marvel Spidey Spiderman Juego De Mesa Fichas Grandes Tapimovil"},"content":{"rendered":"<p>El DOMINO Marvel Spidey y sus Sorprendentes Amigos te invita a adentrarte en el universo de Marvel. Esta versi\u00f3n premium del juego proporciona una experiencia \u00fanica, con fichas de pl\u00e1stico supergruesas que hacen que la diversi\u00f3n sea a\u00fan mayor. El set incluye 28 fichas de 9&#215;4.<\/p>\n","protected":false},"excerpt":{"rendered":"<p>El DOMINO Marvel Spidey y sus Sorprendentes Amigos te invita a adentrarte en el universo de Marvel. Esta versi\u00f3n premium del juego proporciona una experiencia \u00fanica, con fichas de pl\u00e1stico supergruesas que hacen que la diversi\u00f3n sea a\u00fan mayor. El set incluye 28 fichas de 9&#215;4.<\/p>\n","protected":false},"featured_media":24899,"comment_status":"open","ping_status":"closed","template":"","meta":[],"product_brand":[115],"product_cat":[644],"product_tag":[645],"class_list":{"0":"post-593","1":"product","2":"type-product","3":"status-publish","4":"has-post-thumbnail","6":"product_brand-tapimovil","7":"product_cat-juegos-de-mesa-infantiles","8":"product_tag-juegos-de-mesa-infantiles","10":"first","11":"instock","12":"sale","13":"shipping-taxable","14":"purchasable","15":"product-type-simple"},"yoast_head":"<!-- This site is optimized with the Yoast SEO plugin v27.5 - https:\/\/yoast.com\/product\/yoast-seo-wordpress\/ -->\n<title>Domino Marvel Spidey Spiderman Juego De Mesa Fichas Grandes Tapimovil - Tomaso Store<\/title>\n<meta name=\"robots\" content=\"index, follow, max-snippet:-1, max-image-preview:large, max-video-preview:-1\" \/>\n<link rel=\"canonical\" href=\"https:\/\/tomasostore.com.ar\/tienda\/producto\/domino-marvel-spidey-spiderman-juego-de-mesa-fichas-grandes-tapimovil\/\" \/>\n<meta property=\"og:locale\" content=\"es_ES\" \/>\n<meta property=\"og:type\" content=\"article\" \/>\n<meta property=\"og:title\" content=\"Domino Marvel Spidey Spiderman Juego De Mesa Fichas Grandes Tapimovil - Tomaso Store\" \/>\n<meta property=\"og:description\" content=\"El DOMINO Marvel Spidey y sus Sorprendentes Amigos te invita a adentrarte en el universo de Marvel. Esta versi\u00f3n premium del juego proporciona una experiencia \u00fanica, con fichas de pl\u00e1stico supergruesas que hacen que la diversi\u00f3n sea a\u00fan mayor. El set incluye 28 fichas de 9&#215;4.\" \/>\n<meta property=\"og:url\" content=\"https:\/\/tomasostore.com.ar\/tienda\/producto\/domino-marvel-spidey-spiderman-juego-de-mesa-fichas-grandes-tapimovil\/\" \/>\n<meta property=\"og:site_name\" content=\"Tomaso Store\" \/>\n<meta property=\"article:modified_time\" content=\"2025-07-29T15:16:30+00:00\" \/>\n<meta property=\"og:image\" content=\"https:\/\/tomasostore.com.ar\/tienda\/wp-content\/uploads\/2025\/07\/diseno-sin-titulo-9-a79e75bd980a8df1bc17037710573134-1024-1024.png\" \/>\n\t<meta property=\"og:image:width\" content=\"1024\" \/>\n\t<meta property=\"og:image:height\" content=\"1024\" \/>\n\t<meta property=\"og:image:type\" content=\"image\/png\" \/>\n<meta name=\"twitter:card\" content=\"summary_large_image\" \/>\n<script type=\"application\/ld+json\" class=\"yoast-schema-graph\">{\"@context\":\"https:\\\/\\\/schema.org\",\"@graph\":[{\"@type\":\"WebPage\",\"@id\":\"https:\\\/\\\/tomasostore.com.ar\\\/tienda\\\/producto\\\/domino-marvel-spidey-spiderman-juego-de-mesa-fichas-grandes-tapimovil\\\/\",\"url\":\"https:\\\/\\\/tomasostore.com.ar\\\/tienda\\\/producto\\\/domino-marvel-spidey-spiderman-juego-de-mesa-fichas-grandes-tapimovil\\\/\",\"name\":\"Domino Marvel Spidey Spiderman Juego De Mesa Fichas Grandes Tapimovil - Tomaso Store\",\"isPartOf\":{\"@id\":\"https:\\\/\\\/tomasostore.com.ar\\\/tienda\\\/#website\"},\"primaryImageOfPage\":{\"@id\":\"https:\\\/\\\/tomasostore.com.ar\\\/tienda\\\/producto\\\/domino-marvel-spidey-spiderman-juego-de-mesa-fichas-grandes-tapimovil\\\/#primaryimage\"},\"image\":{\"@id\":\"https:\\\/\\\/tomasostore.com.ar\\\/tienda\\\/producto\\\/domino-marvel-spidey-spiderman-juego-de-mesa-fichas-grandes-tapimovil\\\/#primaryimage\"},\"thumbnailUrl\":\"https:\\\/\\\/tomasostore.com.ar\\\/tienda\\\/wp-content\\\/uploads\\\/2025\\\/07\\\/diseno-sin-titulo-9-a79e75bd980a8df1bc17037710573134-1024-1024.png\",\"datePublished\":\"2025-07-19T13:52:10+00:00\",\"dateModified\":\"2025-07-29T15:16:30+00:00\",\"breadcrumb\":{\"@id\":\"https:\\\/\\\/tomasostore.com.ar\\\/tienda\\\/producto\\\/domino-marvel-spidey-spiderman-juego-de-mesa-fichas-grandes-tapimovil\\\/#breadcrumb\"},\"inLanguage\":\"es\",\"potentialAction\":[{\"@type\":\"ReadAction\",\"target\":[\"https:\\\/\\\/tomasostore.com.ar\\\/tienda\\\/producto\\\/domino-marvel-spidey-spiderman-juego-de-mesa-fichas-grandes-tapimovil\\\/\"]}]},{\"@type\":\"ImageObject\",\"inLanguage\":\"es\",\"@id\":\"https:\\\/\\\/tomasostore.com.ar\\\/tienda\\\/producto\\\/domino-marvel-spidey-spiderman-juego-de-mesa-fichas-grandes-tapimovil\\\/#primaryimage\",\"url\":\"https:\\\/\\\/tomasostore.com.ar\\\/tienda\\\/wp-content\\\/uploads\\\/2025\\\/07\\\/diseno-sin-titulo-9-a79e75bd980a8df1bc17037710573134-1024-1024.png\",\"contentUrl\":\"https:\\\/\\\/tomasostore.com.ar\\\/tienda\\\/wp-content\\\/uploads\\\/2025\\\/07\\\/diseno-sin-titulo-9-a79e75bd980a8df1bc17037710573134-1024-1024.png\",\"width\":1024,\"height\":1024},{\"@type\":\"BreadcrumbList\",\"@id\":\"https:\\\/\\\/tomasostore.com.ar\\\/tienda\\\/producto\\\/domino-marvel-spidey-spiderman-juego-de-mesa-fichas-grandes-tapimovil\\\/#breadcrumb\",\"itemListElement\":[{\"@type\":\"ListItem\",\"position\":1,\"name\":\"Portada\",\"item\":\"https:\\\/\\\/tomasostore.com.ar\\\/tienda\\\/\"},{\"@type\":\"ListItem\",\"position\":2,\"name\":\"Tienda\",\"item\":\"https:\\\/\\\/tomasostore.com.ar\\\/tienda\\\/tienda\\\/\"},{\"@type\":\"ListItem\",\"position\":3,\"name\":\"Domino Marvel Spidey Spiderman Juego De Mesa Fichas Grandes Tapimovil\"}]},{\"@type\":\"WebSite\",\"@id\":\"https:\\\/\\\/tomasostore.com.ar\\\/tienda\\\/#website\",\"url\":\"https:\\\/\\\/tomasostore.com.ar\\\/tienda\\\/\",\"name\":\"Tomaso Store\",\"description\":\"Compr\u00e1s online, recib\u00eds en mano. Desde Hernando, llevando confianza a tu casa. Productos con garant\u00eda.\",\"potentialAction\":[{\"@type\":\"SearchAction\",\"target\":{\"@type\":\"EntryPoint\",\"urlTemplate\":\"https:\\\/\\\/tomasostore.com.ar\\\/tienda\\\/?s={search_term_string}\"},\"query-input\":{\"@type\":\"PropertyValueSpecification\",\"valueRequired\":true,\"valueName\":\"search_term_string\"}}],\"inLanguage\":\"es\"}]}<\/script>\n<!-- \/ Yoast SEO plugin. -->","yoast_head_json":{"title":"Domino Marvel Spidey Spiderman Juego De Mesa Fichas Grandes Tapimovil - Tomaso Store","robots":{"index":"index","follow":"follow","max-snippet":"max-snippet:-1","max-image-preview":"max-image-preview:large","max-video-preview":"max-video-preview:-1"},"canonical":"https:\/\/tomasostore.com.ar\/tienda\/producto\/domino-marvel-spidey-spiderman-juego-de-mesa-fichas-grandes-tapimovil\/","og_locale":"es_ES","og_type":"article","og_title":"Domino Marvel Spidey Spiderman Juego De Mesa Fichas Grandes Tapimovil - Tomaso Store","og_description":"El DOMINO Marvel Spidey y sus Sorprendentes Amigos te invita a adentrarte en el universo de Marvel. Esta versi\u00f3n premium del juego proporciona una experiencia \u00fanica, con fichas de pl\u00e1stico supergruesas que hacen que la diversi\u00f3n sea a\u00fan mayor. El set incluye 28 fichas de 9&#215;4.","og_url":"https:\/\/tomasostore.com.ar\/tienda\/producto\/domino-marvel-spidey-spiderman-juego-de-mesa-fichas-grandes-tapimovil\/","og_site_name":"Tomaso Store","article_modified_time":"2025-07-29T15:16:30+00:00","og_image":[{"width":1024,"height":1024,"url":"https:\/\/tomasostore.com.ar\/tienda\/wp-content\/uploads\/2025\/07\/diseno-sin-titulo-9-a79e75bd980a8df1bc17037710573134-1024-1024.png","type":"image\/png"}],"twitter_card":"summary_large_image","schema":{"@context":"https:\/\/schema.org","@graph":[{"@type":"WebPage","@id":"https:\/\/tomasostore.com.ar\/tienda\/producto\/domino-marvel-spidey-spiderman-juego-de-mesa-fichas-grandes-tapimovil\/","url":"https:\/\/tomasostore.com.ar\/tienda\/producto\/domino-marvel-spidey-spiderman-juego-de-mesa-fichas-grandes-tapimovil\/","name":"Domino Marvel Spidey Spiderman Juego De Mesa Fichas Grandes Tapimovil - Tomaso Store","isPartOf":{"@id":"https:\/\/tomasostore.com.ar\/tienda\/#website"},"primaryImageOfPage":{"@id":"https:\/\/tomasostore.com.ar\/tienda\/producto\/domino-marvel-spidey-spiderman-juego-de-mesa-fichas-grandes-tapimovil\/#primaryimage"},"image":{"@id":"https:\/\/tomasostore.com.ar\/tienda\/producto\/domino-marvel-spidey-spiderman-juego-de-mesa-fichas-grandes-tapimovil\/#primaryimage"},"thumbnailUrl":"https:\/\/tomasostore.com.ar\/tienda\/wp-content\/uploads\/2025\/07\/diseno-sin-titulo-9-a79e75bd980a8df1bc17037710573134-1024-1024.png","datePublished":"2025-07-19T13:52:10+00:00","dateModified":"2025-07-29T15:16:30+00:00","breadcrumb":{"@id":"https:\/\/tomasostore.com.ar\/tienda\/producto\/domino-marvel-spidey-spiderman-juego-de-mesa-fichas-grandes-tapimovil\/#breadcrumb"},"inLanguage":"es","potentialAction":[{"@type":"ReadAction","target":["https:\/\/tomasostore.com.ar\/tienda\/producto\/domino-marvel-spidey-spiderman-juego-de-mesa-fichas-grandes-tapimovil\/"]}]},{"@type":"ImageObject","inLanguage":"es","@id":"https:\/\/tomasostore.com.ar\/tienda\/producto\/domino-marvel-spidey-spiderman-juego-de-mesa-fichas-grandes-tapimovil\/#primaryimage","url":"https:\/\/tomasostore.com.ar\/tienda\/wp-content\/uploads\/2025\/07\/diseno-sin-titulo-9-a79e75bd980a8df1bc17037710573134-1024-1024.png","contentUrl":"https:\/\/tomasostore.com.ar\/tienda\/wp-content\/uploads\/2025\/07\/diseno-sin-titulo-9-a79e75bd980a8df1bc17037710573134-1024-1024.png","width":1024,"height":1024},{"@type":"BreadcrumbList","@id":"https:\/\/tomasostore.com.ar\/tienda\/producto\/domino-marvel-spidey-spiderman-juego-de-mesa-fichas-grandes-tapimovil\/#breadcrumb","itemListElement":[{"@type":"ListItem","position":1,"name":"Portada","item":"https:\/\/tomasostore.com.ar\/tienda\/"},{"@type":"ListItem","position":2,"name":"Tienda","item":"https:\/\/tomasostore.com.ar\/tienda\/tienda\/"},{"@type":"ListItem","position":3,"name":"Domino Marvel Spidey Spiderman Juego De Mesa Fichas Grandes Tapimovil"}]},{"@type":"WebSite","@id":"https:\/\/tomasostore.com.ar\/tienda\/#website","url":"https:\/\/tomasostore.com.ar\/tienda\/","name":"Tomaso Store","description":"Compr\u00e1s online, recib\u00eds en mano. Desde Hernando, llevando confianza a tu casa. Productos con garant\u00eda.","potentialAction":[{"@type":"SearchAction","target":{"@type":"EntryPoint","urlTemplate":"https:\/\/tomasostore.com.ar\/tienda\/?s={search_term_string}"},"query-input":{"@type":"PropertyValueSpecification","valueRequired":true,"valueName":"search_term_string"}}],"inLanguage":"es"}]}},"_links":{"self":[{"href":"https:\/\/tomasostore.com.ar\/tienda\/wp-json\/wp\/v2\/product\/593","targetHints":{"allow":["GET"]}}],"collection":[{"href":"https:\/\/tomasostore.com.ar\/tienda\/wp-json\/wp\/v2\/product"}],"about":[{"href":"https:\/\/tomasostore.com.ar\/tienda\/wp-json\/wp\/v2\/types\/product"}],"replies":[{"embeddable":true,"href":"https:\/\/tomasostore.com.ar\/tienda\/wp-json\/wp\/v2\/comments?post=593"}],"version-history":[{"count":2,"href":"https:\/\/tomasostore.com.ar\/tienda\/wp-json\/wp\/v2\/product\/593\/revisions"}],"predecessor-version":[{"id":32973,"href":"https:\/\/tomasostore.com.ar\/tienda\/wp-json\/wp\/v2\/product\/593\/revisions\/32973"}],"wp:featuredmedia":[{"embeddable":true,"href":"https:\/\/tomasostore.com.ar\/tienda\/wp-json\/wp\/v2\/media\/24899"}],"wp:attachment":[{"href":"https:\/\/tomasostore.com.ar\/tienda\/wp-json\/wp\/v2\/media?parent=593"}],"wp:term":[{"taxonomy":"product_brand","embeddable":true,"href":"https:\/\/tomasostore.com.ar\/tienda\/wp-json\/wp\/v2\/product_brand?post=593"},{"taxonomy":"product_cat","embeddable":true,"href":"https:\/\/tomasostore.com.ar\/tienda\/wp-json\/wp\/v2\/product_cat?post=593"},{"taxonomy":"product_tag","embeddable":true,"href":"https:\/\/tomasostore.com.ar\/tienda\/wp-json\/wp\/v2\/product_tag?post=593"}],"curies":[{"name":"wp","href":"https:\/\/api.w.org\/{rel}","templated":true}]}}