{"id":591,"date":"2025-07-19T11:45:40","date_gmt":"2025-07-19T14:45:40","guid":{"rendered":"https:\/\/tomasostore.com.ar\/tienda\/?post_type=product&#038;p=591"},"modified":"2025-07-29T12:22:49","modified_gmt":"2025-07-29T15:22:49","slug":"bubble-smart-car-2-en-1-next-point","status":"publish","type":"product","link":"https:\/\/tomasostore.com.ar\/tienda\/producto\/bubble-smart-car-2-en-1-next-point\/","title":{"rendered":"Bubble Smart Car 2 En 1 &#8211; Next Point"},"content":{"rendered":"<p>\u00a1Experimenta la revoluci\u00f3n en diversi\u00f3n con nuestro Auto Radio Control 360\u00b0. Este asombroso veh\u00edculo no solo se desplaza en todas direcciones, sino que tambi\u00e9n cuenta con luces brillantes, sonidos realistas, un sistema de lanzamiento de humo para una experiencia inigualable y una m\u00e1quina de burbujas para un toque de magia. Convierte cada momento en una aventura emocionante.<\/p>\n","protected":false},"excerpt":{"rendered":"<p>\u00a1Experimenta la revoluci\u00f3n en diversi\u00f3n con nuestro Auto Radio Control 360\u00b0. Este asombroso veh\u00edculo no solo se desplaza en todas direcciones, sino que tambi\u00e9n cuenta con luces brillantes, sonidos realistas, un sistema de lanzamiento de humo para una experiencia inigualable y una m\u00e1quina de burbujas para un toque de magia. Convierte cada momento en una [&hellip;]<\/p>\n","protected":false},"featured_media":29376,"comment_status":"open","ping_status":"closed","template":"","meta":[],"product_brand":[51],"product_cat":[660],"product_tag":[661],"class_list":{"0":"post-591","1":"product","2":"type-product","3":"status-publish","4":"has-post-thumbnail","6":"product_brand-next-point","7":"product_cat-vehiculos","8":"product_tag-vehiculos","10":"first","11":"instock","12":"sale","13":"shipping-taxable","14":"purchasable","15":"product-type-simple"},"yoast_head":"<!-- This site is optimized with the Yoast SEO plugin v27.3 - https:\/\/yoast.com\/product\/yoast-seo-wordpress\/ -->\n<title>Bubble Smart Car 2 En 1 - Next Point - Tomaso Store<\/title>\n<meta name=\"robots\" content=\"index, follow, max-snippet:-1, max-image-preview:large, max-video-preview:-1\" \/>\n<link rel=\"canonical\" href=\"https:\/\/tomasostore.com.ar\/tienda\/producto\/bubble-smart-car-2-en-1-next-point\/\" \/>\n<meta property=\"og:locale\" content=\"es_ES\" \/>\n<meta property=\"og:type\" content=\"article\" \/>\n<meta property=\"og:title\" content=\"Bubble Smart Car 2 En 1 - Next Point - Tomaso Store\" \/>\n<meta property=\"og:description\" content=\"\u00a1Experimenta la revoluci\u00f3n en diversi\u00f3n con nuestro Auto Radio Control 360\u00b0. Este asombroso veh\u00edculo no solo se desplaza en todas direcciones, sino que tambi\u00e9n cuenta con luces brillantes, sonidos realistas, un sistema de lanzamiento de humo para una experiencia inigualable y una m\u00e1quina de burbujas para un toque de magia. Convierte cada momento en una [&hellip;]\" \/>\n<meta property=\"og:url\" content=\"https:\/\/tomasostore.com.ar\/tienda\/producto\/bubble-smart-car-2-en-1-next-point\/\" \/>\n<meta property=\"og:site_name\" content=\"Tomaso Store\" \/>\n<meta property=\"article:modified_time\" content=\"2025-07-29T15:22:49+00:00\" \/>\n<meta property=\"og:image\" content=\"https:\/\/tomasostore.com.ar\/tienda\/wp-content\/uploads\/2025\/07\/smart-car-1-996b7ea5d26d3b9c2e17037718438370-1024-1024.png\" \/>\n\t<meta property=\"og:image:width\" content=\"1024\" \/>\n\t<meta property=\"og:image:height\" content=\"1024\" \/>\n\t<meta property=\"og:image:type\" content=\"image\/png\" \/>\n<meta name=\"twitter:card\" content=\"summary_large_image\" \/>\n<script type=\"application\/ld+json\" class=\"yoast-schema-graph\">{\"@context\":\"https:\\\/\\\/schema.org\",\"@graph\":[{\"@type\":\"WebPage\",\"@id\":\"https:\\\/\\\/tomasostore.com.ar\\\/tienda\\\/producto\\\/bubble-smart-car-2-en-1-next-point\\\/\",\"url\":\"https:\\\/\\\/tomasostore.com.ar\\\/tienda\\\/producto\\\/bubble-smart-car-2-en-1-next-point\\\/\",\"name\":\"Bubble Smart Car 2 En 1 - Next Point - Tomaso Store\",\"isPartOf\":{\"@id\":\"https:\\\/\\\/tomasostore.com.ar\\\/tienda\\\/#website\"},\"primaryImageOfPage\":{\"@id\":\"https:\\\/\\\/tomasostore.com.ar\\\/tienda\\\/producto\\\/bubble-smart-car-2-en-1-next-point\\\/#primaryimage\"},\"image\":{\"@id\":\"https:\\\/\\\/tomasostore.com.ar\\\/tienda\\\/producto\\\/bubble-smart-car-2-en-1-next-point\\\/#primaryimage\"},\"thumbnailUrl\":\"https:\\\/\\\/tomasostore.com.ar\\\/tienda\\\/wp-content\\\/uploads\\\/2025\\\/07\\\/smart-car-1-996b7ea5d26d3b9c2e17037718438370-1024-1024.png\",\"datePublished\":\"2025-07-19T14:45:40+00:00\",\"dateModified\":\"2025-07-29T15:22:49+00:00\",\"breadcrumb\":{\"@id\":\"https:\\\/\\\/tomasostore.com.ar\\\/tienda\\\/producto\\\/bubble-smart-car-2-en-1-next-point\\\/#breadcrumb\"},\"inLanguage\":\"es\",\"potentialAction\":[{\"@type\":\"ReadAction\",\"target\":[\"https:\\\/\\\/tomasostore.com.ar\\\/tienda\\\/producto\\\/bubble-smart-car-2-en-1-next-point\\\/\"]}]},{\"@type\":\"ImageObject\",\"inLanguage\":\"es\",\"@id\":\"https:\\\/\\\/tomasostore.com.ar\\\/tienda\\\/producto\\\/bubble-smart-car-2-en-1-next-point\\\/#primaryimage\",\"url\":\"https:\\\/\\\/tomasostore.com.ar\\\/tienda\\\/wp-content\\\/uploads\\\/2025\\\/07\\\/smart-car-1-996b7ea5d26d3b9c2e17037718438370-1024-1024.png\",\"contentUrl\":\"https:\\\/\\\/tomasostore.com.ar\\\/tienda\\\/wp-content\\\/uploads\\\/2025\\\/07\\\/smart-car-1-996b7ea5d26d3b9c2e17037718438370-1024-1024.png\",\"width\":1024,\"height\":1024},{\"@type\":\"BreadcrumbList\",\"@id\":\"https:\\\/\\\/tomasostore.com.ar\\\/tienda\\\/producto\\\/bubble-smart-car-2-en-1-next-point\\\/#breadcrumb\",\"itemListElement\":[{\"@type\":\"ListItem\",\"position\":1,\"name\":\"Portada\",\"item\":\"https:\\\/\\\/tomasostore.com.ar\\\/tienda\\\/\"},{\"@type\":\"ListItem\",\"position\":2,\"name\":\"Tienda\",\"item\":\"https:\\\/\\\/tomasostore.com.ar\\\/tienda\\\/tienda\\\/\"},{\"@type\":\"ListItem\",\"position\":3,\"name\":\"Bubble Smart Car 2 En 1 &#8211; Next Point\"}]},{\"@type\":\"WebSite\",\"@id\":\"https:\\\/\\\/tomasostore.com.ar\\\/tienda\\\/#website\",\"url\":\"https:\\\/\\\/tomasostore.com.ar\\\/tienda\\\/\",\"name\":\"Tomaso Store\",\"description\":\"Compr\u00e1s online, recib\u00eds en mano. Desde Hernando, llevando confianza a tu casa. Productos con garant\u00eda.\",\"potentialAction\":[{\"@type\":\"SearchAction\",\"target\":{\"@type\":\"EntryPoint\",\"urlTemplate\":\"https:\\\/\\\/tomasostore.com.ar\\\/tienda\\\/?s={search_term_string}\"},\"query-input\":{\"@type\":\"PropertyValueSpecification\",\"valueRequired\":true,\"valueName\":\"search_term_string\"}}],\"inLanguage\":\"es\"}]}<\/script>\n<!-- \/ Yoast SEO plugin. -->","yoast_head_json":{"title":"Bubble Smart Car 2 En 1 - Next Point - Tomaso Store","robots":{"index":"index","follow":"follow","max-snippet":"max-snippet:-1","max-image-preview":"max-image-preview:large","max-video-preview":"max-video-preview:-1"},"canonical":"https:\/\/tomasostore.com.ar\/tienda\/producto\/bubble-smart-car-2-en-1-next-point\/","og_locale":"es_ES","og_type":"article","og_title":"Bubble Smart Car 2 En 1 - Next Point - Tomaso Store","og_description":"\u00a1Experimenta la revoluci\u00f3n en diversi\u00f3n con nuestro Auto Radio Control 360\u00b0. Este asombroso veh\u00edculo no solo se desplaza en todas direcciones, sino que tambi\u00e9n cuenta con luces brillantes, sonidos realistas, un sistema de lanzamiento de humo para una experiencia inigualable y una m\u00e1quina de burbujas para un toque de magia. Convierte cada momento en una [&hellip;]","og_url":"https:\/\/tomasostore.com.ar\/tienda\/producto\/bubble-smart-car-2-en-1-next-point\/","og_site_name":"Tomaso Store","article_modified_time":"2025-07-29T15:22:49+00:00","og_image":[{"width":1024,"height":1024,"url":"https:\/\/tomasostore.com.ar\/tienda\/wp-content\/uploads\/2025\/07\/smart-car-1-996b7ea5d26d3b9c2e17037718438370-1024-1024.png","type":"image\/png"}],"twitter_card":"summary_large_image","schema":{"@context":"https:\/\/schema.org","@graph":[{"@type":"WebPage","@id":"https:\/\/tomasostore.com.ar\/tienda\/producto\/bubble-smart-car-2-en-1-next-point\/","url":"https:\/\/tomasostore.com.ar\/tienda\/producto\/bubble-smart-car-2-en-1-next-point\/","name":"Bubble Smart Car 2 En 1 - Next Point - Tomaso Store","isPartOf":{"@id":"https:\/\/tomasostore.com.ar\/tienda\/#website"},"primaryImageOfPage":{"@id":"https:\/\/tomasostore.com.ar\/tienda\/producto\/bubble-smart-car-2-en-1-next-point\/#primaryimage"},"image":{"@id":"https:\/\/tomasostore.com.ar\/tienda\/producto\/bubble-smart-car-2-en-1-next-point\/#primaryimage"},"thumbnailUrl":"https:\/\/tomasostore.com.ar\/tienda\/wp-content\/uploads\/2025\/07\/smart-car-1-996b7ea5d26d3b9c2e17037718438370-1024-1024.png","datePublished":"2025-07-19T14:45:40+00:00","dateModified":"2025-07-29T15:22:49+00:00","breadcrumb":{"@id":"https:\/\/tomasostore.com.ar\/tienda\/producto\/bubble-smart-car-2-en-1-next-point\/#breadcrumb"},"inLanguage":"es","potentialAction":[{"@type":"ReadAction","target":["https:\/\/tomasostore.com.ar\/tienda\/producto\/bubble-smart-car-2-en-1-next-point\/"]}]},{"@type":"ImageObject","inLanguage":"es","@id":"https:\/\/tomasostore.com.ar\/tienda\/producto\/bubble-smart-car-2-en-1-next-point\/#primaryimage","url":"https:\/\/tomasostore.com.ar\/tienda\/wp-content\/uploads\/2025\/07\/smart-car-1-996b7ea5d26d3b9c2e17037718438370-1024-1024.png","contentUrl":"https:\/\/tomasostore.com.ar\/tienda\/wp-content\/uploads\/2025\/07\/smart-car-1-996b7ea5d26d3b9c2e17037718438370-1024-1024.png","width":1024,"height":1024},{"@type":"BreadcrumbList","@id":"https:\/\/tomasostore.com.ar\/tienda\/producto\/bubble-smart-car-2-en-1-next-point\/#breadcrumb","itemListElement":[{"@type":"ListItem","position":1,"name":"Portada","item":"https:\/\/tomasostore.com.ar\/tienda\/"},{"@type":"ListItem","position":2,"name":"Tienda","item":"https:\/\/tomasostore.com.ar\/tienda\/tienda\/"},{"@type":"ListItem","position":3,"name":"Bubble Smart Car 2 En 1 &#8211; Next Point"}]},{"@type":"WebSite","@id":"https:\/\/tomasostore.com.ar\/tienda\/#website","url":"https:\/\/tomasostore.com.ar\/tienda\/","name":"Tomaso Store","description":"Compr\u00e1s online, recib\u00eds en mano. Desde Hernando, llevando confianza a tu casa. Productos con garant\u00eda.","potentialAction":[{"@type":"SearchAction","target":{"@type":"EntryPoint","urlTemplate":"https:\/\/tomasostore.com.ar\/tienda\/?s={search_term_string}"},"query-input":{"@type":"PropertyValueSpecification","valueRequired":true,"valueName":"search_term_string"}}],"inLanguage":"es"}]}},"_links":{"self":[{"href":"https:\/\/tomasostore.com.ar\/tienda\/wp-json\/wp\/v2\/product\/591","targetHints":{"allow":["GET"]}}],"collection":[{"href":"https:\/\/tomasostore.com.ar\/tienda\/wp-json\/wp\/v2\/product"}],"about":[{"href":"https:\/\/tomasostore.com.ar\/tienda\/wp-json\/wp\/v2\/types\/product"}],"replies":[{"embeddable":true,"href":"https:\/\/tomasostore.com.ar\/tienda\/wp-json\/wp\/v2\/comments?post=591"}],"version-history":[{"count":2,"href":"https:\/\/tomasostore.com.ar\/tienda\/wp-json\/wp\/v2\/product\/591\/revisions"}],"predecessor-version":[{"id":35000,"href":"https:\/\/tomasostore.com.ar\/tienda\/wp-json\/wp\/v2\/product\/591\/revisions\/35000"}],"wp:featuredmedia":[{"embeddable":true,"href":"https:\/\/tomasostore.com.ar\/tienda\/wp-json\/wp\/v2\/media\/29376"}],"wp:attachment":[{"href":"https:\/\/tomasostore.com.ar\/tienda\/wp-json\/wp\/v2\/media?parent=591"}],"wp:term":[{"taxonomy":"product_brand","embeddable":true,"href":"https:\/\/tomasostore.com.ar\/tienda\/wp-json\/wp\/v2\/product_brand?post=591"},{"taxonomy":"product_cat","embeddable":true,"href":"https:\/\/tomasostore.com.ar\/tienda\/wp-json\/wp\/v2\/product_cat?post=591"},{"taxonomy":"product_tag","embeddable":true,"href":"https:\/\/tomasostore.com.ar\/tienda\/wp-json\/wp\/v2\/product_tag?post=591"}],"curies":[{"name":"wp","href":"https:\/\/api.w.org\/{rel}","templated":true}]}}