{"id":542,"date":"2025-07-19T10:42:09","date_gmt":"2025-07-19T13:42:09","guid":{"rendered":"https:\/\/tomasostore.com.ar\/tienda\/?post_type=product&#038;p=542"},"modified":"2025-07-29T12:15:14","modified_gmt":"2025-07-29T15:15:14","slug":"casa-munecas-maletin-playmobil-70985","status":"publish","type":"product","link":"https:\/\/tomasostore.com.ar\/tienda\/producto\/casa-munecas-maletin-playmobil-70985\/","title":{"rendered":"Casa Mu\u00f1ecas Malet\u00edn Playmobil 70985"},"content":{"rendered":"<p>Equipada con cocina, sal\u00f3n, ba\u00f1o y habitaci\u00f3n para padres y beb\u00e9. Desde por la ma\u00f1ana hasta la noche, la familia PLAYMOBIL vive emocionantes aventuras en la gran casa de mu\u00f1ecas para llevar. Ya sea cocinando en la cocina, chapoteando en el ba\u00f1o o viendo la televisi\u00f3n en el sal\u00f3n, el tiempo nunca se detiene en la moderna casa de mu\u00f1ecas PLAYMOBIL.<\/p>\n","protected":false},"excerpt":{"rendered":"<p>Equipada con cocina, sal\u00f3n, ba\u00f1o y habitaci\u00f3n para padres y beb\u00e9. Desde por la ma\u00f1ana hasta la noche, la familia PLAYMOBIL vive emocionantes aventuras en la gran casa de mu\u00f1ecas para llevar. Ya sea cocinando en la cocina, chapoteando en el ba\u00f1o o viendo la televisi\u00f3n en el sal\u00f3n, el tiempo nunca se detiene en [&hellip;]<\/p>\n","protected":false},"featured_media":24051,"comment_status":"open","ping_status":"closed","template":"","meta":[],"product_brand":[249],"product_cat":[638],"product_tag":[639],"class_list":{"0":"post-542","1":"product","2":"type-product","3":"status-publish","4":"has-post-thumbnail","6":"product_brand-intek","7":"product_cat-figuras-de-accion-y-munecos","8":"product_tag-figuras-de-accion-y-munecos","10":"first","11":"instock","12":"sale","13":"shipping-taxable","14":"purchasable","15":"product-type-simple"},"yoast_head":"<!-- This site is optimized with the Yoast SEO plugin v27.5 - https:\/\/yoast.com\/product\/yoast-seo-wordpress\/ -->\n<title>Casa Mu\u00f1ecas Malet\u00edn Playmobil 70985 - Tomaso Store<\/title>\n<meta name=\"robots\" content=\"index, follow, max-snippet:-1, max-image-preview:large, max-video-preview:-1\" \/>\n<link rel=\"canonical\" href=\"https:\/\/tomasostore.com.ar\/tienda\/producto\/casa-munecas-maletin-playmobil-70985\/\" \/>\n<meta property=\"og:locale\" content=\"es_ES\" \/>\n<meta property=\"og:type\" content=\"article\" \/>\n<meta property=\"og:title\" content=\"Casa Mu\u00f1ecas Malet\u00edn Playmobil 70985 - Tomaso Store\" \/>\n<meta property=\"og:description\" content=\"Equipada con cocina, sal\u00f3n, ba\u00f1o y habitaci\u00f3n para padres y beb\u00e9. Desde por la ma\u00f1ana hasta la noche, la familia PLAYMOBIL vive emocionantes aventuras en la gran casa de mu\u00f1ecas para llevar. Ya sea cocinando en la cocina, chapoteando en el ba\u00f1o o viendo la televisi\u00f3n en el sal\u00f3n, el tiempo nunca se detiene en [&hellip;]\" \/>\n<meta property=\"og:url\" content=\"https:\/\/tomasostore.com.ar\/tienda\/producto\/casa-munecas-maletin-playmobil-70985\/\" \/>\n<meta property=\"og:site_name\" content=\"Tomaso Store\" \/>\n<meta property=\"article:modified_time\" content=\"2025-07-29T15:15:14+00:00\" \/>\n<meta property=\"og:image\" content=\"https:\/\/tomasostore.com.ar\/tienda\/wp-content\/uploads\/2025\/07\/diseno-sin-titulo-32-8d983a1081a7f4817b17040337587332-1024-1024.png\" \/>\n\t<meta property=\"og:image:width\" content=\"1024\" \/>\n\t<meta property=\"og:image:height\" content=\"1024\" \/>\n\t<meta property=\"og:image:type\" content=\"image\/png\" \/>\n<meta name=\"twitter:card\" content=\"summary_large_image\" \/>\n<script type=\"application\/ld+json\" class=\"yoast-schema-graph\">{\"@context\":\"https:\\\/\\\/schema.org\",\"@graph\":[{\"@type\":\"WebPage\",\"@id\":\"https:\\\/\\\/tomasostore.com.ar\\\/tienda\\\/producto\\\/casa-munecas-maletin-playmobil-70985\\\/\",\"url\":\"https:\\\/\\\/tomasostore.com.ar\\\/tienda\\\/producto\\\/casa-munecas-maletin-playmobil-70985\\\/\",\"name\":\"Casa Mu\u00f1ecas Malet\u00edn Playmobil 70985 - Tomaso Store\",\"isPartOf\":{\"@id\":\"https:\\\/\\\/tomasostore.com.ar\\\/tienda\\\/#website\"},\"primaryImageOfPage\":{\"@id\":\"https:\\\/\\\/tomasostore.com.ar\\\/tienda\\\/producto\\\/casa-munecas-maletin-playmobil-70985\\\/#primaryimage\"},\"image\":{\"@id\":\"https:\\\/\\\/tomasostore.com.ar\\\/tienda\\\/producto\\\/casa-munecas-maletin-playmobil-70985\\\/#primaryimage\"},\"thumbnailUrl\":\"https:\\\/\\\/tomasostore.com.ar\\\/tienda\\\/wp-content\\\/uploads\\\/2025\\\/07\\\/diseno-sin-titulo-32-8d983a1081a7f4817b17040337587332-1024-1024.png\",\"datePublished\":\"2025-07-19T13:42:09+00:00\",\"dateModified\":\"2025-07-29T15:15:14+00:00\",\"breadcrumb\":{\"@id\":\"https:\\\/\\\/tomasostore.com.ar\\\/tienda\\\/producto\\\/casa-munecas-maletin-playmobil-70985\\\/#breadcrumb\"},\"inLanguage\":\"es\",\"potentialAction\":[{\"@type\":\"ReadAction\",\"target\":[\"https:\\\/\\\/tomasostore.com.ar\\\/tienda\\\/producto\\\/casa-munecas-maletin-playmobil-70985\\\/\"]}]},{\"@type\":\"ImageObject\",\"inLanguage\":\"es\",\"@id\":\"https:\\\/\\\/tomasostore.com.ar\\\/tienda\\\/producto\\\/casa-munecas-maletin-playmobil-70985\\\/#primaryimage\",\"url\":\"https:\\\/\\\/tomasostore.com.ar\\\/tienda\\\/wp-content\\\/uploads\\\/2025\\\/07\\\/diseno-sin-titulo-32-8d983a1081a7f4817b17040337587332-1024-1024.png\",\"contentUrl\":\"https:\\\/\\\/tomasostore.com.ar\\\/tienda\\\/wp-content\\\/uploads\\\/2025\\\/07\\\/diseno-sin-titulo-32-8d983a1081a7f4817b17040337587332-1024-1024.png\",\"width\":1024,\"height\":1024},{\"@type\":\"BreadcrumbList\",\"@id\":\"https:\\\/\\\/tomasostore.com.ar\\\/tienda\\\/producto\\\/casa-munecas-maletin-playmobil-70985\\\/#breadcrumb\",\"itemListElement\":[{\"@type\":\"ListItem\",\"position\":1,\"name\":\"Portada\",\"item\":\"https:\\\/\\\/tomasostore.com.ar\\\/tienda\\\/\"},{\"@type\":\"ListItem\",\"position\":2,\"name\":\"Tienda\",\"item\":\"https:\\\/\\\/tomasostore.com.ar\\\/tienda\\\/tienda\\\/\"},{\"@type\":\"ListItem\",\"position\":3,\"name\":\"Casa Mu\u00f1ecas Malet\u00edn Playmobil 70985\"}]},{\"@type\":\"WebSite\",\"@id\":\"https:\\\/\\\/tomasostore.com.ar\\\/tienda\\\/#website\",\"url\":\"https:\\\/\\\/tomasostore.com.ar\\\/tienda\\\/\",\"name\":\"Tomaso Store\",\"description\":\"Compr\u00e1s online, recib\u00eds en mano. Desde Hernando, llevando confianza a tu casa. Productos con garant\u00eda.\",\"potentialAction\":[{\"@type\":\"SearchAction\",\"target\":{\"@type\":\"EntryPoint\",\"urlTemplate\":\"https:\\\/\\\/tomasostore.com.ar\\\/tienda\\\/?s={search_term_string}\"},\"query-input\":{\"@type\":\"PropertyValueSpecification\",\"valueRequired\":true,\"valueName\":\"search_term_string\"}}],\"inLanguage\":\"es\"}]}<\/script>\n<!-- \/ Yoast SEO plugin. -->","yoast_head_json":{"title":"Casa Mu\u00f1ecas Malet\u00edn Playmobil 70985 - Tomaso Store","robots":{"index":"index","follow":"follow","max-snippet":"max-snippet:-1","max-image-preview":"max-image-preview:large","max-video-preview":"max-video-preview:-1"},"canonical":"https:\/\/tomasostore.com.ar\/tienda\/producto\/casa-munecas-maletin-playmobil-70985\/","og_locale":"es_ES","og_type":"article","og_title":"Casa Mu\u00f1ecas Malet\u00edn Playmobil 70985 - Tomaso Store","og_description":"Equipada con cocina, sal\u00f3n, ba\u00f1o y habitaci\u00f3n para padres y beb\u00e9. Desde por la ma\u00f1ana hasta la noche, la familia PLAYMOBIL vive emocionantes aventuras en la gran casa de mu\u00f1ecas para llevar. Ya sea cocinando en la cocina, chapoteando en el ba\u00f1o o viendo la televisi\u00f3n en el sal\u00f3n, el tiempo nunca se detiene en [&hellip;]","og_url":"https:\/\/tomasostore.com.ar\/tienda\/producto\/casa-munecas-maletin-playmobil-70985\/","og_site_name":"Tomaso Store","article_modified_time":"2025-07-29T15:15:14+00:00","og_image":[{"width":1024,"height":1024,"url":"https:\/\/tomasostore.com.ar\/tienda\/wp-content\/uploads\/2025\/07\/diseno-sin-titulo-32-8d983a1081a7f4817b17040337587332-1024-1024.png","type":"image\/png"}],"twitter_card":"summary_large_image","schema":{"@context":"https:\/\/schema.org","@graph":[{"@type":"WebPage","@id":"https:\/\/tomasostore.com.ar\/tienda\/producto\/casa-munecas-maletin-playmobil-70985\/","url":"https:\/\/tomasostore.com.ar\/tienda\/producto\/casa-munecas-maletin-playmobil-70985\/","name":"Casa Mu\u00f1ecas Malet\u00edn Playmobil 70985 - Tomaso Store","isPartOf":{"@id":"https:\/\/tomasostore.com.ar\/tienda\/#website"},"primaryImageOfPage":{"@id":"https:\/\/tomasostore.com.ar\/tienda\/producto\/casa-munecas-maletin-playmobil-70985\/#primaryimage"},"image":{"@id":"https:\/\/tomasostore.com.ar\/tienda\/producto\/casa-munecas-maletin-playmobil-70985\/#primaryimage"},"thumbnailUrl":"https:\/\/tomasostore.com.ar\/tienda\/wp-content\/uploads\/2025\/07\/diseno-sin-titulo-32-8d983a1081a7f4817b17040337587332-1024-1024.png","datePublished":"2025-07-19T13:42:09+00:00","dateModified":"2025-07-29T15:15:14+00:00","breadcrumb":{"@id":"https:\/\/tomasostore.com.ar\/tienda\/producto\/casa-munecas-maletin-playmobil-70985\/#breadcrumb"},"inLanguage":"es","potentialAction":[{"@type":"ReadAction","target":["https:\/\/tomasostore.com.ar\/tienda\/producto\/casa-munecas-maletin-playmobil-70985\/"]}]},{"@type":"ImageObject","inLanguage":"es","@id":"https:\/\/tomasostore.com.ar\/tienda\/producto\/casa-munecas-maletin-playmobil-70985\/#primaryimage","url":"https:\/\/tomasostore.com.ar\/tienda\/wp-content\/uploads\/2025\/07\/diseno-sin-titulo-32-8d983a1081a7f4817b17040337587332-1024-1024.png","contentUrl":"https:\/\/tomasostore.com.ar\/tienda\/wp-content\/uploads\/2025\/07\/diseno-sin-titulo-32-8d983a1081a7f4817b17040337587332-1024-1024.png","width":1024,"height":1024},{"@type":"BreadcrumbList","@id":"https:\/\/tomasostore.com.ar\/tienda\/producto\/casa-munecas-maletin-playmobil-70985\/#breadcrumb","itemListElement":[{"@type":"ListItem","position":1,"name":"Portada","item":"https:\/\/tomasostore.com.ar\/tienda\/"},{"@type":"ListItem","position":2,"name":"Tienda","item":"https:\/\/tomasostore.com.ar\/tienda\/tienda\/"},{"@type":"ListItem","position":3,"name":"Casa Mu\u00f1ecas Malet\u00edn Playmobil 70985"}]},{"@type":"WebSite","@id":"https:\/\/tomasostore.com.ar\/tienda\/#website","url":"https:\/\/tomasostore.com.ar\/tienda\/","name":"Tomaso Store","description":"Compr\u00e1s online, recib\u00eds en mano. Desde Hernando, llevando confianza a tu casa. Productos con garant\u00eda.","potentialAction":[{"@type":"SearchAction","target":{"@type":"EntryPoint","urlTemplate":"https:\/\/tomasostore.com.ar\/tienda\/?s={search_term_string}"},"query-input":{"@type":"PropertyValueSpecification","valueRequired":true,"valueName":"search_term_string"}}],"inLanguage":"es"}]}},"_links":{"self":[{"href":"https:\/\/tomasostore.com.ar\/tienda\/wp-json\/wp\/v2\/product\/542","targetHints":{"allow":["GET"]}}],"collection":[{"href":"https:\/\/tomasostore.com.ar\/tienda\/wp-json\/wp\/v2\/product"}],"about":[{"href":"https:\/\/tomasostore.com.ar\/tienda\/wp-json\/wp\/v2\/types\/product"}],"replies":[{"embeddable":true,"href":"https:\/\/tomasostore.com.ar\/tienda\/wp-json\/wp\/v2\/comments?post=542"}],"version-history":[{"count":2,"href":"https:\/\/tomasostore.com.ar\/tienda\/wp-json\/wp\/v2\/product\/542\/revisions"}],"predecessor-version":[{"id":32579,"href":"https:\/\/tomasostore.com.ar\/tienda\/wp-json\/wp\/v2\/product\/542\/revisions\/32579"}],"wp:featuredmedia":[{"embeddable":true,"href":"https:\/\/tomasostore.com.ar\/tienda\/wp-json\/wp\/v2\/media\/24051"}],"wp:attachment":[{"href":"https:\/\/tomasostore.com.ar\/tienda\/wp-json\/wp\/v2\/media?parent=542"}],"wp:term":[{"taxonomy":"product_brand","embeddable":true,"href":"https:\/\/tomasostore.com.ar\/tienda\/wp-json\/wp\/v2\/product_brand?post=542"},{"taxonomy":"product_cat","embeddable":true,"href":"https:\/\/tomasostore.com.ar\/tienda\/wp-json\/wp\/v2\/product_cat?post=542"},{"taxonomy":"product_tag","embeddable":true,"href":"https:\/\/tomasostore.com.ar\/tienda\/wp-json\/wp\/v2\/product_tag?post=542"}],"curies":[{"name":"wp","href":"https:\/\/api.w.org\/{rel}","templated":true}]}}