{"id":491,"date":"2025-07-19T11:04:44","date_gmt":"2025-07-19T14:04:44","guid":{"rendered":"https:\/\/tomasostore.com.ar\/tienda\/?post_type=product&#038;p=491"},"modified":"2025-07-29T12:17:57","modified_gmt":"2025-07-29T15:17:57","slug":"lego-friends-habitacion-de-leo-41754","status":"publish","type":"product","link":"https:\/\/tomasostore.com.ar\/tienda\/producto\/lego-friends-habitacion-de-leo-41754\/","title":{"rendered":"Lego Friends Habitaci\u00f3n De Leo 41754"},"content":{"rendered":"<p>Lego Friends Habitaci\u00f3n de Leo 41754 Set Habitaci\u00f3n de Leo para ni\u00f1os a partir de 6 a\u00f1os: Los peques se lo pasar\u00e1n genial inventando creativas historias durante horas con este set (41754) del dormitorio de Leo en Playa Armon\u00eda Contiene 2 minipersonajes: El set de juguetes incluye minipersonajes de LEGO\u00ae Friends Leo y Olly; cuenta tambi\u00e9n con el personaje del gato Churro Detalles playeros: La casa de Leo se encuentra junto a Playa Armon\u00eda, en Heartlake City, as\u00ed que su habitaci\u00f3n est\u00e1 decorada con un mont\u00f3n de accesorios deinspiraci\u00f3n playera por explorar Edad recomendada: +6 203 piezas *Los precios de \u00e9ste sitio web son exclusivos para compras online, y no necesariamente coinciden con los precios en el local. LAS FOTOS E IM\u00c1GENES SON A MODO ILUSTRATIVO INTENTANDO REFLEJAR LO M\u00c1S REAL POSIBLE SUS CARACTER\u00cdSTICAS Y PUEDEN VARIAR SEG\u00daN DECISI\u00d3N DEL FABRICANTE. DADA LA DIVERSIDAD DE PANTALLAS NO PODEMOS GARANTIZARLE QUE EN TODAS VEA LOS MISMOS COLORES.<\/p>\n","protected":false},"excerpt":{"rendered":"<p>Lego Friends Habitaci\u00f3n de Leo 41754 Set Habitaci\u00f3n de Leo para ni\u00f1os a partir de 6 a\u00f1os: Los peques se lo pasar\u00e1n genial inventando creativas historias durante horas con este set (41754) del dormitorio de Leo en Playa Armon\u00eda Contiene 2 minipersonajes: El set de juguetes incluye minipersonajes de LEGO\u00ae Friends Leo y Olly; cuenta [&hellip;]<\/p>\n","protected":false},"featured_media":25973,"comment_status":"open","ping_status":"closed","template":"","meta":[],"product_brand":[397],"product_cat":[650],"product_tag":[651],"class_list":{"0":"post-491","1":"product","2":"type-product","3":"status-publish","4":"has-post-thumbnail","6":"product_brand-exem-trading","7":"product_cat-juegos-y-juguetes-ladrillos-y-bloques","8":"product_tag-juegos-y-juguetes-ladrillos-y-bloques","10":"first","11":"instock","12":"shipping-taxable","13":"purchasable","14":"product-type-simple"},"yoast_head":"<!-- This site is optimized with the Yoast SEO plugin v27.4 - https:\/\/yoast.com\/product\/yoast-seo-wordpress\/ -->\n<title>Lego Friends Habitaci\u00f3n De Leo 41754 - Tomaso Store<\/title>\n<meta name=\"robots\" content=\"index, follow, max-snippet:-1, max-image-preview:large, max-video-preview:-1\" \/>\n<link rel=\"canonical\" href=\"https:\/\/tomasostore.com.ar\/tienda\/producto\/lego-friends-habitacion-de-leo-41754\/\" \/>\n<meta property=\"og:locale\" content=\"es_ES\" \/>\n<meta property=\"og:type\" content=\"article\" \/>\n<meta property=\"og:title\" content=\"Lego Friends Habitaci\u00f3n De Leo 41754 - Tomaso Store\" \/>\n<meta property=\"og:description\" content=\"Lego Friends Habitaci\u00f3n de Leo 41754 Set Habitaci\u00f3n de Leo para ni\u00f1os a partir de 6 a\u00f1os: Los peques se lo pasar\u00e1n genial inventando creativas historias durante horas con este set (41754) del dormitorio de Leo en Playa Armon\u00eda Contiene 2 minipersonajes: El set de juguetes incluye minipersonajes de LEGO\u00ae Friends Leo y Olly; cuenta [&hellip;]\" \/>\n<meta property=\"og:url\" content=\"https:\/\/tomasostore.com.ar\/tienda\/producto\/lego-friends-habitacion-de-leo-41754\/\" \/>\n<meta property=\"og:site_name\" content=\"Tomaso Store\" \/>\n<meta property=\"article:modified_time\" content=\"2025-07-29T15:17:57+00:00\" \/>\n<meta name=\"twitter:card\" content=\"summary_large_image\" \/>\n<meta name=\"twitter:label1\" content=\"Tiempo de lectura\" \/>\n\t<meta name=\"twitter:data1\" content=\"1 minuto\" \/>\n<script type=\"application\/ld+json\" class=\"yoast-schema-graph\">{\"@context\":\"https:\\\/\\\/schema.org\",\"@graph\":[{\"@type\":\"WebPage\",\"@id\":\"https:\\\/\\\/tomasostore.com.ar\\\/tienda\\\/producto\\\/lego-friends-habitacion-de-leo-41754\\\/\",\"url\":\"https:\\\/\\\/tomasostore.com.ar\\\/tienda\\\/producto\\\/lego-friends-habitacion-de-leo-41754\\\/\",\"name\":\"Lego Friends Habitaci\u00f3n De Leo 41754 - Tomaso Store\",\"isPartOf\":{\"@id\":\"https:\\\/\\\/tomasostore.com.ar\\\/tienda\\\/#website\"},\"primaryImageOfPage\":{\"@id\":\"https:\\\/\\\/tomasostore.com.ar\\\/tienda\\\/producto\\\/lego-friends-habitacion-de-leo-41754\\\/#primaryimage\"},\"image\":{\"@id\":\"https:\\\/\\\/tomasostore.com.ar\\\/tienda\\\/producto\\\/lego-friends-habitacion-de-leo-41754\\\/#primaryimage\"},\"thumbnailUrl\":\"https:\\\/\\\/tomasostore.com.ar\\\/tienda\\\/wp-content\\\/uploads\\\/2025\\\/07\\\/diseno-sin-titulo-2024-01-03t115318-866-b58434966c8933596b17042936918485-1024-1024.png\",\"datePublished\":\"2025-07-19T14:04:44+00:00\",\"dateModified\":\"2025-07-29T15:17:57+00:00\",\"breadcrumb\":{\"@id\":\"https:\\\/\\\/tomasostore.com.ar\\\/tienda\\\/producto\\\/lego-friends-habitacion-de-leo-41754\\\/#breadcrumb\"},\"inLanguage\":\"es\",\"potentialAction\":[{\"@type\":\"ReadAction\",\"target\":[\"https:\\\/\\\/tomasostore.com.ar\\\/tienda\\\/producto\\\/lego-friends-habitacion-de-leo-41754\\\/\"]}]},{\"@type\":\"ImageObject\",\"inLanguage\":\"es\",\"@id\":\"https:\\\/\\\/tomasostore.com.ar\\\/tienda\\\/producto\\\/lego-friends-habitacion-de-leo-41754\\\/#primaryimage\",\"url\":\"https:\\\/\\\/tomasostore.com.ar\\\/tienda\\\/wp-content\\\/uploads\\\/2025\\\/07\\\/diseno-sin-titulo-2024-01-03t115318-866-b58434966c8933596b17042936918485-1024-1024.png\",\"contentUrl\":\"https:\\\/\\\/tomasostore.com.ar\\\/tienda\\\/wp-content\\\/uploads\\\/2025\\\/07\\\/diseno-sin-titulo-2024-01-03t115318-866-b58434966c8933596b17042936918485-1024-1024.png\",\"width\":1024,\"height\":1024},{\"@type\":\"BreadcrumbList\",\"@id\":\"https:\\\/\\\/tomasostore.com.ar\\\/tienda\\\/producto\\\/lego-friends-habitacion-de-leo-41754\\\/#breadcrumb\",\"itemListElement\":[{\"@type\":\"ListItem\",\"position\":1,\"name\":\"Portada\",\"item\":\"https:\\\/\\\/tomasostore.com.ar\\\/tienda\\\/\"},{\"@type\":\"ListItem\",\"position\":2,\"name\":\"Tienda\",\"item\":\"https:\\\/\\\/tomasostore.com.ar\\\/tienda\\\/tienda\\\/\"},{\"@type\":\"ListItem\",\"position\":3,\"name\":\"Lego Friends Habitaci\u00f3n De Leo 41754\"}]},{\"@type\":\"WebSite\",\"@id\":\"https:\\\/\\\/tomasostore.com.ar\\\/tienda\\\/#website\",\"url\":\"https:\\\/\\\/tomasostore.com.ar\\\/tienda\\\/\",\"name\":\"Tomaso Store\",\"description\":\"Compr\u00e1s online, recib\u00eds en mano. Desde Hernando, llevando confianza a tu casa. Productos con garant\u00eda.\",\"potentialAction\":[{\"@type\":\"SearchAction\",\"target\":{\"@type\":\"EntryPoint\",\"urlTemplate\":\"https:\\\/\\\/tomasostore.com.ar\\\/tienda\\\/?s={search_term_string}\"},\"query-input\":{\"@type\":\"PropertyValueSpecification\",\"valueRequired\":true,\"valueName\":\"search_term_string\"}}],\"inLanguage\":\"es\"}]}<\/script>\n<!-- \/ Yoast SEO plugin. -->","yoast_head_json":{"title":"Lego Friends Habitaci\u00f3n De Leo 41754 - Tomaso Store","robots":{"index":"index","follow":"follow","max-snippet":"max-snippet:-1","max-image-preview":"max-image-preview:large","max-video-preview":"max-video-preview:-1"},"canonical":"https:\/\/tomasostore.com.ar\/tienda\/producto\/lego-friends-habitacion-de-leo-41754\/","og_locale":"es_ES","og_type":"article","og_title":"Lego Friends Habitaci\u00f3n De Leo 41754 - Tomaso Store","og_description":"Lego Friends Habitaci\u00f3n de Leo 41754 Set Habitaci\u00f3n de Leo para ni\u00f1os a partir de 6 a\u00f1os: Los peques se lo pasar\u00e1n genial inventando creativas historias durante horas con este set (41754) del dormitorio de Leo en Playa Armon\u00eda Contiene 2 minipersonajes: El set de juguetes incluye minipersonajes de LEGO\u00ae Friends Leo y Olly; cuenta [&hellip;]","og_url":"https:\/\/tomasostore.com.ar\/tienda\/producto\/lego-friends-habitacion-de-leo-41754\/","og_site_name":"Tomaso Store","article_modified_time":"2025-07-29T15:17:57+00:00","twitter_card":"summary_large_image","twitter_misc":{"Tiempo de lectura":"1 minuto"},"schema":{"@context":"https:\/\/schema.org","@graph":[{"@type":"WebPage","@id":"https:\/\/tomasostore.com.ar\/tienda\/producto\/lego-friends-habitacion-de-leo-41754\/","url":"https:\/\/tomasostore.com.ar\/tienda\/producto\/lego-friends-habitacion-de-leo-41754\/","name":"Lego Friends Habitaci\u00f3n De Leo 41754 - Tomaso Store","isPartOf":{"@id":"https:\/\/tomasostore.com.ar\/tienda\/#website"},"primaryImageOfPage":{"@id":"https:\/\/tomasostore.com.ar\/tienda\/producto\/lego-friends-habitacion-de-leo-41754\/#primaryimage"},"image":{"@id":"https:\/\/tomasostore.com.ar\/tienda\/producto\/lego-friends-habitacion-de-leo-41754\/#primaryimage"},"thumbnailUrl":"https:\/\/tomasostore.com.ar\/tienda\/wp-content\/uploads\/2025\/07\/diseno-sin-titulo-2024-01-03t115318-866-b58434966c8933596b17042936918485-1024-1024.png","datePublished":"2025-07-19T14:04:44+00:00","dateModified":"2025-07-29T15:17:57+00:00","breadcrumb":{"@id":"https:\/\/tomasostore.com.ar\/tienda\/producto\/lego-friends-habitacion-de-leo-41754\/#breadcrumb"},"inLanguage":"es","potentialAction":[{"@type":"ReadAction","target":["https:\/\/tomasostore.com.ar\/tienda\/producto\/lego-friends-habitacion-de-leo-41754\/"]}]},{"@type":"ImageObject","inLanguage":"es","@id":"https:\/\/tomasostore.com.ar\/tienda\/producto\/lego-friends-habitacion-de-leo-41754\/#primaryimage","url":"https:\/\/tomasostore.com.ar\/tienda\/wp-content\/uploads\/2025\/07\/diseno-sin-titulo-2024-01-03t115318-866-b58434966c8933596b17042936918485-1024-1024.png","contentUrl":"https:\/\/tomasostore.com.ar\/tienda\/wp-content\/uploads\/2025\/07\/diseno-sin-titulo-2024-01-03t115318-866-b58434966c8933596b17042936918485-1024-1024.png","width":1024,"height":1024},{"@type":"BreadcrumbList","@id":"https:\/\/tomasostore.com.ar\/tienda\/producto\/lego-friends-habitacion-de-leo-41754\/#breadcrumb","itemListElement":[{"@type":"ListItem","position":1,"name":"Portada","item":"https:\/\/tomasostore.com.ar\/tienda\/"},{"@type":"ListItem","position":2,"name":"Tienda","item":"https:\/\/tomasostore.com.ar\/tienda\/tienda\/"},{"@type":"ListItem","position":3,"name":"Lego Friends Habitaci\u00f3n De Leo 41754"}]},{"@type":"WebSite","@id":"https:\/\/tomasostore.com.ar\/tienda\/#website","url":"https:\/\/tomasostore.com.ar\/tienda\/","name":"Tomaso Store","description":"Compr\u00e1s online, recib\u00eds en mano. Desde Hernando, llevando confianza a tu casa. Productos con garant\u00eda.","potentialAction":[{"@type":"SearchAction","target":{"@type":"EntryPoint","urlTemplate":"https:\/\/tomasostore.com.ar\/tienda\/?s={search_term_string}"},"query-input":{"@type":"PropertyValueSpecification","valueRequired":true,"valueName":"search_term_string"}}],"inLanguage":"es"}]}},"_links":{"self":[{"href":"https:\/\/tomasostore.com.ar\/tienda\/wp-json\/wp\/v2\/product\/491","targetHints":{"allow":["GET"]}}],"collection":[{"href":"https:\/\/tomasostore.com.ar\/tienda\/wp-json\/wp\/v2\/product"}],"about":[{"href":"https:\/\/tomasostore.com.ar\/tienda\/wp-json\/wp\/v2\/types\/product"}],"replies":[{"embeddable":true,"href":"https:\/\/tomasostore.com.ar\/tienda\/wp-json\/wp\/v2\/comments?post=491"}],"version-history":[{"count":1,"href":"https:\/\/tomasostore.com.ar\/tienda\/wp-json\/wp\/v2\/product\/491\/revisions"}],"predecessor-version":[{"id":25974,"href":"https:\/\/tomasostore.com.ar\/tienda\/wp-json\/wp\/v2\/product\/491\/revisions\/25974"}],"wp:featuredmedia":[{"embeddable":true,"href":"https:\/\/tomasostore.com.ar\/tienda\/wp-json\/wp\/v2\/media\/25973"}],"wp:attachment":[{"href":"https:\/\/tomasostore.com.ar\/tienda\/wp-json\/wp\/v2\/media?parent=491"}],"wp:term":[{"taxonomy":"product_brand","embeddable":true,"href":"https:\/\/tomasostore.com.ar\/tienda\/wp-json\/wp\/v2\/product_brand?post=491"},{"taxonomy":"product_cat","embeddable":true,"href":"https:\/\/tomasostore.com.ar\/tienda\/wp-json\/wp\/v2\/product_cat?post=491"},{"taxonomy":"product_tag","embeddable":true,"href":"https:\/\/tomasostore.com.ar\/tienda\/wp-json\/wp\/v2\/product_tag?post=491"}],"curies":[{"name":"wp","href":"https:\/\/api.w.org\/{rel}","templated":true}]}}