{"id":4315,"date":"2025-07-19T11:42:03","date_gmt":"2025-07-19T14:42:03","guid":{"rendered":"https:\/\/tomasostore.com.ar\/tienda\/?post_type=product&#038;p=4315"},"modified":"2025-07-29T12:46:47","modified_gmt":"2025-07-29T15:46:47","slug":"juego-de-te-en-balde-duravit-501","status":"publish","type":"product","link":"https:\/\/tomasostore.com.ar\/tienda\/producto\/juego-de-te-en-balde-duravit-501\/","title":{"rendered":"Juego De T\u00e9 En Balde Duravit 501"},"content":{"rendered":"<p>Juego de t\u00e9 en balde Contenido (25 piezas) &#8211; 1 jarro con tapa &#8211; 1 azucarera con tapa &#8211; 1 jarro para la leche &#8211; 4 platitos &#8211; 4 tacitas &#8211; 4 cucharitas &#8211; 4 cuchillos &#8211; 4 tenedores 1 Balde con tapa Medida del balde: 13Cm de alto x 17Cm de ancho x 17Cm de largo aprox *Los precios de \u00e9ste sitio web son exclusivos para compras online, y no necesariamente coinciden con los precios en el local. LAS FOTOS E IM\u00c1GENES SON A MODO ILUSTRATIVO INTENTANDO REFLEJAR LO M\u00c1S REAL POSIBLE SUS CARACTER\u00cdSTICAS Y PUEDEN VARIAR SEG\u00daN DECISI\u00d3N DEL FABRICANTE. DADA LA DIVERSIDAD DE PANTALLAS NO PODEMOS GARANTIZARLE QUE EN TODAS VEA LOS MISMOS COLORES.<\/p>\n","protected":false},"excerpt":{"rendered":"<p>Juego de t\u00e9 en balde Contenido (25 piezas) &#8211; 1 jarro con tapa &#8211; 1 azucarera con tapa &#8211; 1 jarro para la leche &#8211; 4 platitos &#8211; 4 tacitas &#8211; 4 cucharitas &#8211; 4 cuchillos &#8211; 4 tenedores 1 Balde con tapa Medida del balde: 13Cm de alto x 17Cm de ancho x 17Cm [&hellip;]<\/p>\n","protected":false},"featured_media":29018,"comment_status":"open","ping_status":"closed","template":"","meta":[],"product_brand":[172],"product_cat":[658],"product_tag":[659,466],"class_list":{"0":"post-4315","1":"product","2":"type-product","3":"status-publish","4":"has-post-thumbnail","6":"product_brand-duravit","7":"product_cat-oficios-profesiones-y-herramientas","8":"product_tag-oficios-profesiones-y-herramientas","9":"product_tag-regalitos","11":"first","12":"instock","13":"sale","14":"shipping-taxable","15":"purchasable","16":"product-type-simple"},"yoast_head":"<!-- This site is optimized with the Yoast SEO plugin v27.5 - https:\/\/yoast.com\/product\/yoast-seo-wordpress\/ -->\n<title>Juego De T\u00e9 En Balde Duravit 501 - Tomaso Store<\/title>\n<meta name=\"robots\" content=\"index, follow, max-snippet:-1, max-image-preview:large, max-video-preview:-1\" \/>\n<link rel=\"canonical\" href=\"https:\/\/tomasostore.com.ar\/tienda\/producto\/juego-de-te-en-balde-duravit-501\/\" \/>\n<meta property=\"og:locale\" content=\"es_ES\" \/>\n<meta property=\"og:type\" content=\"article\" \/>\n<meta property=\"og:title\" content=\"Juego De T\u00e9 En Balde Duravit 501 - Tomaso Store\" \/>\n<meta property=\"og:description\" content=\"Juego de t\u00e9 en balde Contenido (25 piezas) &#8211; 1 jarro con tapa &#8211; 1 azucarera con tapa &#8211; 1 jarro para la leche &#8211; 4 platitos &#8211; 4 tacitas &#8211; 4 cucharitas &#8211; 4 cuchillos &#8211; 4 tenedores 1 Balde con tapa Medida del balde: 13Cm de alto x 17Cm de ancho x 17Cm [&hellip;]\" \/>\n<meta property=\"og:url\" content=\"https:\/\/tomasostore.com.ar\/tienda\/producto\/juego-de-te-en-balde-duravit-501\/\" \/>\n<meta property=\"og:site_name\" content=\"Tomaso Store\" \/>\n<meta property=\"article:modified_time\" content=\"2025-07-29T15:46:47+00:00\" \/>\n<meta name=\"twitter:card\" content=\"summary_large_image\" \/>\n<meta name=\"twitter:label1\" content=\"Tiempo de lectura\" \/>\n\t<meta name=\"twitter:data1\" content=\"1 minuto\" \/>\n<script type=\"application\/ld+json\" class=\"yoast-schema-graph\">{\"@context\":\"https:\\\/\\\/schema.org\",\"@graph\":[{\"@type\":\"WebPage\",\"@id\":\"https:\\\/\\\/tomasostore.com.ar\\\/tienda\\\/producto\\\/juego-de-te-en-balde-duravit-501\\\/\",\"url\":\"https:\\\/\\\/tomasostore.com.ar\\\/tienda\\\/producto\\\/juego-de-te-en-balde-duravit-501\\\/\",\"name\":\"Juego De T\u00e9 En Balde Duravit 501 - Tomaso Store\",\"isPartOf\":{\"@id\":\"https:\\\/\\\/tomasostore.com.ar\\\/tienda\\\/#website\"},\"primaryImageOfPage\":{\"@id\":\"https:\\\/\\\/tomasostore.com.ar\\\/tienda\\\/producto\\\/juego-de-te-en-balde-duravit-501\\\/#primaryimage\"},\"image\":{\"@id\":\"https:\\\/\\\/tomasostore.com.ar\\\/tienda\\\/producto\\\/juego-de-te-en-balde-duravit-501\\\/#primaryimage\"},\"thumbnailUrl\":\"https:\\\/\\\/tomasostore.com.ar\\\/tienda\\\/wp-content\\\/uploads\\\/2025\\\/07\\\/d_nq_np_2x_667209-mla31061626076_062019-f1-3e9833283fbe67449016392599063393-1024-1024.jpg\",\"datePublished\":\"2025-07-19T14:42:03+00:00\",\"dateModified\":\"2025-07-29T15:46:47+00:00\",\"breadcrumb\":{\"@id\":\"https:\\\/\\\/tomasostore.com.ar\\\/tienda\\\/producto\\\/juego-de-te-en-balde-duravit-501\\\/#breadcrumb\"},\"inLanguage\":\"es\",\"potentialAction\":[{\"@type\":\"ReadAction\",\"target\":[\"https:\\\/\\\/tomasostore.com.ar\\\/tienda\\\/producto\\\/juego-de-te-en-balde-duravit-501\\\/\"]}]},{\"@type\":\"ImageObject\",\"inLanguage\":\"es\",\"@id\":\"https:\\\/\\\/tomasostore.com.ar\\\/tienda\\\/producto\\\/juego-de-te-en-balde-duravit-501\\\/#primaryimage\",\"url\":\"https:\\\/\\\/tomasostore.com.ar\\\/tienda\\\/wp-content\\\/uploads\\\/2025\\\/07\\\/d_nq_np_2x_667209-mla31061626076_062019-f1-3e9833283fbe67449016392599063393-1024-1024.jpg\",\"contentUrl\":\"https:\\\/\\\/tomasostore.com.ar\\\/tienda\\\/wp-content\\\/uploads\\\/2025\\\/07\\\/d_nq_np_2x_667209-mla31061626076_062019-f1-3e9833283fbe67449016392599063393-1024-1024.jpg\",\"width\":300,\"height\":458},{\"@type\":\"BreadcrumbList\",\"@id\":\"https:\\\/\\\/tomasostore.com.ar\\\/tienda\\\/producto\\\/juego-de-te-en-balde-duravit-501\\\/#breadcrumb\",\"itemListElement\":[{\"@type\":\"ListItem\",\"position\":1,\"name\":\"Portada\",\"item\":\"https:\\\/\\\/tomasostore.com.ar\\\/tienda\\\/\"},{\"@type\":\"ListItem\",\"position\":2,\"name\":\"Tienda\",\"item\":\"https:\\\/\\\/tomasostore.com.ar\\\/tienda\\\/tienda\\\/\"},{\"@type\":\"ListItem\",\"position\":3,\"name\":\"Juego De T\u00e9 En Balde Duravit 501\"}]},{\"@type\":\"WebSite\",\"@id\":\"https:\\\/\\\/tomasostore.com.ar\\\/tienda\\\/#website\",\"url\":\"https:\\\/\\\/tomasostore.com.ar\\\/tienda\\\/\",\"name\":\"Tomaso Store\",\"description\":\"Compr\u00e1s online, recib\u00eds en mano. Desde Hernando, llevando confianza a tu casa. Productos con garant\u00eda.\",\"potentialAction\":[{\"@type\":\"SearchAction\",\"target\":{\"@type\":\"EntryPoint\",\"urlTemplate\":\"https:\\\/\\\/tomasostore.com.ar\\\/tienda\\\/?s={search_term_string}\"},\"query-input\":{\"@type\":\"PropertyValueSpecification\",\"valueRequired\":true,\"valueName\":\"search_term_string\"}}],\"inLanguage\":\"es\"}]}<\/script>\n<!-- \/ Yoast SEO plugin. -->","yoast_head_json":{"title":"Juego De T\u00e9 En Balde Duravit 501 - Tomaso Store","robots":{"index":"index","follow":"follow","max-snippet":"max-snippet:-1","max-image-preview":"max-image-preview:large","max-video-preview":"max-video-preview:-1"},"canonical":"https:\/\/tomasostore.com.ar\/tienda\/producto\/juego-de-te-en-balde-duravit-501\/","og_locale":"es_ES","og_type":"article","og_title":"Juego De T\u00e9 En Balde Duravit 501 - Tomaso Store","og_description":"Juego de t\u00e9 en balde Contenido (25 piezas) &#8211; 1 jarro con tapa &#8211; 1 azucarera con tapa &#8211; 1 jarro para la leche &#8211; 4 platitos &#8211; 4 tacitas &#8211; 4 cucharitas &#8211; 4 cuchillos &#8211; 4 tenedores 1 Balde con tapa Medida del balde: 13Cm de alto x 17Cm de ancho x 17Cm [&hellip;]","og_url":"https:\/\/tomasostore.com.ar\/tienda\/producto\/juego-de-te-en-balde-duravit-501\/","og_site_name":"Tomaso Store","article_modified_time":"2025-07-29T15:46:47+00:00","twitter_card":"summary_large_image","twitter_misc":{"Tiempo de lectura":"1 minuto"},"schema":{"@context":"https:\/\/schema.org","@graph":[{"@type":"WebPage","@id":"https:\/\/tomasostore.com.ar\/tienda\/producto\/juego-de-te-en-balde-duravit-501\/","url":"https:\/\/tomasostore.com.ar\/tienda\/producto\/juego-de-te-en-balde-duravit-501\/","name":"Juego De T\u00e9 En Balde Duravit 501 - Tomaso Store","isPartOf":{"@id":"https:\/\/tomasostore.com.ar\/tienda\/#website"},"primaryImageOfPage":{"@id":"https:\/\/tomasostore.com.ar\/tienda\/producto\/juego-de-te-en-balde-duravit-501\/#primaryimage"},"image":{"@id":"https:\/\/tomasostore.com.ar\/tienda\/producto\/juego-de-te-en-balde-duravit-501\/#primaryimage"},"thumbnailUrl":"https:\/\/tomasostore.com.ar\/tienda\/wp-content\/uploads\/2025\/07\/d_nq_np_2x_667209-mla31061626076_062019-f1-3e9833283fbe67449016392599063393-1024-1024.jpg","datePublished":"2025-07-19T14:42:03+00:00","dateModified":"2025-07-29T15:46:47+00:00","breadcrumb":{"@id":"https:\/\/tomasostore.com.ar\/tienda\/producto\/juego-de-te-en-balde-duravit-501\/#breadcrumb"},"inLanguage":"es","potentialAction":[{"@type":"ReadAction","target":["https:\/\/tomasostore.com.ar\/tienda\/producto\/juego-de-te-en-balde-duravit-501\/"]}]},{"@type":"ImageObject","inLanguage":"es","@id":"https:\/\/tomasostore.com.ar\/tienda\/producto\/juego-de-te-en-balde-duravit-501\/#primaryimage","url":"https:\/\/tomasostore.com.ar\/tienda\/wp-content\/uploads\/2025\/07\/d_nq_np_2x_667209-mla31061626076_062019-f1-3e9833283fbe67449016392599063393-1024-1024.jpg","contentUrl":"https:\/\/tomasostore.com.ar\/tienda\/wp-content\/uploads\/2025\/07\/d_nq_np_2x_667209-mla31061626076_062019-f1-3e9833283fbe67449016392599063393-1024-1024.jpg","width":300,"height":458},{"@type":"BreadcrumbList","@id":"https:\/\/tomasostore.com.ar\/tienda\/producto\/juego-de-te-en-balde-duravit-501\/#breadcrumb","itemListElement":[{"@type":"ListItem","position":1,"name":"Portada","item":"https:\/\/tomasostore.com.ar\/tienda\/"},{"@type":"ListItem","position":2,"name":"Tienda","item":"https:\/\/tomasostore.com.ar\/tienda\/tienda\/"},{"@type":"ListItem","position":3,"name":"Juego De T\u00e9 En Balde Duravit 501"}]},{"@type":"WebSite","@id":"https:\/\/tomasostore.com.ar\/tienda\/#website","url":"https:\/\/tomasostore.com.ar\/tienda\/","name":"Tomaso Store","description":"Compr\u00e1s online, recib\u00eds en mano. Desde Hernando, llevando confianza a tu casa. Productos con garant\u00eda.","potentialAction":[{"@type":"SearchAction","target":{"@type":"EntryPoint","urlTemplate":"https:\/\/tomasostore.com.ar\/tienda\/?s={search_term_string}"},"query-input":{"@type":"PropertyValueSpecification","valueRequired":true,"valueName":"search_term_string"}}],"inLanguage":"es"}]}},"_links":{"self":[{"href":"https:\/\/tomasostore.com.ar\/tienda\/wp-json\/wp\/v2\/product\/4315","targetHints":{"allow":["GET"]}}],"collection":[{"href":"https:\/\/tomasostore.com.ar\/tienda\/wp-json\/wp\/v2\/product"}],"about":[{"href":"https:\/\/tomasostore.com.ar\/tienda\/wp-json\/wp\/v2\/types\/product"}],"replies":[{"embeddable":true,"href":"https:\/\/tomasostore.com.ar\/tienda\/wp-json\/wp\/v2\/comments?post=4315"}],"version-history":[{"count":1,"href":"https:\/\/tomasostore.com.ar\/tienda\/wp-json\/wp\/v2\/product\/4315\/revisions"}],"predecessor-version":[{"id":29019,"href":"https:\/\/tomasostore.com.ar\/tienda\/wp-json\/wp\/v2\/product\/4315\/revisions\/29019"}],"wp:featuredmedia":[{"embeddable":true,"href":"https:\/\/tomasostore.com.ar\/tienda\/wp-json\/wp\/v2\/media\/29018"}],"wp:attachment":[{"href":"https:\/\/tomasostore.com.ar\/tienda\/wp-json\/wp\/v2\/media?parent=4315"}],"wp:term":[{"taxonomy":"product_brand","embeddable":true,"href":"https:\/\/tomasostore.com.ar\/tienda\/wp-json\/wp\/v2\/product_brand?post=4315"},{"taxonomy":"product_cat","embeddable":true,"href":"https:\/\/tomasostore.com.ar\/tienda\/wp-json\/wp\/v2\/product_cat?post=4315"},{"taxonomy":"product_tag","embeddable":true,"href":"https:\/\/tomasostore.com.ar\/tienda\/wp-json\/wp\/v2\/product_tag?post=4315"}],"curies":[{"name":"wp","href":"https:\/\/api.w.org\/{rel}","templated":true}]}}