{"id":405,"date":"2025-07-19T11:45:31","date_gmt":"2025-07-19T14:45:31","guid":{"rendered":"https:\/\/tomasostore.com.ar\/tienda\/?post_type=product&#038;p=405"},"modified":"2025-07-29T12:22:46","modified_gmt":"2025-07-29T15:22:46","slug":"auto-control-remoto-116-luxury-fema-2021895","status":"publish","type":"product","link":"https:\/\/tomasostore.com.ar\/tienda\/producto\/auto-control-remoto-116-luxury-fema-2021895\/","title":{"rendered":"Auto Control Remoto 1:16 Luxury Fema 2021895"},"content":{"rendered":"<p>Auto Control Remoto 1:16 Luxury Fema 2021895 Auto Control Remoto 1:16 Luxury Fema Escala: 1:16 Modelo: Ferrari Tiene Luz Control: Requiere 2 pilas AA (No incluidas) Auto: Bateria 3.<\/p>\n","protected":false},"excerpt":{"rendered":"<p>Auto Control Remoto 1:16 Luxury Fema 2021895 Auto Control Remoto 1:16 Luxury Fema Escala: 1:16 Modelo: Ferrari Tiene Luz Control: Requiere 2 pilas AA (No incluidas) Auto: Bateria 3.<\/p>\n","protected":false},"featured_media":29364,"comment_status":"open","ping_status":"closed","template":"","meta":[],"product_brand":[42],"product_cat":[660],"product_tag":[661],"class_list":{"0":"post-405","1":"product","2":"type-product","3":"status-publish","4":"has-post-thumbnail","6":"product_brand-fema","7":"product_cat-vehiculos","8":"product_tag-vehiculos","10":"first","11":"instock","12":"sale","13":"shipping-taxable","14":"purchasable","15":"product-type-simple"},"yoast_head":"<!-- This site is optimized with the Yoast SEO plugin v27.3 - https:\/\/yoast.com\/product\/yoast-seo-wordpress\/ -->\n<title>Auto Control Remoto 1:16 Luxury Fema 2021895 - Tomaso Store<\/title>\n<meta name=\"robots\" content=\"index, follow, max-snippet:-1, max-image-preview:large, max-video-preview:-1\" \/>\n<link rel=\"canonical\" href=\"https:\/\/tomasostore.com.ar\/tienda\/producto\/auto-control-remoto-116-luxury-fema-2021895\/\" \/>\n<meta property=\"og:locale\" content=\"es_ES\" \/>\n<meta property=\"og:type\" content=\"article\" \/>\n<meta property=\"og:title\" content=\"Auto Control Remoto 1:16 Luxury Fema 2021895 - Tomaso Store\" \/>\n<meta property=\"og:description\" content=\"Auto Control Remoto 1:16 Luxury Fema 2021895 Auto Control Remoto 1:16 Luxury Fema Escala: 1:16 Modelo: Ferrari Tiene Luz Control: Requiere 2 pilas AA (No incluidas) Auto: Bateria 3.\" \/>\n<meta property=\"og:url\" content=\"https:\/\/tomasostore.com.ar\/tienda\/producto\/auto-control-remoto-116-luxury-fema-2021895\/\" \/>\n<meta property=\"og:site_name\" content=\"Tomaso Store\" \/>\n<meta property=\"article:modified_time\" content=\"2025-07-29T15:22:46+00:00\" \/>\n<meta property=\"og:image\" content=\"https:\/\/tomasostore.com.ar\/tienda\/wp-content\/uploads\/2025\/07\/56-12-910dc1207d54fa3f2b17044720179522-1024-1024.png\" \/>\n\t<meta property=\"og:image:width\" content=\"1024\" \/>\n\t<meta property=\"og:image:height\" content=\"1024\" \/>\n\t<meta property=\"og:image:type\" content=\"image\/png\" \/>\n<meta name=\"twitter:card\" content=\"summary_large_image\" \/>\n<script type=\"application\/ld+json\" class=\"yoast-schema-graph\">{\"@context\":\"https:\\\/\\\/schema.org\",\"@graph\":[{\"@type\":\"WebPage\",\"@id\":\"https:\\\/\\\/tomasostore.com.ar\\\/tienda\\\/producto\\\/auto-control-remoto-116-luxury-fema-2021895\\\/\",\"url\":\"https:\\\/\\\/tomasostore.com.ar\\\/tienda\\\/producto\\\/auto-control-remoto-116-luxury-fema-2021895\\\/\",\"name\":\"Auto Control Remoto 1:16 Luxury Fema 2021895 - Tomaso Store\",\"isPartOf\":{\"@id\":\"https:\\\/\\\/tomasostore.com.ar\\\/tienda\\\/#website\"},\"primaryImageOfPage\":{\"@id\":\"https:\\\/\\\/tomasostore.com.ar\\\/tienda\\\/producto\\\/auto-control-remoto-116-luxury-fema-2021895\\\/#primaryimage\"},\"image\":{\"@id\":\"https:\\\/\\\/tomasostore.com.ar\\\/tienda\\\/producto\\\/auto-control-remoto-116-luxury-fema-2021895\\\/#primaryimage\"},\"thumbnailUrl\":\"https:\\\/\\\/tomasostore.com.ar\\\/tienda\\\/wp-content\\\/uploads\\\/2025\\\/07\\\/56-12-910dc1207d54fa3f2b17044720179522-1024-1024.png\",\"datePublished\":\"2025-07-19T14:45:31+00:00\",\"dateModified\":\"2025-07-29T15:22:46+00:00\",\"breadcrumb\":{\"@id\":\"https:\\\/\\\/tomasostore.com.ar\\\/tienda\\\/producto\\\/auto-control-remoto-116-luxury-fema-2021895\\\/#breadcrumb\"},\"inLanguage\":\"es\",\"potentialAction\":[{\"@type\":\"ReadAction\",\"target\":[\"https:\\\/\\\/tomasostore.com.ar\\\/tienda\\\/producto\\\/auto-control-remoto-116-luxury-fema-2021895\\\/\"]}]},{\"@type\":\"ImageObject\",\"inLanguage\":\"es\",\"@id\":\"https:\\\/\\\/tomasostore.com.ar\\\/tienda\\\/producto\\\/auto-control-remoto-116-luxury-fema-2021895\\\/#primaryimage\",\"url\":\"https:\\\/\\\/tomasostore.com.ar\\\/tienda\\\/wp-content\\\/uploads\\\/2025\\\/07\\\/56-12-910dc1207d54fa3f2b17044720179522-1024-1024.png\",\"contentUrl\":\"https:\\\/\\\/tomasostore.com.ar\\\/tienda\\\/wp-content\\\/uploads\\\/2025\\\/07\\\/56-12-910dc1207d54fa3f2b17044720179522-1024-1024.png\",\"width\":1024,\"height\":1024},{\"@type\":\"BreadcrumbList\",\"@id\":\"https:\\\/\\\/tomasostore.com.ar\\\/tienda\\\/producto\\\/auto-control-remoto-116-luxury-fema-2021895\\\/#breadcrumb\",\"itemListElement\":[{\"@type\":\"ListItem\",\"position\":1,\"name\":\"Portada\",\"item\":\"https:\\\/\\\/tomasostore.com.ar\\\/tienda\\\/\"},{\"@type\":\"ListItem\",\"position\":2,\"name\":\"Tienda\",\"item\":\"https:\\\/\\\/tomasostore.com.ar\\\/tienda\\\/tienda\\\/\"},{\"@type\":\"ListItem\",\"position\":3,\"name\":\"Auto Control Remoto 1:16 Luxury Fema 2021895\"}]},{\"@type\":\"WebSite\",\"@id\":\"https:\\\/\\\/tomasostore.com.ar\\\/tienda\\\/#website\",\"url\":\"https:\\\/\\\/tomasostore.com.ar\\\/tienda\\\/\",\"name\":\"Tomaso Store\",\"description\":\"Compr\u00e1s online, recib\u00eds en mano. Desde Hernando, llevando confianza a tu casa. Productos con garant\u00eda.\",\"potentialAction\":[{\"@type\":\"SearchAction\",\"target\":{\"@type\":\"EntryPoint\",\"urlTemplate\":\"https:\\\/\\\/tomasostore.com.ar\\\/tienda\\\/?s={search_term_string}\"},\"query-input\":{\"@type\":\"PropertyValueSpecification\",\"valueRequired\":true,\"valueName\":\"search_term_string\"}}],\"inLanguage\":\"es\"}]}<\/script>\n<!-- \/ Yoast SEO plugin. -->","yoast_head_json":{"title":"Auto Control Remoto 1:16 Luxury Fema 2021895 - Tomaso Store","robots":{"index":"index","follow":"follow","max-snippet":"max-snippet:-1","max-image-preview":"max-image-preview:large","max-video-preview":"max-video-preview:-1"},"canonical":"https:\/\/tomasostore.com.ar\/tienda\/producto\/auto-control-remoto-116-luxury-fema-2021895\/","og_locale":"es_ES","og_type":"article","og_title":"Auto Control Remoto 1:16 Luxury Fema 2021895 - Tomaso Store","og_description":"Auto Control Remoto 1:16 Luxury Fema 2021895 Auto Control Remoto 1:16 Luxury Fema Escala: 1:16 Modelo: Ferrari Tiene Luz Control: Requiere 2 pilas AA (No incluidas) Auto: Bateria 3.","og_url":"https:\/\/tomasostore.com.ar\/tienda\/producto\/auto-control-remoto-116-luxury-fema-2021895\/","og_site_name":"Tomaso Store","article_modified_time":"2025-07-29T15:22:46+00:00","og_image":[{"width":1024,"height":1024,"url":"https:\/\/tomasostore.com.ar\/tienda\/wp-content\/uploads\/2025\/07\/56-12-910dc1207d54fa3f2b17044720179522-1024-1024.png","type":"image\/png"}],"twitter_card":"summary_large_image","schema":{"@context":"https:\/\/schema.org","@graph":[{"@type":"WebPage","@id":"https:\/\/tomasostore.com.ar\/tienda\/producto\/auto-control-remoto-116-luxury-fema-2021895\/","url":"https:\/\/tomasostore.com.ar\/tienda\/producto\/auto-control-remoto-116-luxury-fema-2021895\/","name":"Auto Control Remoto 1:16 Luxury Fema 2021895 - Tomaso Store","isPartOf":{"@id":"https:\/\/tomasostore.com.ar\/tienda\/#website"},"primaryImageOfPage":{"@id":"https:\/\/tomasostore.com.ar\/tienda\/producto\/auto-control-remoto-116-luxury-fema-2021895\/#primaryimage"},"image":{"@id":"https:\/\/tomasostore.com.ar\/tienda\/producto\/auto-control-remoto-116-luxury-fema-2021895\/#primaryimage"},"thumbnailUrl":"https:\/\/tomasostore.com.ar\/tienda\/wp-content\/uploads\/2025\/07\/56-12-910dc1207d54fa3f2b17044720179522-1024-1024.png","datePublished":"2025-07-19T14:45:31+00:00","dateModified":"2025-07-29T15:22:46+00:00","breadcrumb":{"@id":"https:\/\/tomasostore.com.ar\/tienda\/producto\/auto-control-remoto-116-luxury-fema-2021895\/#breadcrumb"},"inLanguage":"es","potentialAction":[{"@type":"ReadAction","target":["https:\/\/tomasostore.com.ar\/tienda\/producto\/auto-control-remoto-116-luxury-fema-2021895\/"]}]},{"@type":"ImageObject","inLanguage":"es","@id":"https:\/\/tomasostore.com.ar\/tienda\/producto\/auto-control-remoto-116-luxury-fema-2021895\/#primaryimage","url":"https:\/\/tomasostore.com.ar\/tienda\/wp-content\/uploads\/2025\/07\/56-12-910dc1207d54fa3f2b17044720179522-1024-1024.png","contentUrl":"https:\/\/tomasostore.com.ar\/tienda\/wp-content\/uploads\/2025\/07\/56-12-910dc1207d54fa3f2b17044720179522-1024-1024.png","width":1024,"height":1024},{"@type":"BreadcrumbList","@id":"https:\/\/tomasostore.com.ar\/tienda\/producto\/auto-control-remoto-116-luxury-fema-2021895\/#breadcrumb","itemListElement":[{"@type":"ListItem","position":1,"name":"Portada","item":"https:\/\/tomasostore.com.ar\/tienda\/"},{"@type":"ListItem","position":2,"name":"Tienda","item":"https:\/\/tomasostore.com.ar\/tienda\/tienda\/"},{"@type":"ListItem","position":3,"name":"Auto Control Remoto 1:16 Luxury Fema 2021895"}]},{"@type":"WebSite","@id":"https:\/\/tomasostore.com.ar\/tienda\/#website","url":"https:\/\/tomasostore.com.ar\/tienda\/","name":"Tomaso Store","description":"Compr\u00e1s online, recib\u00eds en mano. Desde Hernando, llevando confianza a tu casa. Productos con garant\u00eda.","potentialAction":[{"@type":"SearchAction","target":{"@type":"EntryPoint","urlTemplate":"https:\/\/tomasostore.com.ar\/tienda\/?s={search_term_string}"},"query-input":{"@type":"PropertyValueSpecification","valueRequired":true,"valueName":"search_term_string"}}],"inLanguage":"es"}]}},"_links":{"self":[{"href":"https:\/\/tomasostore.com.ar\/tienda\/wp-json\/wp\/v2\/product\/405","targetHints":{"allow":["GET"]}}],"collection":[{"href":"https:\/\/tomasostore.com.ar\/tienda\/wp-json\/wp\/v2\/product"}],"about":[{"href":"https:\/\/tomasostore.com.ar\/tienda\/wp-json\/wp\/v2\/types\/product"}],"replies":[{"embeddable":true,"href":"https:\/\/tomasostore.com.ar\/tienda\/wp-json\/wp\/v2\/comments?post=405"}],"version-history":[{"count":2,"href":"https:\/\/tomasostore.com.ar\/tienda\/wp-json\/wp\/v2\/product\/405\/revisions"}],"predecessor-version":[{"id":34994,"href":"https:\/\/tomasostore.com.ar\/tienda\/wp-json\/wp\/v2\/product\/405\/revisions\/34994"}],"wp:featuredmedia":[{"embeddable":true,"href":"https:\/\/tomasostore.com.ar\/tienda\/wp-json\/wp\/v2\/media\/29364"}],"wp:attachment":[{"href":"https:\/\/tomasostore.com.ar\/tienda\/wp-json\/wp\/v2\/media?parent=405"}],"wp:term":[{"taxonomy":"product_brand","embeddable":true,"href":"https:\/\/tomasostore.com.ar\/tienda\/wp-json\/wp\/v2\/product_brand?post=405"},{"taxonomy":"product_cat","embeddable":true,"href":"https:\/\/tomasostore.com.ar\/tienda\/wp-json\/wp\/v2\/product_cat?post=405"},{"taxonomy":"product_tag","embeddable":true,"href":"https:\/\/tomasostore.com.ar\/tienda\/wp-json\/wp\/v2\/product_tag?post=405"}],"curies":[{"name":"wp","href":"https:\/\/api.w.org\/{rel}","templated":true}]}}