{"id":3893,"date":"2025-07-19T10:07:22","date_gmt":"2025-07-19T13:07:22","guid":{"rendered":"https:\/\/tomasostore.com.ar\/tienda\/?post_type=product&#038;p=3893"},"modified":"2025-07-29T12:09:41","modified_gmt":"2025-07-29T15:09:41","slug":"valija-de-arte-disney-pixar-tapimovil","status":"publish","type":"product","link":"https:\/\/tomasostore.com.ar\/tienda\/producto\/valija-de-arte-disney-pixar-tapimovil\/","title":{"rendered":"Valija De Arte Disney Pixar Tapimovil"},"content":{"rendered":"<p>Valija De Arte Red Disney Pixar Tapimovil \u00a1Despierta la creatividad de los m\u00e1s peque\u00f1os con esta incre\u00edble valija de arte inspirada en los personajes m\u00e1s incre\u00edbles de Disney Pixar. Ideal para ni\u00f1os a partir de 3 a\u00f1os , este set port\u00e1til ofrece todo lo necesario para pintar, colorear y divertirse con sus personajes favoritos.<\/p>\n","protected":false},"excerpt":{"rendered":"<p>Valija De Arte Red Disney Pixar Tapimovil \u00a1Despierta la creatividad de los m\u00e1s peque\u00f1os con esta incre\u00edble valija de arte inspirada en los personajes m\u00e1s incre\u00edbles de Disney Pixar. Ideal para ni\u00f1os a partir de 3 a\u00f1os , este set port\u00e1til ofrece todo lo necesario para pintar, colorear y divertirse con sus personajes favoritos.<\/p>\n","protected":false},"featured_media":20534,"comment_status":"open","ping_status":"closed","template":"","meta":[],"product_brand":[115],"product_cat":[630],"product_tag":[631],"class_list":{"0":"post-3893","1":"product","2":"type-product","3":"status-publish","4":"has-post-thumbnail","6":"product_brand-tapimovil","7":"product_cat-arte-y-libreria","8":"product_tag-arte-y-libreria","10":"first","11":"instock","12":"sale","13":"shipping-taxable","14":"purchasable","15":"product-type-simple"},"yoast_head":"<!-- This site is optimized with the Yoast SEO plugin v27.5 - https:\/\/yoast.com\/product\/yoast-seo-wordpress\/ -->\n<title>Valija De Arte Disney Pixar Tapimovil - Tomaso Store<\/title>\n<meta name=\"robots\" content=\"index, follow, max-snippet:-1, max-image-preview:large, max-video-preview:-1\" \/>\n<link rel=\"canonical\" href=\"https:\/\/tomasostore.com.ar\/tienda\/producto\/valija-de-arte-disney-pixar-tapimovil\/\" \/>\n<meta property=\"og:locale\" content=\"es_ES\" \/>\n<meta property=\"og:type\" content=\"article\" \/>\n<meta property=\"og:title\" content=\"Valija De Arte Disney Pixar Tapimovil - Tomaso Store\" \/>\n<meta property=\"og:description\" content=\"Valija De Arte Red Disney Pixar Tapimovil \u00a1Despierta la creatividad de los m\u00e1s peque\u00f1os con esta incre\u00edble valija de arte inspirada en los personajes m\u00e1s incre\u00edbles de Disney Pixar. Ideal para ni\u00f1os a partir de 3 a\u00f1os , este set port\u00e1til ofrece todo lo necesario para pintar, colorear y divertirse con sus personajes favoritos.\" \/>\n<meta property=\"og:url\" content=\"https:\/\/tomasostore.com.ar\/tienda\/producto\/valija-de-arte-disney-pixar-tapimovil\/\" \/>\n<meta property=\"og:site_name\" content=\"Tomaso Store\" \/>\n<meta property=\"article:modified_time\" content=\"2025-07-29T15:09:41+00:00\" \/>\n<meta property=\"og:image\" content=\"https:\/\/tomasostore.com.ar\/tienda\/wp-content\/uploads\/2025\/07\/cry3-4-.png.png\" \/>\n\t<meta property=\"og:image:width\" content=\"1080\" \/>\n\t<meta property=\"og:image:height\" content=\"1080\" \/>\n\t<meta property=\"og:image:type\" content=\"image\/png\" \/>\n<meta name=\"twitter:card\" content=\"summary_large_image\" \/>\n<script type=\"application\/ld+json\" class=\"yoast-schema-graph\">{\"@context\":\"https:\\\/\\\/schema.org\",\"@graph\":[{\"@type\":\"WebPage\",\"@id\":\"https:\\\/\\\/tomasostore.com.ar\\\/tienda\\\/producto\\\/valija-de-arte-disney-pixar-tapimovil\\\/\",\"url\":\"https:\\\/\\\/tomasostore.com.ar\\\/tienda\\\/producto\\\/valija-de-arte-disney-pixar-tapimovil\\\/\",\"name\":\"Valija De Arte Disney Pixar Tapimovil - Tomaso Store\",\"isPartOf\":{\"@id\":\"https:\\\/\\\/tomasostore.com.ar\\\/tienda\\\/#website\"},\"primaryImageOfPage\":{\"@id\":\"https:\\\/\\\/tomasostore.com.ar\\\/tienda\\\/producto\\\/valija-de-arte-disney-pixar-tapimovil\\\/#primaryimage\"},\"image\":{\"@id\":\"https:\\\/\\\/tomasostore.com.ar\\\/tienda\\\/producto\\\/valija-de-arte-disney-pixar-tapimovil\\\/#primaryimage\"},\"thumbnailUrl\":\"https:\\\/\\\/tomasostore.com.ar\\\/tienda\\\/wp-content\\\/uploads\\\/2025\\\/07\\\/cry3-4-.png.png\",\"datePublished\":\"2025-07-19T13:07:22+00:00\",\"dateModified\":\"2025-07-29T15:09:41+00:00\",\"breadcrumb\":{\"@id\":\"https:\\\/\\\/tomasostore.com.ar\\\/tienda\\\/producto\\\/valija-de-arte-disney-pixar-tapimovil\\\/#breadcrumb\"},\"inLanguage\":\"es\",\"potentialAction\":[{\"@type\":\"ReadAction\",\"target\":[\"https:\\\/\\\/tomasostore.com.ar\\\/tienda\\\/producto\\\/valija-de-arte-disney-pixar-tapimovil\\\/\"]}]},{\"@type\":\"ImageObject\",\"inLanguage\":\"es\",\"@id\":\"https:\\\/\\\/tomasostore.com.ar\\\/tienda\\\/producto\\\/valija-de-arte-disney-pixar-tapimovil\\\/#primaryimage\",\"url\":\"https:\\\/\\\/tomasostore.com.ar\\\/tienda\\\/wp-content\\\/uploads\\\/2025\\\/07\\\/cry3-4-.png.png\",\"contentUrl\":\"https:\\\/\\\/tomasostore.com.ar\\\/tienda\\\/wp-content\\\/uploads\\\/2025\\\/07\\\/cry3-4-.png.png\",\"width\":1080,\"height\":1080},{\"@type\":\"BreadcrumbList\",\"@id\":\"https:\\\/\\\/tomasostore.com.ar\\\/tienda\\\/producto\\\/valija-de-arte-disney-pixar-tapimovil\\\/#breadcrumb\",\"itemListElement\":[{\"@type\":\"ListItem\",\"position\":1,\"name\":\"Portada\",\"item\":\"https:\\\/\\\/tomasostore.com.ar\\\/tienda\\\/\"},{\"@type\":\"ListItem\",\"position\":2,\"name\":\"Tienda\",\"item\":\"https:\\\/\\\/tomasostore.com.ar\\\/tienda\\\/tienda\\\/\"},{\"@type\":\"ListItem\",\"position\":3,\"name\":\"Valija De Arte Disney Pixar Tapimovil\"}]},{\"@type\":\"WebSite\",\"@id\":\"https:\\\/\\\/tomasostore.com.ar\\\/tienda\\\/#website\",\"url\":\"https:\\\/\\\/tomasostore.com.ar\\\/tienda\\\/\",\"name\":\"Tomaso Store\",\"description\":\"Compr\u00e1s online, recib\u00eds en mano. Desde Hernando, llevando confianza a tu casa. Productos con garant\u00eda.\",\"potentialAction\":[{\"@type\":\"SearchAction\",\"target\":{\"@type\":\"EntryPoint\",\"urlTemplate\":\"https:\\\/\\\/tomasostore.com.ar\\\/tienda\\\/?s={search_term_string}\"},\"query-input\":{\"@type\":\"PropertyValueSpecification\",\"valueRequired\":true,\"valueName\":\"search_term_string\"}}],\"inLanguage\":\"es\"}]}<\/script>\n<!-- \/ Yoast SEO plugin. -->","yoast_head_json":{"title":"Valija De Arte Disney Pixar Tapimovil - Tomaso Store","robots":{"index":"index","follow":"follow","max-snippet":"max-snippet:-1","max-image-preview":"max-image-preview:large","max-video-preview":"max-video-preview:-1"},"canonical":"https:\/\/tomasostore.com.ar\/tienda\/producto\/valija-de-arte-disney-pixar-tapimovil\/","og_locale":"es_ES","og_type":"article","og_title":"Valija De Arte Disney Pixar Tapimovil - Tomaso Store","og_description":"Valija De Arte Red Disney Pixar Tapimovil \u00a1Despierta la creatividad de los m\u00e1s peque\u00f1os con esta incre\u00edble valija de arte inspirada en los personajes m\u00e1s incre\u00edbles de Disney Pixar. Ideal para ni\u00f1os a partir de 3 a\u00f1os , este set port\u00e1til ofrece todo lo necesario para pintar, colorear y divertirse con sus personajes favoritos.","og_url":"https:\/\/tomasostore.com.ar\/tienda\/producto\/valija-de-arte-disney-pixar-tapimovil\/","og_site_name":"Tomaso Store","article_modified_time":"2025-07-29T15:09:41+00:00","og_image":[{"width":1080,"height":1080,"url":"https:\/\/tomasostore.com.ar\/tienda\/wp-content\/uploads\/2025\/07\/cry3-4-.png.png","type":"image\/png"}],"twitter_card":"summary_large_image","schema":{"@context":"https:\/\/schema.org","@graph":[{"@type":"WebPage","@id":"https:\/\/tomasostore.com.ar\/tienda\/producto\/valija-de-arte-disney-pixar-tapimovil\/","url":"https:\/\/tomasostore.com.ar\/tienda\/producto\/valija-de-arte-disney-pixar-tapimovil\/","name":"Valija De Arte Disney Pixar Tapimovil - Tomaso Store","isPartOf":{"@id":"https:\/\/tomasostore.com.ar\/tienda\/#website"},"primaryImageOfPage":{"@id":"https:\/\/tomasostore.com.ar\/tienda\/producto\/valija-de-arte-disney-pixar-tapimovil\/#primaryimage"},"image":{"@id":"https:\/\/tomasostore.com.ar\/tienda\/producto\/valija-de-arte-disney-pixar-tapimovil\/#primaryimage"},"thumbnailUrl":"https:\/\/tomasostore.com.ar\/tienda\/wp-content\/uploads\/2025\/07\/cry3-4-.png.png","datePublished":"2025-07-19T13:07:22+00:00","dateModified":"2025-07-29T15:09:41+00:00","breadcrumb":{"@id":"https:\/\/tomasostore.com.ar\/tienda\/producto\/valija-de-arte-disney-pixar-tapimovil\/#breadcrumb"},"inLanguage":"es","potentialAction":[{"@type":"ReadAction","target":["https:\/\/tomasostore.com.ar\/tienda\/producto\/valija-de-arte-disney-pixar-tapimovil\/"]}]},{"@type":"ImageObject","inLanguage":"es","@id":"https:\/\/tomasostore.com.ar\/tienda\/producto\/valija-de-arte-disney-pixar-tapimovil\/#primaryimage","url":"https:\/\/tomasostore.com.ar\/tienda\/wp-content\/uploads\/2025\/07\/cry3-4-.png.png","contentUrl":"https:\/\/tomasostore.com.ar\/tienda\/wp-content\/uploads\/2025\/07\/cry3-4-.png.png","width":1080,"height":1080},{"@type":"BreadcrumbList","@id":"https:\/\/tomasostore.com.ar\/tienda\/producto\/valija-de-arte-disney-pixar-tapimovil\/#breadcrumb","itemListElement":[{"@type":"ListItem","position":1,"name":"Portada","item":"https:\/\/tomasostore.com.ar\/tienda\/"},{"@type":"ListItem","position":2,"name":"Tienda","item":"https:\/\/tomasostore.com.ar\/tienda\/tienda\/"},{"@type":"ListItem","position":3,"name":"Valija De Arte Disney Pixar Tapimovil"}]},{"@type":"WebSite","@id":"https:\/\/tomasostore.com.ar\/tienda\/#website","url":"https:\/\/tomasostore.com.ar\/tienda\/","name":"Tomaso Store","description":"Compr\u00e1s online, recib\u00eds en mano. Desde Hernando, llevando confianza a tu casa. Productos con garant\u00eda.","potentialAction":[{"@type":"SearchAction","target":{"@type":"EntryPoint","urlTemplate":"https:\/\/tomasostore.com.ar\/tienda\/?s={search_term_string}"},"query-input":{"@type":"PropertyValueSpecification","valueRequired":true,"valueName":"search_term_string"}}],"inLanguage":"es"}]}},"_links":{"self":[{"href":"https:\/\/tomasostore.com.ar\/tienda\/wp-json\/wp\/v2\/product\/3893","targetHints":{"allow":["GET"]}}],"collection":[{"href":"https:\/\/tomasostore.com.ar\/tienda\/wp-json\/wp\/v2\/product"}],"about":[{"href":"https:\/\/tomasostore.com.ar\/tienda\/wp-json\/wp\/v2\/types\/product"}],"replies":[{"embeddable":true,"href":"https:\/\/tomasostore.com.ar\/tienda\/wp-json\/wp\/v2\/comments?post=3893"}],"version-history":[{"count":2,"href":"https:\/\/tomasostore.com.ar\/tienda\/wp-json\/wp\/v2\/product\/3893\/revisions"}],"predecessor-version":[{"id":30972,"href":"https:\/\/tomasostore.com.ar\/tienda\/wp-json\/wp\/v2\/product\/3893\/revisions\/30972"}],"wp:featuredmedia":[{"embeddable":true,"href":"https:\/\/tomasostore.com.ar\/tienda\/wp-json\/wp\/v2\/media\/20534"}],"wp:attachment":[{"href":"https:\/\/tomasostore.com.ar\/tienda\/wp-json\/wp\/v2\/media?parent=3893"}],"wp:term":[{"taxonomy":"product_brand","embeddable":true,"href":"https:\/\/tomasostore.com.ar\/tienda\/wp-json\/wp\/v2\/product_brand?post=3893"},{"taxonomy":"product_cat","embeddable":true,"href":"https:\/\/tomasostore.com.ar\/tienda\/wp-json\/wp\/v2\/product_cat?post=3893"},{"taxonomy":"product_tag","embeddable":true,"href":"https:\/\/tomasostore.com.ar\/tienda\/wp-json\/wp\/v2\/product_tag?post=3893"}],"curies":[{"name":"wp","href":"https:\/\/api.w.org\/{rel}","templated":true}]}}