{"id":381,"date":"2025-07-19T11:36:04","date_gmt":"2025-07-19T14:36:04","guid":{"rendered":"https:\/\/tomasostore.com.ar\/tienda\/?post_type=product&#038;p=381"},"modified":"2025-07-29T12:21:31","modified_gmt":"2025-07-29T15:21:31","slug":"bijou-deluxe-box-casa-de-gabby-1753","status":"publish","type":"product","link":"https:\/\/tomasostore.com.ar\/tienda\/producto\/bijou-deluxe-box-casa-de-gabby-1753\/","title":{"rendered":"Bijou Deluxe Box Casa De Gabby 1753"},"content":{"rendered":"<p>Bijou Deluxe Box Casa De Gabby 1753 Contenido: Bolitas color: Celeste. Naranja, Violeta Pastel, Azul, Verde Pastel y Rosa 6 Tiras de Goma para Collar 2 Caras de Gatito 2 Corazones Verdes Valija Set De Mostacillas Gabbys Dollhouse Para Armar Collares *Los precios de \u00e9ste sitio web son exclusivos para compras online, y no necesariamente coinciden con los precios en el local. LAS FOTOS E IM\u00c1GENES SON A MODO ILUSTRATIVO INTENTANDO REFLEJAR LO M\u00c1S REAL POSIBLE SUS CARACTER\u00cdSTICAS Y PUEDEN VARIAR SEG\u00daN DECISI\u00d3N DEL FABRICANTE. DADA LA DIVERSIDAD DE PANTALLAS NO PODEMOS GARANTIZARLE QUE EN TODAS VEA LOS MISMOS COLORES.<\/p>\n","protected":false},"excerpt":{"rendered":"<p>Bijou Deluxe Box Casa De Gabby 1753 Contenido: Bolitas color: Celeste. Naranja, Violeta Pastel, Azul, Verde Pastel y Rosa 6 Tiras de Goma para Collar 2 Caras de Gatito 2 Corazones Verdes Valija Set De Mostacillas Gabbys Dollhouse Para Armar Collares *Los precios de \u00e9ste sitio web son exclusivos para compras online, y no necesariamente [&hellip;]<\/p>\n","protected":false},"featured_media":28551,"comment_status":"open","ping_status":"closed","template":"","meta":[],"product_brand":[159],"product_cat":[658],"product_tag":[659],"class_list":{"0":"post-381","1":"product","2":"type-product","3":"status-publish","4":"has-post-thumbnail","6":"product_brand-vulcanita","7":"product_cat-oficios-profesiones-y-herramientas","8":"product_tag-oficios-profesiones-y-herramientas","10":"first","11":"instock","12":"sale","13":"shipping-taxable","14":"purchasable","15":"product-type-simple"},"yoast_head":"<!-- This site is optimized with the Yoast SEO plugin v27.4 - https:\/\/yoast.com\/product\/yoast-seo-wordpress\/ -->\n<title>Bijou Deluxe Box Casa De Gabby 1753 - Tomaso Store<\/title>\n<meta name=\"robots\" content=\"index, follow, max-snippet:-1, max-image-preview:large, max-video-preview:-1\" \/>\n<link rel=\"canonical\" href=\"https:\/\/tomasostore.com.ar\/tienda\/producto\/bijou-deluxe-box-casa-de-gabby-1753\/\" \/>\n<meta property=\"og:locale\" content=\"es_ES\" \/>\n<meta property=\"og:type\" content=\"article\" \/>\n<meta property=\"og:title\" content=\"Bijou Deluxe Box Casa De Gabby 1753 - Tomaso Store\" \/>\n<meta property=\"og:description\" content=\"Bijou Deluxe Box Casa De Gabby 1753 Contenido: Bolitas color: Celeste. Naranja, Violeta Pastel, Azul, Verde Pastel y Rosa 6 Tiras de Goma para Collar 2 Caras de Gatito 2 Corazones Verdes Valija Set De Mostacillas Gabbys Dollhouse Para Armar Collares *Los precios de \u00e9ste sitio web son exclusivos para compras online, y no necesariamente [&hellip;]\" \/>\n<meta property=\"og:url\" content=\"https:\/\/tomasostore.com.ar\/tienda\/producto\/bijou-deluxe-box-casa-de-gabby-1753\/\" \/>\n<meta property=\"og:site_name\" content=\"Tomaso Store\" \/>\n<meta property=\"article:modified_time\" content=\"2025-07-29T15:21:31+00:00\" \/>\n<meta name=\"twitter:card\" content=\"summary_large_image\" \/>\n<meta name=\"twitter:label1\" content=\"Tiempo de lectura\" \/>\n\t<meta name=\"twitter:data1\" content=\"1 minuto\" \/>\n<script type=\"application\/ld+json\" class=\"yoast-schema-graph\">{\"@context\":\"https:\\\/\\\/schema.org\",\"@graph\":[{\"@type\":\"WebPage\",\"@id\":\"https:\\\/\\\/tomasostore.com.ar\\\/tienda\\\/producto\\\/bijou-deluxe-box-casa-de-gabby-1753\\\/\",\"url\":\"https:\\\/\\\/tomasostore.com.ar\\\/tienda\\\/producto\\\/bijou-deluxe-box-casa-de-gabby-1753\\\/\",\"name\":\"Bijou Deluxe Box Casa De Gabby 1753 - Tomaso Store\",\"isPartOf\":{\"@id\":\"https:\\\/\\\/tomasostore.com.ar\\\/tienda\\\/#website\"},\"primaryImageOfPage\":{\"@id\":\"https:\\\/\\\/tomasostore.com.ar\\\/tienda\\\/producto\\\/bijou-deluxe-box-casa-de-gabby-1753\\\/#primaryimage\"},\"image\":{\"@id\":\"https:\\\/\\\/tomasostore.com.ar\\\/tienda\\\/producto\\\/bijou-deluxe-box-casa-de-gabby-1753\\\/#primaryimage\"},\"thumbnailUrl\":\"https:\\\/\\\/tomasostore.com.ar\\\/tienda\\\/wp-content\\\/uploads\\\/2025\\\/07\\\/47-6d93a512ee5f170f0f17047278290982-1024-1024.png\",\"datePublished\":\"2025-07-19T14:36:04+00:00\",\"dateModified\":\"2025-07-29T15:21:31+00:00\",\"breadcrumb\":{\"@id\":\"https:\\\/\\\/tomasostore.com.ar\\\/tienda\\\/producto\\\/bijou-deluxe-box-casa-de-gabby-1753\\\/#breadcrumb\"},\"inLanguage\":\"es\",\"potentialAction\":[{\"@type\":\"ReadAction\",\"target\":[\"https:\\\/\\\/tomasostore.com.ar\\\/tienda\\\/producto\\\/bijou-deluxe-box-casa-de-gabby-1753\\\/\"]}]},{\"@type\":\"ImageObject\",\"inLanguage\":\"es\",\"@id\":\"https:\\\/\\\/tomasostore.com.ar\\\/tienda\\\/producto\\\/bijou-deluxe-box-casa-de-gabby-1753\\\/#primaryimage\",\"url\":\"https:\\\/\\\/tomasostore.com.ar\\\/tienda\\\/wp-content\\\/uploads\\\/2025\\\/07\\\/47-6d93a512ee5f170f0f17047278290982-1024-1024.png\",\"contentUrl\":\"https:\\\/\\\/tomasostore.com.ar\\\/tienda\\\/wp-content\\\/uploads\\\/2025\\\/07\\\/47-6d93a512ee5f170f0f17047278290982-1024-1024.png\",\"width\":1024,\"height\":1024},{\"@type\":\"BreadcrumbList\",\"@id\":\"https:\\\/\\\/tomasostore.com.ar\\\/tienda\\\/producto\\\/bijou-deluxe-box-casa-de-gabby-1753\\\/#breadcrumb\",\"itemListElement\":[{\"@type\":\"ListItem\",\"position\":1,\"name\":\"Portada\",\"item\":\"https:\\\/\\\/tomasostore.com.ar\\\/tienda\\\/\"},{\"@type\":\"ListItem\",\"position\":2,\"name\":\"Tienda\",\"item\":\"https:\\\/\\\/tomasostore.com.ar\\\/tienda\\\/tienda\\\/\"},{\"@type\":\"ListItem\",\"position\":3,\"name\":\"Bijou Deluxe Box Casa De Gabby 1753\"}]},{\"@type\":\"WebSite\",\"@id\":\"https:\\\/\\\/tomasostore.com.ar\\\/tienda\\\/#website\",\"url\":\"https:\\\/\\\/tomasostore.com.ar\\\/tienda\\\/\",\"name\":\"Tomaso Store\",\"description\":\"Compr\u00e1s online, recib\u00eds en mano. Desde Hernando, llevando confianza a tu casa. Productos con garant\u00eda.\",\"potentialAction\":[{\"@type\":\"SearchAction\",\"target\":{\"@type\":\"EntryPoint\",\"urlTemplate\":\"https:\\\/\\\/tomasostore.com.ar\\\/tienda\\\/?s={search_term_string}\"},\"query-input\":{\"@type\":\"PropertyValueSpecification\",\"valueRequired\":true,\"valueName\":\"search_term_string\"}}],\"inLanguage\":\"es\"}]}<\/script>\n<!-- \/ Yoast SEO plugin. -->","yoast_head_json":{"title":"Bijou Deluxe Box Casa De Gabby 1753 - Tomaso Store","robots":{"index":"index","follow":"follow","max-snippet":"max-snippet:-1","max-image-preview":"max-image-preview:large","max-video-preview":"max-video-preview:-1"},"canonical":"https:\/\/tomasostore.com.ar\/tienda\/producto\/bijou-deluxe-box-casa-de-gabby-1753\/","og_locale":"es_ES","og_type":"article","og_title":"Bijou Deluxe Box Casa De Gabby 1753 - Tomaso Store","og_description":"Bijou Deluxe Box Casa De Gabby 1753 Contenido: Bolitas color: Celeste. Naranja, Violeta Pastel, Azul, Verde Pastel y Rosa 6 Tiras de Goma para Collar 2 Caras de Gatito 2 Corazones Verdes Valija Set De Mostacillas Gabbys Dollhouse Para Armar Collares *Los precios de \u00e9ste sitio web son exclusivos para compras online, y no necesariamente [&hellip;]","og_url":"https:\/\/tomasostore.com.ar\/tienda\/producto\/bijou-deluxe-box-casa-de-gabby-1753\/","og_site_name":"Tomaso Store","article_modified_time":"2025-07-29T15:21:31+00:00","twitter_card":"summary_large_image","twitter_misc":{"Tiempo de lectura":"1 minuto"},"schema":{"@context":"https:\/\/schema.org","@graph":[{"@type":"WebPage","@id":"https:\/\/tomasostore.com.ar\/tienda\/producto\/bijou-deluxe-box-casa-de-gabby-1753\/","url":"https:\/\/tomasostore.com.ar\/tienda\/producto\/bijou-deluxe-box-casa-de-gabby-1753\/","name":"Bijou Deluxe Box Casa De Gabby 1753 - Tomaso Store","isPartOf":{"@id":"https:\/\/tomasostore.com.ar\/tienda\/#website"},"primaryImageOfPage":{"@id":"https:\/\/tomasostore.com.ar\/tienda\/producto\/bijou-deluxe-box-casa-de-gabby-1753\/#primaryimage"},"image":{"@id":"https:\/\/tomasostore.com.ar\/tienda\/producto\/bijou-deluxe-box-casa-de-gabby-1753\/#primaryimage"},"thumbnailUrl":"https:\/\/tomasostore.com.ar\/tienda\/wp-content\/uploads\/2025\/07\/47-6d93a512ee5f170f0f17047278290982-1024-1024.png","datePublished":"2025-07-19T14:36:04+00:00","dateModified":"2025-07-29T15:21:31+00:00","breadcrumb":{"@id":"https:\/\/tomasostore.com.ar\/tienda\/producto\/bijou-deluxe-box-casa-de-gabby-1753\/#breadcrumb"},"inLanguage":"es","potentialAction":[{"@type":"ReadAction","target":["https:\/\/tomasostore.com.ar\/tienda\/producto\/bijou-deluxe-box-casa-de-gabby-1753\/"]}]},{"@type":"ImageObject","inLanguage":"es","@id":"https:\/\/tomasostore.com.ar\/tienda\/producto\/bijou-deluxe-box-casa-de-gabby-1753\/#primaryimage","url":"https:\/\/tomasostore.com.ar\/tienda\/wp-content\/uploads\/2025\/07\/47-6d93a512ee5f170f0f17047278290982-1024-1024.png","contentUrl":"https:\/\/tomasostore.com.ar\/tienda\/wp-content\/uploads\/2025\/07\/47-6d93a512ee5f170f0f17047278290982-1024-1024.png","width":1024,"height":1024},{"@type":"BreadcrumbList","@id":"https:\/\/tomasostore.com.ar\/tienda\/producto\/bijou-deluxe-box-casa-de-gabby-1753\/#breadcrumb","itemListElement":[{"@type":"ListItem","position":1,"name":"Portada","item":"https:\/\/tomasostore.com.ar\/tienda\/"},{"@type":"ListItem","position":2,"name":"Tienda","item":"https:\/\/tomasostore.com.ar\/tienda\/tienda\/"},{"@type":"ListItem","position":3,"name":"Bijou Deluxe Box Casa De Gabby 1753"}]},{"@type":"WebSite","@id":"https:\/\/tomasostore.com.ar\/tienda\/#website","url":"https:\/\/tomasostore.com.ar\/tienda\/","name":"Tomaso Store","description":"Compr\u00e1s online, recib\u00eds en mano. Desde Hernando, llevando confianza a tu casa. Productos con garant\u00eda.","potentialAction":[{"@type":"SearchAction","target":{"@type":"EntryPoint","urlTemplate":"https:\/\/tomasostore.com.ar\/tienda\/?s={search_term_string}"},"query-input":{"@type":"PropertyValueSpecification","valueRequired":true,"valueName":"search_term_string"}}],"inLanguage":"es"}]}},"_links":{"self":[{"href":"https:\/\/tomasostore.com.ar\/tienda\/wp-json\/wp\/v2\/product\/381","targetHints":{"allow":["GET"]}}],"collection":[{"href":"https:\/\/tomasostore.com.ar\/tienda\/wp-json\/wp\/v2\/product"}],"about":[{"href":"https:\/\/tomasostore.com.ar\/tienda\/wp-json\/wp\/v2\/types\/product"}],"replies":[{"embeddable":true,"href":"https:\/\/tomasostore.com.ar\/tienda\/wp-json\/wp\/v2\/comments?post=381"}],"version-history":[{"count":1,"href":"https:\/\/tomasostore.com.ar\/tienda\/wp-json\/wp\/v2\/product\/381\/revisions"}],"predecessor-version":[{"id":28552,"href":"https:\/\/tomasostore.com.ar\/tienda\/wp-json\/wp\/v2\/product\/381\/revisions\/28552"}],"wp:featuredmedia":[{"embeddable":true,"href":"https:\/\/tomasostore.com.ar\/tienda\/wp-json\/wp\/v2\/media\/28551"}],"wp:attachment":[{"href":"https:\/\/tomasostore.com.ar\/tienda\/wp-json\/wp\/v2\/media?parent=381"}],"wp:term":[{"taxonomy":"product_brand","embeddable":true,"href":"https:\/\/tomasostore.com.ar\/tienda\/wp-json\/wp\/v2\/product_brand?post=381"},{"taxonomy":"product_cat","embeddable":true,"href":"https:\/\/tomasostore.com.ar\/tienda\/wp-json\/wp\/v2\/product_cat?post=381"},{"taxonomy":"product_tag","embeddable":true,"href":"https:\/\/tomasostore.com.ar\/tienda\/wp-json\/wp\/v2\/product_tag?post=381"}],"curies":[{"name":"wp","href":"https:\/\/api.w.org\/{rel}","templated":true}]}}