{"id":351,"date":"2025-07-19T11:45:29","date_gmt":"2025-07-19T14:45:29","guid":{"rendered":"https:\/\/tomasostore.com.ar\/tienda\/?post_type=product&#038;p=351"},"modified":"2025-07-29T12:22:45","modified_gmt":"2025-07-29T15:22:45","slug":"camion-volcador-con-bomba-de-aire-2285-antex","status":"publish","type":"product","link":"https:\/\/tomasostore.com.ar\/tienda\/producto\/camion-volcador-con-bomba-de-aire-2285-antex\/","title":{"rendered":"Camion Volcador Con Bomba De Aire 2285 Antex"},"content":{"rendered":"<p>Cami\u00f3n Volcador Con Bomba De Aire 2285 Antex Cami\u00f3n con bomba de aire 2285, un juguete excepcional que no solo brinda diversi\u00f3n, sino tambi\u00e9n estimula la imaginaci\u00f3n de los ni\u00f1os. El modelo 2285 es un veh\u00edculo de arrastre que produce sonidos realistas, a\u00f1adiendo una capa extra de realismo a la experiencia de juego. Pero eso no es todo, este cami\u00f3n volcador tambi\u00e9n cuenta con una bomba de aire que permite volcar la caja del cami\u00f3n, una caracter\u00edstica que seguramente deleitar\u00e1 a los peque\u00f1os.<\/p>\n","protected":false},"excerpt":{"rendered":"<p>Cami\u00f3n Volcador Con Bomba De Aire 2285 Antex Cami\u00f3n con bomba de aire 2285, un juguete excepcional que no solo brinda diversi\u00f3n, sino tambi\u00e9n estimula la imaginaci\u00f3n de los ni\u00f1os. El modelo 2285 es un veh\u00edculo de arrastre que produce sonidos realistas, a\u00f1adiendo una capa extra de realismo a la experiencia de juego. Pero eso [&hellip;]<\/p>\n","protected":false},"featured_media":29362,"comment_status":"open","ping_status":"closed","template":"","meta":[],"product_brand":[61],"product_cat":[660],"product_tag":[661],"class_list":{"0":"post-351","1":"product","2":"type-product","3":"status-publish","4":"has-post-thumbnail","6":"product_brand-antex","7":"product_cat-vehiculos","8":"product_tag-vehiculos","10":"first","11":"instock","12":"sale","13":"shipping-taxable","14":"purchasable","15":"product-type-simple"},"yoast_head":"<!-- This site is optimized with the Yoast SEO plugin v27.3 - https:\/\/yoast.com\/product\/yoast-seo-wordpress\/ -->\n<title>Camion Volcador Con Bomba De Aire 2285 Antex - Tomaso Store<\/title>\n<meta name=\"robots\" content=\"index, follow, max-snippet:-1, max-image-preview:large, max-video-preview:-1\" \/>\n<link rel=\"canonical\" href=\"https:\/\/tomasostore.com.ar\/tienda\/producto\/camion-volcador-con-bomba-de-aire-2285-antex\/\" \/>\n<meta property=\"og:locale\" content=\"es_ES\" \/>\n<meta property=\"og:type\" content=\"article\" \/>\n<meta property=\"og:title\" content=\"Camion Volcador Con Bomba De Aire 2285 Antex - Tomaso Store\" \/>\n<meta property=\"og:description\" content=\"Cami\u00f3n Volcador Con Bomba De Aire 2285 Antex Cami\u00f3n con bomba de aire 2285, un juguete excepcional que no solo brinda diversi\u00f3n, sino tambi\u00e9n estimula la imaginaci\u00f3n de los ni\u00f1os. El modelo 2285 es un veh\u00edculo de arrastre que produce sonidos realistas, a\u00f1adiendo una capa extra de realismo a la experiencia de juego. Pero eso [&hellip;]\" \/>\n<meta property=\"og:url\" content=\"https:\/\/tomasostore.com.ar\/tienda\/producto\/camion-volcador-con-bomba-de-aire-2285-antex\/\" \/>\n<meta property=\"og:site_name\" content=\"Tomaso Store\" \/>\n<meta property=\"article:modified_time\" content=\"2025-07-29T15:22:45+00:00\" \/>\n<meta property=\"og:image\" content=\"https:\/\/tomasostore.com.ar\/tienda\/wp-content\/uploads\/2025\/07\/antex20-6-.png.png\" \/>\n\t<meta property=\"og:image:width\" content=\"1080\" \/>\n\t<meta property=\"og:image:height\" content=\"1080\" \/>\n\t<meta property=\"og:image:type\" content=\"image\/png\" \/>\n<meta name=\"twitter:card\" content=\"summary_large_image\" \/>\n<script type=\"application\/ld+json\" class=\"yoast-schema-graph\">{\"@context\":\"https:\\\/\\\/schema.org\",\"@graph\":[{\"@type\":\"WebPage\",\"@id\":\"https:\\\/\\\/tomasostore.com.ar\\\/tienda\\\/producto\\\/camion-volcador-con-bomba-de-aire-2285-antex\\\/\",\"url\":\"https:\\\/\\\/tomasostore.com.ar\\\/tienda\\\/producto\\\/camion-volcador-con-bomba-de-aire-2285-antex\\\/\",\"name\":\"Camion Volcador Con Bomba De Aire 2285 Antex - Tomaso Store\",\"isPartOf\":{\"@id\":\"https:\\\/\\\/tomasostore.com.ar\\\/tienda\\\/#website\"},\"primaryImageOfPage\":{\"@id\":\"https:\\\/\\\/tomasostore.com.ar\\\/tienda\\\/producto\\\/camion-volcador-con-bomba-de-aire-2285-antex\\\/#primaryimage\"},\"image\":{\"@id\":\"https:\\\/\\\/tomasostore.com.ar\\\/tienda\\\/producto\\\/camion-volcador-con-bomba-de-aire-2285-antex\\\/#primaryimage\"},\"thumbnailUrl\":\"https:\\\/\\\/tomasostore.com.ar\\\/tienda\\\/wp-content\\\/uploads\\\/2025\\\/07\\\/antex20-6-.png.png\",\"datePublished\":\"2025-07-19T14:45:29+00:00\",\"dateModified\":\"2025-07-29T15:22:45+00:00\",\"breadcrumb\":{\"@id\":\"https:\\\/\\\/tomasostore.com.ar\\\/tienda\\\/producto\\\/camion-volcador-con-bomba-de-aire-2285-antex\\\/#breadcrumb\"},\"inLanguage\":\"es\",\"potentialAction\":[{\"@type\":\"ReadAction\",\"target\":[\"https:\\\/\\\/tomasostore.com.ar\\\/tienda\\\/producto\\\/camion-volcador-con-bomba-de-aire-2285-antex\\\/\"]}]},{\"@type\":\"ImageObject\",\"inLanguage\":\"es\",\"@id\":\"https:\\\/\\\/tomasostore.com.ar\\\/tienda\\\/producto\\\/camion-volcador-con-bomba-de-aire-2285-antex\\\/#primaryimage\",\"url\":\"https:\\\/\\\/tomasostore.com.ar\\\/tienda\\\/wp-content\\\/uploads\\\/2025\\\/07\\\/antex20-6-.png.png\",\"contentUrl\":\"https:\\\/\\\/tomasostore.com.ar\\\/tienda\\\/wp-content\\\/uploads\\\/2025\\\/07\\\/antex20-6-.png.png\",\"width\":1080,\"height\":1080},{\"@type\":\"BreadcrumbList\",\"@id\":\"https:\\\/\\\/tomasostore.com.ar\\\/tienda\\\/producto\\\/camion-volcador-con-bomba-de-aire-2285-antex\\\/#breadcrumb\",\"itemListElement\":[{\"@type\":\"ListItem\",\"position\":1,\"name\":\"Portada\",\"item\":\"https:\\\/\\\/tomasostore.com.ar\\\/tienda\\\/\"},{\"@type\":\"ListItem\",\"position\":2,\"name\":\"Tienda\",\"item\":\"https:\\\/\\\/tomasostore.com.ar\\\/tienda\\\/tienda\\\/\"},{\"@type\":\"ListItem\",\"position\":3,\"name\":\"Camion Volcador Con Bomba De Aire 2285 Antex\"}]},{\"@type\":\"WebSite\",\"@id\":\"https:\\\/\\\/tomasostore.com.ar\\\/tienda\\\/#website\",\"url\":\"https:\\\/\\\/tomasostore.com.ar\\\/tienda\\\/\",\"name\":\"Tomaso Store\",\"description\":\"Compr\u00e1s online, recib\u00eds en mano. Desde Hernando, llevando confianza a tu casa. Productos con garant\u00eda.\",\"potentialAction\":[{\"@type\":\"SearchAction\",\"target\":{\"@type\":\"EntryPoint\",\"urlTemplate\":\"https:\\\/\\\/tomasostore.com.ar\\\/tienda\\\/?s={search_term_string}\"},\"query-input\":{\"@type\":\"PropertyValueSpecification\",\"valueRequired\":true,\"valueName\":\"search_term_string\"}}],\"inLanguage\":\"es\"}]}<\/script>\n<!-- \/ Yoast SEO plugin. -->","yoast_head_json":{"title":"Camion Volcador Con Bomba De Aire 2285 Antex - Tomaso Store","robots":{"index":"index","follow":"follow","max-snippet":"max-snippet:-1","max-image-preview":"max-image-preview:large","max-video-preview":"max-video-preview:-1"},"canonical":"https:\/\/tomasostore.com.ar\/tienda\/producto\/camion-volcador-con-bomba-de-aire-2285-antex\/","og_locale":"es_ES","og_type":"article","og_title":"Camion Volcador Con Bomba De Aire 2285 Antex - Tomaso Store","og_description":"Cami\u00f3n Volcador Con Bomba De Aire 2285 Antex Cami\u00f3n con bomba de aire 2285, un juguete excepcional que no solo brinda diversi\u00f3n, sino tambi\u00e9n estimula la imaginaci\u00f3n de los ni\u00f1os. El modelo 2285 es un veh\u00edculo de arrastre que produce sonidos realistas, a\u00f1adiendo una capa extra de realismo a la experiencia de juego. Pero eso [&hellip;]","og_url":"https:\/\/tomasostore.com.ar\/tienda\/producto\/camion-volcador-con-bomba-de-aire-2285-antex\/","og_site_name":"Tomaso Store","article_modified_time":"2025-07-29T15:22:45+00:00","og_image":[{"width":1080,"height":1080,"url":"https:\/\/tomasostore.com.ar\/tienda\/wp-content\/uploads\/2025\/07\/antex20-6-.png.png","type":"image\/png"}],"twitter_card":"summary_large_image","schema":{"@context":"https:\/\/schema.org","@graph":[{"@type":"WebPage","@id":"https:\/\/tomasostore.com.ar\/tienda\/producto\/camion-volcador-con-bomba-de-aire-2285-antex\/","url":"https:\/\/tomasostore.com.ar\/tienda\/producto\/camion-volcador-con-bomba-de-aire-2285-antex\/","name":"Camion Volcador Con Bomba De Aire 2285 Antex - Tomaso Store","isPartOf":{"@id":"https:\/\/tomasostore.com.ar\/tienda\/#website"},"primaryImageOfPage":{"@id":"https:\/\/tomasostore.com.ar\/tienda\/producto\/camion-volcador-con-bomba-de-aire-2285-antex\/#primaryimage"},"image":{"@id":"https:\/\/tomasostore.com.ar\/tienda\/producto\/camion-volcador-con-bomba-de-aire-2285-antex\/#primaryimage"},"thumbnailUrl":"https:\/\/tomasostore.com.ar\/tienda\/wp-content\/uploads\/2025\/07\/antex20-6-.png.png","datePublished":"2025-07-19T14:45:29+00:00","dateModified":"2025-07-29T15:22:45+00:00","breadcrumb":{"@id":"https:\/\/tomasostore.com.ar\/tienda\/producto\/camion-volcador-con-bomba-de-aire-2285-antex\/#breadcrumb"},"inLanguage":"es","potentialAction":[{"@type":"ReadAction","target":["https:\/\/tomasostore.com.ar\/tienda\/producto\/camion-volcador-con-bomba-de-aire-2285-antex\/"]}]},{"@type":"ImageObject","inLanguage":"es","@id":"https:\/\/tomasostore.com.ar\/tienda\/producto\/camion-volcador-con-bomba-de-aire-2285-antex\/#primaryimage","url":"https:\/\/tomasostore.com.ar\/tienda\/wp-content\/uploads\/2025\/07\/antex20-6-.png.png","contentUrl":"https:\/\/tomasostore.com.ar\/tienda\/wp-content\/uploads\/2025\/07\/antex20-6-.png.png","width":1080,"height":1080},{"@type":"BreadcrumbList","@id":"https:\/\/tomasostore.com.ar\/tienda\/producto\/camion-volcador-con-bomba-de-aire-2285-antex\/#breadcrumb","itemListElement":[{"@type":"ListItem","position":1,"name":"Portada","item":"https:\/\/tomasostore.com.ar\/tienda\/"},{"@type":"ListItem","position":2,"name":"Tienda","item":"https:\/\/tomasostore.com.ar\/tienda\/tienda\/"},{"@type":"ListItem","position":3,"name":"Camion Volcador Con Bomba De Aire 2285 Antex"}]},{"@type":"WebSite","@id":"https:\/\/tomasostore.com.ar\/tienda\/#website","url":"https:\/\/tomasostore.com.ar\/tienda\/","name":"Tomaso Store","description":"Compr\u00e1s online, recib\u00eds en mano. Desde Hernando, llevando confianza a tu casa. Productos con garant\u00eda.","potentialAction":[{"@type":"SearchAction","target":{"@type":"EntryPoint","urlTemplate":"https:\/\/tomasostore.com.ar\/tienda\/?s={search_term_string}"},"query-input":{"@type":"PropertyValueSpecification","valueRequired":true,"valueName":"search_term_string"}}],"inLanguage":"es"}]}},"_links":{"self":[{"href":"https:\/\/tomasostore.com.ar\/tienda\/wp-json\/wp\/v2\/product\/351","targetHints":{"allow":["GET"]}}],"collection":[{"href":"https:\/\/tomasostore.com.ar\/tienda\/wp-json\/wp\/v2\/product"}],"about":[{"href":"https:\/\/tomasostore.com.ar\/tienda\/wp-json\/wp\/v2\/types\/product"}],"replies":[{"embeddable":true,"href":"https:\/\/tomasostore.com.ar\/tienda\/wp-json\/wp\/v2\/comments?post=351"}],"version-history":[{"count":2,"href":"https:\/\/tomasostore.com.ar\/tienda\/wp-json\/wp\/v2\/product\/351\/revisions"}],"predecessor-version":[{"id":34993,"href":"https:\/\/tomasostore.com.ar\/tienda\/wp-json\/wp\/v2\/product\/351\/revisions\/34993"}],"wp:featuredmedia":[{"embeddable":true,"href":"https:\/\/tomasostore.com.ar\/tienda\/wp-json\/wp\/v2\/media\/29362"}],"wp:attachment":[{"href":"https:\/\/tomasostore.com.ar\/tienda\/wp-json\/wp\/v2\/media?parent=351"}],"wp:term":[{"taxonomy":"product_brand","embeddable":true,"href":"https:\/\/tomasostore.com.ar\/tienda\/wp-json\/wp\/v2\/product_brand?post=351"},{"taxonomy":"product_cat","embeddable":true,"href":"https:\/\/tomasostore.com.ar\/tienda\/wp-json\/wp\/v2\/product_cat?post=351"},{"taxonomy":"product_tag","embeddable":true,"href":"https:\/\/tomasostore.com.ar\/tienda\/wp-json\/wp\/v2\/product_tag?post=351"}],"curies":[{"name":"wp","href":"https:\/\/api.w.org\/{rel}","templated":true}]}}