{"id":342,"date":"2025-07-19T11:45:28","date_gmt":"2025-07-19T14:45:28","guid":{"rendered":"https:\/\/tomasostore.com.ar\/tienda\/?post_type=product&#038;p=342"},"modified":"2025-07-29T12:22:45","modified_gmt":"2025-07-29T15:22:45","slug":"city-track-set-de-volcador-y-topadora-c-sonido-ik0484","status":"publish","type":"product","link":"https:\/\/tomasostore.com.ar\/tienda\/producto\/city-track-set-de-volcador-y-topadora-c-sonido-ik0484\/","title":{"rendered":"City Track Set De Volcador Y Topadora C\/ Sonido Ik0484"},"content":{"rendered":"<p>City Track Set De Volcador Y Topadora C\/ Sonido IK0484 Vienen distintos modelos para coleccionar, en este caso el modelo Set Volcador y Topadora. Linea: City track Estos veh\u00edculos tienen sonido como en la vida real. Divertite con los veh\u00edculos de tu ciudad.<\/p>\n","protected":false},"excerpt":{"rendered":"<p>City Track Set De Volcador Y Topadora C\/ Sonido IK0484 Vienen distintos modelos para coleccionar, en este caso el modelo Set Volcador y Topadora. Linea: City track Estos veh\u00edculos tienen sonido como en la vida real. Divertite con los veh\u00edculos de tu ciudad.<\/p>\n","protected":false},"featured_media":29358,"comment_status":"open","ping_status":"closed","template":"","meta":[],"product_brand":[46],"product_cat":[660],"product_tag":[661],"class_list":{"0":"post-342","1":"product","2":"type-product","3":"status-publish","4":"has-post-thumbnail","6":"product_brand-isakito","7":"product_cat-vehiculos","8":"product_tag-vehiculos","10":"first","11":"instock","12":"sale","13":"shipping-taxable","14":"purchasable","15":"product-type-simple"},"yoast_head":"<!-- This site is optimized with the Yoast SEO plugin v27.3 - https:\/\/yoast.com\/product\/yoast-seo-wordpress\/ -->\n<title>City Track Set De Volcador Y Topadora C\/ Sonido Ik0484 - Tomaso Store<\/title>\n<meta name=\"robots\" content=\"index, follow, max-snippet:-1, max-image-preview:large, max-video-preview:-1\" \/>\n<link rel=\"canonical\" href=\"https:\/\/tomasostore.com.ar\/tienda\/producto\/city-track-set-de-volcador-y-topadora-c-sonido-ik0484\/\" \/>\n<meta property=\"og:locale\" content=\"es_ES\" \/>\n<meta property=\"og:type\" content=\"article\" \/>\n<meta property=\"og:title\" content=\"City Track Set De Volcador Y Topadora C\/ Sonido Ik0484 - Tomaso Store\" \/>\n<meta property=\"og:description\" content=\"City Track Set De Volcador Y Topadora C\/ Sonido IK0484 Vienen distintos modelos para coleccionar, en este caso el modelo Set Volcador y Topadora. Linea: City track Estos veh\u00edculos tienen sonido como en la vida real. Divertite con los veh\u00edculos de tu ciudad.\" \/>\n<meta property=\"og:url\" content=\"https:\/\/tomasostore.com.ar\/tienda\/producto\/city-track-set-de-volcador-y-topadora-c-sonido-ik0484\/\" \/>\n<meta property=\"og:site_name\" content=\"Tomaso Store\" \/>\n<meta property=\"article:modified_time\" content=\"2025-07-29T15:22:45+00:00\" \/>\n<meta property=\"og:image\" content=\"https:\/\/tomasostore.com.ar\/tienda\/wp-content\/uploads\/2025\/07\/d970bea70529a5768e17047442049967-1024-1024.jpg\" \/>\n\t<meta property=\"og:image:width\" content=\"1024\" \/>\n\t<meta property=\"og:image:height\" content=\"1024\" \/>\n\t<meta property=\"og:image:type\" content=\"image\/jpeg\" \/>\n<meta name=\"twitter:card\" content=\"summary_large_image\" \/>\n<script type=\"application\/ld+json\" class=\"yoast-schema-graph\">{\"@context\":\"https:\\\/\\\/schema.org\",\"@graph\":[{\"@type\":\"WebPage\",\"@id\":\"https:\\\/\\\/tomasostore.com.ar\\\/tienda\\\/producto\\\/city-track-set-de-volcador-y-topadora-c-sonido-ik0484\\\/\",\"url\":\"https:\\\/\\\/tomasostore.com.ar\\\/tienda\\\/producto\\\/city-track-set-de-volcador-y-topadora-c-sonido-ik0484\\\/\",\"name\":\"City Track Set De Volcador Y Topadora C\\\/ Sonido Ik0484 - Tomaso Store\",\"isPartOf\":{\"@id\":\"https:\\\/\\\/tomasostore.com.ar\\\/tienda\\\/#website\"},\"primaryImageOfPage\":{\"@id\":\"https:\\\/\\\/tomasostore.com.ar\\\/tienda\\\/producto\\\/city-track-set-de-volcador-y-topadora-c-sonido-ik0484\\\/#primaryimage\"},\"image\":{\"@id\":\"https:\\\/\\\/tomasostore.com.ar\\\/tienda\\\/producto\\\/city-track-set-de-volcador-y-topadora-c-sonido-ik0484\\\/#primaryimage\"},\"thumbnailUrl\":\"https:\\\/\\\/tomasostore.com.ar\\\/tienda\\\/wp-content\\\/uploads\\\/2025\\\/07\\\/d970bea70529a5768e17047442049967-1024-1024.jpg\",\"datePublished\":\"2025-07-19T14:45:28+00:00\",\"dateModified\":\"2025-07-29T15:22:45+00:00\",\"breadcrumb\":{\"@id\":\"https:\\\/\\\/tomasostore.com.ar\\\/tienda\\\/producto\\\/city-track-set-de-volcador-y-topadora-c-sonido-ik0484\\\/#breadcrumb\"},\"inLanguage\":\"es\",\"potentialAction\":[{\"@type\":\"ReadAction\",\"target\":[\"https:\\\/\\\/tomasostore.com.ar\\\/tienda\\\/producto\\\/city-track-set-de-volcador-y-topadora-c-sonido-ik0484\\\/\"]}]},{\"@type\":\"ImageObject\",\"inLanguage\":\"es\",\"@id\":\"https:\\\/\\\/tomasostore.com.ar\\\/tienda\\\/producto\\\/city-track-set-de-volcador-y-topadora-c-sonido-ik0484\\\/#primaryimage\",\"url\":\"https:\\\/\\\/tomasostore.com.ar\\\/tienda\\\/wp-content\\\/uploads\\\/2025\\\/07\\\/d970bea70529a5768e17047442049967-1024-1024.jpg\",\"contentUrl\":\"https:\\\/\\\/tomasostore.com.ar\\\/tienda\\\/wp-content\\\/uploads\\\/2025\\\/07\\\/d970bea70529a5768e17047442049967-1024-1024.jpg\",\"width\":1024,\"height\":1024},{\"@type\":\"BreadcrumbList\",\"@id\":\"https:\\\/\\\/tomasostore.com.ar\\\/tienda\\\/producto\\\/city-track-set-de-volcador-y-topadora-c-sonido-ik0484\\\/#breadcrumb\",\"itemListElement\":[{\"@type\":\"ListItem\",\"position\":1,\"name\":\"Portada\",\"item\":\"https:\\\/\\\/tomasostore.com.ar\\\/tienda\\\/\"},{\"@type\":\"ListItem\",\"position\":2,\"name\":\"Tienda\",\"item\":\"https:\\\/\\\/tomasostore.com.ar\\\/tienda\\\/tienda\\\/\"},{\"@type\":\"ListItem\",\"position\":3,\"name\":\"City Track Set De Volcador Y Topadora C\\\/ Sonido Ik0484\"}]},{\"@type\":\"WebSite\",\"@id\":\"https:\\\/\\\/tomasostore.com.ar\\\/tienda\\\/#website\",\"url\":\"https:\\\/\\\/tomasostore.com.ar\\\/tienda\\\/\",\"name\":\"Tomaso Store\",\"description\":\"Compr\u00e1s online, recib\u00eds en mano. Desde Hernando, llevando confianza a tu casa. Productos con garant\u00eda.\",\"potentialAction\":[{\"@type\":\"SearchAction\",\"target\":{\"@type\":\"EntryPoint\",\"urlTemplate\":\"https:\\\/\\\/tomasostore.com.ar\\\/tienda\\\/?s={search_term_string}\"},\"query-input\":{\"@type\":\"PropertyValueSpecification\",\"valueRequired\":true,\"valueName\":\"search_term_string\"}}],\"inLanguage\":\"es\"}]}<\/script>\n<!-- \/ Yoast SEO plugin. -->","yoast_head_json":{"title":"City Track Set De Volcador Y Topadora C\/ Sonido Ik0484 - Tomaso Store","robots":{"index":"index","follow":"follow","max-snippet":"max-snippet:-1","max-image-preview":"max-image-preview:large","max-video-preview":"max-video-preview:-1"},"canonical":"https:\/\/tomasostore.com.ar\/tienda\/producto\/city-track-set-de-volcador-y-topadora-c-sonido-ik0484\/","og_locale":"es_ES","og_type":"article","og_title":"City Track Set De Volcador Y Topadora C\/ Sonido Ik0484 - Tomaso Store","og_description":"City Track Set De Volcador Y Topadora C\/ Sonido IK0484 Vienen distintos modelos para coleccionar, en este caso el modelo Set Volcador y Topadora. Linea: City track Estos veh\u00edculos tienen sonido como en la vida real. Divertite con los veh\u00edculos de tu ciudad.","og_url":"https:\/\/tomasostore.com.ar\/tienda\/producto\/city-track-set-de-volcador-y-topadora-c-sonido-ik0484\/","og_site_name":"Tomaso Store","article_modified_time":"2025-07-29T15:22:45+00:00","og_image":[{"width":1024,"height":1024,"url":"https:\/\/tomasostore.com.ar\/tienda\/wp-content\/uploads\/2025\/07\/d970bea70529a5768e17047442049967-1024-1024.jpg","type":"image\/jpeg"}],"twitter_card":"summary_large_image","schema":{"@context":"https:\/\/schema.org","@graph":[{"@type":"WebPage","@id":"https:\/\/tomasostore.com.ar\/tienda\/producto\/city-track-set-de-volcador-y-topadora-c-sonido-ik0484\/","url":"https:\/\/tomasostore.com.ar\/tienda\/producto\/city-track-set-de-volcador-y-topadora-c-sonido-ik0484\/","name":"City Track Set De Volcador Y Topadora C\/ Sonido Ik0484 - Tomaso Store","isPartOf":{"@id":"https:\/\/tomasostore.com.ar\/tienda\/#website"},"primaryImageOfPage":{"@id":"https:\/\/tomasostore.com.ar\/tienda\/producto\/city-track-set-de-volcador-y-topadora-c-sonido-ik0484\/#primaryimage"},"image":{"@id":"https:\/\/tomasostore.com.ar\/tienda\/producto\/city-track-set-de-volcador-y-topadora-c-sonido-ik0484\/#primaryimage"},"thumbnailUrl":"https:\/\/tomasostore.com.ar\/tienda\/wp-content\/uploads\/2025\/07\/d970bea70529a5768e17047442049967-1024-1024.jpg","datePublished":"2025-07-19T14:45:28+00:00","dateModified":"2025-07-29T15:22:45+00:00","breadcrumb":{"@id":"https:\/\/tomasostore.com.ar\/tienda\/producto\/city-track-set-de-volcador-y-topadora-c-sonido-ik0484\/#breadcrumb"},"inLanguage":"es","potentialAction":[{"@type":"ReadAction","target":["https:\/\/tomasostore.com.ar\/tienda\/producto\/city-track-set-de-volcador-y-topadora-c-sonido-ik0484\/"]}]},{"@type":"ImageObject","inLanguage":"es","@id":"https:\/\/tomasostore.com.ar\/tienda\/producto\/city-track-set-de-volcador-y-topadora-c-sonido-ik0484\/#primaryimage","url":"https:\/\/tomasostore.com.ar\/tienda\/wp-content\/uploads\/2025\/07\/d970bea70529a5768e17047442049967-1024-1024.jpg","contentUrl":"https:\/\/tomasostore.com.ar\/tienda\/wp-content\/uploads\/2025\/07\/d970bea70529a5768e17047442049967-1024-1024.jpg","width":1024,"height":1024},{"@type":"BreadcrumbList","@id":"https:\/\/tomasostore.com.ar\/tienda\/producto\/city-track-set-de-volcador-y-topadora-c-sonido-ik0484\/#breadcrumb","itemListElement":[{"@type":"ListItem","position":1,"name":"Portada","item":"https:\/\/tomasostore.com.ar\/tienda\/"},{"@type":"ListItem","position":2,"name":"Tienda","item":"https:\/\/tomasostore.com.ar\/tienda\/tienda\/"},{"@type":"ListItem","position":3,"name":"City Track Set De Volcador Y Topadora C\/ Sonido Ik0484"}]},{"@type":"WebSite","@id":"https:\/\/tomasostore.com.ar\/tienda\/#website","url":"https:\/\/tomasostore.com.ar\/tienda\/","name":"Tomaso Store","description":"Compr\u00e1s online, recib\u00eds en mano. Desde Hernando, llevando confianza a tu casa. Productos con garant\u00eda.","potentialAction":[{"@type":"SearchAction","target":{"@type":"EntryPoint","urlTemplate":"https:\/\/tomasostore.com.ar\/tienda\/?s={search_term_string}"},"query-input":{"@type":"PropertyValueSpecification","valueRequired":true,"valueName":"search_term_string"}}],"inLanguage":"es"}]}},"_links":{"self":[{"href":"https:\/\/tomasostore.com.ar\/tienda\/wp-json\/wp\/v2\/product\/342","targetHints":{"allow":["GET"]}}],"collection":[{"href":"https:\/\/tomasostore.com.ar\/tienda\/wp-json\/wp\/v2\/product"}],"about":[{"href":"https:\/\/tomasostore.com.ar\/tienda\/wp-json\/wp\/v2\/types\/product"}],"replies":[{"embeddable":true,"href":"https:\/\/tomasostore.com.ar\/tienda\/wp-json\/wp\/v2\/comments?post=342"}],"version-history":[{"count":2,"href":"https:\/\/tomasostore.com.ar\/tienda\/wp-json\/wp\/v2\/product\/342\/revisions"}],"predecessor-version":[{"id":34991,"href":"https:\/\/tomasostore.com.ar\/tienda\/wp-json\/wp\/v2\/product\/342\/revisions\/34991"}],"wp:featuredmedia":[{"embeddable":true,"href":"https:\/\/tomasostore.com.ar\/tienda\/wp-json\/wp\/v2\/media\/29358"}],"wp:attachment":[{"href":"https:\/\/tomasostore.com.ar\/tienda\/wp-json\/wp\/v2\/media?parent=342"}],"wp:term":[{"taxonomy":"product_brand","embeddable":true,"href":"https:\/\/tomasostore.com.ar\/tienda\/wp-json\/wp\/v2\/product_brand?post=342"},{"taxonomy":"product_cat","embeddable":true,"href":"https:\/\/tomasostore.com.ar\/tienda\/wp-json\/wp\/v2\/product_cat?post=342"},{"taxonomy":"product_tag","embeddable":true,"href":"https:\/\/tomasostore.com.ar\/tienda\/wp-json\/wp\/v2\/product_tag?post=342"}],"curies":[{"name":"wp","href":"https:\/\/api.w.org\/{rel}","templated":true}]}}