{"id":332,"date":"2025-07-19T10:35:12","date_gmt":"2025-07-19T13:35:12","guid":{"rendered":"https:\/\/tomasostore.com.ar\/tienda\/?post_type=product&#038;p=332"},"modified":"2025-07-29T12:14:15","modified_gmt":"2025-07-29T15:14:15","slug":"playmobil-cuidador-de-perros-70883","status":"publish","type":"product","link":"https:\/\/tomasostore.com.ar\/tienda\/producto\/playmobil-cuidador-de-perros-70883\/","title":{"rendered":"Playmobil Cuidador De Perros &#8211; 70883"},"content":{"rendered":"<p>Playmobil Cuidador De Perros &#8211; 70883 Es un d\u00eda perfecto para que el cuidador de perros lleve a los cachorros a pasear por el parque. Los cuatro perros juegan bien entre ellos y les encanta retozar. Juega con este set solo o comb\u00ednalo con cualquier otro set de PLAYMOBIL.<\/p>\n","protected":false},"excerpt":{"rendered":"<p>Playmobil Cuidador De Perros &#8211; 70883 Es un d\u00eda perfecto para que el cuidador de perros lleve a los cachorros a pasear por el parque. Los cuatro perros juegan bien entre ellos y les encanta retozar. Juega con este set solo o comb\u00ednalo con cualquier otro set de PLAYMOBIL.<\/p>\n","protected":false},"featured_media":23449,"comment_status":"open","ping_status":"closed","template":"","meta":[],"product_brand":[249],"product_cat":[638],"product_tag":[639],"class_list":{"0":"post-332","1":"product","2":"type-product","3":"status-publish","4":"has-post-thumbnail","6":"product_brand-intek","7":"product_cat-figuras-de-accion-y-munecos","8":"product_tag-figuras-de-accion-y-munecos","10":"first","11":"instock","12":"sale","13":"shipping-taxable","14":"purchasable","15":"product-type-simple"},"yoast_head":"<!-- This site is optimized with the Yoast SEO plugin v27.5 - https:\/\/yoast.com\/product\/yoast-seo-wordpress\/ -->\n<title>Playmobil Cuidador De Perros - 70883 - Tomaso Store<\/title>\n<meta name=\"robots\" content=\"index, follow, max-snippet:-1, max-image-preview:large, max-video-preview:-1\" \/>\n<link rel=\"canonical\" href=\"https:\/\/tomasostore.com.ar\/tienda\/producto\/playmobil-cuidador-de-perros-70883\/\" \/>\n<meta property=\"og:locale\" content=\"es_ES\" \/>\n<meta property=\"og:type\" content=\"article\" \/>\n<meta property=\"og:title\" content=\"Playmobil Cuidador De Perros - 70883 - Tomaso Store\" \/>\n<meta property=\"og:description\" content=\"Playmobil Cuidador De Perros &#8211; 70883 Es un d\u00eda perfecto para que el cuidador de perros lleve a los cachorros a pasear por el parque. Los cuatro perros juegan bien entre ellos y les encanta retozar. Juega con este set solo o comb\u00ednalo con cualquier otro set de PLAYMOBIL.\" \/>\n<meta property=\"og:url\" content=\"https:\/\/tomasostore.com.ar\/tienda\/producto\/playmobil-cuidador-de-perros-70883\/\" \/>\n<meta property=\"og:site_name\" content=\"Tomaso Store\" \/>\n<meta property=\"article:modified_time\" content=\"2025-07-29T15:14:15+00:00\" \/>\n<meta property=\"og:image\" content=\"https:\/\/tomasostore.com.ar\/tienda\/wp-content\/uploads\/2025\/07\/diseno-sin-titulo-18-f69350d683de0bf3f317047494426752-1024-1024.png\" \/>\n\t<meta property=\"og:image:width\" content=\"1024\" \/>\n\t<meta property=\"og:image:height\" content=\"1024\" \/>\n\t<meta property=\"og:image:type\" content=\"image\/png\" \/>\n<meta name=\"twitter:card\" content=\"summary_large_image\" \/>\n<script type=\"application\/ld+json\" class=\"yoast-schema-graph\">{\"@context\":\"https:\\\/\\\/schema.org\",\"@graph\":[{\"@type\":\"WebPage\",\"@id\":\"https:\\\/\\\/tomasostore.com.ar\\\/tienda\\\/producto\\\/playmobil-cuidador-de-perros-70883\\\/\",\"url\":\"https:\\\/\\\/tomasostore.com.ar\\\/tienda\\\/producto\\\/playmobil-cuidador-de-perros-70883\\\/\",\"name\":\"Playmobil Cuidador De Perros - 70883 - Tomaso Store\",\"isPartOf\":{\"@id\":\"https:\\\/\\\/tomasostore.com.ar\\\/tienda\\\/#website\"},\"primaryImageOfPage\":{\"@id\":\"https:\\\/\\\/tomasostore.com.ar\\\/tienda\\\/producto\\\/playmobil-cuidador-de-perros-70883\\\/#primaryimage\"},\"image\":{\"@id\":\"https:\\\/\\\/tomasostore.com.ar\\\/tienda\\\/producto\\\/playmobil-cuidador-de-perros-70883\\\/#primaryimage\"},\"thumbnailUrl\":\"https:\\\/\\\/tomasostore.com.ar\\\/tienda\\\/wp-content\\\/uploads\\\/2025\\\/07\\\/diseno-sin-titulo-18-f69350d683de0bf3f317047494426752-1024-1024.png\",\"datePublished\":\"2025-07-19T13:35:12+00:00\",\"dateModified\":\"2025-07-29T15:14:15+00:00\",\"breadcrumb\":{\"@id\":\"https:\\\/\\\/tomasostore.com.ar\\\/tienda\\\/producto\\\/playmobil-cuidador-de-perros-70883\\\/#breadcrumb\"},\"inLanguage\":\"es\",\"potentialAction\":[{\"@type\":\"ReadAction\",\"target\":[\"https:\\\/\\\/tomasostore.com.ar\\\/tienda\\\/producto\\\/playmobil-cuidador-de-perros-70883\\\/\"]}]},{\"@type\":\"ImageObject\",\"inLanguage\":\"es\",\"@id\":\"https:\\\/\\\/tomasostore.com.ar\\\/tienda\\\/producto\\\/playmobil-cuidador-de-perros-70883\\\/#primaryimage\",\"url\":\"https:\\\/\\\/tomasostore.com.ar\\\/tienda\\\/wp-content\\\/uploads\\\/2025\\\/07\\\/diseno-sin-titulo-18-f69350d683de0bf3f317047494426752-1024-1024.png\",\"contentUrl\":\"https:\\\/\\\/tomasostore.com.ar\\\/tienda\\\/wp-content\\\/uploads\\\/2025\\\/07\\\/diseno-sin-titulo-18-f69350d683de0bf3f317047494426752-1024-1024.png\",\"width\":1024,\"height\":1024},{\"@type\":\"BreadcrumbList\",\"@id\":\"https:\\\/\\\/tomasostore.com.ar\\\/tienda\\\/producto\\\/playmobil-cuidador-de-perros-70883\\\/#breadcrumb\",\"itemListElement\":[{\"@type\":\"ListItem\",\"position\":1,\"name\":\"Portada\",\"item\":\"https:\\\/\\\/tomasostore.com.ar\\\/tienda\\\/\"},{\"@type\":\"ListItem\",\"position\":2,\"name\":\"Tienda\",\"item\":\"https:\\\/\\\/tomasostore.com.ar\\\/tienda\\\/tienda\\\/\"},{\"@type\":\"ListItem\",\"position\":3,\"name\":\"Playmobil Cuidador De Perros &#8211; 70883\"}]},{\"@type\":\"WebSite\",\"@id\":\"https:\\\/\\\/tomasostore.com.ar\\\/tienda\\\/#website\",\"url\":\"https:\\\/\\\/tomasostore.com.ar\\\/tienda\\\/\",\"name\":\"Tomaso Store\",\"description\":\"Compr\u00e1s online, recib\u00eds en mano. Desde Hernando, llevando confianza a tu casa. Productos con garant\u00eda.\",\"potentialAction\":[{\"@type\":\"SearchAction\",\"target\":{\"@type\":\"EntryPoint\",\"urlTemplate\":\"https:\\\/\\\/tomasostore.com.ar\\\/tienda\\\/?s={search_term_string}\"},\"query-input\":{\"@type\":\"PropertyValueSpecification\",\"valueRequired\":true,\"valueName\":\"search_term_string\"}}],\"inLanguage\":\"es\"}]}<\/script>\n<!-- \/ Yoast SEO plugin. -->","yoast_head_json":{"title":"Playmobil Cuidador De Perros - 70883 - Tomaso Store","robots":{"index":"index","follow":"follow","max-snippet":"max-snippet:-1","max-image-preview":"max-image-preview:large","max-video-preview":"max-video-preview:-1"},"canonical":"https:\/\/tomasostore.com.ar\/tienda\/producto\/playmobil-cuidador-de-perros-70883\/","og_locale":"es_ES","og_type":"article","og_title":"Playmobil Cuidador De Perros - 70883 - Tomaso Store","og_description":"Playmobil Cuidador De Perros &#8211; 70883 Es un d\u00eda perfecto para que el cuidador de perros lleve a los cachorros a pasear por el parque. Los cuatro perros juegan bien entre ellos y les encanta retozar. Juega con este set solo o comb\u00ednalo con cualquier otro set de PLAYMOBIL.","og_url":"https:\/\/tomasostore.com.ar\/tienda\/producto\/playmobil-cuidador-de-perros-70883\/","og_site_name":"Tomaso Store","article_modified_time":"2025-07-29T15:14:15+00:00","og_image":[{"width":1024,"height":1024,"url":"https:\/\/tomasostore.com.ar\/tienda\/wp-content\/uploads\/2025\/07\/diseno-sin-titulo-18-f69350d683de0bf3f317047494426752-1024-1024.png","type":"image\/png"}],"twitter_card":"summary_large_image","schema":{"@context":"https:\/\/schema.org","@graph":[{"@type":"WebPage","@id":"https:\/\/tomasostore.com.ar\/tienda\/producto\/playmobil-cuidador-de-perros-70883\/","url":"https:\/\/tomasostore.com.ar\/tienda\/producto\/playmobil-cuidador-de-perros-70883\/","name":"Playmobil Cuidador De Perros - 70883 - Tomaso Store","isPartOf":{"@id":"https:\/\/tomasostore.com.ar\/tienda\/#website"},"primaryImageOfPage":{"@id":"https:\/\/tomasostore.com.ar\/tienda\/producto\/playmobil-cuidador-de-perros-70883\/#primaryimage"},"image":{"@id":"https:\/\/tomasostore.com.ar\/tienda\/producto\/playmobil-cuidador-de-perros-70883\/#primaryimage"},"thumbnailUrl":"https:\/\/tomasostore.com.ar\/tienda\/wp-content\/uploads\/2025\/07\/diseno-sin-titulo-18-f69350d683de0bf3f317047494426752-1024-1024.png","datePublished":"2025-07-19T13:35:12+00:00","dateModified":"2025-07-29T15:14:15+00:00","breadcrumb":{"@id":"https:\/\/tomasostore.com.ar\/tienda\/producto\/playmobil-cuidador-de-perros-70883\/#breadcrumb"},"inLanguage":"es","potentialAction":[{"@type":"ReadAction","target":["https:\/\/tomasostore.com.ar\/tienda\/producto\/playmobil-cuidador-de-perros-70883\/"]}]},{"@type":"ImageObject","inLanguage":"es","@id":"https:\/\/tomasostore.com.ar\/tienda\/producto\/playmobil-cuidador-de-perros-70883\/#primaryimage","url":"https:\/\/tomasostore.com.ar\/tienda\/wp-content\/uploads\/2025\/07\/diseno-sin-titulo-18-f69350d683de0bf3f317047494426752-1024-1024.png","contentUrl":"https:\/\/tomasostore.com.ar\/tienda\/wp-content\/uploads\/2025\/07\/diseno-sin-titulo-18-f69350d683de0bf3f317047494426752-1024-1024.png","width":1024,"height":1024},{"@type":"BreadcrumbList","@id":"https:\/\/tomasostore.com.ar\/tienda\/producto\/playmobil-cuidador-de-perros-70883\/#breadcrumb","itemListElement":[{"@type":"ListItem","position":1,"name":"Portada","item":"https:\/\/tomasostore.com.ar\/tienda\/"},{"@type":"ListItem","position":2,"name":"Tienda","item":"https:\/\/tomasostore.com.ar\/tienda\/tienda\/"},{"@type":"ListItem","position":3,"name":"Playmobil Cuidador De Perros &#8211; 70883"}]},{"@type":"WebSite","@id":"https:\/\/tomasostore.com.ar\/tienda\/#website","url":"https:\/\/tomasostore.com.ar\/tienda\/","name":"Tomaso Store","description":"Compr\u00e1s online, recib\u00eds en mano. Desde Hernando, llevando confianza a tu casa. Productos con garant\u00eda.","potentialAction":[{"@type":"SearchAction","target":{"@type":"EntryPoint","urlTemplate":"https:\/\/tomasostore.com.ar\/tienda\/?s={search_term_string}"},"query-input":{"@type":"PropertyValueSpecification","valueRequired":true,"valueName":"search_term_string"}}],"inLanguage":"es"}]}},"_links":{"self":[{"href":"https:\/\/tomasostore.com.ar\/tienda\/wp-json\/wp\/v2\/product\/332","targetHints":{"allow":["GET"]}}],"collection":[{"href":"https:\/\/tomasostore.com.ar\/tienda\/wp-json\/wp\/v2\/product"}],"about":[{"href":"https:\/\/tomasostore.com.ar\/tienda\/wp-json\/wp\/v2\/types\/product"}],"replies":[{"embeddable":true,"href":"https:\/\/tomasostore.com.ar\/tienda\/wp-json\/wp\/v2\/comments?post=332"}],"version-history":[{"count":2,"href":"https:\/\/tomasostore.com.ar\/tienda\/wp-json\/wp\/v2\/product\/332\/revisions"}],"predecessor-version":[{"id":32295,"href":"https:\/\/tomasostore.com.ar\/tienda\/wp-json\/wp\/v2\/product\/332\/revisions\/32295"}],"wp:featuredmedia":[{"embeddable":true,"href":"https:\/\/tomasostore.com.ar\/tienda\/wp-json\/wp\/v2\/media\/23449"}],"wp:attachment":[{"href":"https:\/\/tomasostore.com.ar\/tienda\/wp-json\/wp\/v2\/media?parent=332"}],"wp:term":[{"taxonomy":"product_brand","embeddable":true,"href":"https:\/\/tomasostore.com.ar\/tienda\/wp-json\/wp\/v2\/product_brand?post=332"},{"taxonomy":"product_cat","embeddable":true,"href":"https:\/\/tomasostore.com.ar\/tienda\/wp-json\/wp\/v2\/product_cat?post=332"},{"taxonomy":"product_tag","embeddable":true,"href":"https:\/\/tomasostore.com.ar\/tienda\/wp-json\/wp\/v2\/product_tag?post=332"}],"curies":[{"name":"wp","href":"https:\/\/api.w.org\/{rel}","templated":true}]}}