{"id":315,"date":"2025-07-19T10:35:08","date_gmt":"2025-07-19T13:35:08","guid":{"rendered":"https:\/\/tomasostore.com.ar\/tienda\/?post_type=product&#038;p=315"},"modified":"2025-07-29T12:14:15","modified_gmt":"2025-07-29T15:14:15","slug":"playmobil-figura-individual-rosa-serie-23-70639","status":"publish","type":"product","link":"https:\/\/tomasostore.com.ar\/tienda\/producto\/playmobil-figura-individual-rosa-serie-23-70639\/","title":{"rendered":"Playmobil Figura Individual Rosa Serie 23 &#8211; 70639"},"content":{"rendered":"<p>Playmobil Figura Individual Rosa Serie 23 &#8211; 70639 Bolsas sorpresa con figuras de PLAYMOBIL en piezas individuales. \u00a1Para armar y coleccionar o mezclar cabezas, cuerpos, piernas y crear nuevos personajes. Lo podr\u00e1s Desarmar, combinar de manera diferente y tener un nuevo personaje cada d\u00eda.<\/p>\n","protected":false},"excerpt":{"rendered":"<p>Playmobil Figura Individual Rosa Serie 23 &#8211; 70639 Bolsas sorpresa con figuras de PLAYMOBIL en piezas individuales. \u00a1Para armar y coleccionar o mezclar cabezas, cuerpos, piernas y crear nuevos personajes. Lo podr\u00e1s Desarmar, combinar de manera diferente y tener un nuevo personaje cada d\u00eda.<\/p>\n","protected":false},"featured_media":23443,"comment_status":"open","ping_status":"closed","template":"","meta":[],"product_brand":[249],"product_cat":[638],"product_tag":[639],"class_list":{"0":"post-315","1":"product","2":"type-product","3":"status-publish","4":"has-post-thumbnail","6":"product_brand-intek","7":"product_cat-figuras-de-accion-y-munecos","8":"product_tag-figuras-de-accion-y-munecos","10":"first","11":"instock","12":"sale","13":"shipping-taxable","14":"purchasable","15":"product-type-simple"},"yoast_head":"<!-- This site is optimized with the Yoast SEO plugin v27.5 - https:\/\/yoast.com\/product\/yoast-seo-wordpress\/ -->\n<title>Playmobil Figura Individual Rosa Serie 23 - 70639 - Tomaso Store<\/title>\n<meta name=\"robots\" content=\"index, follow, max-snippet:-1, max-image-preview:large, max-video-preview:-1\" \/>\n<link rel=\"canonical\" href=\"https:\/\/tomasostore.com.ar\/tienda\/producto\/playmobil-figura-individual-rosa-serie-23-70639\/\" \/>\n<meta property=\"og:locale\" content=\"es_ES\" \/>\n<meta property=\"og:type\" content=\"article\" \/>\n<meta property=\"og:title\" content=\"Playmobil Figura Individual Rosa Serie 23 - 70639 - Tomaso Store\" \/>\n<meta property=\"og:description\" content=\"Playmobil Figura Individual Rosa Serie 23 &#8211; 70639 Bolsas sorpresa con figuras de PLAYMOBIL en piezas individuales. \u00a1Para armar y coleccionar o mezclar cabezas, cuerpos, piernas y crear nuevos personajes. Lo podr\u00e1s Desarmar, combinar de manera diferente y tener un nuevo personaje cada d\u00eda.\" \/>\n<meta property=\"og:url\" content=\"https:\/\/tomasostore.com.ar\/tienda\/producto\/playmobil-figura-individual-rosa-serie-23-70639\/\" \/>\n<meta property=\"og:site_name\" content=\"Tomaso Store\" \/>\n<meta property=\"article:modified_time\" content=\"2025-07-29T15:14:15+00:00\" \/>\n<meta property=\"og:image\" content=\"https:\/\/tomasostore.com.ar\/tienda\/wp-content\/uploads\/2025\/07\/diseno-sin-titulo-2024-01-09t104243-149-f980bf7a91ec1f6efa17048078161140-1024-1024.png\" \/>\n\t<meta property=\"og:image:width\" content=\"1024\" \/>\n\t<meta property=\"og:image:height\" content=\"1024\" \/>\n\t<meta property=\"og:image:type\" content=\"image\/png\" \/>\n<meta name=\"twitter:card\" content=\"summary_large_image\" \/>\n<script type=\"application\/ld+json\" class=\"yoast-schema-graph\">{\"@context\":\"https:\\\/\\\/schema.org\",\"@graph\":[{\"@type\":\"WebPage\",\"@id\":\"https:\\\/\\\/tomasostore.com.ar\\\/tienda\\\/producto\\\/playmobil-figura-individual-rosa-serie-23-70639\\\/\",\"url\":\"https:\\\/\\\/tomasostore.com.ar\\\/tienda\\\/producto\\\/playmobil-figura-individual-rosa-serie-23-70639\\\/\",\"name\":\"Playmobil Figura Individual Rosa Serie 23 - 70639 - Tomaso Store\",\"isPartOf\":{\"@id\":\"https:\\\/\\\/tomasostore.com.ar\\\/tienda\\\/#website\"},\"primaryImageOfPage\":{\"@id\":\"https:\\\/\\\/tomasostore.com.ar\\\/tienda\\\/producto\\\/playmobil-figura-individual-rosa-serie-23-70639\\\/#primaryimage\"},\"image\":{\"@id\":\"https:\\\/\\\/tomasostore.com.ar\\\/tienda\\\/producto\\\/playmobil-figura-individual-rosa-serie-23-70639\\\/#primaryimage\"},\"thumbnailUrl\":\"https:\\\/\\\/tomasostore.com.ar\\\/tienda\\\/wp-content\\\/uploads\\\/2025\\\/07\\\/diseno-sin-titulo-2024-01-09t104243-149-f980bf7a91ec1f6efa17048078161140-1024-1024.png\",\"datePublished\":\"2025-07-19T13:35:08+00:00\",\"dateModified\":\"2025-07-29T15:14:15+00:00\",\"breadcrumb\":{\"@id\":\"https:\\\/\\\/tomasostore.com.ar\\\/tienda\\\/producto\\\/playmobil-figura-individual-rosa-serie-23-70639\\\/#breadcrumb\"},\"inLanguage\":\"es\",\"potentialAction\":[{\"@type\":\"ReadAction\",\"target\":[\"https:\\\/\\\/tomasostore.com.ar\\\/tienda\\\/producto\\\/playmobil-figura-individual-rosa-serie-23-70639\\\/\"]}]},{\"@type\":\"ImageObject\",\"inLanguage\":\"es\",\"@id\":\"https:\\\/\\\/tomasostore.com.ar\\\/tienda\\\/producto\\\/playmobil-figura-individual-rosa-serie-23-70639\\\/#primaryimage\",\"url\":\"https:\\\/\\\/tomasostore.com.ar\\\/tienda\\\/wp-content\\\/uploads\\\/2025\\\/07\\\/diseno-sin-titulo-2024-01-09t104243-149-f980bf7a91ec1f6efa17048078161140-1024-1024.png\",\"contentUrl\":\"https:\\\/\\\/tomasostore.com.ar\\\/tienda\\\/wp-content\\\/uploads\\\/2025\\\/07\\\/diseno-sin-titulo-2024-01-09t104243-149-f980bf7a91ec1f6efa17048078161140-1024-1024.png\",\"width\":1024,\"height\":1024},{\"@type\":\"BreadcrumbList\",\"@id\":\"https:\\\/\\\/tomasostore.com.ar\\\/tienda\\\/producto\\\/playmobil-figura-individual-rosa-serie-23-70639\\\/#breadcrumb\",\"itemListElement\":[{\"@type\":\"ListItem\",\"position\":1,\"name\":\"Portada\",\"item\":\"https:\\\/\\\/tomasostore.com.ar\\\/tienda\\\/\"},{\"@type\":\"ListItem\",\"position\":2,\"name\":\"Tienda\",\"item\":\"https:\\\/\\\/tomasostore.com.ar\\\/tienda\\\/tienda\\\/\"},{\"@type\":\"ListItem\",\"position\":3,\"name\":\"Playmobil Figura Individual Rosa Serie 23 &#8211; 70639\"}]},{\"@type\":\"WebSite\",\"@id\":\"https:\\\/\\\/tomasostore.com.ar\\\/tienda\\\/#website\",\"url\":\"https:\\\/\\\/tomasostore.com.ar\\\/tienda\\\/\",\"name\":\"Tomaso Store\",\"description\":\"Compr\u00e1s online, recib\u00eds en mano. Desde Hernando, llevando confianza a tu casa. Productos con garant\u00eda.\",\"potentialAction\":[{\"@type\":\"SearchAction\",\"target\":{\"@type\":\"EntryPoint\",\"urlTemplate\":\"https:\\\/\\\/tomasostore.com.ar\\\/tienda\\\/?s={search_term_string}\"},\"query-input\":{\"@type\":\"PropertyValueSpecification\",\"valueRequired\":true,\"valueName\":\"search_term_string\"}}],\"inLanguage\":\"es\"}]}<\/script>\n<!-- \/ Yoast SEO plugin. -->","yoast_head_json":{"title":"Playmobil Figura Individual Rosa Serie 23 - 70639 - Tomaso Store","robots":{"index":"index","follow":"follow","max-snippet":"max-snippet:-1","max-image-preview":"max-image-preview:large","max-video-preview":"max-video-preview:-1"},"canonical":"https:\/\/tomasostore.com.ar\/tienda\/producto\/playmobil-figura-individual-rosa-serie-23-70639\/","og_locale":"es_ES","og_type":"article","og_title":"Playmobil Figura Individual Rosa Serie 23 - 70639 - Tomaso Store","og_description":"Playmobil Figura Individual Rosa Serie 23 &#8211; 70639 Bolsas sorpresa con figuras de PLAYMOBIL en piezas individuales. \u00a1Para armar y coleccionar o mezclar cabezas, cuerpos, piernas y crear nuevos personajes. Lo podr\u00e1s Desarmar, combinar de manera diferente y tener un nuevo personaje cada d\u00eda.","og_url":"https:\/\/tomasostore.com.ar\/tienda\/producto\/playmobil-figura-individual-rosa-serie-23-70639\/","og_site_name":"Tomaso Store","article_modified_time":"2025-07-29T15:14:15+00:00","og_image":[{"width":1024,"height":1024,"url":"https:\/\/tomasostore.com.ar\/tienda\/wp-content\/uploads\/2025\/07\/diseno-sin-titulo-2024-01-09t104243-149-f980bf7a91ec1f6efa17048078161140-1024-1024.png","type":"image\/png"}],"twitter_card":"summary_large_image","schema":{"@context":"https:\/\/schema.org","@graph":[{"@type":"WebPage","@id":"https:\/\/tomasostore.com.ar\/tienda\/producto\/playmobil-figura-individual-rosa-serie-23-70639\/","url":"https:\/\/tomasostore.com.ar\/tienda\/producto\/playmobil-figura-individual-rosa-serie-23-70639\/","name":"Playmobil Figura Individual Rosa Serie 23 - 70639 - Tomaso Store","isPartOf":{"@id":"https:\/\/tomasostore.com.ar\/tienda\/#website"},"primaryImageOfPage":{"@id":"https:\/\/tomasostore.com.ar\/tienda\/producto\/playmobil-figura-individual-rosa-serie-23-70639\/#primaryimage"},"image":{"@id":"https:\/\/tomasostore.com.ar\/tienda\/producto\/playmobil-figura-individual-rosa-serie-23-70639\/#primaryimage"},"thumbnailUrl":"https:\/\/tomasostore.com.ar\/tienda\/wp-content\/uploads\/2025\/07\/diseno-sin-titulo-2024-01-09t104243-149-f980bf7a91ec1f6efa17048078161140-1024-1024.png","datePublished":"2025-07-19T13:35:08+00:00","dateModified":"2025-07-29T15:14:15+00:00","breadcrumb":{"@id":"https:\/\/tomasostore.com.ar\/tienda\/producto\/playmobil-figura-individual-rosa-serie-23-70639\/#breadcrumb"},"inLanguage":"es","potentialAction":[{"@type":"ReadAction","target":["https:\/\/tomasostore.com.ar\/tienda\/producto\/playmobil-figura-individual-rosa-serie-23-70639\/"]}]},{"@type":"ImageObject","inLanguage":"es","@id":"https:\/\/tomasostore.com.ar\/tienda\/producto\/playmobil-figura-individual-rosa-serie-23-70639\/#primaryimage","url":"https:\/\/tomasostore.com.ar\/tienda\/wp-content\/uploads\/2025\/07\/diseno-sin-titulo-2024-01-09t104243-149-f980bf7a91ec1f6efa17048078161140-1024-1024.png","contentUrl":"https:\/\/tomasostore.com.ar\/tienda\/wp-content\/uploads\/2025\/07\/diseno-sin-titulo-2024-01-09t104243-149-f980bf7a91ec1f6efa17048078161140-1024-1024.png","width":1024,"height":1024},{"@type":"BreadcrumbList","@id":"https:\/\/tomasostore.com.ar\/tienda\/producto\/playmobil-figura-individual-rosa-serie-23-70639\/#breadcrumb","itemListElement":[{"@type":"ListItem","position":1,"name":"Portada","item":"https:\/\/tomasostore.com.ar\/tienda\/"},{"@type":"ListItem","position":2,"name":"Tienda","item":"https:\/\/tomasostore.com.ar\/tienda\/tienda\/"},{"@type":"ListItem","position":3,"name":"Playmobil Figura Individual Rosa Serie 23 &#8211; 70639"}]},{"@type":"WebSite","@id":"https:\/\/tomasostore.com.ar\/tienda\/#website","url":"https:\/\/tomasostore.com.ar\/tienda\/","name":"Tomaso Store","description":"Compr\u00e1s online, recib\u00eds en mano. Desde Hernando, llevando confianza a tu casa. Productos con garant\u00eda.","potentialAction":[{"@type":"SearchAction","target":{"@type":"EntryPoint","urlTemplate":"https:\/\/tomasostore.com.ar\/tienda\/?s={search_term_string}"},"query-input":{"@type":"PropertyValueSpecification","valueRequired":true,"valueName":"search_term_string"}}],"inLanguage":"es"}]}},"_links":{"self":[{"href":"https:\/\/tomasostore.com.ar\/tienda\/wp-json\/wp\/v2\/product\/315","targetHints":{"allow":["GET"]}}],"collection":[{"href":"https:\/\/tomasostore.com.ar\/tienda\/wp-json\/wp\/v2\/product"}],"about":[{"href":"https:\/\/tomasostore.com.ar\/tienda\/wp-json\/wp\/v2\/types\/product"}],"replies":[{"embeddable":true,"href":"https:\/\/tomasostore.com.ar\/tienda\/wp-json\/wp\/v2\/comments?post=315"}],"version-history":[{"count":2,"href":"https:\/\/tomasostore.com.ar\/tienda\/wp-json\/wp\/v2\/product\/315\/revisions"}],"predecessor-version":[{"id":32292,"href":"https:\/\/tomasostore.com.ar\/tienda\/wp-json\/wp\/v2\/product\/315\/revisions\/32292"}],"wp:featuredmedia":[{"embeddable":true,"href":"https:\/\/tomasostore.com.ar\/tienda\/wp-json\/wp\/v2\/media\/23443"}],"wp:attachment":[{"href":"https:\/\/tomasostore.com.ar\/tienda\/wp-json\/wp\/v2\/media?parent=315"}],"wp:term":[{"taxonomy":"product_brand","embeddable":true,"href":"https:\/\/tomasostore.com.ar\/tienda\/wp-json\/wp\/v2\/product_brand?post=315"},{"taxonomy":"product_cat","embeddable":true,"href":"https:\/\/tomasostore.com.ar\/tienda\/wp-json\/wp\/v2\/product_cat?post=315"},{"taxonomy":"product_tag","embeddable":true,"href":"https:\/\/tomasostore.com.ar\/tienda\/wp-json\/wp\/v2\/product_tag?post=315"}],"curies":[{"name":"wp","href":"https:\/\/api.w.org\/{rel}","templated":true}]}}