{"id":273,"date":"2025-07-19T11:04:32","date_gmt":"2025-07-19T14:04:32","guid":{"rendered":"https:\/\/tomasostore.com.ar\/tienda\/?post_type=product&#038;p=273"},"modified":"2025-07-29T12:17:55","modified_gmt":"2025-07-29T15:17:55","slug":"juego-de-bloques-15-pzs-magneticos-geomag-supercolor-panels","status":"publish","type":"product","link":"https:\/\/tomasostore.com.ar\/tienda\/producto\/juego-de-bloques-15-pzs-magneticos-geomag-supercolor-panels\/","title":{"rendered":"Juego De Bloques 15 Pzs Magneticos Geomag Supercolor Panels"},"content":{"rendered":"<p>Juego De Bloques 15 Pzs Magneticos Geomag Supercolor Panels El Juego De Bloques 15 Pzs Magneticos Geomag Supercolor Panels es una opci\u00f3n perfecta para los amantes de la construcci\u00f3n y la creatividad. Con su marca STEM, este juego ofrece una experiencia educativa y divertida para ni\u00f1os y adultos por igual. Con 15 piezas magn\u00e9ticas, incluyendo esferas, palitos y tri\u00e1ngulos, las posibilidades de construcci\u00f3n son infinitas.<\/p>\n","protected":false},"excerpt":{"rendered":"<p>Juego De Bloques 15 Pzs Magneticos Geomag Supercolor Panels El Juego De Bloques 15 Pzs Magneticos Geomag Supercolor Panels es una opci\u00f3n perfecta para los amantes de la construcci\u00f3n y la creatividad. Con su marca STEM, este juego ofrece una experiencia educativa y divertida para ni\u00f1os y adultos por igual. Con 15 piezas magn\u00e9ticas, incluyendo [&hellip;]<\/p>\n","protected":false},"featured_media":25959,"comment_status":"open","ping_status":"closed","template":"","meta":[],"product_brand":[44],"product_cat":[650],"product_tag":[651],"class_list":{"0":"post-273","1":"product","2":"type-product","3":"status-publish","4":"has-post-thumbnail","6":"product_brand-wabro","7":"product_cat-juegos-y-juguetes-ladrillos-y-bloques","8":"product_tag-juegos-y-juguetes-ladrillos-y-bloques","10":"first","11":"instock","12":"sale","13":"shipping-taxable","14":"purchasable","15":"product-type-simple"},"yoast_head":"<!-- This site is optimized with the Yoast SEO plugin v27.4 - https:\/\/yoast.com\/product\/yoast-seo-wordpress\/ -->\n<title>Juego De Bloques 15 Pzs Magneticos Geomag Supercolor Panels - Tomaso Store<\/title>\n<meta name=\"robots\" content=\"index, follow, max-snippet:-1, max-image-preview:large, max-video-preview:-1\" \/>\n<link rel=\"canonical\" href=\"https:\/\/tomasostore.com.ar\/tienda\/producto\/juego-de-bloques-15-pzs-magneticos-geomag-supercolor-panels\/\" \/>\n<meta property=\"og:locale\" content=\"es_ES\" \/>\n<meta property=\"og:type\" content=\"article\" \/>\n<meta property=\"og:title\" content=\"Juego De Bloques 15 Pzs Magneticos Geomag Supercolor Panels - Tomaso Store\" \/>\n<meta property=\"og:description\" content=\"Juego De Bloques 15 Pzs Magneticos Geomag Supercolor Panels El Juego De Bloques 15 Pzs Magneticos Geomag Supercolor Panels es una opci\u00f3n perfecta para los amantes de la construcci\u00f3n y la creatividad. Con su marca STEM, este juego ofrece una experiencia educativa y divertida para ni\u00f1os y adultos por igual. Con 15 piezas magn\u00e9ticas, incluyendo [&hellip;]\" \/>\n<meta property=\"og:url\" content=\"https:\/\/tomasostore.com.ar\/tienda\/producto\/juego-de-bloques-15-pzs-magneticos-geomag-supercolor-panels\/\" \/>\n<meta property=\"og:site_name\" content=\"Tomaso Store\" \/>\n<meta property=\"article:modified_time\" content=\"2025-07-29T15:17:55+00:00\" \/>\n<meta property=\"og:image\" content=\"https:\/\/tomasostore.com.ar\/tienda\/wp-content\/uploads\/2025\/07\/empaque-con-detalles-655a5ff1da63307a4b17051617807728-1024-1024.png\" \/>\n\t<meta property=\"og:image:width\" content=\"1024\" \/>\n\t<meta property=\"og:image:height\" content=\"1024\" \/>\n\t<meta property=\"og:image:type\" content=\"image\/png\" \/>\n<meta name=\"twitter:card\" content=\"summary_large_image\" \/>\n<script type=\"application\/ld+json\" class=\"yoast-schema-graph\">{\"@context\":\"https:\\\/\\\/schema.org\",\"@graph\":[{\"@type\":\"WebPage\",\"@id\":\"https:\\\/\\\/tomasostore.com.ar\\\/tienda\\\/producto\\\/juego-de-bloques-15-pzs-magneticos-geomag-supercolor-panels\\\/\",\"url\":\"https:\\\/\\\/tomasostore.com.ar\\\/tienda\\\/producto\\\/juego-de-bloques-15-pzs-magneticos-geomag-supercolor-panels\\\/\",\"name\":\"Juego De Bloques 15 Pzs Magneticos Geomag Supercolor Panels - Tomaso Store\",\"isPartOf\":{\"@id\":\"https:\\\/\\\/tomasostore.com.ar\\\/tienda\\\/#website\"},\"primaryImageOfPage\":{\"@id\":\"https:\\\/\\\/tomasostore.com.ar\\\/tienda\\\/producto\\\/juego-de-bloques-15-pzs-magneticos-geomag-supercolor-panels\\\/#primaryimage\"},\"image\":{\"@id\":\"https:\\\/\\\/tomasostore.com.ar\\\/tienda\\\/producto\\\/juego-de-bloques-15-pzs-magneticos-geomag-supercolor-panels\\\/#primaryimage\"},\"thumbnailUrl\":\"https:\\\/\\\/tomasostore.com.ar\\\/tienda\\\/wp-content\\\/uploads\\\/2025\\\/07\\\/empaque-con-detalles-655a5ff1da63307a4b17051617807728-1024-1024.png\",\"datePublished\":\"2025-07-19T14:04:32+00:00\",\"dateModified\":\"2025-07-29T15:17:55+00:00\",\"breadcrumb\":{\"@id\":\"https:\\\/\\\/tomasostore.com.ar\\\/tienda\\\/producto\\\/juego-de-bloques-15-pzs-magneticos-geomag-supercolor-panels\\\/#breadcrumb\"},\"inLanguage\":\"es\",\"potentialAction\":[{\"@type\":\"ReadAction\",\"target\":[\"https:\\\/\\\/tomasostore.com.ar\\\/tienda\\\/producto\\\/juego-de-bloques-15-pzs-magneticos-geomag-supercolor-panels\\\/\"]}]},{\"@type\":\"ImageObject\",\"inLanguage\":\"es\",\"@id\":\"https:\\\/\\\/tomasostore.com.ar\\\/tienda\\\/producto\\\/juego-de-bloques-15-pzs-magneticos-geomag-supercolor-panels\\\/#primaryimage\",\"url\":\"https:\\\/\\\/tomasostore.com.ar\\\/tienda\\\/wp-content\\\/uploads\\\/2025\\\/07\\\/empaque-con-detalles-655a5ff1da63307a4b17051617807728-1024-1024.png\",\"contentUrl\":\"https:\\\/\\\/tomasostore.com.ar\\\/tienda\\\/wp-content\\\/uploads\\\/2025\\\/07\\\/empaque-con-detalles-655a5ff1da63307a4b17051617807728-1024-1024.png\",\"width\":1024,\"height\":1024},{\"@type\":\"BreadcrumbList\",\"@id\":\"https:\\\/\\\/tomasostore.com.ar\\\/tienda\\\/producto\\\/juego-de-bloques-15-pzs-magneticos-geomag-supercolor-panels\\\/#breadcrumb\",\"itemListElement\":[{\"@type\":\"ListItem\",\"position\":1,\"name\":\"Portada\",\"item\":\"https:\\\/\\\/tomasostore.com.ar\\\/tienda\\\/\"},{\"@type\":\"ListItem\",\"position\":2,\"name\":\"Tienda\",\"item\":\"https:\\\/\\\/tomasostore.com.ar\\\/tienda\\\/tienda\\\/\"},{\"@type\":\"ListItem\",\"position\":3,\"name\":\"Juego De Bloques 15 Pzs Magneticos Geomag Supercolor Panels\"}]},{\"@type\":\"WebSite\",\"@id\":\"https:\\\/\\\/tomasostore.com.ar\\\/tienda\\\/#website\",\"url\":\"https:\\\/\\\/tomasostore.com.ar\\\/tienda\\\/\",\"name\":\"Tomaso Store\",\"description\":\"Compr\u00e1s online, recib\u00eds en mano. Desde Hernando, llevando confianza a tu casa. Productos con garant\u00eda.\",\"potentialAction\":[{\"@type\":\"SearchAction\",\"target\":{\"@type\":\"EntryPoint\",\"urlTemplate\":\"https:\\\/\\\/tomasostore.com.ar\\\/tienda\\\/?s={search_term_string}\"},\"query-input\":{\"@type\":\"PropertyValueSpecification\",\"valueRequired\":true,\"valueName\":\"search_term_string\"}}],\"inLanguage\":\"es\"}]}<\/script>\n<!-- \/ Yoast SEO plugin. -->","yoast_head_json":{"title":"Juego De Bloques 15 Pzs Magneticos Geomag Supercolor Panels - Tomaso Store","robots":{"index":"index","follow":"follow","max-snippet":"max-snippet:-1","max-image-preview":"max-image-preview:large","max-video-preview":"max-video-preview:-1"},"canonical":"https:\/\/tomasostore.com.ar\/tienda\/producto\/juego-de-bloques-15-pzs-magneticos-geomag-supercolor-panels\/","og_locale":"es_ES","og_type":"article","og_title":"Juego De Bloques 15 Pzs Magneticos Geomag Supercolor Panels - Tomaso Store","og_description":"Juego De Bloques 15 Pzs Magneticos Geomag Supercolor Panels El Juego De Bloques 15 Pzs Magneticos Geomag Supercolor Panels es una opci\u00f3n perfecta para los amantes de la construcci\u00f3n y la creatividad. Con su marca STEM, este juego ofrece una experiencia educativa y divertida para ni\u00f1os y adultos por igual. Con 15 piezas magn\u00e9ticas, incluyendo [&hellip;]","og_url":"https:\/\/tomasostore.com.ar\/tienda\/producto\/juego-de-bloques-15-pzs-magneticos-geomag-supercolor-panels\/","og_site_name":"Tomaso Store","article_modified_time":"2025-07-29T15:17:55+00:00","og_image":[{"width":1024,"height":1024,"url":"https:\/\/tomasostore.com.ar\/tienda\/wp-content\/uploads\/2025\/07\/empaque-con-detalles-655a5ff1da63307a4b17051617807728-1024-1024.png","type":"image\/png"}],"twitter_card":"summary_large_image","schema":{"@context":"https:\/\/schema.org","@graph":[{"@type":"WebPage","@id":"https:\/\/tomasostore.com.ar\/tienda\/producto\/juego-de-bloques-15-pzs-magneticos-geomag-supercolor-panels\/","url":"https:\/\/tomasostore.com.ar\/tienda\/producto\/juego-de-bloques-15-pzs-magneticos-geomag-supercolor-panels\/","name":"Juego De Bloques 15 Pzs Magneticos Geomag Supercolor Panels - Tomaso Store","isPartOf":{"@id":"https:\/\/tomasostore.com.ar\/tienda\/#website"},"primaryImageOfPage":{"@id":"https:\/\/tomasostore.com.ar\/tienda\/producto\/juego-de-bloques-15-pzs-magneticos-geomag-supercolor-panels\/#primaryimage"},"image":{"@id":"https:\/\/tomasostore.com.ar\/tienda\/producto\/juego-de-bloques-15-pzs-magneticos-geomag-supercolor-panels\/#primaryimage"},"thumbnailUrl":"https:\/\/tomasostore.com.ar\/tienda\/wp-content\/uploads\/2025\/07\/empaque-con-detalles-655a5ff1da63307a4b17051617807728-1024-1024.png","datePublished":"2025-07-19T14:04:32+00:00","dateModified":"2025-07-29T15:17:55+00:00","breadcrumb":{"@id":"https:\/\/tomasostore.com.ar\/tienda\/producto\/juego-de-bloques-15-pzs-magneticos-geomag-supercolor-panels\/#breadcrumb"},"inLanguage":"es","potentialAction":[{"@type":"ReadAction","target":["https:\/\/tomasostore.com.ar\/tienda\/producto\/juego-de-bloques-15-pzs-magneticos-geomag-supercolor-panels\/"]}]},{"@type":"ImageObject","inLanguage":"es","@id":"https:\/\/tomasostore.com.ar\/tienda\/producto\/juego-de-bloques-15-pzs-magneticos-geomag-supercolor-panels\/#primaryimage","url":"https:\/\/tomasostore.com.ar\/tienda\/wp-content\/uploads\/2025\/07\/empaque-con-detalles-655a5ff1da63307a4b17051617807728-1024-1024.png","contentUrl":"https:\/\/tomasostore.com.ar\/tienda\/wp-content\/uploads\/2025\/07\/empaque-con-detalles-655a5ff1da63307a4b17051617807728-1024-1024.png","width":1024,"height":1024},{"@type":"BreadcrumbList","@id":"https:\/\/tomasostore.com.ar\/tienda\/producto\/juego-de-bloques-15-pzs-magneticos-geomag-supercolor-panels\/#breadcrumb","itemListElement":[{"@type":"ListItem","position":1,"name":"Portada","item":"https:\/\/tomasostore.com.ar\/tienda\/"},{"@type":"ListItem","position":2,"name":"Tienda","item":"https:\/\/tomasostore.com.ar\/tienda\/tienda\/"},{"@type":"ListItem","position":3,"name":"Juego De Bloques 15 Pzs Magneticos Geomag Supercolor Panels"}]},{"@type":"WebSite","@id":"https:\/\/tomasostore.com.ar\/tienda\/#website","url":"https:\/\/tomasostore.com.ar\/tienda\/","name":"Tomaso Store","description":"Compr\u00e1s online, recib\u00eds en mano. Desde Hernando, llevando confianza a tu casa. Productos con garant\u00eda.","potentialAction":[{"@type":"SearchAction","target":{"@type":"EntryPoint","urlTemplate":"https:\/\/tomasostore.com.ar\/tienda\/?s={search_term_string}"},"query-input":{"@type":"PropertyValueSpecification","valueRequired":true,"valueName":"search_term_string"}}],"inLanguage":"es"}]}},"_links":{"self":[{"href":"https:\/\/tomasostore.com.ar\/tienda\/wp-json\/wp\/v2\/product\/273","targetHints":{"allow":["GET"]}}],"collection":[{"href":"https:\/\/tomasostore.com.ar\/tienda\/wp-json\/wp\/v2\/product"}],"about":[{"href":"https:\/\/tomasostore.com.ar\/tienda\/wp-json\/wp\/v2\/types\/product"}],"replies":[{"embeddable":true,"href":"https:\/\/tomasostore.com.ar\/tienda\/wp-json\/wp\/v2\/comments?post=273"}],"version-history":[{"count":2,"href":"https:\/\/tomasostore.com.ar\/tienda\/wp-json\/wp\/v2\/product\/273\/revisions"}],"predecessor-version":[{"id":33455,"href":"https:\/\/tomasostore.com.ar\/tienda\/wp-json\/wp\/v2\/product\/273\/revisions\/33455"}],"wp:featuredmedia":[{"embeddable":true,"href":"https:\/\/tomasostore.com.ar\/tienda\/wp-json\/wp\/v2\/media\/25959"}],"wp:attachment":[{"href":"https:\/\/tomasostore.com.ar\/tienda\/wp-json\/wp\/v2\/media?parent=273"}],"wp:term":[{"taxonomy":"product_brand","embeddable":true,"href":"https:\/\/tomasostore.com.ar\/tienda\/wp-json\/wp\/v2\/product_brand?post=273"},{"taxonomy":"product_cat","embeddable":true,"href":"https:\/\/tomasostore.com.ar\/tienda\/wp-json\/wp\/v2\/product_cat?post=273"},{"taxonomy":"product_tag","embeddable":true,"href":"https:\/\/tomasostore.com.ar\/tienda\/wp-json\/wp\/v2\/product_tag?post=273"}],"curies":[{"name":"wp","href":"https:\/\/api.w.org\/{rel}","templated":true}]}}