{"id":262,"date":"2025-07-19T11:45:24","date_gmt":"2025-07-19T14:45:24","guid":{"rendered":"https:\/\/tomasostore.com.ar\/tienda\/?post_type=product&#038;p=262"},"modified":"2025-07-29T12:22:45","modified_gmt":"2025-07-29T15:22:45","slug":"auto-a-radio-control-speedter-fema-2020279","status":"publish","type":"product","link":"https:\/\/tomasostore.com.ar\/tienda\/producto\/auto-a-radio-control-speedter-fema-2020279\/","title":{"rendered":"Auto A Radio Control Speedter Fema 2020279"},"content":{"rendered":"<p>Auto A Radio Control Speedter Fema 2020279. Requiere 5 pilas AA, 3 para el cuerpo del coche y 2 para el control (no incluidas). &#8211; Bot\u00f3n de encendido \/ apagado ubicado en la parte inferior del coche.<\/p>\n","protected":false},"excerpt":{"rendered":"<p>Auto A Radio Control Speedter Fema 2020279. Requiere 5 pilas AA, 3 para el cuerpo del coche y 2 para el control (no incluidas). &#8211; Bot\u00f3n de encendido \/ apagado ubicado en la parte inferior del coche.<\/p>\n","protected":false},"featured_media":0,"comment_status":"open","ping_status":"closed","template":"","meta":[],"product_brand":[42],"product_cat":[660],"product_tag":[661],"class_list":{"0":"post-262","1":"product","2":"type-product","3":"status-publish","5":"product_brand-fema","6":"product_cat-vehiculos","7":"product_tag-vehiculos","9":"first","10":"instock","11":"sale","12":"shipping-taxable","13":"purchasable","14":"product-type-simple"},"yoast_head":"<!-- This site is optimized with the Yoast SEO plugin v27.3 - https:\/\/yoast.com\/product\/yoast-seo-wordpress\/ -->\n<title>Auto A Radio Control Speedter Fema 2020279 - Tomaso Store<\/title>\n<meta name=\"robots\" content=\"index, follow, max-snippet:-1, max-image-preview:large, max-video-preview:-1\" \/>\n<link rel=\"canonical\" href=\"https:\/\/tomasostore.com.ar\/tienda\/producto\/auto-a-radio-control-speedter-fema-2020279\/\" \/>\n<meta property=\"og:locale\" content=\"es_ES\" \/>\n<meta property=\"og:type\" content=\"article\" \/>\n<meta property=\"og:title\" content=\"Auto A Radio Control Speedter Fema 2020279 - Tomaso Store\" \/>\n<meta property=\"og:description\" content=\"Auto A Radio Control Speedter Fema 2020279. Requiere 5 pilas AA, 3 para el cuerpo del coche y 2 para el control (no incluidas). &#8211; Bot\u00f3n de encendido \/ apagado ubicado en la parte inferior del coche.\" \/>\n<meta property=\"og:url\" content=\"https:\/\/tomasostore.com.ar\/tienda\/producto\/auto-a-radio-control-speedter-fema-2020279\/\" \/>\n<meta property=\"og:site_name\" content=\"Tomaso Store\" \/>\n<meta property=\"article:modified_time\" content=\"2025-07-29T15:22:45+00:00\" \/>\n<meta name=\"twitter:card\" content=\"summary_large_image\" \/>\n<script type=\"application\/ld+json\" class=\"yoast-schema-graph\">{\"@context\":\"https:\\\/\\\/schema.org\",\"@graph\":[{\"@type\":\"WebPage\",\"@id\":\"https:\\\/\\\/tomasostore.com.ar\\\/tienda\\\/producto\\\/auto-a-radio-control-speedter-fema-2020279\\\/\",\"url\":\"https:\\\/\\\/tomasostore.com.ar\\\/tienda\\\/producto\\\/auto-a-radio-control-speedter-fema-2020279\\\/\",\"name\":\"Auto A Radio Control Speedter Fema 2020279 - Tomaso Store\",\"isPartOf\":{\"@id\":\"https:\\\/\\\/tomasostore.com.ar\\\/tienda\\\/#website\"},\"datePublished\":\"2025-07-19T14:45:24+00:00\",\"dateModified\":\"2025-07-29T15:22:45+00:00\",\"breadcrumb\":{\"@id\":\"https:\\\/\\\/tomasostore.com.ar\\\/tienda\\\/producto\\\/auto-a-radio-control-speedter-fema-2020279\\\/#breadcrumb\"},\"inLanguage\":\"es\",\"potentialAction\":[{\"@type\":\"ReadAction\",\"target\":[\"https:\\\/\\\/tomasostore.com.ar\\\/tienda\\\/producto\\\/auto-a-radio-control-speedter-fema-2020279\\\/\"]}]},{\"@type\":\"BreadcrumbList\",\"@id\":\"https:\\\/\\\/tomasostore.com.ar\\\/tienda\\\/producto\\\/auto-a-radio-control-speedter-fema-2020279\\\/#breadcrumb\",\"itemListElement\":[{\"@type\":\"ListItem\",\"position\":1,\"name\":\"Portada\",\"item\":\"https:\\\/\\\/tomasostore.com.ar\\\/tienda\\\/\"},{\"@type\":\"ListItem\",\"position\":2,\"name\":\"Tienda\",\"item\":\"https:\\\/\\\/tomasostore.com.ar\\\/tienda\\\/tienda\\\/\"},{\"@type\":\"ListItem\",\"position\":3,\"name\":\"Auto A Radio Control Speedter Fema 2020279\"}]},{\"@type\":\"WebSite\",\"@id\":\"https:\\\/\\\/tomasostore.com.ar\\\/tienda\\\/#website\",\"url\":\"https:\\\/\\\/tomasostore.com.ar\\\/tienda\\\/\",\"name\":\"Tomaso Store\",\"description\":\"Compr\u00e1s online, recib\u00eds en mano. Desde Hernando, llevando confianza a tu casa. Productos con garant\u00eda.\",\"potentialAction\":[{\"@type\":\"SearchAction\",\"target\":{\"@type\":\"EntryPoint\",\"urlTemplate\":\"https:\\\/\\\/tomasostore.com.ar\\\/tienda\\\/?s={search_term_string}\"},\"query-input\":{\"@type\":\"PropertyValueSpecification\",\"valueRequired\":true,\"valueName\":\"search_term_string\"}}],\"inLanguage\":\"es\"}]}<\/script>\n<!-- \/ Yoast SEO plugin. -->","yoast_head_json":{"title":"Auto A Radio Control Speedter Fema 2020279 - Tomaso Store","robots":{"index":"index","follow":"follow","max-snippet":"max-snippet:-1","max-image-preview":"max-image-preview:large","max-video-preview":"max-video-preview:-1"},"canonical":"https:\/\/tomasostore.com.ar\/tienda\/producto\/auto-a-radio-control-speedter-fema-2020279\/","og_locale":"es_ES","og_type":"article","og_title":"Auto A Radio Control Speedter Fema 2020279 - Tomaso Store","og_description":"Auto A Radio Control Speedter Fema 2020279. Requiere 5 pilas AA, 3 para el cuerpo del coche y 2 para el control (no incluidas). &#8211; Bot\u00f3n de encendido \/ apagado ubicado en la parte inferior del coche.","og_url":"https:\/\/tomasostore.com.ar\/tienda\/producto\/auto-a-radio-control-speedter-fema-2020279\/","og_site_name":"Tomaso Store","article_modified_time":"2025-07-29T15:22:45+00:00","twitter_card":"summary_large_image","schema":{"@context":"https:\/\/schema.org","@graph":[{"@type":"WebPage","@id":"https:\/\/tomasostore.com.ar\/tienda\/producto\/auto-a-radio-control-speedter-fema-2020279\/","url":"https:\/\/tomasostore.com.ar\/tienda\/producto\/auto-a-radio-control-speedter-fema-2020279\/","name":"Auto A Radio Control Speedter Fema 2020279 - Tomaso Store","isPartOf":{"@id":"https:\/\/tomasostore.com.ar\/tienda\/#website"},"datePublished":"2025-07-19T14:45:24+00:00","dateModified":"2025-07-29T15:22:45+00:00","breadcrumb":{"@id":"https:\/\/tomasostore.com.ar\/tienda\/producto\/auto-a-radio-control-speedter-fema-2020279\/#breadcrumb"},"inLanguage":"es","potentialAction":[{"@type":"ReadAction","target":["https:\/\/tomasostore.com.ar\/tienda\/producto\/auto-a-radio-control-speedter-fema-2020279\/"]}]},{"@type":"BreadcrumbList","@id":"https:\/\/tomasostore.com.ar\/tienda\/producto\/auto-a-radio-control-speedter-fema-2020279\/#breadcrumb","itemListElement":[{"@type":"ListItem","position":1,"name":"Portada","item":"https:\/\/tomasostore.com.ar\/tienda\/"},{"@type":"ListItem","position":2,"name":"Tienda","item":"https:\/\/tomasostore.com.ar\/tienda\/tienda\/"},{"@type":"ListItem","position":3,"name":"Auto A Radio Control Speedter Fema 2020279"}]},{"@type":"WebSite","@id":"https:\/\/tomasostore.com.ar\/tienda\/#website","url":"https:\/\/tomasostore.com.ar\/tienda\/","name":"Tomaso Store","description":"Compr\u00e1s online, recib\u00eds en mano. Desde Hernando, llevando confianza a tu casa. Productos con garant\u00eda.","potentialAction":[{"@type":"SearchAction","target":{"@type":"EntryPoint","urlTemplate":"https:\/\/tomasostore.com.ar\/tienda\/?s={search_term_string}"},"query-input":{"@type":"PropertyValueSpecification","valueRequired":true,"valueName":"search_term_string"}}],"inLanguage":"es"}]}},"_links":{"self":[{"href":"https:\/\/tomasostore.com.ar\/tienda\/wp-json\/wp\/v2\/product\/262","targetHints":{"allow":["GET"]}}],"collection":[{"href":"https:\/\/tomasostore.com.ar\/tienda\/wp-json\/wp\/v2\/product"}],"about":[{"href":"https:\/\/tomasostore.com.ar\/tienda\/wp-json\/wp\/v2\/types\/product"}],"replies":[{"embeddable":true,"href":"https:\/\/tomasostore.com.ar\/tienda\/wp-json\/wp\/v2\/comments?post=262"}],"version-history":[{"count":2,"href":"https:\/\/tomasostore.com.ar\/tienda\/wp-json\/wp\/v2\/product\/262\/revisions"}],"predecessor-version":[{"id":34989,"href":"https:\/\/tomasostore.com.ar\/tienda\/wp-json\/wp\/v2\/product\/262\/revisions\/34989"}],"wp:attachment":[{"href":"https:\/\/tomasostore.com.ar\/tienda\/wp-json\/wp\/v2\/media?parent=262"}],"wp:term":[{"taxonomy":"product_brand","embeddable":true,"href":"https:\/\/tomasostore.com.ar\/tienda\/wp-json\/wp\/v2\/product_brand?post=262"},{"taxonomy":"product_cat","embeddable":true,"href":"https:\/\/tomasostore.com.ar\/tienda\/wp-json\/wp\/v2\/product_cat?post=262"},{"taxonomy":"product_tag","embeddable":true,"href":"https:\/\/tomasostore.com.ar\/tienda\/wp-json\/wp\/v2\/product_tag?post=262"}],"curies":[{"name":"wp","href":"https:\/\/api.w.org\/{rel}","templated":true}]}}