{"id":261,"date":"2025-07-19T11:35:52","date_gmt":"2025-07-19T14:35:52","guid":{"rendered":"https:\/\/tomasostore.com.ar\/tienda\/?post_type=product&#038;p=261"},"modified":"2025-07-29T12:21:30","modified_gmt":"2025-07-29T15:21:30","slug":"set-de-maquillaje-corazon-hey-beauty-hb5665","status":"publish","type":"product","link":"https:\/\/tomasostore.com.ar\/tienda\/producto\/set-de-maquillaje-corazon-hey-beauty-hb5665\/","title":{"rendered":"Set De Maquillaje Corazon Hey Beauty Hb5665"},"content":{"rendered":"<p>Set De Maquillaje Coraz\u00f3n Hey Beauty HB5665 Contiene: Rubor en polvo Sombra de ojos en polvo Sombra de ojos en cera Brillo de labios en cera L\u00e1piz labial Aplicador Este Maquillaje est\u00e1 aprobado por ANMAT (Ente de Salud P\u00fablica), es seguro para los ni\u00f1os, y cumple con las normas m\u00e1s exigentes de calidad.<\/p>\n","protected":false},"excerpt":{"rendered":"<p>Set De Maquillaje Coraz\u00f3n Hey Beauty HB5665 Contiene: Rubor en polvo Sombra de ojos en polvo Sombra de ojos en cera Brillo de labios en cera L\u00e1piz labial Aplicador Este Maquillaje est\u00e1 aprobado por ANMAT (Ente de Salud P\u00fablica), es seguro para los ni\u00f1os, y cumple con las normas m\u00e1s exigentes de calidad.<\/p>\n","protected":false},"featured_media":28539,"comment_status":"open","ping_status":"closed","template":"","meta":[],"product_brand":[198],"product_cat":[658],"product_tag":[659],"class_list":{"0":"post-261","1":"product","2":"type-product","3":"status-publish","4":"has-post-thumbnail","6":"product_brand-multiscope","7":"product_cat-oficios-profesiones-y-herramientas","8":"product_tag-oficios-profesiones-y-herramientas","10":"first","11":"instock","12":"sale","13":"shipping-taxable","14":"purchasable","15":"product-type-simple"},"yoast_head":"<!-- This site is optimized with the Yoast SEO plugin v27.4 - https:\/\/yoast.com\/product\/yoast-seo-wordpress\/ -->\n<title>Set De Maquillaje Corazon Hey Beauty Hb5665 - Tomaso Store<\/title>\n<meta name=\"robots\" content=\"index, follow, max-snippet:-1, max-image-preview:large, max-video-preview:-1\" \/>\n<link rel=\"canonical\" href=\"https:\/\/tomasostore.com.ar\/tienda\/producto\/set-de-maquillaje-corazon-hey-beauty-hb5665\/\" \/>\n<meta property=\"og:locale\" content=\"es_ES\" \/>\n<meta property=\"og:type\" content=\"article\" \/>\n<meta property=\"og:title\" content=\"Set De Maquillaje Corazon Hey Beauty Hb5665 - Tomaso Store\" \/>\n<meta property=\"og:description\" content=\"Set De Maquillaje Coraz\u00f3n Hey Beauty HB5665 Contiene: Rubor en polvo Sombra de ojos en polvo Sombra de ojos en cera Brillo de labios en cera L\u00e1piz labial Aplicador Este Maquillaje est\u00e1 aprobado por ANMAT (Ente de Salud P\u00fablica), es seguro para los ni\u00f1os, y cumple con las normas m\u00e1s exigentes de calidad.\" \/>\n<meta property=\"og:url\" content=\"https:\/\/tomasostore.com.ar\/tienda\/producto\/set-de-maquillaje-corazon-hey-beauty-hb5665\/\" \/>\n<meta property=\"og:site_name\" content=\"Tomaso Store\" \/>\n<meta property=\"article:modified_time\" content=\"2025-07-29T15:21:30+00:00\" \/>\n<meta property=\"og:image\" content=\"https:\/\/tomasostore.com.ar\/tienda\/wp-content\/uploads\/2025\/07\/masas-8-f7373eb16c3a8d47d017049081055273-1024-1024.png\" \/>\n\t<meta property=\"og:image:width\" content=\"1024\" \/>\n\t<meta property=\"og:image:height\" content=\"1024\" \/>\n\t<meta property=\"og:image:type\" content=\"image\/png\" \/>\n<meta name=\"twitter:card\" content=\"summary_large_image\" \/>\n<script type=\"application\/ld+json\" class=\"yoast-schema-graph\">{\"@context\":\"https:\\\/\\\/schema.org\",\"@graph\":[{\"@type\":\"WebPage\",\"@id\":\"https:\\\/\\\/tomasostore.com.ar\\\/tienda\\\/producto\\\/set-de-maquillaje-corazon-hey-beauty-hb5665\\\/\",\"url\":\"https:\\\/\\\/tomasostore.com.ar\\\/tienda\\\/producto\\\/set-de-maquillaje-corazon-hey-beauty-hb5665\\\/\",\"name\":\"Set De Maquillaje Corazon Hey Beauty Hb5665 - Tomaso Store\",\"isPartOf\":{\"@id\":\"https:\\\/\\\/tomasostore.com.ar\\\/tienda\\\/#website\"},\"primaryImageOfPage\":{\"@id\":\"https:\\\/\\\/tomasostore.com.ar\\\/tienda\\\/producto\\\/set-de-maquillaje-corazon-hey-beauty-hb5665\\\/#primaryimage\"},\"image\":{\"@id\":\"https:\\\/\\\/tomasostore.com.ar\\\/tienda\\\/producto\\\/set-de-maquillaje-corazon-hey-beauty-hb5665\\\/#primaryimage\"},\"thumbnailUrl\":\"https:\\\/\\\/tomasostore.com.ar\\\/tienda\\\/wp-content\\\/uploads\\\/2025\\\/07\\\/masas-8-f7373eb16c3a8d47d017049081055273-1024-1024.png\",\"datePublished\":\"2025-07-19T14:35:52+00:00\",\"dateModified\":\"2025-07-29T15:21:30+00:00\",\"breadcrumb\":{\"@id\":\"https:\\\/\\\/tomasostore.com.ar\\\/tienda\\\/producto\\\/set-de-maquillaje-corazon-hey-beauty-hb5665\\\/#breadcrumb\"},\"inLanguage\":\"es\",\"potentialAction\":[{\"@type\":\"ReadAction\",\"target\":[\"https:\\\/\\\/tomasostore.com.ar\\\/tienda\\\/producto\\\/set-de-maquillaje-corazon-hey-beauty-hb5665\\\/\"]}]},{\"@type\":\"ImageObject\",\"inLanguage\":\"es\",\"@id\":\"https:\\\/\\\/tomasostore.com.ar\\\/tienda\\\/producto\\\/set-de-maquillaje-corazon-hey-beauty-hb5665\\\/#primaryimage\",\"url\":\"https:\\\/\\\/tomasostore.com.ar\\\/tienda\\\/wp-content\\\/uploads\\\/2025\\\/07\\\/masas-8-f7373eb16c3a8d47d017049081055273-1024-1024.png\",\"contentUrl\":\"https:\\\/\\\/tomasostore.com.ar\\\/tienda\\\/wp-content\\\/uploads\\\/2025\\\/07\\\/masas-8-f7373eb16c3a8d47d017049081055273-1024-1024.png\",\"width\":1024,\"height\":1024},{\"@type\":\"BreadcrumbList\",\"@id\":\"https:\\\/\\\/tomasostore.com.ar\\\/tienda\\\/producto\\\/set-de-maquillaje-corazon-hey-beauty-hb5665\\\/#breadcrumb\",\"itemListElement\":[{\"@type\":\"ListItem\",\"position\":1,\"name\":\"Portada\",\"item\":\"https:\\\/\\\/tomasostore.com.ar\\\/tienda\\\/\"},{\"@type\":\"ListItem\",\"position\":2,\"name\":\"Tienda\",\"item\":\"https:\\\/\\\/tomasostore.com.ar\\\/tienda\\\/tienda\\\/\"},{\"@type\":\"ListItem\",\"position\":3,\"name\":\"Set De Maquillaje Corazon Hey Beauty Hb5665\"}]},{\"@type\":\"WebSite\",\"@id\":\"https:\\\/\\\/tomasostore.com.ar\\\/tienda\\\/#website\",\"url\":\"https:\\\/\\\/tomasostore.com.ar\\\/tienda\\\/\",\"name\":\"Tomaso Store\",\"description\":\"Compr\u00e1s online, recib\u00eds en mano. Desde Hernando, llevando confianza a tu casa. Productos con garant\u00eda.\",\"potentialAction\":[{\"@type\":\"SearchAction\",\"target\":{\"@type\":\"EntryPoint\",\"urlTemplate\":\"https:\\\/\\\/tomasostore.com.ar\\\/tienda\\\/?s={search_term_string}\"},\"query-input\":{\"@type\":\"PropertyValueSpecification\",\"valueRequired\":true,\"valueName\":\"search_term_string\"}}],\"inLanguage\":\"es\"}]}<\/script>\n<!-- \/ Yoast SEO plugin. -->","yoast_head_json":{"title":"Set De Maquillaje Corazon Hey Beauty Hb5665 - Tomaso Store","robots":{"index":"index","follow":"follow","max-snippet":"max-snippet:-1","max-image-preview":"max-image-preview:large","max-video-preview":"max-video-preview:-1"},"canonical":"https:\/\/tomasostore.com.ar\/tienda\/producto\/set-de-maquillaje-corazon-hey-beauty-hb5665\/","og_locale":"es_ES","og_type":"article","og_title":"Set De Maquillaje Corazon Hey Beauty Hb5665 - Tomaso Store","og_description":"Set De Maquillaje Coraz\u00f3n Hey Beauty HB5665 Contiene: Rubor en polvo Sombra de ojos en polvo Sombra de ojos en cera Brillo de labios en cera L\u00e1piz labial Aplicador Este Maquillaje est\u00e1 aprobado por ANMAT (Ente de Salud P\u00fablica), es seguro para los ni\u00f1os, y cumple con las normas m\u00e1s exigentes de calidad.","og_url":"https:\/\/tomasostore.com.ar\/tienda\/producto\/set-de-maquillaje-corazon-hey-beauty-hb5665\/","og_site_name":"Tomaso Store","article_modified_time":"2025-07-29T15:21:30+00:00","og_image":[{"width":1024,"height":1024,"url":"https:\/\/tomasostore.com.ar\/tienda\/wp-content\/uploads\/2025\/07\/masas-8-f7373eb16c3a8d47d017049081055273-1024-1024.png","type":"image\/png"}],"twitter_card":"summary_large_image","schema":{"@context":"https:\/\/schema.org","@graph":[{"@type":"WebPage","@id":"https:\/\/tomasostore.com.ar\/tienda\/producto\/set-de-maquillaje-corazon-hey-beauty-hb5665\/","url":"https:\/\/tomasostore.com.ar\/tienda\/producto\/set-de-maquillaje-corazon-hey-beauty-hb5665\/","name":"Set De Maquillaje Corazon Hey Beauty Hb5665 - Tomaso Store","isPartOf":{"@id":"https:\/\/tomasostore.com.ar\/tienda\/#website"},"primaryImageOfPage":{"@id":"https:\/\/tomasostore.com.ar\/tienda\/producto\/set-de-maquillaje-corazon-hey-beauty-hb5665\/#primaryimage"},"image":{"@id":"https:\/\/tomasostore.com.ar\/tienda\/producto\/set-de-maquillaje-corazon-hey-beauty-hb5665\/#primaryimage"},"thumbnailUrl":"https:\/\/tomasostore.com.ar\/tienda\/wp-content\/uploads\/2025\/07\/masas-8-f7373eb16c3a8d47d017049081055273-1024-1024.png","datePublished":"2025-07-19T14:35:52+00:00","dateModified":"2025-07-29T15:21:30+00:00","breadcrumb":{"@id":"https:\/\/tomasostore.com.ar\/tienda\/producto\/set-de-maquillaje-corazon-hey-beauty-hb5665\/#breadcrumb"},"inLanguage":"es","potentialAction":[{"@type":"ReadAction","target":["https:\/\/tomasostore.com.ar\/tienda\/producto\/set-de-maquillaje-corazon-hey-beauty-hb5665\/"]}]},{"@type":"ImageObject","inLanguage":"es","@id":"https:\/\/tomasostore.com.ar\/tienda\/producto\/set-de-maquillaje-corazon-hey-beauty-hb5665\/#primaryimage","url":"https:\/\/tomasostore.com.ar\/tienda\/wp-content\/uploads\/2025\/07\/masas-8-f7373eb16c3a8d47d017049081055273-1024-1024.png","contentUrl":"https:\/\/tomasostore.com.ar\/tienda\/wp-content\/uploads\/2025\/07\/masas-8-f7373eb16c3a8d47d017049081055273-1024-1024.png","width":1024,"height":1024},{"@type":"BreadcrumbList","@id":"https:\/\/tomasostore.com.ar\/tienda\/producto\/set-de-maquillaje-corazon-hey-beauty-hb5665\/#breadcrumb","itemListElement":[{"@type":"ListItem","position":1,"name":"Portada","item":"https:\/\/tomasostore.com.ar\/tienda\/"},{"@type":"ListItem","position":2,"name":"Tienda","item":"https:\/\/tomasostore.com.ar\/tienda\/tienda\/"},{"@type":"ListItem","position":3,"name":"Set De Maquillaje Corazon Hey Beauty Hb5665"}]},{"@type":"WebSite","@id":"https:\/\/tomasostore.com.ar\/tienda\/#website","url":"https:\/\/tomasostore.com.ar\/tienda\/","name":"Tomaso Store","description":"Compr\u00e1s online, recib\u00eds en mano. Desde Hernando, llevando confianza a tu casa. Productos con garant\u00eda.","potentialAction":[{"@type":"SearchAction","target":{"@type":"EntryPoint","urlTemplate":"https:\/\/tomasostore.com.ar\/tienda\/?s={search_term_string}"},"query-input":{"@type":"PropertyValueSpecification","valueRequired":true,"valueName":"search_term_string"}}],"inLanguage":"es"}]}},"_links":{"self":[{"href":"https:\/\/tomasostore.com.ar\/tienda\/wp-json\/wp\/v2\/product\/261","targetHints":{"allow":["GET"]}}],"collection":[{"href":"https:\/\/tomasostore.com.ar\/tienda\/wp-json\/wp\/v2\/product"}],"about":[{"href":"https:\/\/tomasostore.com.ar\/tienda\/wp-json\/wp\/v2\/types\/product"}],"replies":[{"embeddable":true,"href":"https:\/\/tomasostore.com.ar\/tienda\/wp-json\/wp\/v2\/comments?post=261"}],"version-history":[{"count":2,"href":"https:\/\/tomasostore.com.ar\/tienda\/wp-json\/wp\/v2\/product\/261\/revisions"}],"predecessor-version":[{"id":34629,"href":"https:\/\/tomasostore.com.ar\/tienda\/wp-json\/wp\/v2\/product\/261\/revisions\/34629"}],"wp:featuredmedia":[{"embeddable":true,"href":"https:\/\/tomasostore.com.ar\/tienda\/wp-json\/wp\/v2\/media\/28539"}],"wp:attachment":[{"href":"https:\/\/tomasostore.com.ar\/tienda\/wp-json\/wp\/v2\/media?parent=261"}],"wp:term":[{"taxonomy":"product_brand","embeddable":true,"href":"https:\/\/tomasostore.com.ar\/tienda\/wp-json\/wp\/v2\/product_brand?post=261"},{"taxonomy":"product_cat","embeddable":true,"href":"https:\/\/tomasostore.com.ar\/tienda\/wp-json\/wp\/v2\/product_cat?post=261"},{"taxonomy":"product_tag","embeddable":true,"href":"https:\/\/tomasostore.com.ar\/tienda\/wp-json\/wp\/v2\/product_tag?post=261"}],"curies":[{"name":"wp","href":"https:\/\/api.w.org\/{rel}","templated":true}]}}