{"id":2317,"date":"2025-07-19T10:06:35","date_gmt":"2025-07-19T13:06:35","guid":{"rendered":"https:\/\/tomasostore.com.ar\/tienda\/?post_type=product&#038;p=2317"},"modified":"2025-07-29T12:09:29","modified_gmt":"2025-07-29T15:09:29","slug":"pizarra-carro-fugi-expresion-en-movimiento-art-6998","status":"publish","type":"product","link":"https:\/\/tomasostore.com.ar\/tienda\/producto\/pizarra-carro-fugi-expresion-en-movimiento-art-6998\/","title":{"rendered":"Pizarra Carro Fugi. Expresi\u00f3n En Movimiento &#8211; Art. 6998"},"content":{"rendered":"<p>6998 La mejor forma de que tus hijos aprendan jugando, desarrollen su creatividad y se diviertan coloreando. La Pizarra Carro tiene ruedas para poder guardarlo debajo de la cama, optimizando los espacios. Tiene m\u00faltiples funciones de escritura como: temperas, acuarelas, crayones, l\u00e1pices y marcadores para papel y para pizarra.<\/p>\n","protected":false},"excerpt":{"rendered":"<p>6998 La mejor forma de que tus hijos aprendan jugando, desarrollen su creatividad y se diviertan coloreando. La Pizarra Carro tiene ruedas para poder guardarlo debajo de la cama, optimizando los espacios. Tiene m\u00faltiples funciones de escritura como: temperas, acuarelas, crayones, l\u00e1pices y marcadores para papel y para pizarra.<\/p>\n","protected":false},"featured_media":20414,"comment_status":"open","ping_status":"closed","template":"","meta":[],"product_brand":[315],"product_cat":[630],"product_tag":[631],"class_list":{"0":"post-2317","1":"product","2":"type-product","3":"status-publish","4":"has-post-thumbnail","6":"product_brand-industrias-fernandez","7":"product_cat-arte-y-libreria","8":"product_tag-arte-y-libreria","10":"first","11":"instock","12":"sale","13":"featured","14":"shipping-taxable","15":"purchasable","16":"product-type-simple"},"yoast_head":"<!-- This site is optimized with the Yoast SEO plugin v27.4 - https:\/\/yoast.com\/product\/yoast-seo-wordpress\/ -->\n<title>Pizarra Carro Fugi. Expresi\u00f3n En Movimiento - Art. 6998 - Tomaso Store<\/title>\n<meta name=\"robots\" content=\"index, follow, max-snippet:-1, max-image-preview:large, max-video-preview:-1\" \/>\n<link rel=\"canonical\" href=\"https:\/\/tomasostore.com.ar\/tienda\/producto\/pizarra-carro-fugi-expresion-en-movimiento-art-6998\/\" \/>\n<meta property=\"og:locale\" content=\"es_ES\" \/>\n<meta property=\"og:type\" content=\"article\" \/>\n<meta property=\"og:title\" content=\"Pizarra Carro Fugi. Expresi\u00f3n En Movimiento - Art. 6998 - Tomaso Store\" \/>\n<meta property=\"og:description\" content=\"6998 La mejor forma de que tus hijos aprendan jugando, desarrollen su creatividad y se diviertan coloreando. La Pizarra Carro tiene ruedas para poder guardarlo debajo de la cama, optimizando los espacios. Tiene m\u00faltiples funciones de escritura como: temperas, acuarelas, crayones, l\u00e1pices y marcadores para papel y para pizarra.\" \/>\n<meta property=\"og:url\" content=\"https:\/\/tomasostore.com.ar\/tienda\/producto\/pizarra-carro-fugi-expresion-en-movimiento-art-6998\/\" \/>\n<meta property=\"og:site_name\" content=\"Tomaso Store\" \/>\n<meta property=\"article:modified_time\" content=\"2025-07-29T15:09:29+00:00\" \/>\n<meta property=\"og:image\" content=\"https:\/\/tomasostore.com.ar\/tienda\/wp-content\/uploads\/2025\/07\/pizarra-11-b7f3fce6e87956918216794991811347-1024-1024.jpg\" \/>\n\t<meta property=\"og:image:width\" content=\"1024\" \/>\n\t<meta property=\"og:image:height\" content=\"1024\" \/>\n\t<meta property=\"og:image:type\" content=\"image\/jpeg\" \/>\n<meta name=\"twitter:card\" content=\"summary_large_image\" \/>\n<script type=\"application\/ld+json\" class=\"yoast-schema-graph\">{\"@context\":\"https:\\\/\\\/schema.org\",\"@graph\":[{\"@type\":\"WebPage\",\"@id\":\"https:\\\/\\\/tomasostore.com.ar\\\/tienda\\\/producto\\\/pizarra-carro-fugi-expresion-en-movimiento-art-6998\\\/\",\"url\":\"https:\\\/\\\/tomasostore.com.ar\\\/tienda\\\/producto\\\/pizarra-carro-fugi-expresion-en-movimiento-art-6998\\\/\",\"name\":\"Pizarra Carro Fugi. Expresi\u00f3n En Movimiento - Art. 6998 - Tomaso Store\",\"isPartOf\":{\"@id\":\"https:\\\/\\\/tomasostore.com.ar\\\/tienda\\\/#website\"},\"primaryImageOfPage\":{\"@id\":\"https:\\\/\\\/tomasostore.com.ar\\\/tienda\\\/producto\\\/pizarra-carro-fugi-expresion-en-movimiento-art-6998\\\/#primaryimage\"},\"image\":{\"@id\":\"https:\\\/\\\/tomasostore.com.ar\\\/tienda\\\/producto\\\/pizarra-carro-fugi-expresion-en-movimiento-art-6998\\\/#primaryimage\"},\"thumbnailUrl\":\"https:\\\/\\\/tomasostore.com.ar\\\/tienda\\\/wp-content\\\/uploads\\\/2025\\\/07\\\/pizarra-11-b7f3fce6e87956918216794991811347-1024-1024.jpg\",\"datePublished\":\"2025-07-19T13:06:35+00:00\",\"dateModified\":\"2025-07-29T15:09:29+00:00\",\"breadcrumb\":{\"@id\":\"https:\\\/\\\/tomasostore.com.ar\\\/tienda\\\/producto\\\/pizarra-carro-fugi-expresion-en-movimiento-art-6998\\\/#breadcrumb\"},\"inLanguage\":\"es\",\"potentialAction\":[{\"@type\":\"ReadAction\",\"target\":[\"https:\\\/\\\/tomasostore.com.ar\\\/tienda\\\/producto\\\/pizarra-carro-fugi-expresion-en-movimiento-art-6998\\\/\"]}]},{\"@type\":\"ImageObject\",\"inLanguage\":\"es\",\"@id\":\"https:\\\/\\\/tomasostore.com.ar\\\/tienda\\\/producto\\\/pizarra-carro-fugi-expresion-en-movimiento-art-6998\\\/#primaryimage\",\"url\":\"https:\\\/\\\/tomasostore.com.ar\\\/tienda\\\/wp-content\\\/uploads\\\/2025\\\/07\\\/pizarra-11-b7f3fce6e87956918216794991811347-1024-1024.jpg\",\"contentUrl\":\"https:\\\/\\\/tomasostore.com.ar\\\/tienda\\\/wp-content\\\/uploads\\\/2025\\\/07\\\/pizarra-11-b7f3fce6e87956918216794991811347-1024-1024.jpg\",\"width\":1024,\"height\":1024},{\"@type\":\"BreadcrumbList\",\"@id\":\"https:\\\/\\\/tomasostore.com.ar\\\/tienda\\\/producto\\\/pizarra-carro-fugi-expresion-en-movimiento-art-6998\\\/#breadcrumb\",\"itemListElement\":[{\"@type\":\"ListItem\",\"position\":1,\"name\":\"Portada\",\"item\":\"https:\\\/\\\/tomasostore.com.ar\\\/tienda\\\/\"},{\"@type\":\"ListItem\",\"position\":2,\"name\":\"Tienda\",\"item\":\"https:\\\/\\\/tomasostore.com.ar\\\/tienda\\\/tienda\\\/\"},{\"@type\":\"ListItem\",\"position\":3,\"name\":\"Pizarra Carro Fugi. Expresi\u00f3n En Movimiento &#8211; Art. 6998\"}]},{\"@type\":\"WebSite\",\"@id\":\"https:\\\/\\\/tomasostore.com.ar\\\/tienda\\\/#website\",\"url\":\"https:\\\/\\\/tomasostore.com.ar\\\/tienda\\\/\",\"name\":\"Tomaso Store\",\"description\":\"Compr\u00e1s online, recib\u00eds en mano. Desde Hernando, llevando confianza a tu casa. Productos con garant\u00eda.\",\"potentialAction\":[{\"@type\":\"SearchAction\",\"target\":{\"@type\":\"EntryPoint\",\"urlTemplate\":\"https:\\\/\\\/tomasostore.com.ar\\\/tienda\\\/?s={search_term_string}\"},\"query-input\":{\"@type\":\"PropertyValueSpecification\",\"valueRequired\":true,\"valueName\":\"search_term_string\"}}],\"inLanguage\":\"es\"}]}<\/script>\n<!-- \/ Yoast SEO plugin. -->","yoast_head_json":{"title":"Pizarra Carro Fugi. Expresi\u00f3n En Movimiento - Art. 6998 - Tomaso Store","robots":{"index":"index","follow":"follow","max-snippet":"max-snippet:-1","max-image-preview":"max-image-preview:large","max-video-preview":"max-video-preview:-1"},"canonical":"https:\/\/tomasostore.com.ar\/tienda\/producto\/pizarra-carro-fugi-expresion-en-movimiento-art-6998\/","og_locale":"es_ES","og_type":"article","og_title":"Pizarra Carro Fugi. Expresi\u00f3n En Movimiento - Art. 6998 - Tomaso Store","og_description":"6998 La mejor forma de que tus hijos aprendan jugando, desarrollen su creatividad y se diviertan coloreando. La Pizarra Carro tiene ruedas para poder guardarlo debajo de la cama, optimizando los espacios. Tiene m\u00faltiples funciones de escritura como: temperas, acuarelas, crayones, l\u00e1pices y marcadores para papel y para pizarra.","og_url":"https:\/\/tomasostore.com.ar\/tienda\/producto\/pizarra-carro-fugi-expresion-en-movimiento-art-6998\/","og_site_name":"Tomaso Store","article_modified_time":"2025-07-29T15:09:29+00:00","og_image":[{"width":1024,"height":1024,"url":"https:\/\/tomasostore.com.ar\/tienda\/wp-content\/uploads\/2025\/07\/pizarra-11-b7f3fce6e87956918216794991811347-1024-1024.jpg","type":"image\/jpeg"}],"twitter_card":"summary_large_image","schema":{"@context":"https:\/\/schema.org","@graph":[{"@type":"WebPage","@id":"https:\/\/tomasostore.com.ar\/tienda\/producto\/pizarra-carro-fugi-expresion-en-movimiento-art-6998\/","url":"https:\/\/tomasostore.com.ar\/tienda\/producto\/pizarra-carro-fugi-expresion-en-movimiento-art-6998\/","name":"Pizarra Carro Fugi. Expresi\u00f3n En Movimiento - Art. 6998 - Tomaso Store","isPartOf":{"@id":"https:\/\/tomasostore.com.ar\/tienda\/#website"},"primaryImageOfPage":{"@id":"https:\/\/tomasostore.com.ar\/tienda\/producto\/pizarra-carro-fugi-expresion-en-movimiento-art-6998\/#primaryimage"},"image":{"@id":"https:\/\/tomasostore.com.ar\/tienda\/producto\/pizarra-carro-fugi-expresion-en-movimiento-art-6998\/#primaryimage"},"thumbnailUrl":"https:\/\/tomasostore.com.ar\/tienda\/wp-content\/uploads\/2025\/07\/pizarra-11-b7f3fce6e87956918216794991811347-1024-1024.jpg","datePublished":"2025-07-19T13:06:35+00:00","dateModified":"2025-07-29T15:09:29+00:00","breadcrumb":{"@id":"https:\/\/tomasostore.com.ar\/tienda\/producto\/pizarra-carro-fugi-expresion-en-movimiento-art-6998\/#breadcrumb"},"inLanguage":"es","potentialAction":[{"@type":"ReadAction","target":["https:\/\/tomasostore.com.ar\/tienda\/producto\/pizarra-carro-fugi-expresion-en-movimiento-art-6998\/"]}]},{"@type":"ImageObject","inLanguage":"es","@id":"https:\/\/tomasostore.com.ar\/tienda\/producto\/pizarra-carro-fugi-expresion-en-movimiento-art-6998\/#primaryimage","url":"https:\/\/tomasostore.com.ar\/tienda\/wp-content\/uploads\/2025\/07\/pizarra-11-b7f3fce6e87956918216794991811347-1024-1024.jpg","contentUrl":"https:\/\/tomasostore.com.ar\/tienda\/wp-content\/uploads\/2025\/07\/pizarra-11-b7f3fce6e87956918216794991811347-1024-1024.jpg","width":1024,"height":1024},{"@type":"BreadcrumbList","@id":"https:\/\/tomasostore.com.ar\/tienda\/producto\/pizarra-carro-fugi-expresion-en-movimiento-art-6998\/#breadcrumb","itemListElement":[{"@type":"ListItem","position":1,"name":"Portada","item":"https:\/\/tomasostore.com.ar\/tienda\/"},{"@type":"ListItem","position":2,"name":"Tienda","item":"https:\/\/tomasostore.com.ar\/tienda\/tienda\/"},{"@type":"ListItem","position":3,"name":"Pizarra Carro Fugi. Expresi\u00f3n En Movimiento &#8211; Art. 6998"}]},{"@type":"WebSite","@id":"https:\/\/tomasostore.com.ar\/tienda\/#website","url":"https:\/\/tomasostore.com.ar\/tienda\/","name":"Tomaso Store","description":"Compr\u00e1s online, recib\u00eds en mano. Desde Hernando, llevando confianza a tu casa. Productos con garant\u00eda.","potentialAction":[{"@type":"SearchAction","target":{"@type":"EntryPoint","urlTemplate":"https:\/\/tomasostore.com.ar\/tienda\/?s={search_term_string}"},"query-input":{"@type":"PropertyValueSpecification","valueRequired":true,"valueName":"search_term_string"}}],"inLanguage":"es"}]}},"_links":{"self":[{"href":"https:\/\/tomasostore.com.ar\/tienda\/wp-json\/wp\/v2\/product\/2317","targetHints":{"allow":["GET"]}}],"collection":[{"href":"https:\/\/tomasostore.com.ar\/tienda\/wp-json\/wp\/v2\/product"}],"about":[{"href":"https:\/\/tomasostore.com.ar\/tienda\/wp-json\/wp\/v2\/types\/product"}],"replies":[{"embeddable":true,"href":"https:\/\/tomasostore.com.ar\/tienda\/wp-json\/wp\/v2\/comments?post=2317"}],"version-history":[{"count":2,"href":"https:\/\/tomasostore.com.ar\/tienda\/wp-json\/wp\/v2\/product\/2317\/revisions"}],"predecessor-version":[{"id":30924,"href":"https:\/\/tomasostore.com.ar\/tienda\/wp-json\/wp\/v2\/product\/2317\/revisions\/30924"}],"wp:featuredmedia":[{"embeddable":true,"href":"https:\/\/tomasostore.com.ar\/tienda\/wp-json\/wp\/v2\/media\/20414"}],"wp:attachment":[{"href":"https:\/\/tomasostore.com.ar\/tienda\/wp-json\/wp\/v2\/media?parent=2317"}],"wp:term":[{"taxonomy":"product_brand","embeddable":true,"href":"https:\/\/tomasostore.com.ar\/tienda\/wp-json\/wp\/v2\/product_brand?post=2317"},{"taxonomy":"product_cat","embeddable":true,"href":"https:\/\/tomasostore.com.ar\/tienda\/wp-json\/wp\/v2\/product_cat?post=2317"},{"taxonomy":"product_tag","embeddable":true,"href":"https:\/\/tomasostore.com.ar\/tienda\/wp-json\/wp\/v2\/product_tag?post=2317"}],"curies":[{"name":"wp","href":"https:\/\/api.w.org\/{rel}","templated":true}]}}