{"id":2198,"date":"2025-07-19T10:49:02","date_gmt":"2025-07-19T13:49:02","guid":{"rendered":"https:\/\/tomasostore.com.ar\/tienda\/?post_type=product&#038;p=2198"},"modified":"2025-07-29T12:16:02","modified_gmt":"2025-07-29T15:16:02","slug":"espionaje-juego-de-cartas-yetem-80601","status":"publish","type":"product","link":"https:\/\/tomasostore.com.ar\/tienda\/producto\/espionaje-juego-de-cartas-yetem-80601\/","title":{"rendered":"Espionaje Juego De Cartas Yetem. 80601"},"content":{"rendered":"<p>Espionaje Juego De Cartas Espia Secreto Yetem. &#8211; Espionaje Cartas es un juego de naipes din\u00e1mico y divertido &#8211; Utilizando tu ingenio descubr\u00ed las tres variables del Archivo Confidencial, tenes muchas herramientas a tu disposici\u00f3n &#8211; Utiliza muy bien tu Agenda Privada y ser\u00e1s el ganador. &#8211; Descubr\u00ed qu\u00e9 agente internacional es.<\/p>\n","protected":false},"excerpt":{"rendered":"<p>Espionaje Juego De Cartas Espia Secreto Yetem. &#8211; Espionaje Cartas es un juego de naipes din\u00e1mico y divertido &#8211; Utilizando tu ingenio descubr\u00ed las tres variables del Archivo Confidencial, tenes muchas herramientas a tu disposici\u00f3n &#8211; Utiliza muy bien tu Agenda Privada y ser\u00e1s el ganador. &#8211; Descubr\u00ed qu\u00e9 agente internacional es.<\/p>\n","protected":false},"featured_media":24574,"comment_status":"open","ping_status":"closed","template":"","meta":[],"product_brand":[363],"product_cat":[642],"product_tag":[643],"class_list":{"0":"post-2198","1":"product","2":"type-product","3":"status-publish","4":"has-post-thumbnail","6":"product_brand-new-yetem-sa","7":"product_cat-juegos-de-mesa-familiares","8":"product_tag-juegos-de-mesa-familiares","10":"first","11":"instock","12":"sale","13":"shipping-taxable","14":"purchasable","15":"product-type-simple"},"yoast_head":"<!-- This site is optimized with the Yoast SEO plugin v27.5 - https:\/\/yoast.com\/product\/yoast-seo-wordpress\/ -->\n<title>Espionaje Juego De Cartas Yetem. 80601 - Tomaso Store<\/title>\n<meta name=\"robots\" content=\"index, follow, max-snippet:-1, max-image-preview:large, max-video-preview:-1\" \/>\n<link rel=\"canonical\" href=\"https:\/\/tomasostore.com.ar\/tienda\/producto\/espionaje-juego-de-cartas-yetem-80601\/\" \/>\n<meta property=\"og:locale\" content=\"es_ES\" \/>\n<meta property=\"og:type\" content=\"article\" \/>\n<meta property=\"og:title\" content=\"Espionaje Juego De Cartas Yetem. 80601 - Tomaso Store\" \/>\n<meta property=\"og:description\" content=\"Espionaje Juego De Cartas Espia Secreto Yetem. &#8211; Espionaje Cartas es un juego de naipes din\u00e1mico y divertido &#8211; Utilizando tu ingenio descubr\u00ed las tres variables del Archivo Confidencial, tenes muchas herramientas a tu disposici\u00f3n &#8211; Utiliza muy bien tu Agenda Privada y ser\u00e1s el ganador. &#8211; Descubr\u00ed qu\u00e9 agente internacional es.\" \/>\n<meta property=\"og:url\" content=\"https:\/\/tomasostore.com.ar\/tienda\/producto\/espionaje-juego-de-cartas-yetem-80601\/\" \/>\n<meta property=\"og:site_name\" content=\"Tomaso Store\" \/>\n<meta property=\"article:modified_time\" content=\"2025-07-29T15:16:02+00:00\" \/>\n<meta property=\"og:image\" content=\"https:\/\/tomasostore.com.ar\/tienda\/wp-content\/uploads\/2025\/07\/espia1-c645496e04a3f0559d16814108816250-1024-1024.png\" \/>\n\t<meta property=\"og:image:width\" content=\"1024\" \/>\n\t<meta property=\"og:image:height\" content=\"1024\" \/>\n\t<meta property=\"og:image:type\" content=\"image\/png\" \/>\n<meta name=\"twitter:card\" content=\"summary_large_image\" \/>\n<script type=\"application\/ld+json\" class=\"yoast-schema-graph\">{\"@context\":\"https:\\\/\\\/schema.org\",\"@graph\":[{\"@type\":\"WebPage\",\"@id\":\"https:\\\/\\\/tomasostore.com.ar\\\/tienda\\\/producto\\\/espionaje-juego-de-cartas-yetem-80601\\\/\",\"url\":\"https:\\\/\\\/tomasostore.com.ar\\\/tienda\\\/producto\\\/espionaje-juego-de-cartas-yetem-80601\\\/\",\"name\":\"Espionaje Juego De Cartas Yetem. 80601 - Tomaso Store\",\"isPartOf\":{\"@id\":\"https:\\\/\\\/tomasostore.com.ar\\\/tienda\\\/#website\"},\"primaryImageOfPage\":{\"@id\":\"https:\\\/\\\/tomasostore.com.ar\\\/tienda\\\/producto\\\/espionaje-juego-de-cartas-yetem-80601\\\/#primaryimage\"},\"image\":{\"@id\":\"https:\\\/\\\/tomasostore.com.ar\\\/tienda\\\/producto\\\/espionaje-juego-de-cartas-yetem-80601\\\/#primaryimage\"},\"thumbnailUrl\":\"https:\\\/\\\/tomasostore.com.ar\\\/tienda\\\/wp-content\\\/uploads\\\/2025\\\/07\\\/espia1-c645496e04a3f0559d16814108816250-1024-1024.png\",\"datePublished\":\"2025-07-19T13:49:02+00:00\",\"dateModified\":\"2025-07-29T15:16:02+00:00\",\"breadcrumb\":{\"@id\":\"https:\\\/\\\/tomasostore.com.ar\\\/tienda\\\/producto\\\/espionaje-juego-de-cartas-yetem-80601\\\/#breadcrumb\"},\"inLanguage\":\"es\",\"potentialAction\":[{\"@type\":\"ReadAction\",\"target\":[\"https:\\\/\\\/tomasostore.com.ar\\\/tienda\\\/producto\\\/espionaje-juego-de-cartas-yetem-80601\\\/\"]}]},{\"@type\":\"ImageObject\",\"inLanguage\":\"es\",\"@id\":\"https:\\\/\\\/tomasostore.com.ar\\\/tienda\\\/producto\\\/espionaje-juego-de-cartas-yetem-80601\\\/#primaryimage\",\"url\":\"https:\\\/\\\/tomasostore.com.ar\\\/tienda\\\/wp-content\\\/uploads\\\/2025\\\/07\\\/espia1-c645496e04a3f0559d16814108816250-1024-1024.png\",\"contentUrl\":\"https:\\\/\\\/tomasostore.com.ar\\\/tienda\\\/wp-content\\\/uploads\\\/2025\\\/07\\\/espia1-c645496e04a3f0559d16814108816250-1024-1024.png\",\"width\":1024,\"height\":1024},{\"@type\":\"BreadcrumbList\",\"@id\":\"https:\\\/\\\/tomasostore.com.ar\\\/tienda\\\/producto\\\/espionaje-juego-de-cartas-yetem-80601\\\/#breadcrumb\",\"itemListElement\":[{\"@type\":\"ListItem\",\"position\":1,\"name\":\"Portada\",\"item\":\"https:\\\/\\\/tomasostore.com.ar\\\/tienda\\\/\"},{\"@type\":\"ListItem\",\"position\":2,\"name\":\"Tienda\",\"item\":\"https:\\\/\\\/tomasostore.com.ar\\\/tienda\\\/tienda\\\/\"},{\"@type\":\"ListItem\",\"position\":3,\"name\":\"Espionaje Juego De Cartas Yetem. 80601\"}]},{\"@type\":\"WebSite\",\"@id\":\"https:\\\/\\\/tomasostore.com.ar\\\/tienda\\\/#website\",\"url\":\"https:\\\/\\\/tomasostore.com.ar\\\/tienda\\\/\",\"name\":\"Tomaso Store\",\"description\":\"Compr\u00e1s online, recib\u00eds en mano. Desde Hernando, llevando confianza a tu casa. Productos con garant\u00eda.\",\"potentialAction\":[{\"@type\":\"SearchAction\",\"target\":{\"@type\":\"EntryPoint\",\"urlTemplate\":\"https:\\\/\\\/tomasostore.com.ar\\\/tienda\\\/?s={search_term_string}\"},\"query-input\":{\"@type\":\"PropertyValueSpecification\",\"valueRequired\":true,\"valueName\":\"search_term_string\"}}],\"inLanguage\":\"es\"}]}<\/script>\n<!-- \/ Yoast SEO plugin. -->","yoast_head_json":{"title":"Espionaje Juego De Cartas Yetem. 80601 - Tomaso Store","robots":{"index":"index","follow":"follow","max-snippet":"max-snippet:-1","max-image-preview":"max-image-preview:large","max-video-preview":"max-video-preview:-1"},"canonical":"https:\/\/tomasostore.com.ar\/tienda\/producto\/espionaje-juego-de-cartas-yetem-80601\/","og_locale":"es_ES","og_type":"article","og_title":"Espionaje Juego De Cartas Yetem. 80601 - Tomaso Store","og_description":"Espionaje Juego De Cartas Espia Secreto Yetem. &#8211; Espionaje Cartas es un juego de naipes din\u00e1mico y divertido &#8211; Utilizando tu ingenio descubr\u00ed las tres variables del Archivo Confidencial, tenes muchas herramientas a tu disposici\u00f3n &#8211; Utiliza muy bien tu Agenda Privada y ser\u00e1s el ganador. &#8211; Descubr\u00ed qu\u00e9 agente internacional es.","og_url":"https:\/\/tomasostore.com.ar\/tienda\/producto\/espionaje-juego-de-cartas-yetem-80601\/","og_site_name":"Tomaso Store","article_modified_time":"2025-07-29T15:16:02+00:00","og_image":[{"width":1024,"height":1024,"url":"https:\/\/tomasostore.com.ar\/tienda\/wp-content\/uploads\/2025\/07\/espia1-c645496e04a3f0559d16814108816250-1024-1024.png","type":"image\/png"}],"twitter_card":"summary_large_image","schema":{"@context":"https:\/\/schema.org","@graph":[{"@type":"WebPage","@id":"https:\/\/tomasostore.com.ar\/tienda\/producto\/espionaje-juego-de-cartas-yetem-80601\/","url":"https:\/\/tomasostore.com.ar\/tienda\/producto\/espionaje-juego-de-cartas-yetem-80601\/","name":"Espionaje Juego De Cartas Yetem. 80601 - Tomaso Store","isPartOf":{"@id":"https:\/\/tomasostore.com.ar\/tienda\/#website"},"primaryImageOfPage":{"@id":"https:\/\/tomasostore.com.ar\/tienda\/producto\/espionaje-juego-de-cartas-yetem-80601\/#primaryimage"},"image":{"@id":"https:\/\/tomasostore.com.ar\/tienda\/producto\/espionaje-juego-de-cartas-yetem-80601\/#primaryimage"},"thumbnailUrl":"https:\/\/tomasostore.com.ar\/tienda\/wp-content\/uploads\/2025\/07\/espia1-c645496e04a3f0559d16814108816250-1024-1024.png","datePublished":"2025-07-19T13:49:02+00:00","dateModified":"2025-07-29T15:16:02+00:00","breadcrumb":{"@id":"https:\/\/tomasostore.com.ar\/tienda\/producto\/espionaje-juego-de-cartas-yetem-80601\/#breadcrumb"},"inLanguage":"es","potentialAction":[{"@type":"ReadAction","target":["https:\/\/tomasostore.com.ar\/tienda\/producto\/espionaje-juego-de-cartas-yetem-80601\/"]}]},{"@type":"ImageObject","inLanguage":"es","@id":"https:\/\/tomasostore.com.ar\/tienda\/producto\/espionaje-juego-de-cartas-yetem-80601\/#primaryimage","url":"https:\/\/tomasostore.com.ar\/tienda\/wp-content\/uploads\/2025\/07\/espia1-c645496e04a3f0559d16814108816250-1024-1024.png","contentUrl":"https:\/\/tomasostore.com.ar\/tienda\/wp-content\/uploads\/2025\/07\/espia1-c645496e04a3f0559d16814108816250-1024-1024.png","width":1024,"height":1024},{"@type":"BreadcrumbList","@id":"https:\/\/tomasostore.com.ar\/tienda\/producto\/espionaje-juego-de-cartas-yetem-80601\/#breadcrumb","itemListElement":[{"@type":"ListItem","position":1,"name":"Portada","item":"https:\/\/tomasostore.com.ar\/tienda\/"},{"@type":"ListItem","position":2,"name":"Tienda","item":"https:\/\/tomasostore.com.ar\/tienda\/tienda\/"},{"@type":"ListItem","position":3,"name":"Espionaje Juego De Cartas Yetem. 80601"}]},{"@type":"WebSite","@id":"https:\/\/tomasostore.com.ar\/tienda\/#website","url":"https:\/\/tomasostore.com.ar\/tienda\/","name":"Tomaso Store","description":"Compr\u00e1s online, recib\u00eds en mano. Desde Hernando, llevando confianza a tu casa. Productos con garant\u00eda.","potentialAction":[{"@type":"SearchAction","target":{"@type":"EntryPoint","urlTemplate":"https:\/\/tomasostore.com.ar\/tienda\/?s={search_term_string}"},"query-input":{"@type":"PropertyValueSpecification","valueRequired":true,"valueName":"search_term_string"}}],"inLanguage":"es"}]}},"_links":{"self":[{"href":"https:\/\/tomasostore.com.ar\/tienda\/wp-json\/wp\/v2\/product\/2198","targetHints":{"allow":["GET"]}}],"collection":[{"href":"https:\/\/tomasostore.com.ar\/tienda\/wp-json\/wp\/v2\/product"}],"about":[{"href":"https:\/\/tomasostore.com.ar\/tienda\/wp-json\/wp\/v2\/types\/product"}],"replies":[{"embeddable":true,"href":"https:\/\/tomasostore.com.ar\/tienda\/wp-json\/wp\/v2\/comments?post=2198"}],"version-history":[{"count":2,"href":"https:\/\/tomasostore.com.ar\/tienda\/wp-json\/wp\/v2\/product\/2198\/revisions"}],"predecessor-version":[{"id":32820,"href":"https:\/\/tomasostore.com.ar\/tienda\/wp-json\/wp\/v2\/product\/2198\/revisions\/32820"}],"wp:featuredmedia":[{"embeddable":true,"href":"https:\/\/tomasostore.com.ar\/tienda\/wp-json\/wp\/v2\/media\/24574"}],"wp:attachment":[{"href":"https:\/\/tomasostore.com.ar\/tienda\/wp-json\/wp\/v2\/media?parent=2198"}],"wp:term":[{"taxonomy":"product_brand","embeddable":true,"href":"https:\/\/tomasostore.com.ar\/tienda\/wp-json\/wp\/v2\/product_brand?post=2198"},{"taxonomy":"product_cat","embeddable":true,"href":"https:\/\/tomasostore.com.ar\/tienda\/wp-json\/wp\/v2\/product_cat?post=2198"},{"taxonomy":"product_tag","embeddable":true,"href":"https:\/\/tomasostore.com.ar\/tienda\/wp-json\/wp\/v2\/product_tag?post=2198"}],"curies":[{"name":"wp","href":"https:\/\/api.w.org\/{rel}","templated":true}]}}