{"id":2191,"date":"2025-07-19T10:47:55","date_gmt":"2025-07-19T13:47:55","guid":{"rendered":"https:\/\/tomasostore.com.ar\/tienda\/?post_type=product&#038;p=2191"},"modified":"2025-07-29T12:15:54","modified_gmt":"2025-07-29T15:15:54","slug":"juego-de-cartas-pim-pam-pum-maldon","status":"publish","type":"product","link":"https:\/\/tomasostore.com.ar\/tienda\/producto\/juego-de-cartas-pim-pam-pum-maldon\/","title":{"rendered":"Juego De Cartas Pim Pam Pum Mald\u00f3n"},"content":{"rendered":"<p>El objetivo del juego es juntar la mayor cantidad de cartas, quien obtenga el mayor n\u00famero, ser\u00e1 el ganador. A usar la memoria y recordar donde est\u00e1 cada mosntruo, as\u00ed en tu turno te llev\u00e1s mas cartas. Las cartas de la grilla se van rellenando hasta no quedar ninguna.<\/p>\n","protected":false},"excerpt":{"rendered":"<p>El objetivo del juego es juntar la mayor cantidad de cartas, quien obtenga el mayor n\u00famero, ser\u00e1 el ganador. A usar la memoria y recordar donde est\u00e1 cada mosntruo, as\u00ed en tu turno te llev\u00e1s mas cartas. Las cartas de la grilla se van rellenando hasta no quedar ninguna.<\/p>\n","protected":false},"featured_media":24478,"comment_status":"open","ping_status":"closed","template":"","meta":[],"product_brand":[357],"product_cat":[640],"product_tag":[641],"class_list":{"0":"post-2191","1":"product","2":"type-product","3":"status-publish","4":"has-post-thumbnail","6":"product_brand-juegos-maldon","7":"product_cat-juegos-de-mesa-adultos","8":"product_tag-juegos-de-mesa-adultos","10":"first","11":"instock","12":"sale","13":"shipping-taxable","14":"purchasable","15":"product-type-simple"},"yoast_head":"<!-- This site is optimized with the Yoast SEO plugin v27.5 - https:\/\/yoast.com\/product\/yoast-seo-wordpress\/ -->\n<title>Juego De Cartas Pim Pam Pum Mald\u00f3n - Tomaso Store<\/title>\n<meta name=\"robots\" content=\"index, follow, max-snippet:-1, max-image-preview:large, max-video-preview:-1\" \/>\n<link rel=\"canonical\" href=\"https:\/\/tomasostore.com.ar\/tienda\/producto\/juego-de-cartas-pim-pam-pum-maldon\/\" \/>\n<meta property=\"og:locale\" content=\"es_ES\" \/>\n<meta property=\"og:type\" content=\"article\" \/>\n<meta property=\"og:title\" content=\"Juego De Cartas Pim Pam Pum Mald\u00f3n - Tomaso Store\" \/>\n<meta property=\"og:description\" content=\"El objetivo del juego es juntar la mayor cantidad de cartas, quien obtenga el mayor n\u00famero, ser\u00e1 el ganador. A usar la memoria y recordar donde est\u00e1 cada mosntruo, as\u00ed en tu turno te llev\u00e1s mas cartas. Las cartas de la grilla se van rellenando hasta no quedar ninguna.\" \/>\n<meta property=\"og:url\" content=\"https:\/\/tomasostore.com.ar\/tienda\/producto\/juego-de-cartas-pim-pam-pum-maldon\/\" \/>\n<meta property=\"og:site_name\" content=\"Tomaso Store\" \/>\n<meta property=\"article:modified_time\" content=\"2025-07-29T15:15:54+00:00\" \/>\n<meta property=\"og:image\" content=\"https:\/\/tomasostore.com.ar\/tienda\/wp-content\/uploads\/2025\/07\/image-41-f2cae01009f5134ebc16814785701234-1024-1024.jpg\" \/>\n\t<meta property=\"og:image:width\" content=\"1024\" \/>\n\t<meta property=\"og:image:height\" content=\"1024\" \/>\n\t<meta property=\"og:image:type\" content=\"image\/jpeg\" \/>\n<meta name=\"twitter:card\" content=\"summary_large_image\" \/>\n<script type=\"application\/ld+json\" class=\"yoast-schema-graph\">{\"@context\":\"https:\\\/\\\/schema.org\",\"@graph\":[{\"@type\":\"WebPage\",\"@id\":\"https:\\\/\\\/tomasostore.com.ar\\\/tienda\\\/producto\\\/juego-de-cartas-pim-pam-pum-maldon\\\/\",\"url\":\"https:\\\/\\\/tomasostore.com.ar\\\/tienda\\\/producto\\\/juego-de-cartas-pim-pam-pum-maldon\\\/\",\"name\":\"Juego De Cartas Pim Pam Pum Mald\u00f3n - Tomaso Store\",\"isPartOf\":{\"@id\":\"https:\\\/\\\/tomasostore.com.ar\\\/tienda\\\/#website\"},\"primaryImageOfPage\":{\"@id\":\"https:\\\/\\\/tomasostore.com.ar\\\/tienda\\\/producto\\\/juego-de-cartas-pim-pam-pum-maldon\\\/#primaryimage\"},\"image\":{\"@id\":\"https:\\\/\\\/tomasostore.com.ar\\\/tienda\\\/producto\\\/juego-de-cartas-pim-pam-pum-maldon\\\/#primaryimage\"},\"thumbnailUrl\":\"https:\\\/\\\/tomasostore.com.ar\\\/tienda\\\/wp-content\\\/uploads\\\/2025\\\/07\\\/image-41-f2cae01009f5134ebc16814785701234-1024-1024.jpg\",\"datePublished\":\"2025-07-19T13:47:55+00:00\",\"dateModified\":\"2025-07-29T15:15:54+00:00\",\"breadcrumb\":{\"@id\":\"https:\\\/\\\/tomasostore.com.ar\\\/tienda\\\/producto\\\/juego-de-cartas-pim-pam-pum-maldon\\\/#breadcrumb\"},\"inLanguage\":\"es\",\"potentialAction\":[{\"@type\":\"ReadAction\",\"target\":[\"https:\\\/\\\/tomasostore.com.ar\\\/tienda\\\/producto\\\/juego-de-cartas-pim-pam-pum-maldon\\\/\"]}]},{\"@type\":\"ImageObject\",\"inLanguage\":\"es\",\"@id\":\"https:\\\/\\\/tomasostore.com.ar\\\/tienda\\\/producto\\\/juego-de-cartas-pim-pam-pum-maldon\\\/#primaryimage\",\"url\":\"https:\\\/\\\/tomasostore.com.ar\\\/tienda\\\/wp-content\\\/uploads\\\/2025\\\/07\\\/image-41-f2cae01009f5134ebc16814785701234-1024-1024.jpg\",\"contentUrl\":\"https:\\\/\\\/tomasostore.com.ar\\\/tienda\\\/wp-content\\\/uploads\\\/2025\\\/07\\\/image-41-f2cae01009f5134ebc16814785701234-1024-1024.jpg\",\"width\":1024,\"height\":1024},{\"@type\":\"BreadcrumbList\",\"@id\":\"https:\\\/\\\/tomasostore.com.ar\\\/tienda\\\/producto\\\/juego-de-cartas-pim-pam-pum-maldon\\\/#breadcrumb\",\"itemListElement\":[{\"@type\":\"ListItem\",\"position\":1,\"name\":\"Portada\",\"item\":\"https:\\\/\\\/tomasostore.com.ar\\\/tienda\\\/\"},{\"@type\":\"ListItem\",\"position\":2,\"name\":\"Tienda\",\"item\":\"https:\\\/\\\/tomasostore.com.ar\\\/tienda\\\/tienda\\\/\"},{\"@type\":\"ListItem\",\"position\":3,\"name\":\"Juego De Cartas Pim Pam Pum Mald\u00f3n\"}]},{\"@type\":\"WebSite\",\"@id\":\"https:\\\/\\\/tomasostore.com.ar\\\/tienda\\\/#website\",\"url\":\"https:\\\/\\\/tomasostore.com.ar\\\/tienda\\\/\",\"name\":\"Tomaso Store\",\"description\":\"Compr\u00e1s online, recib\u00eds en mano. Desde Hernando, llevando confianza a tu casa. Productos con garant\u00eda.\",\"potentialAction\":[{\"@type\":\"SearchAction\",\"target\":{\"@type\":\"EntryPoint\",\"urlTemplate\":\"https:\\\/\\\/tomasostore.com.ar\\\/tienda\\\/?s={search_term_string}\"},\"query-input\":{\"@type\":\"PropertyValueSpecification\",\"valueRequired\":true,\"valueName\":\"search_term_string\"}}],\"inLanguage\":\"es\"}]}<\/script>\n<!-- \/ Yoast SEO plugin. -->","yoast_head_json":{"title":"Juego De Cartas Pim Pam Pum Mald\u00f3n - Tomaso Store","robots":{"index":"index","follow":"follow","max-snippet":"max-snippet:-1","max-image-preview":"max-image-preview:large","max-video-preview":"max-video-preview:-1"},"canonical":"https:\/\/tomasostore.com.ar\/tienda\/producto\/juego-de-cartas-pim-pam-pum-maldon\/","og_locale":"es_ES","og_type":"article","og_title":"Juego De Cartas Pim Pam Pum Mald\u00f3n - Tomaso Store","og_description":"El objetivo del juego es juntar la mayor cantidad de cartas, quien obtenga el mayor n\u00famero, ser\u00e1 el ganador. A usar la memoria y recordar donde est\u00e1 cada mosntruo, as\u00ed en tu turno te llev\u00e1s mas cartas. Las cartas de la grilla se van rellenando hasta no quedar ninguna.","og_url":"https:\/\/tomasostore.com.ar\/tienda\/producto\/juego-de-cartas-pim-pam-pum-maldon\/","og_site_name":"Tomaso Store","article_modified_time":"2025-07-29T15:15:54+00:00","og_image":[{"width":1024,"height":1024,"url":"https:\/\/tomasostore.com.ar\/tienda\/wp-content\/uploads\/2025\/07\/image-41-f2cae01009f5134ebc16814785701234-1024-1024.jpg","type":"image\/jpeg"}],"twitter_card":"summary_large_image","schema":{"@context":"https:\/\/schema.org","@graph":[{"@type":"WebPage","@id":"https:\/\/tomasostore.com.ar\/tienda\/producto\/juego-de-cartas-pim-pam-pum-maldon\/","url":"https:\/\/tomasostore.com.ar\/tienda\/producto\/juego-de-cartas-pim-pam-pum-maldon\/","name":"Juego De Cartas Pim Pam Pum Mald\u00f3n - Tomaso Store","isPartOf":{"@id":"https:\/\/tomasostore.com.ar\/tienda\/#website"},"primaryImageOfPage":{"@id":"https:\/\/tomasostore.com.ar\/tienda\/producto\/juego-de-cartas-pim-pam-pum-maldon\/#primaryimage"},"image":{"@id":"https:\/\/tomasostore.com.ar\/tienda\/producto\/juego-de-cartas-pim-pam-pum-maldon\/#primaryimage"},"thumbnailUrl":"https:\/\/tomasostore.com.ar\/tienda\/wp-content\/uploads\/2025\/07\/image-41-f2cae01009f5134ebc16814785701234-1024-1024.jpg","datePublished":"2025-07-19T13:47:55+00:00","dateModified":"2025-07-29T15:15:54+00:00","breadcrumb":{"@id":"https:\/\/tomasostore.com.ar\/tienda\/producto\/juego-de-cartas-pim-pam-pum-maldon\/#breadcrumb"},"inLanguage":"es","potentialAction":[{"@type":"ReadAction","target":["https:\/\/tomasostore.com.ar\/tienda\/producto\/juego-de-cartas-pim-pam-pum-maldon\/"]}]},{"@type":"ImageObject","inLanguage":"es","@id":"https:\/\/tomasostore.com.ar\/tienda\/producto\/juego-de-cartas-pim-pam-pum-maldon\/#primaryimage","url":"https:\/\/tomasostore.com.ar\/tienda\/wp-content\/uploads\/2025\/07\/image-41-f2cae01009f5134ebc16814785701234-1024-1024.jpg","contentUrl":"https:\/\/tomasostore.com.ar\/tienda\/wp-content\/uploads\/2025\/07\/image-41-f2cae01009f5134ebc16814785701234-1024-1024.jpg","width":1024,"height":1024},{"@type":"BreadcrumbList","@id":"https:\/\/tomasostore.com.ar\/tienda\/producto\/juego-de-cartas-pim-pam-pum-maldon\/#breadcrumb","itemListElement":[{"@type":"ListItem","position":1,"name":"Portada","item":"https:\/\/tomasostore.com.ar\/tienda\/"},{"@type":"ListItem","position":2,"name":"Tienda","item":"https:\/\/tomasostore.com.ar\/tienda\/tienda\/"},{"@type":"ListItem","position":3,"name":"Juego De Cartas Pim Pam Pum Mald\u00f3n"}]},{"@type":"WebSite","@id":"https:\/\/tomasostore.com.ar\/tienda\/#website","url":"https:\/\/tomasostore.com.ar\/tienda\/","name":"Tomaso Store","description":"Compr\u00e1s online, recib\u00eds en mano. Desde Hernando, llevando confianza a tu casa. Productos con garant\u00eda.","potentialAction":[{"@type":"SearchAction","target":{"@type":"EntryPoint","urlTemplate":"https:\/\/tomasostore.com.ar\/tienda\/?s={search_term_string}"},"query-input":{"@type":"PropertyValueSpecification","valueRequired":true,"valueName":"search_term_string"}}],"inLanguage":"es"}]}},"_links":{"self":[{"href":"https:\/\/tomasostore.com.ar\/tienda\/wp-json\/wp\/v2\/product\/2191","targetHints":{"allow":["GET"]}}],"collection":[{"href":"https:\/\/tomasostore.com.ar\/tienda\/wp-json\/wp\/v2\/product"}],"about":[{"href":"https:\/\/tomasostore.com.ar\/tienda\/wp-json\/wp\/v2\/types\/product"}],"replies":[{"embeddable":true,"href":"https:\/\/tomasostore.com.ar\/tienda\/wp-json\/wp\/v2\/comments?post=2191"}],"version-history":[{"count":2,"href":"https:\/\/tomasostore.com.ar\/tienda\/wp-json\/wp\/v2\/product\/2191\/revisions"}],"predecessor-version":[{"id":32777,"href":"https:\/\/tomasostore.com.ar\/tienda\/wp-json\/wp\/v2\/product\/2191\/revisions\/32777"}],"wp:featuredmedia":[{"embeddable":true,"href":"https:\/\/tomasostore.com.ar\/tienda\/wp-json\/wp\/v2\/media\/24478"}],"wp:attachment":[{"href":"https:\/\/tomasostore.com.ar\/tienda\/wp-json\/wp\/v2\/media?parent=2191"}],"wp:term":[{"taxonomy":"product_brand","embeddable":true,"href":"https:\/\/tomasostore.com.ar\/tienda\/wp-json\/wp\/v2\/product_brand?post=2191"},{"taxonomy":"product_cat","embeddable":true,"href":"https:\/\/tomasostore.com.ar\/tienda\/wp-json\/wp\/v2\/product_cat?post=2191"},{"taxonomy":"product_tag","embeddable":true,"href":"https:\/\/tomasostore.com.ar\/tienda\/wp-json\/wp\/v2\/product_tag?post=2191"}],"curies":[{"name":"wp","href":"https:\/\/api.w.org\/{rel}","templated":true}]}}