{"id":188,"date":"2025-07-19T10:01:02","date_gmt":"2025-07-19T13:01:02","guid":{"rendered":"https:\/\/tomasostore.com.ar\/tienda\/?post_type=product&#038;p=188"},"modified":"2025-07-29T12:46:16","modified_gmt":"2025-07-29T15:46:16","slug":"aqua-quest-pistola-agua-10cm-wabro-99602","status":"publish","type":"product","link":"https:\/\/tomasostore.com.ar\/tienda\/producto\/aqua-quest-pistola-agua-10cm-wabro-99602\/","title":{"rendered":"Aqua Quest Pistola Agua 10cm Wabro 99602"},"content":{"rendered":"<p>Aqua Quest Pistola Agua 10cm Wabro 99602 Pistola De Agua Aqua Quest 10 cm Disfrut\u00e1 el verano con esta espectacular pistola de agua Acqua Quest para jugar al aire libre y mojarse con amigos.<\/p>\n","protected":false},"excerpt":{"rendered":"<p>Aqua Quest Pistola Agua 10cm Wabro 99602 Pistola De Agua Aqua Quest 10 cm Disfrut\u00e1 el verano con esta espectacular pistola de agua Acqua Quest para jugar al aire libre y mojarse con amigos.<\/p>\n","protected":false},"featured_media":0,"comment_status":"open","ping_status":"closed","template":"","meta":[],"product_brand":[44],"product_cat":[628],"product_tag":[629,466],"class_list":{"0":"post-188","1":"product","2":"type-product","3":"status-publish","5":"product_brand-wabro","6":"product_cat-aire-libre","7":"product_tag-aire-libre","8":"product_tag-regalitos","10":"first","11":"instock","12":"sale","13":"shipping-taxable","14":"purchasable","15":"product-type-simple"},"yoast_head":"<!-- This site is optimized with the Yoast SEO plugin v27.4 - https:\/\/yoast.com\/product\/yoast-seo-wordpress\/ -->\n<title>Aqua Quest Pistola Agua 10cm Wabro 99602 - Tomaso Store<\/title>\n<meta name=\"robots\" content=\"index, follow, max-snippet:-1, max-image-preview:large, max-video-preview:-1\" \/>\n<link rel=\"canonical\" href=\"https:\/\/tomasostore.com.ar\/tienda\/producto\/aqua-quest-pistola-agua-10cm-wabro-99602\/\" \/>\n<meta property=\"og:locale\" content=\"es_ES\" \/>\n<meta property=\"og:type\" content=\"article\" \/>\n<meta property=\"og:title\" content=\"Aqua Quest Pistola Agua 10cm Wabro 99602 - Tomaso Store\" \/>\n<meta property=\"og:description\" content=\"Aqua Quest Pistola Agua 10cm Wabro 99602 Pistola De Agua Aqua Quest 10 cm Disfrut\u00e1 el verano con esta espectacular pistola de agua Acqua Quest para jugar al aire libre y mojarse con amigos.\" \/>\n<meta property=\"og:url\" content=\"https:\/\/tomasostore.com.ar\/tienda\/producto\/aqua-quest-pistola-agua-10cm-wabro-99602\/\" \/>\n<meta property=\"og:site_name\" content=\"Tomaso Store\" \/>\n<meta property=\"article:modified_time\" content=\"2025-07-29T15:46:16+00:00\" \/>\n<meta name=\"twitter:card\" content=\"summary_large_image\" \/>\n<script type=\"application\/ld+json\" class=\"yoast-schema-graph\">{\"@context\":\"https:\\\/\\\/schema.org\",\"@graph\":[{\"@type\":\"WebPage\",\"@id\":\"https:\\\/\\\/tomasostore.com.ar\\\/tienda\\\/producto\\\/aqua-quest-pistola-agua-10cm-wabro-99602\\\/\",\"url\":\"https:\\\/\\\/tomasostore.com.ar\\\/tienda\\\/producto\\\/aqua-quest-pistola-agua-10cm-wabro-99602\\\/\",\"name\":\"Aqua Quest Pistola Agua 10cm Wabro 99602 - Tomaso Store\",\"isPartOf\":{\"@id\":\"https:\\\/\\\/tomasostore.com.ar\\\/tienda\\\/#website\"},\"datePublished\":\"2025-07-19T13:01:02+00:00\",\"dateModified\":\"2025-07-29T15:46:16+00:00\",\"breadcrumb\":{\"@id\":\"https:\\\/\\\/tomasostore.com.ar\\\/tienda\\\/producto\\\/aqua-quest-pistola-agua-10cm-wabro-99602\\\/#breadcrumb\"},\"inLanguage\":\"es\",\"potentialAction\":[{\"@type\":\"ReadAction\",\"target\":[\"https:\\\/\\\/tomasostore.com.ar\\\/tienda\\\/producto\\\/aqua-quest-pistola-agua-10cm-wabro-99602\\\/\"]}]},{\"@type\":\"BreadcrumbList\",\"@id\":\"https:\\\/\\\/tomasostore.com.ar\\\/tienda\\\/producto\\\/aqua-quest-pistola-agua-10cm-wabro-99602\\\/#breadcrumb\",\"itemListElement\":[{\"@type\":\"ListItem\",\"position\":1,\"name\":\"Portada\",\"item\":\"https:\\\/\\\/tomasostore.com.ar\\\/tienda\\\/\"},{\"@type\":\"ListItem\",\"position\":2,\"name\":\"Tienda\",\"item\":\"https:\\\/\\\/tomasostore.com.ar\\\/tienda\\\/tienda\\\/\"},{\"@type\":\"ListItem\",\"position\":3,\"name\":\"Aqua Quest Pistola Agua 10cm Wabro 99602\"}]},{\"@type\":\"WebSite\",\"@id\":\"https:\\\/\\\/tomasostore.com.ar\\\/tienda\\\/#website\",\"url\":\"https:\\\/\\\/tomasostore.com.ar\\\/tienda\\\/\",\"name\":\"Tomaso Store\",\"description\":\"Compr\u00e1s online, recib\u00eds en mano. Desde Hernando, llevando confianza a tu casa. Productos con garant\u00eda.\",\"potentialAction\":[{\"@type\":\"SearchAction\",\"target\":{\"@type\":\"EntryPoint\",\"urlTemplate\":\"https:\\\/\\\/tomasostore.com.ar\\\/tienda\\\/?s={search_term_string}\"},\"query-input\":{\"@type\":\"PropertyValueSpecification\",\"valueRequired\":true,\"valueName\":\"search_term_string\"}}],\"inLanguage\":\"es\"}]}<\/script>\n<!-- \/ Yoast SEO plugin. -->","yoast_head_json":{"title":"Aqua Quest Pistola Agua 10cm Wabro 99602 - Tomaso Store","robots":{"index":"index","follow":"follow","max-snippet":"max-snippet:-1","max-image-preview":"max-image-preview:large","max-video-preview":"max-video-preview:-1"},"canonical":"https:\/\/tomasostore.com.ar\/tienda\/producto\/aqua-quest-pistola-agua-10cm-wabro-99602\/","og_locale":"es_ES","og_type":"article","og_title":"Aqua Quest Pistola Agua 10cm Wabro 99602 - Tomaso Store","og_description":"Aqua Quest Pistola Agua 10cm Wabro 99602 Pistola De Agua Aqua Quest 10 cm Disfrut\u00e1 el verano con esta espectacular pistola de agua Acqua Quest para jugar al aire libre y mojarse con amigos.","og_url":"https:\/\/tomasostore.com.ar\/tienda\/producto\/aqua-quest-pistola-agua-10cm-wabro-99602\/","og_site_name":"Tomaso Store","article_modified_time":"2025-07-29T15:46:16+00:00","twitter_card":"summary_large_image","schema":{"@context":"https:\/\/schema.org","@graph":[{"@type":"WebPage","@id":"https:\/\/tomasostore.com.ar\/tienda\/producto\/aqua-quest-pistola-agua-10cm-wabro-99602\/","url":"https:\/\/tomasostore.com.ar\/tienda\/producto\/aqua-quest-pistola-agua-10cm-wabro-99602\/","name":"Aqua Quest Pistola Agua 10cm Wabro 99602 - Tomaso Store","isPartOf":{"@id":"https:\/\/tomasostore.com.ar\/tienda\/#website"},"datePublished":"2025-07-19T13:01:02+00:00","dateModified":"2025-07-29T15:46:16+00:00","breadcrumb":{"@id":"https:\/\/tomasostore.com.ar\/tienda\/producto\/aqua-quest-pistola-agua-10cm-wabro-99602\/#breadcrumb"},"inLanguage":"es","potentialAction":[{"@type":"ReadAction","target":["https:\/\/tomasostore.com.ar\/tienda\/producto\/aqua-quest-pistola-agua-10cm-wabro-99602\/"]}]},{"@type":"BreadcrumbList","@id":"https:\/\/tomasostore.com.ar\/tienda\/producto\/aqua-quest-pistola-agua-10cm-wabro-99602\/#breadcrumb","itemListElement":[{"@type":"ListItem","position":1,"name":"Portada","item":"https:\/\/tomasostore.com.ar\/tienda\/"},{"@type":"ListItem","position":2,"name":"Tienda","item":"https:\/\/tomasostore.com.ar\/tienda\/tienda\/"},{"@type":"ListItem","position":3,"name":"Aqua Quest Pistola Agua 10cm Wabro 99602"}]},{"@type":"WebSite","@id":"https:\/\/tomasostore.com.ar\/tienda\/#website","url":"https:\/\/tomasostore.com.ar\/tienda\/","name":"Tomaso Store","description":"Compr\u00e1s online, recib\u00eds en mano. Desde Hernando, llevando confianza a tu casa. Productos con garant\u00eda.","potentialAction":[{"@type":"SearchAction","target":{"@type":"EntryPoint","urlTemplate":"https:\/\/tomasostore.com.ar\/tienda\/?s={search_term_string}"},"query-input":{"@type":"PropertyValueSpecification","valueRequired":true,"valueName":"search_term_string"}}],"inLanguage":"es"}]}},"_links":{"self":[{"href":"https:\/\/tomasostore.com.ar\/tienda\/wp-json\/wp\/v2\/product\/188","targetHints":{"allow":["GET"]}}],"collection":[{"href":"https:\/\/tomasostore.com.ar\/tienda\/wp-json\/wp\/v2\/product"}],"about":[{"href":"https:\/\/tomasostore.com.ar\/tienda\/wp-json\/wp\/v2\/types\/product"}],"replies":[{"embeddable":true,"href":"https:\/\/tomasostore.com.ar\/tienda\/wp-json\/wp\/v2\/comments?post=188"}],"version-history":[{"count":2,"href":"https:\/\/tomasostore.com.ar\/tienda\/wp-json\/wp\/v2\/product\/188\/revisions"}],"predecessor-version":[{"id":30639,"href":"https:\/\/tomasostore.com.ar\/tienda\/wp-json\/wp\/v2\/product\/188\/revisions\/30639"}],"wp:attachment":[{"href":"https:\/\/tomasostore.com.ar\/tienda\/wp-json\/wp\/v2\/media?parent=188"}],"wp:term":[{"taxonomy":"product_brand","embeddable":true,"href":"https:\/\/tomasostore.com.ar\/tienda\/wp-json\/wp\/v2\/product_brand?post=188"},{"taxonomy":"product_cat","embeddable":true,"href":"https:\/\/tomasostore.com.ar\/tienda\/wp-json\/wp\/v2\/product_cat?post=188"},{"taxonomy":"product_tag","embeddable":true,"href":"https:\/\/tomasostore.com.ar\/tienda\/wp-json\/wp\/v2\/product_tag?post=188"}],"curies":[{"name":"wp","href":"https:\/\/api.w.org\/{rel}","templated":true}]}}