{"id":181,"date":"2025-07-19T10:22:21","date_gmt":"2025-07-19T13:22:21","guid":{"rendered":"https:\/\/tomasostore.com.ar\/tienda\/?post_type=product&#038;p=181"},"modified":"2025-07-29T12:12:07","modified_gmt":"2025-07-29T15:12:07","slug":"libro-para-agua-playgro","status":"publish","type":"product","link":"https:\/\/tomasostore.com.ar\/tienda\/producto\/libro-para-agua-playgro\/","title":{"rendered":"Libro Para Agua Playgro"},"content":{"rendered":"<p>Libro Para Agua Playgro El beb\u00e9 disfrutar\u00e1 de la divertida \u2018lectura\u2019 a la hora del ba\u00f1o con este encantador libro de ba\u00f1o a prueba de agua que presenta p\u00e1ginas brillantes llenas de adorables personajes de animales \u00a1Incluso hay un chirriador sorpresa dentro de una de las p\u00e1ginas.<\/p>\n","protected":false},"excerpt":{"rendered":"<p>Libro Para Agua Playgro El beb\u00e9 disfrutar\u00e1 de la divertida \u2018lectura\u2019 a la hora del ba\u00f1o con este encantador libro de ba\u00f1o a prueba de agua que presenta p\u00e1ginas brillantes llenas de adorables personajes de animales \u00a1Incluso hay un chirriador sorpresa dentro de una de las p\u00e1ginas.<\/p>\n","protected":false},"featured_media":0,"comment_status":"open","ping_status":"closed","template":"","meta":[],"product_brand":[97],"product_cat":[634],"product_tag":[635],"class_list":{"0":"post-181","1":"product","2":"type-product","3":"status-publish","5":"product_brand-bebitos","6":"product_cat-bebes","7":"product_tag-bebes","9":"first","10":"instock","11":"sale","12":"shipping-taxable","13":"purchasable","14":"product-type-simple"},"yoast_head":"<!-- This site is optimized with the Yoast SEO plugin v27.5 - https:\/\/yoast.com\/product\/yoast-seo-wordpress\/ -->\n<title>Libro Para Agua Playgro - Tomaso Store<\/title>\n<meta name=\"robots\" content=\"index, follow, max-snippet:-1, max-image-preview:large, max-video-preview:-1\" \/>\n<link rel=\"canonical\" href=\"https:\/\/tomasostore.com.ar\/tienda\/producto\/libro-para-agua-playgro\/\" \/>\n<meta property=\"og:locale\" content=\"es_ES\" \/>\n<meta property=\"og:type\" content=\"article\" \/>\n<meta property=\"og:title\" content=\"Libro Para Agua Playgro - Tomaso Store\" \/>\n<meta property=\"og:description\" content=\"Libro Para Agua Playgro El beb\u00e9 disfrutar\u00e1 de la divertida \u2018lectura\u2019 a la hora del ba\u00f1o con este encantador libro de ba\u00f1o a prueba de agua que presenta p\u00e1ginas brillantes llenas de adorables personajes de animales \u00a1Incluso hay un chirriador sorpresa dentro de una de las p\u00e1ginas.\" \/>\n<meta property=\"og:url\" content=\"https:\/\/tomasostore.com.ar\/tienda\/producto\/libro-para-agua-playgro\/\" \/>\n<meta property=\"og:site_name\" content=\"Tomaso Store\" \/>\n<meta property=\"article:modified_time\" content=\"2025-07-29T15:12:07+00:00\" \/>\n<meta name=\"twitter:card\" content=\"summary_large_image\" \/>\n<script type=\"application\/ld+json\" class=\"yoast-schema-graph\">{\"@context\":\"https:\\\/\\\/schema.org\",\"@graph\":[{\"@type\":\"WebPage\",\"@id\":\"https:\\\/\\\/tomasostore.com.ar\\\/tienda\\\/producto\\\/libro-para-agua-playgro\\\/\",\"url\":\"https:\\\/\\\/tomasostore.com.ar\\\/tienda\\\/producto\\\/libro-para-agua-playgro\\\/\",\"name\":\"Libro Para Agua Playgro - Tomaso Store\",\"isPartOf\":{\"@id\":\"https:\\\/\\\/tomasostore.com.ar\\\/tienda\\\/#website\"},\"datePublished\":\"2025-07-19T13:22:21+00:00\",\"dateModified\":\"2025-07-29T15:12:07+00:00\",\"breadcrumb\":{\"@id\":\"https:\\\/\\\/tomasostore.com.ar\\\/tienda\\\/producto\\\/libro-para-agua-playgro\\\/#breadcrumb\"},\"inLanguage\":\"es\",\"potentialAction\":[{\"@type\":\"ReadAction\",\"target\":[\"https:\\\/\\\/tomasostore.com.ar\\\/tienda\\\/producto\\\/libro-para-agua-playgro\\\/\"]}]},{\"@type\":\"BreadcrumbList\",\"@id\":\"https:\\\/\\\/tomasostore.com.ar\\\/tienda\\\/producto\\\/libro-para-agua-playgro\\\/#breadcrumb\",\"itemListElement\":[{\"@type\":\"ListItem\",\"position\":1,\"name\":\"Portada\",\"item\":\"https:\\\/\\\/tomasostore.com.ar\\\/tienda\\\/\"},{\"@type\":\"ListItem\",\"position\":2,\"name\":\"Tienda\",\"item\":\"https:\\\/\\\/tomasostore.com.ar\\\/tienda\\\/tienda\\\/\"},{\"@type\":\"ListItem\",\"position\":3,\"name\":\"Libro Para Agua Playgro\"}]},{\"@type\":\"WebSite\",\"@id\":\"https:\\\/\\\/tomasostore.com.ar\\\/tienda\\\/#website\",\"url\":\"https:\\\/\\\/tomasostore.com.ar\\\/tienda\\\/\",\"name\":\"Tomaso Store\",\"description\":\"Compr\u00e1s online, recib\u00eds en mano. Desde Hernando, llevando confianza a tu casa. Productos con garant\u00eda.\",\"potentialAction\":[{\"@type\":\"SearchAction\",\"target\":{\"@type\":\"EntryPoint\",\"urlTemplate\":\"https:\\\/\\\/tomasostore.com.ar\\\/tienda\\\/?s={search_term_string}\"},\"query-input\":{\"@type\":\"PropertyValueSpecification\",\"valueRequired\":true,\"valueName\":\"search_term_string\"}}],\"inLanguage\":\"es\"}]}<\/script>\n<!-- \/ Yoast SEO plugin. -->","yoast_head_json":{"title":"Libro Para Agua Playgro - Tomaso Store","robots":{"index":"index","follow":"follow","max-snippet":"max-snippet:-1","max-image-preview":"max-image-preview:large","max-video-preview":"max-video-preview:-1"},"canonical":"https:\/\/tomasostore.com.ar\/tienda\/producto\/libro-para-agua-playgro\/","og_locale":"es_ES","og_type":"article","og_title":"Libro Para Agua Playgro - Tomaso Store","og_description":"Libro Para Agua Playgro El beb\u00e9 disfrutar\u00e1 de la divertida \u2018lectura\u2019 a la hora del ba\u00f1o con este encantador libro de ba\u00f1o a prueba de agua que presenta p\u00e1ginas brillantes llenas de adorables personajes de animales \u00a1Incluso hay un chirriador sorpresa dentro de una de las p\u00e1ginas.","og_url":"https:\/\/tomasostore.com.ar\/tienda\/producto\/libro-para-agua-playgro\/","og_site_name":"Tomaso Store","article_modified_time":"2025-07-29T15:12:07+00:00","twitter_card":"summary_large_image","schema":{"@context":"https:\/\/schema.org","@graph":[{"@type":"WebPage","@id":"https:\/\/tomasostore.com.ar\/tienda\/producto\/libro-para-agua-playgro\/","url":"https:\/\/tomasostore.com.ar\/tienda\/producto\/libro-para-agua-playgro\/","name":"Libro Para Agua Playgro - Tomaso Store","isPartOf":{"@id":"https:\/\/tomasostore.com.ar\/tienda\/#website"},"datePublished":"2025-07-19T13:22:21+00:00","dateModified":"2025-07-29T15:12:07+00:00","breadcrumb":{"@id":"https:\/\/tomasostore.com.ar\/tienda\/producto\/libro-para-agua-playgro\/#breadcrumb"},"inLanguage":"es","potentialAction":[{"@type":"ReadAction","target":["https:\/\/tomasostore.com.ar\/tienda\/producto\/libro-para-agua-playgro\/"]}]},{"@type":"BreadcrumbList","@id":"https:\/\/tomasostore.com.ar\/tienda\/producto\/libro-para-agua-playgro\/#breadcrumb","itemListElement":[{"@type":"ListItem","position":1,"name":"Portada","item":"https:\/\/tomasostore.com.ar\/tienda\/"},{"@type":"ListItem","position":2,"name":"Tienda","item":"https:\/\/tomasostore.com.ar\/tienda\/tienda\/"},{"@type":"ListItem","position":3,"name":"Libro Para Agua Playgro"}]},{"@type":"WebSite","@id":"https:\/\/tomasostore.com.ar\/tienda\/#website","url":"https:\/\/tomasostore.com.ar\/tienda\/","name":"Tomaso Store","description":"Compr\u00e1s online, recib\u00eds en mano. Desde Hernando, llevando confianza a tu casa. Productos con garant\u00eda.","potentialAction":[{"@type":"SearchAction","target":{"@type":"EntryPoint","urlTemplate":"https:\/\/tomasostore.com.ar\/tienda\/?s={search_term_string}"},"query-input":{"@type":"PropertyValueSpecification","valueRequired":true,"valueName":"search_term_string"}}],"inLanguage":"es"}]}},"_links":{"self":[{"href":"https:\/\/tomasostore.com.ar\/tienda\/wp-json\/wp\/v2\/product\/181","targetHints":{"allow":["GET"]}}],"collection":[{"href":"https:\/\/tomasostore.com.ar\/tienda\/wp-json\/wp\/v2\/product"}],"about":[{"href":"https:\/\/tomasostore.com.ar\/tienda\/wp-json\/wp\/v2\/types\/product"}],"replies":[{"embeddable":true,"href":"https:\/\/tomasostore.com.ar\/tienda\/wp-json\/wp\/v2\/comments?post=181"}],"version-history":[{"count":2,"href":"https:\/\/tomasostore.com.ar\/tienda\/wp-json\/wp\/v2\/product\/181\/revisions"}],"predecessor-version":[{"id":31643,"href":"https:\/\/tomasostore.com.ar\/tienda\/wp-json\/wp\/v2\/product\/181\/revisions\/31643"}],"wp:attachment":[{"href":"https:\/\/tomasostore.com.ar\/tienda\/wp-json\/wp\/v2\/media?parent=181"}],"wp:term":[{"taxonomy":"product_brand","embeddable":true,"href":"https:\/\/tomasostore.com.ar\/tienda\/wp-json\/wp\/v2\/product_brand?post=181"},{"taxonomy":"product_cat","embeddable":true,"href":"https:\/\/tomasostore.com.ar\/tienda\/wp-json\/wp\/v2\/product_cat?post=181"},{"taxonomy":"product_tag","embeddable":true,"href":"https:\/\/tomasostore.com.ar\/tienda\/wp-json\/wp\/v2\/product_tag?post=181"}],"curies":[{"name":"wp","href":"https:\/\/api.w.org\/{rel}","templated":true}]}}