{"id":1302,"date":"2025-07-19T10:22:32","date_gmt":"2025-07-19T13:22:32","guid":{"rendered":"https:\/\/tomasostore.com.ar\/tienda\/?post_type=product&#038;p=1302"},"modified":"2025-07-29T12:12:10","modified_gmt":"2025-07-29T15:12:10","slug":"silla-de-comer-booster-disney-varios-modelos-isakito","status":"publish","type":"product","link":"https:\/\/tomasostore.com.ar\/tienda\/producto\/silla-de-comer-booster-disney-varios-modelos-isakito\/","title":{"rendered":"Silla De Comer Booster Disney Varios Modelos Isakito"},"content":{"rendered":"<p>Silla De Comer Booster Disney Varios Modelos Isakito. Es la soluci\u00f3n m\u00e1s pr\u00e1ctica que le permite a tu hijo sentarse a la mesa con mam\u00e1 y pap\u00e1 Cuenta con doble bandeja extra\u00edble y lavable Trae cintur\u00f3n para asegurar el booster a la silla Bandeja con 3 posiciones, se puede sacar Muy f\u00e1cil de cerrar Cierra s\u00faper compacta Ideal para llevar a todos lados.<\/p>\n","protected":false},"excerpt":{"rendered":"<p>Silla De Comer Booster Disney Varios Modelos Isakito. Es la soluci\u00f3n m\u00e1s pr\u00e1ctica que le permite a tu hijo sentarse a la mesa con mam\u00e1 y pap\u00e1 Cuenta con doble bandeja extra\u00edble y lavable Trae cintur\u00f3n para asegurar el booster a la silla Bandeja con 3 posiciones, se puede sacar Muy f\u00e1cil de cerrar Cierra [&hellip;]<\/p>\n","protected":false},"featured_media":22061,"comment_status":"open","ping_status":"closed","template":"","meta":[],"product_brand":[46],"product_cat":[634],"product_tag":[635],"class_list":{"0":"post-1302","1":"product","2":"type-product","3":"status-publish","4":"has-post-thumbnail","6":"product_brand-isakito","7":"product_cat-bebes","8":"product_tag-bebes","10":"first","11":"instock","12":"sale","13":"shipping-taxable","14":"purchasable","15":"product-type-simple"},"yoast_head":"<!-- This site is optimized with the Yoast SEO plugin v27.5 - https:\/\/yoast.com\/product\/yoast-seo-wordpress\/ -->\n<title>Silla De Comer Booster Disney Varios Modelos Isakito - Tomaso Store<\/title>\n<meta name=\"robots\" content=\"index, follow, max-snippet:-1, max-image-preview:large, max-video-preview:-1\" \/>\n<link rel=\"canonical\" href=\"https:\/\/tomasostore.com.ar\/tienda\/producto\/silla-de-comer-booster-disney-varios-modelos-isakito\/\" \/>\n<meta property=\"og:locale\" content=\"es_ES\" \/>\n<meta property=\"og:type\" content=\"article\" \/>\n<meta property=\"og:title\" content=\"Silla De Comer Booster Disney Varios Modelos Isakito - Tomaso Store\" \/>\n<meta property=\"og:description\" content=\"Silla De Comer Booster Disney Varios Modelos Isakito. Es la soluci\u00f3n m\u00e1s pr\u00e1ctica que le permite a tu hijo sentarse a la mesa con mam\u00e1 y pap\u00e1 Cuenta con doble bandeja extra\u00edble y lavable Trae cintur\u00f3n para asegurar el booster a la silla Bandeja con 3 posiciones, se puede sacar Muy f\u00e1cil de cerrar Cierra [&hellip;]\" \/>\n<meta property=\"og:url\" content=\"https:\/\/tomasostore.com.ar\/tienda\/producto\/silla-de-comer-booster-disney-varios-modelos-isakito\/\" \/>\n<meta property=\"og:site_name\" content=\"Tomaso Store\" \/>\n<meta property=\"article:modified_time\" content=\"2025-07-29T15:12:10+00:00\" \/>\n<meta property=\"og:image\" content=\"https:\/\/tomasostore.com.ar\/tienda\/wp-content\/uploads\/2025\/07\/copia-de-sin-titulo-2023-08-14t182550-4221-d94bc762bceeedc0d916920491930081-1024-1024.png\" \/>\n\t<meta property=\"og:image:width\" content=\"1024\" \/>\n\t<meta property=\"og:image:height\" content=\"1024\" \/>\n\t<meta property=\"og:image:type\" content=\"image\/png\" \/>\n<meta name=\"twitter:card\" content=\"summary_large_image\" \/>\n<script type=\"application\/ld+json\" class=\"yoast-schema-graph\">{\"@context\":\"https:\\\/\\\/schema.org\",\"@graph\":[{\"@type\":\"WebPage\",\"@id\":\"https:\\\/\\\/tomasostore.com.ar\\\/tienda\\\/producto\\\/silla-de-comer-booster-disney-varios-modelos-isakito\\\/\",\"url\":\"https:\\\/\\\/tomasostore.com.ar\\\/tienda\\\/producto\\\/silla-de-comer-booster-disney-varios-modelos-isakito\\\/\",\"name\":\"Silla De Comer Booster Disney Varios Modelos Isakito - Tomaso Store\",\"isPartOf\":{\"@id\":\"https:\\\/\\\/tomasostore.com.ar\\\/tienda\\\/#website\"},\"primaryImageOfPage\":{\"@id\":\"https:\\\/\\\/tomasostore.com.ar\\\/tienda\\\/producto\\\/silla-de-comer-booster-disney-varios-modelos-isakito\\\/#primaryimage\"},\"image\":{\"@id\":\"https:\\\/\\\/tomasostore.com.ar\\\/tienda\\\/producto\\\/silla-de-comer-booster-disney-varios-modelos-isakito\\\/#primaryimage\"},\"thumbnailUrl\":\"https:\\\/\\\/tomasostore.com.ar\\\/tienda\\\/wp-content\\\/uploads\\\/2025\\\/07\\\/copia-de-sin-titulo-2023-08-14t182550-4221-d94bc762bceeedc0d916920491930081-1024-1024.png\",\"datePublished\":\"2025-07-19T13:22:32+00:00\",\"dateModified\":\"2025-07-29T15:12:10+00:00\",\"breadcrumb\":{\"@id\":\"https:\\\/\\\/tomasostore.com.ar\\\/tienda\\\/producto\\\/silla-de-comer-booster-disney-varios-modelos-isakito\\\/#breadcrumb\"},\"inLanguage\":\"es\",\"potentialAction\":[{\"@type\":\"ReadAction\",\"target\":[\"https:\\\/\\\/tomasostore.com.ar\\\/tienda\\\/producto\\\/silla-de-comer-booster-disney-varios-modelos-isakito\\\/\"]}]},{\"@type\":\"ImageObject\",\"inLanguage\":\"es\",\"@id\":\"https:\\\/\\\/tomasostore.com.ar\\\/tienda\\\/producto\\\/silla-de-comer-booster-disney-varios-modelos-isakito\\\/#primaryimage\",\"url\":\"https:\\\/\\\/tomasostore.com.ar\\\/tienda\\\/wp-content\\\/uploads\\\/2025\\\/07\\\/copia-de-sin-titulo-2023-08-14t182550-4221-d94bc762bceeedc0d916920491930081-1024-1024.png\",\"contentUrl\":\"https:\\\/\\\/tomasostore.com.ar\\\/tienda\\\/wp-content\\\/uploads\\\/2025\\\/07\\\/copia-de-sin-titulo-2023-08-14t182550-4221-d94bc762bceeedc0d916920491930081-1024-1024.png\",\"width\":1024,\"height\":1024},{\"@type\":\"BreadcrumbList\",\"@id\":\"https:\\\/\\\/tomasostore.com.ar\\\/tienda\\\/producto\\\/silla-de-comer-booster-disney-varios-modelos-isakito\\\/#breadcrumb\",\"itemListElement\":[{\"@type\":\"ListItem\",\"position\":1,\"name\":\"Portada\",\"item\":\"https:\\\/\\\/tomasostore.com.ar\\\/tienda\\\/\"},{\"@type\":\"ListItem\",\"position\":2,\"name\":\"Tienda\",\"item\":\"https:\\\/\\\/tomasostore.com.ar\\\/tienda\\\/tienda\\\/\"},{\"@type\":\"ListItem\",\"position\":3,\"name\":\"Silla De Comer Booster Disney Varios Modelos Isakito\"}]},{\"@type\":\"WebSite\",\"@id\":\"https:\\\/\\\/tomasostore.com.ar\\\/tienda\\\/#website\",\"url\":\"https:\\\/\\\/tomasostore.com.ar\\\/tienda\\\/\",\"name\":\"Tomaso Store\",\"description\":\"Compr\u00e1s online, recib\u00eds en mano. Desde Hernando, llevando confianza a tu casa. Productos con garant\u00eda.\",\"potentialAction\":[{\"@type\":\"SearchAction\",\"target\":{\"@type\":\"EntryPoint\",\"urlTemplate\":\"https:\\\/\\\/tomasostore.com.ar\\\/tienda\\\/?s={search_term_string}\"},\"query-input\":{\"@type\":\"PropertyValueSpecification\",\"valueRequired\":true,\"valueName\":\"search_term_string\"}}],\"inLanguage\":\"es\"}]}<\/script>\n<!-- \/ Yoast SEO plugin. -->","yoast_head_json":{"title":"Silla De Comer Booster Disney Varios Modelos Isakito - Tomaso Store","robots":{"index":"index","follow":"follow","max-snippet":"max-snippet:-1","max-image-preview":"max-image-preview:large","max-video-preview":"max-video-preview:-1"},"canonical":"https:\/\/tomasostore.com.ar\/tienda\/producto\/silla-de-comer-booster-disney-varios-modelos-isakito\/","og_locale":"es_ES","og_type":"article","og_title":"Silla De Comer Booster Disney Varios Modelos Isakito - Tomaso Store","og_description":"Silla De Comer Booster Disney Varios Modelos Isakito. Es la soluci\u00f3n m\u00e1s pr\u00e1ctica que le permite a tu hijo sentarse a la mesa con mam\u00e1 y pap\u00e1 Cuenta con doble bandeja extra\u00edble y lavable Trae cintur\u00f3n para asegurar el booster a la silla Bandeja con 3 posiciones, se puede sacar Muy f\u00e1cil de cerrar Cierra [&hellip;]","og_url":"https:\/\/tomasostore.com.ar\/tienda\/producto\/silla-de-comer-booster-disney-varios-modelos-isakito\/","og_site_name":"Tomaso Store","article_modified_time":"2025-07-29T15:12:10+00:00","og_image":[{"width":1024,"height":1024,"url":"https:\/\/tomasostore.com.ar\/tienda\/wp-content\/uploads\/2025\/07\/copia-de-sin-titulo-2023-08-14t182550-4221-d94bc762bceeedc0d916920491930081-1024-1024.png","type":"image\/png"}],"twitter_card":"summary_large_image","schema":{"@context":"https:\/\/schema.org","@graph":[{"@type":"WebPage","@id":"https:\/\/tomasostore.com.ar\/tienda\/producto\/silla-de-comer-booster-disney-varios-modelos-isakito\/","url":"https:\/\/tomasostore.com.ar\/tienda\/producto\/silla-de-comer-booster-disney-varios-modelos-isakito\/","name":"Silla De Comer Booster Disney Varios Modelos Isakito - Tomaso Store","isPartOf":{"@id":"https:\/\/tomasostore.com.ar\/tienda\/#website"},"primaryImageOfPage":{"@id":"https:\/\/tomasostore.com.ar\/tienda\/producto\/silla-de-comer-booster-disney-varios-modelos-isakito\/#primaryimage"},"image":{"@id":"https:\/\/tomasostore.com.ar\/tienda\/producto\/silla-de-comer-booster-disney-varios-modelos-isakito\/#primaryimage"},"thumbnailUrl":"https:\/\/tomasostore.com.ar\/tienda\/wp-content\/uploads\/2025\/07\/copia-de-sin-titulo-2023-08-14t182550-4221-d94bc762bceeedc0d916920491930081-1024-1024.png","datePublished":"2025-07-19T13:22:32+00:00","dateModified":"2025-07-29T15:12:10+00:00","breadcrumb":{"@id":"https:\/\/tomasostore.com.ar\/tienda\/producto\/silla-de-comer-booster-disney-varios-modelos-isakito\/#breadcrumb"},"inLanguage":"es","potentialAction":[{"@type":"ReadAction","target":["https:\/\/tomasostore.com.ar\/tienda\/producto\/silla-de-comer-booster-disney-varios-modelos-isakito\/"]}]},{"@type":"ImageObject","inLanguage":"es","@id":"https:\/\/tomasostore.com.ar\/tienda\/producto\/silla-de-comer-booster-disney-varios-modelos-isakito\/#primaryimage","url":"https:\/\/tomasostore.com.ar\/tienda\/wp-content\/uploads\/2025\/07\/copia-de-sin-titulo-2023-08-14t182550-4221-d94bc762bceeedc0d916920491930081-1024-1024.png","contentUrl":"https:\/\/tomasostore.com.ar\/tienda\/wp-content\/uploads\/2025\/07\/copia-de-sin-titulo-2023-08-14t182550-4221-d94bc762bceeedc0d916920491930081-1024-1024.png","width":1024,"height":1024},{"@type":"BreadcrumbList","@id":"https:\/\/tomasostore.com.ar\/tienda\/producto\/silla-de-comer-booster-disney-varios-modelos-isakito\/#breadcrumb","itemListElement":[{"@type":"ListItem","position":1,"name":"Portada","item":"https:\/\/tomasostore.com.ar\/tienda\/"},{"@type":"ListItem","position":2,"name":"Tienda","item":"https:\/\/tomasostore.com.ar\/tienda\/tienda\/"},{"@type":"ListItem","position":3,"name":"Silla De Comer Booster Disney Varios Modelos Isakito"}]},{"@type":"WebSite","@id":"https:\/\/tomasostore.com.ar\/tienda\/#website","url":"https:\/\/tomasostore.com.ar\/tienda\/","name":"Tomaso Store","description":"Compr\u00e1s online, recib\u00eds en mano. Desde Hernando, llevando confianza a tu casa. Productos con garant\u00eda.","potentialAction":[{"@type":"SearchAction","target":{"@type":"EntryPoint","urlTemplate":"https:\/\/tomasostore.com.ar\/tienda\/?s={search_term_string}"},"query-input":{"@type":"PropertyValueSpecification","valueRequired":true,"valueName":"search_term_string"}}],"inLanguage":"es"}]}},"_links":{"self":[{"href":"https:\/\/tomasostore.com.ar\/tienda\/wp-json\/wp\/v2\/product\/1302","targetHints":{"allow":["GET"]}}],"collection":[{"href":"https:\/\/tomasostore.com.ar\/tienda\/wp-json\/wp\/v2\/product"}],"about":[{"href":"https:\/\/tomasostore.com.ar\/tienda\/wp-json\/wp\/v2\/types\/product"}],"replies":[{"embeddable":true,"href":"https:\/\/tomasostore.com.ar\/tienda\/wp-json\/wp\/v2\/comments?post=1302"}],"version-history":[{"count":2,"href":"https:\/\/tomasostore.com.ar\/tienda\/wp-json\/wp\/v2\/product\/1302\/revisions"}],"predecessor-version":[{"id":31658,"href":"https:\/\/tomasostore.com.ar\/tienda\/wp-json\/wp\/v2\/product\/1302\/revisions\/31658"}],"wp:featuredmedia":[{"embeddable":true,"href":"https:\/\/tomasostore.com.ar\/tienda\/wp-json\/wp\/v2\/media\/22061"}],"wp:attachment":[{"href":"https:\/\/tomasostore.com.ar\/tienda\/wp-json\/wp\/v2\/media?parent=1302"}],"wp:term":[{"taxonomy":"product_brand","embeddable":true,"href":"https:\/\/tomasostore.com.ar\/tienda\/wp-json\/wp\/v2\/product_brand?post=1302"},{"taxonomy":"product_cat","embeddable":true,"href":"https:\/\/tomasostore.com.ar\/tienda\/wp-json\/wp\/v2\/product_cat?post=1302"},{"taxonomy":"product_tag","embeddable":true,"href":"https:\/\/tomasostore.com.ar\/tienda\/wp-json\/wp\/v2\/product_tag?post=1302"}],"curies":[{"name":"wp","href":"https:\/\/api.w.org\/{rel}","templated":true}]}}