{"id":1211,"date":"2025-07-19T11:05:01","date_gmt":"2025-07-19T14:05:01","guid":{"rendered":"https:\/\/tomasostore.com.ar\/tienda\/?post_type=product&#038;p=1211"},"modified":"2025-07-29T12:17:58","modified_gmt":"2025-07-29T15:17:58","slug":"bloques-magneticos-4-piezas-hexagonos-magnific-art-2424","status":"publish","type":"product","link":"https:\/\/tomasostore.com.ar\/tienda\/producto\/bloques-magneticos-4-piezas-hexagonos-magnific-art-2424\/","title":{"rendered":"Bloques Magn\u00e9ticos 4 Piezas &#8211; Hex\u00e1gonos Magnific Art 2424"},"content":{"rendered":"<p>Bloques Magn\u00e9ticos 4 Piezas Hex\u00e1gonos &#8211; Magnific Ar 2424 Deja volar tu imaginacion y podras crear tu propia obra maestra, todo en 3D. Con MAGNIFIC TILES los chicos encontraran una nueva forma de entretenimiento, donde podran unir matematicas, ciencia y creatividad en un solo lugar. Desarrollaran habilidades motrices, pensamiento abstracto y capacidad para solucionar problemas.<\/p>\n","protected":false},"excerpt":{"rendered":"<p>Bloques Magn\u00e9ticos 4 Piezas Hex\u00e1gonos &#8211; Magnific Ar 2424 Deja volar tu imaginacion y podras crear tu propia obra maestra, todo en 3D. Con MAGNIFIC TILES los chicos encontraran una nueva forma de entretenimiento, donde podran unir matematicas, ciencia y creatividad en un solo lugar. Desarrollaran habilidades motrices, pensamiento abstracto y capacidad para solucionar problemas.<\/p>\n","protected":false},"featured_media":25989,"comment_status":"open","ping_status":"closed","template":"","meta":[],"product_brand":[111],"product_cat":[650],"product_tag":[651],"class_list":{"0":"post-1211","1":"product","2":"type-product","3":"status-publish","4":"has-post-thumbnail","6":"product_brand-la-kobra","7":"product_cat-juegos-y-juguetes-ladrillos-y-bloques","8":"product_tag-juegos-y-juguetes-ladrillos-y-bloques","10":"first","11":"instock","12":"sale","13":"shipping-taxable","14":"purchasable","15":"product-type-simple"},"yoast_head":"<!-- This site is optimized with the Yoast SEO plugin v27.4 - https:\/\/yoast.com\/product\/yoast-seo-wordpress\/ -->\n<title>Bloques Magn\u00e9ticos 4 Piezas - Hex\u00e1gonos Magnific Art 2424 - Tomaso Store<\/title>\n<meta name=\"robots\" content=\"index, follow, max-snippet:-1, max-image-preview:large, max-video-preview:-1\" \/>\n<link rel=\"canonical\" href=\"https:\/\/tomasostore.com.ar\/tienda\/producto\/bloques-magneticos-4-piezas-hexagonos-magnific-art-2424\/\" \/>\n<meta property=\"og:locale\" content=\"es_ES\" \/>\n<meta property=\"og:type\" content=\"article\" \/>\n<meta property=\"og:title\" content=\"Bloques Magn\u00e9ticos 4 Piezas - Hex\u00e1gonos Magnific Art 2424 - Tomaso Store\" \/>\n<meta property=\"og:description\" content=\"Bloques Magn\u00e9ticos 4 Piezas Hex\u00e1gonos &#8211; Magnific Ar 2424 Deja volar tu imaginacion y podras crear tu propia obra maestra, todo en 3D. Con MAGNIFIC TILES los chicos encontraran una nueva forma de entretenimiento, donde podran unir matematicas, ciencia y creatividad en un solo lugar. Desarrollaran habilidades motrices, pensamiento abstracto y capacidad para solucionar problemas.\" \/>\n<meta property=\"og:url\" content=\"https:\/\/tomasostore.com.ar\/tienda\/producto\/bloques-magneticos-4-piezas-hexagonos-magnific-art-2424\/\" \/>\n<meta property=\"og:site_name\" content=\"Tomaso Store\" \/>\n<meta property=\"article:modified_time\" content=\"2025-07-29T15:17:58+00:00\" \/>\n<meta property=\"og:image\" content=\"https:\/\/tomasostore.com.ar\/tienda\/wp-content\/uploads\/2025\/07\/bebe-recien-nacido-set-de-maternidad-541-dcd68670f9a89e48e616933292760284-1024-1024.png\" \/>\n\t<meta property=\"og:image:width\" content=\"1024\" \/>\n\t<meta property=\"og:image:height\" content=\"1024\" \/>\n\t<meta property=\"og:image:type\" content=\"image\/png\" \/>\n<meta name=\"twitter:card\" content=\"summary_large_image\" \/>\n<script type=\"application\/ld+json\" class=\"yoast-schema-graph\">{\"@context\":\"https:\\\/\\\/schema.org\",\"@graph\":[{\"@type\":\"WebPage\",\"@id\":\"https:\\\/\\\/tomasostore.com.ar\\\/tienda\\\/producto\\\/bloques-magneticos-4-piezas-hexagonos-magnific-art-2424\\\/\",\"url\":\"https:\\\/\\\/tomasostore.com.ar\\\/tienda\\\/producto\\\/bloques-magneticos-4-piezas-hexagonos-magnific-art-2424\\\/\",\"name\":\"Bloques Magn\u00e9ticos 4 Piezas - Hex\u00e1gonos Magnific Art 2424 - Tomaso Store\",\"isPartOf\":{\"@id\":\"https:\\\/\\\/tomasostore.com.ar\\\/tienda\\\/#website\"},\"primaryImageOfPage\":{\"@id\":\"https:\\\/\\\/tomasostore.com.ar\\\/tienda\\\/producto\\\/bloques-magneticos-4-piezas-hexagonos-magnific-art-2424\\\/#primaryimage\"},\"image\":{\"@id\":\"https:\\\/\\\/tomasostore.com.ar\\\/tienda\\\/producto\\\/bloques-magneticos-4-piezas-hexagonos-magnific-art-2424\\\/#primaryimage\"},\"thumbnailUrl\":\"https:\\\/\\\/tomasostore.com.ar\\\/tienda\\\/wp-content\\\/uploads\\\/2025\\\/07\\\/bebe-recien-nacido-set-de-maternidad-541-dcd68670f9a89e48e616933292760284-1024-1024.png\",\"datePublished\":\"2025-07-19T14:05:01+00:00\",\"dateModified\":\"2025-07-29T15:17:58+00:00\",\"breadcrumb\":{\"@id\":\"https:\\\/\\\/tomasostore.com.ar\\\/tienda\\\/producto\\\/bloques-magneticos-4-piezas-hexagonos-magnific-art-2424\\\/#breadcrumb\"},\"inLanguage\":\"es\",\"potentialAction\":[{\"@type\":\"ReadAction\",\"target\":[\"https:\\\/\\\/tomasostore.com.ar\\\/tienda\\\/producto\\\/bloques-magneticos-4-piezas-hexagonos-magnific-art-2424\\\/\"]}]},{\"@type\":\"ImageObject\",\"inLanguage\":\"es\",\"@id\":\"https:\\\/\\\/tomasostore.com.ar\\\/tienda\\\/producto\\\/bloques-magneticos-4-piezas-hexagonos-magnific-art-2424\\\/#primaryimage\",\"url\":\"https:\\\/\\\/tomasostore.com.ar\\\/tienda\\\/wp-content\\\/uploads\\\/2025\\\/07\\\/bebe-recien-nacido-set-de-maternidad-541-dcd68670f9a89e48e616933292760284-1024-1024.png\",\"contentUrl\":\"https:\\\/\\\/tomasostore.com.ar\\\/tienda\\\/wp-content\\\/uploads\\\/2025\\\/07\\\/bebe-recien-nacido-set-de-maternidad-541-dcd68670f9a89e48e616933292760284-1024-1024.png\",\"width\":1024,\"height\":1024},{\"@type\":\"BreadcrumbList\",\"@id\":\"https:\\\/\\\/tomasostore.com.ar\\\/tienda\\\/producto\\\/bloques-magneticos-4-piezas-hexagonos-magnific-art-2424\\\/#breadcrumb\",\"itemListElement\":[{\"@type\":\"ListItem\",\"position\":1,\"name\":\"Portada\",\"item\":\"https:\\\/\\\/tomasostore.com.ar\\\/tienda\\\/\"},{\"@type\":\"ListItem\",\"position\":2,\"name\":\"Tienda\",\"item\":\"https:\\\/\\\/tomasostore.com.ar\\\/tienda\\\/tienda\\\/\"},{\"@type\":\"ListItem\",\"position\":3,\"name\":\"Bloques Magn\u00e9ticos 4 Piezas &#8211; Hex\u00e1gonos Magnific Art 2424\"}]},{\"@type\":\"WebSite\",\"@id\":\"https:\\\/\\\/tomasostore.com.ar\\\/tienda\\\/#website\",\"url\":\"https:\\\/\\\/tomasostore.com.ar\\\/tienda\\\/\",\"name\":\"Tomaso Store\",\"description\":\"Compr\u00e1s online, recib\u00eds en mano. Desde Hernando, llevando confianza a tu casa. Productos con garant\u00eda.\",\"potentialAction\":[{\"@type\":\"SearchAction\",\"target\":{\"@type\":\"EntryPoint\",\"urlTemplate\":\"https:\\\/\\\/tomasostore.com.ar\\\/tienda\\\/?s={search_term_string}\"},\"query-input\":{\"@type\":\"PropertyValueSpecification\",\"valueRequired\":true,\"valueName\":\"search_term_string\"}}],\"inLanguage\":\"es\"}]}<\/script>\n<!-- \/ Yoast SEO plugin. -->","yoast_head_json":{"title":"Bloques Magn\u00e9ticos 4 Piezas - Hex\u00e1gonos Magnific Art 2424 - Tomaso Store","robots":{"index":"index","follow":"follow","max-snippet":"max-snippet:-1","max-image-preview":"max-image-preview:large","max-video-preview":"max-video-preview:-1"},"canonical":"https:\/\/tomasostore.com.ar\/tienda\/producto\/bloques-magneticos-4-piezas-hexagonos-magnific-art-2424\/","og_locale":"es_ES","og_type":"article","og_title":"Bloques Magn\u00e9ticos 4 Piezas - Hex\u00e1gonos Magnific Art 2424 - Tomaso Store","og_description":"Bloques Magn\u00e9ticos 4 Piezas Hex\u00e1gonos &#8211; Magnific Ar 2424 Deja volar tu imaginacion y podras crear tu propia obra maestra, todo en 3D. Con MAGNIFIC TILES los chicos encontraran una nueva forma de entretenimiento, donde podran unir matematicas, ciencia y creatividad en un solo lugar. Desarrollaran habilidades motrices, pensamiento abstracto y capacidad para solucionar problemas.","og_url":"https:\/\/tomasostore.com.ar\/tienda\/producto\/bloques-magneticos-4-piezas-hexagonos-magnific-art-2424\/","og_site_name":"Tomaso Store","article_modified_time":"2025-07-29T15:17:58+00:00","og_image":[{"width":1024,"height":1024,"url":"https:\/\/tomasostore.com.ar\/tienda\/wp-content\/uploads\/2025\/07\/bebe-recien-nacido-set-de-maternidad-541-dcd68670f9a89e48e616933292760284-1024-1024.png","type":"image\/png"}],"twitter_card":"summary_large_image","schema":{"@context":"https:\/\/schema.org","@graph":[{"@type":"WebPage","@id":"https:\/\/tomasostore.com.ar\/tienda\/producto\/bloques-magneticos-4-piezas-hexagonos-magnific-art-2424\/","url":"https:\/\/tomasostore.com.ar\/tienda\/producto\/bloques-magneticos-4-piezas-hexagonos-magnific-art-2424\/","name":"Bloques Magn\u00e9ticos 4 Piezas - Hex\u00e1gonos Magnific Art 2424 - Tomaso Store","isPartOf":{"@id":"https:\/\/tomasostore.com.ar\/tienda\/#website"},"primaryImageOfPage":{"@id":"https:\/\/tomasostore.com.ar\/tienda\/producto\/bloques-magneticos-4-piezas-hexagonos-magnific-art-2424\/#primaryimage"},"image":{"@id":"https:\/\/tomasostore.com.ar\/tienda\/producto\/bloques-magneticos-4-piezas-hexagonos-magnific-art-2424\/#primaryimage"},"thumbnailUrl":"https:\/\/tomasostore.com.ar\/tienda\/wp-content\/uploads\/2025\/07\/bebe-recien-nacido-set-de-maternidad-541-dcd68670f9a89e48e616933292760284-1024-1024.png","datePublished":"2025-07-19T14:05:01+00:00","dateModified":"2025-07-29T15:17:58+00:00","breadcrumb":{"@id":"https:\/\/tomasostore.com.ar\/tienda\/producto\/bloques-magneticos-4-piezas-hexagonos-magnific-art-2424\/#breadcrumb"},"inLanguage":"es","potentialAction":[{"@type":"ReadAction","target":["https:\/\/tomasostore.com.ar\/tienda\/producto\/bloques-magneticos-4-piezas-hexagonos-magnific-art-2424\/"]}]},{"@type":"ImageObject","inLanguage":"es","@id":"https:\/\/tomasostore.com.ar\/tienda\/producto\/bloques-magneticos-4-piezas-hexagonos-magnific-art-2424\/#primaryimage","url":"https:\/\/tomasostore.com.ar\/tienda\/wp-content\/uploads\/2025\/07\/bebe-recien-nacido-set-de-maternidad-541-dcd68670f9a89e48e616933292760284-1024-1024.png","contentUrl":"https:\/\/tomasostore.com.ar\/tienda\/wp-content\/uploads\/2025\/07\/bebe-recien-nacido-set-de-maternidad-541-dcd68670f9a89e48e616933292760284-1024-1024.png","width":1024,"height":1024},{"@type":"BreadcrumbList","@id":"https:\/\/tomasostore.com.ar\/tienda\/producto\/bloques-magneticos-4-piezas-hexagonos-magnific-art-2424\/#breadcrumb","itemListElement":[{"@type":"ListItem","position":1,"name":"Portada","item":"https:\/\/tomasostore.com.ar\/tienda\/"},{"@type":"ListItem","position":2,"name":"Tienda","item":"https:\/\/tomasostore.com.ar\/tienda\/tienda\/"},{"@type":"ListItem","position":3,"name":"Bloques Magn\u00e9ticos 4 Piezas &#8211; Hex\u00e1gonos Magnific Art 2424"}]},{"@type":"WebSite","@id":"https:\/\/tomasostore.com.ar\/tienda\/#website","url":"https:\/\/tomasostore.com.ar\/tienda\/","name":"Tomaso Store","description":"Compr\u00e1s online, recib\u00eds en mano. Desde Hernando, llevando confianza a tu casa. Productos con garant\u00eda.","potentialAction":[{"@type":"SearchAction","target":{"@type":"EntryPoint","urlTemplate":"https:\/\/tomasostore.com.ar\/tienda\/?s={search_term_string}"},"query-input":{"@type":"PropertyValueSpecification","valueRequired":true,"valueName":"search_term_string"}}],"inLanguage":"es"}]}},"_links":{"self":[{"href":"https:\/\/tomasostore.com.ar\/tienda\/wp-json\/wp\/v2\/product\/1211","targetHints":{"allow":["GET"]}}],"collection":[{"href":"https:\/\/tomasostore.com.ar\/tienda\/wp-json\/wp\/v2\/product"}],"about":[{"href":"https:\/\/tomasostore.com.ar\/tienda\/wp-json\/wp\/v2\/types\/product"}],"replies":[{"embeddable":true,"href":"https:\/\/tomasostore.com.ar\/tienda\/wp-json\/wp\/v2\/comments?post=1211"}],"version-history":[{"count":2,"href":"https:\/\/tomasostore.com.ar\/tienda\/wp-json\/wp\/v2\/product\/1211\/revisions"}],"predecessor-version":[{"id":33467,"href":"https:\/\/tomasostore.com.ar\/tienda\/wp-json\/wp\/v2\/product\/1211\/revisions\/33467"}],"wp:featuredmedia":[{"embeddable":true,"href":"https:\/\/tomasostore.com.ar\/tienda\/wp-json\/wp\/v2\/media\/25989"}],"wp:attachment":[{"href":"https:\/\/tomasostore.com.ar\/tienda\/wp-json\/wp\/v2\/media?parent=1211"}],"wp:term":[{"taxonomy":"product_brand","embeddable":true,"href":"https:\/\/tomasostore.com.ar\/tienda\/wp-json\/wp\/v2\/product_brand?post=1211"},{"taxonomy":"product_cat","embeddable":true,"href":"https:\/\/tomasostore.com.ar\/tienda\/wp-json\/wp\/v2\/product_cat?post=1211"},{"taxonomy":"product_tag","embeddable":true,"href":"https:\/\/tomasostore.com.ar\/tienda\/wp-json\/wp\/v2\/product_tag?post=1211"}],"curies":[{"name":"wp","href":"https:\/\/api.w.org\/{rel}","templated":true}]}}