{"id":1154,"date":"2025-07-19T10:26:44","date_gmt":"2025-07-19T13:26:44","guid":{"rendered":"https:\/\/tomasostore.com.ar\/tienda\/?post_type=product&#038;p=1154"},"modified":"2025-07-29T12:13:04","modified_gmt":"2025-07-29T15:13:04","slug":"cubo-de-estimulacion-winfun-con-autito-000264-isakito","status":"publish","type":"product","link":"https:\/\/tomasostore.com.ar\/tienda\/producto\/cubo-de-estimulacion-winfun-con-autito-000264-isakito\/","title":{"rendered":"Cubo De Estimulaci\u00f3n Winfun Con Autito 000264 Isakito"},"content":{"rendered":"<p>Cubo de estimulaci\u00f3n Winfun para beb\u00e9s a partir de los 3 meses, con varias actividades y texturas para que los peque\u00f1os puedan explorar con sus manos. \u00a1Hora de descubrir un mundo de diversi\u00f3n con el cubo de estimulaci\u00f3n Winfun para beb\u00e9s. Este incre\u00edble cubo est\u00e1 dise\u00f1ado para despertar los sentidos y estimular la curiosidad de los m\u00e1s peque\u00f1itos a partir de los 3 meses.<\/p>\n","protected":false},"excerpt":{"rendered":"<p>Cubo de estimulaci\u00f3n Winfun para beb\u00e9s a partir de los 3 meses, con varias actividades y texturas para que los peque\u00f1os puedan explorar con sus manos. \u00a1Hora de descubrir un mundo de diversi\u00f3n con el cubo de estimulaci\u00f3n Winfun para beb\u00e9s. Este incre\u00edble cubo est\u00e1 dise\u00f1ado para despertar los sentidos y estimular la curiosidad de [&hellip;]<\/p>\n","protected":false},"featured_media":22645,"comment_status":"open","ping_status":"closed","template":"","meta":[],"product_brand":[46],"product_cat":[636],"product_tag":[637],"class_list":{"0":"post-1154","1":"product","2":"type-product","3":"status-publish","4":"has-post-thumbnail","6":"product_brand-isakito","7":"product_cat-bebes-didacticos","8":"product_tag-bebes-didacticos","10":"first","11":"instock","12":"sale","13":"shipping-taxable","14":"purchasable","15":"product-type-simple"},"yoast_head":"<!-- This site is optimized with the Yoast SEO plugin v27.5 - https:\/\/yoast.com\/product\/yoast-seo-wordpress\/ -->\n<title>Cubo De Estimulaci\u00f3n Winfun Con Autito 000264 Isakito - Tomaso Store<\/title>\n<meta name=\"robots\" content=\"index, follow, max-snippet:-1, max-image-preview:large, max-video-preview:-1\" \/>\n<link rel=\"canonical\" href=\"https:\/\/tomasostore.com.ar\/tienda\/producto\/cubo-de-estimulacion-winfun-con-autito-000264-isakito\/\" \/>\n<meta property=\"og:locale\" content=\"es_ES\" \/>\n<meta property=\"og:type\" content=\"article\" \/>\n<meta property=\"og:title\" content=\"Cubo De Estimulaci\u00f3n Winfun Con Autito 000264 Isakito - Tomaso Store\" \/>\n<meta property=\"og:description\" content=\"Cubo de estimulaci\u00f3n Winfun para beb\u00e9s a partir de los 3 meses, con varias actividades y texturas para que los peque\u00f1os puedan explorar con sus manos. \u00a1Hora de descubrir un mundo de diversi\u00f3n con el cubo de estimulaci\u00f3n Winfun para beb\u00e9s. Este incre\u00edble cubo est\u00e1 dise\u00f1ado para despertar los sentidos y estimular la curiosidad de [&hellip;]\" \/>\n<meta property=\"og:url\" content=\"https:\/\/tomasostore.com.ar\/tienda\/producto\/cubo-de-estimulacion-winfun-con-autito-000264-isakito\/\" \/>\n<meta property=\"og:site_name\" content=\"Tomaso Store\" \/>\n<meta property=\"article:modified_time\" content=\"2025-07-29T15:13:04+00:00\" \/>\n<meta property=\"og:image\" content=\"https:\/\/tomasostore.com.ar\/tienda\/wp-content\/uploads\/2025\/07\/cubo-11-46b05e1b1efa6e0de416942851589907-640-0.jpg\" \/>\n\t<meta property=\"og:image:width\" content=\"640\" \/>\n\t<meta property=\"og:image:height\" content=\"640\" \/>\n\t<meta property=\"og:image:type\" content=\"image\/jpeg\" \/>\n<meta name=\"twitter:card\" content=\"summary_large_image\" \/>\n<script type=\"application\/ld+json\" class=\"yoast-schema-graph\">{\"@context\":\"https:\\\/\\\/schema.org\",\"@graph\":[{\"@type\":\"WebPage\",\"@id\":\"https:\\\/\\\/tomasostore.com.ar\\\/tienda\\\/producto\\\/cubo-de-estimulacion-winfun-con-autito-000264-isakito\\\/\",\"url\":\"https:\\\/\\\/tomasostore.com.ar\\\/tienda\\\/producto\\\/cubo-de-estimulacion-winfun-con-autito-000264-isakito\\\/\",\"name\":\"Cubo De Estimulaci\u00f3n Winfun Con Autito 000264 Isakito - Tomaso Store\",\"isPartOf\":{\"@id\":\"https:\\\/\\\/tomasostore.com.ar\\\/tienda\\\/#website\"},\"primaryImageOfPage\":{\"@id\":\"https:\\\/\\\/tomasostore.com.ar\\\/tienda\\\/producto\\\/cubo-de-estimulacion-winfun-con-autito-000264-isakito\\\/#primaryimage\"},\"image\":{\"@id\":\"https:\\\/\\\/tomasostore.com.ar\\\/tienda\\\/producto\\\/cubo-de-estimulacion-winfun-con-autito-000264-isakito\\\/#primaryimage\"},\"thumbnailUrl\":\"https:\\\/\\\/tomasostore.com.ar\\\/tienda\\\/wp-content\\\/uploads\\\/2025\\\/07\\\/cubo-11-46b05e1b1efa6e0de416942851589907-640-0.jpg\",\"datePublished\":\"2025-07-19T13:26:44+00:00\",\"dateModified\":\"2025-07-29T15:13:04+00:00\",\"breadcrumb\":{\"@id\":\"https:\\\/\\\/tomasostore.com.ar\\\/tienda\\\/producto\\\/cubo-de-estimulacion-winfun-con-autito-000264-isakito\\\/#breadcrumb\"},\"inLanguage\":\"es\",\"potentialAction\":[{\"@type\":\"ReadAction\",\"target\":[\"https:\\\/\\\/tomasostore.com.ar\\\/tienda\\\/producto\\\/cubo-de-estimulacion-winfun-con-autito-000264-isakito\\\/\"]}]},{\"@type\":\"ImageObject\",\"inLanguage\":\"es\",\"@id\":\"https:\\\/\\\/tomasostore.com.ar\\\/tienda\\\/producto\\\/cubo-de-estimulacion-winfun-con-autito-000264-isakito\\\/#primaryimage\",\"url\":\"https:\\\/\\\/tomasostore.com.ar\\\/tienda\\\/wp-content\\\/uploads\\\/2025\\\/07\\\/cubo-11-46b05e1b1efa6e0de416942851589907-640-0.jpg\",\"contentUrl\":\"https:\\\/\\\/tomasostore.com.ar\\\/tienda\\\/wp-content\\\/uploads\\\/2025\\\/07\\\/cubo-11-46b05e1b1efa6e0de416942851589907-640-0.jpg\",\"width\":640,\"height\":640},{\"@type\":\"BreadcrumbList\",\"@id\":\"https:\\\/\\\/tomasostore.com.ar\\\/tienda\\\/producto\\\/cubo-de-estimulacion-winfun-con-autito-000264-isakito\\\/#breadcrumb\",\"itemListElement\":[{\"@type\":\"ListItem\",\"position\":1,\"name\":\"Portada\",\"item\":\"https:\\\/\\\/tomasostore.com.ar\\\/tienda\\\/\"},{\"@type\":\"ListItem\",\"position\":2,\"name\":\"Tienda\",\"item\":\"https:\\\/\\\/tomasostore.com.ar\\\/tienda\\\/tienda\\\/\"},{\"@type\":\"ListItem\",\"position\":3,\"name\":\"Cubo De Estimulaci\u00f3n Winfun Con Autito 000264 Isakito\"}]},{\"@type\":\"WebSite\",\"@id\":\"https:\\\/\\\/tomasostore.com.ar\\\/tienda\\\/#website\",\"url\":\"https:\\\/\\\/tomasostore.com.ar\\\/tienda\\\/\",\"name\":\"Tomaso Store\",\"description\":\"Compr\u00e1s online, recib\u00eds en mano. Desde Hernando, llevando confianza a tu casa. Productos con garant\u00eda.\",\"potentialAction\":[{\"@type\":\"SearchAction\",\"target\":{\"@type\":\"EntryPoint\",\"urlTemplate\":\"https:\\\/\\\/tomasostore.com.ar\\\/tienda\\\/?s={search_term_string}\"},\"query-input\":{\"@type\":\"PropertyValueSpecification\",\"valueRequired\":true,\"valueName\":\"search_term_string\"}}],\"inLanguage\":\"es\"}]}<\/script>\n<!-- \/ Yoast SEO plugin. -->","yoast_head_json":{"title":"Cubo De Estimulaci\u00f3n Winfun Con Autito 000264 Isakito - Tomaso Store","robots":{"index":"index","follow":"follow","max-snippet":"max-snippet:-1","max-image-preview":"max-image-preview:large","max-video-preview":"max-video-preview:-1"},"canonical":"https:\/\/tomasostore.com.ar\/tienda\/producto\/cubo-de-estimulacion-winfun-con-autito-000264-isakito\/","og_locale":"es_ES","og_type":"article","og_title":"Cubo De Estimulaci\u00f3n Winfun Con Autito 000264 Isakito - Tomaso Store","og_description":"Cubo de estimulaci\u00f3n Winfun para beb\u00e9s a partir de los 3 meses, con varias actividades y texturas para que los peque\u00f1os puedan explorar con sus manos. \u00a1Hora de descubrir un mundo de diversi\u00f3n con el cubo de estimulaci\u00f3n Winfun para beb\u00e9s. Este incre\u00edble cubo est\u00e1 dise\u00f1ado para despertar los sentidos y estimular la curiosidad de [&hellip;]","og_url":"https:\/\/tomasostore.com.ar\/tienda\/producto\/cubo-de-estimulacion-winfun-con-autito-000264-isakito\/","og_site_name":"Tomaso Store","article_modified_time":"2025-07-29T15:13:04+00:00","og_image":[{"width":640,"height":640,"url":"https:\/\/tomasostore.com.ar\/tienda\/wp-content\/uploads\/2025\/07\/cubo-11-46b05e1b1efa6e0de416942851589907-640-0.jpg","type":"image\/jpeg"}],"twitter_card":"summary_large_image","schema":{"@context":"https:\/\/schema.org","@graph":[{"@type":"WebPage","@id":"https:\/\/tomasostore.com.ar\/tienda\/producto\/cubo-de-estimulacion-winfun-con-autito-000264-isakito\/","url":"https:\/\/tomasostore.com.ar\/tienda\/producto\/cubo-de-estimulacion-winfun-con-autito-000264-isakito\/","name":"Cubo De Estimulaci\u00f3n Winfun Con Autito 000264 Isakito - Tomaso Store","isPartOf":{"@id":"https:\/\/tomasostore.com.ar\/tienda\/#website"},"primaryImageOfPage":{"@id":"https:\/\/tomasostore.com.ar\/tienda\/producto\/cubo-de-estimulacion-winfun-con-autito-000264-isakito\/#primaryimage"},"image":{"@id":"https:\/\/tomasostore.com.ar\/tienda\/producto\/cubo-de-estimulacion-winfun-con-autito-000264-isakito\/#primaryimage"},"thumbnailUrl":"https:\/\/tomasostore.com.ar\/tienda\/wp-content\/uploads\/2025\/07\/cubo-11-46b05e1b1efa6e0de416942851589907-640-0.jpg","datePublished":"2025-07-19T13:26:44+00:00","dateModified":"2025-07-29T15:13:04+00:00","breadcrumb":{"@id":"https:\/\/tomasostore.com.ar\/tienda\/producto\/cubo-de-estimulacion-winfun-con-autito-000264-isakito\/#breadcrumb"},"inLanguage":"es","potentialAction":[{"@type":"ReadAction","target":["https:\/\/tomasostore.com.ar\/tienda\/producto\/cubo-de-estimulacion-winfun-con-autito-000264-isakito\/"]}]},{"@type":"ImageObject","inLanguage":"es","@id":"https:\/\/tomasostore.com.ar\/tienda\/producto\/cubo-de-estimulacion-winfun-con-autito-000264-isakito\/#primaryimage","url":"https:\/\/tomasostore.com.ar\/tienda\/wp-content\/uploads\/2025\/07\/cubo-11-46b05e1b1efa6e0de416942851589907-640-0.jpg","contentUrl":"https:\/\/tomasostore.com.ar\/tienda\/wp-content\/uploads\/2025\/07\/cubo-11-46b05e1b1efa6e0de416942851589907-640-0.jpg","width":640,"height":640},{"@type":"BreadcrumbList","@id":"https:\/\/tomasostore.com.ar\/tienda\/producto\/cubo-de-estimulacion-winfun-con-autito-000264-isakito\/#breadcrumb","itemListElement":[{"@type":"ListItem","position":1,"name":"Portada","item":"https:\/\/tomasostore.com.ar\/tienda\/"},{"@type":"ListItem","position":2,"name":"Tienda","item":"https:\/\/tomasostore.com.ar\/tienda\/tienda\/"},{"@type":"ListItem","position":3,"name":"Cubo De Estimulaci\u00f3n Winfun Con Autito 000264 Isakito"}]},{"@type":"WebSite","@id":"https:\/\/tomasostore.com.ar\/tienda\/#website","url":"https:\/\/tomasostore.com.ar\/tienda\/","name":"Tomaso Store","description":"Compr\u00e1s online, recib\u00eds en mano. Desde Hernando, llevando confianza a tu casa. Productos con garant\u00eda.","potentialAction":[{"@type":"SearchAction","target":{"@type":"EntryPoint","urlTemplate":"https:\/\/tomasostore.com.ar\/tienda\/?s={search_term_string}"},"query-input":{"@type":"PropertyValueSpecification","valueRequired":true,"valueName":"search_term_string"}}],"inLanguage":"es"}]}},"_links":{"self":[{"href":"https:\/\/tomasostore.com.ar\/tienda\/wp-json\/wp\/v2\/product\/1154","targetHints":{"allow":["GET"]}}],"collection":[{"href":"https:\/\/tomasostore.com.ar\/tienda\/wp-json\/wp\/v2\/product"}],"about":[{"href":"https:\/\/tomasostore.com.ar\/tienda\/wp-json\/wp\/v2\/types\/product"}],"replies":[{"embeddable":true,"href":"https:\/\/tomasostore.com.ar\/tienda\/wp-json\/wp\/v2\/comments?post=1154"}],"version-history":[{"count":2,"href":"https:\/\/tomasostore.com.ar\/tienda\/wp-json\/wp\/v2\/product\/1154\/revisions"}],"predecessor-version":[{"id":31920,"href":"https:\/\/tomasostore.com.ar\/tienda\/wp-json\/wp\/v2\/product\/1154\/revisions\/31920"}],"wp:featuredmedia":[{"embeddable":true,"href":"https:\/\/tomasostore.com.ar\/tienda\/wp-json\/wp\/v2\/media\/22645"}],"wp:attachment":[{"href":"https:\/\/tomasostore.com.ar\/tienda\/wp-json\/wp\/v2\/media?parent=1154"}],"wp:term":[{"taxonomy":"product_brand","embeddable":true,"href":"https:\/\/tomasostore.com.ar\/tienda\/wp-json\/wp\/v2\/product_brand?post=1154"},{"taxonomy":"product_cat","embeddable":true,"href":"https:\/\/tomasostore.com.ar\/tienda\/wp-json\/wp\/v2\/product_cat?post=1154"},{"taxonomy":"product_tag","embeddable":true,"href":"https:\/\/tomasostore.com.ar\/tienda\/wp-json\/wp\/v2\/product_tag?post=1154"}],"curies":[{"name":"wp","href":"https:\/\/api.w.org\/{rel}","templated":true}]}}