{"id":11537,"date":"2025-07-19T11:12:45","date_gmt":"2025-07-19T14:12:45","guid":{"rendered":"https:\/\/tomasostore.com.ar\/tienda\/?post_type=product&#038;p=11537"},"modified":"2025-07-29T12:47:52","modified_gmt":"2025-07-29T15:47:52","slug":"bloques-sembo-para-armar-bomberos-a201218","status":"publish","type":"product","link":"https:\/\/tomasostore.com.ar\/tienda\/producto\/bloques-sembo-para-armar-bomberos-a201218\/","title":{"rendered":"Bloques Sembo Para Armar Bomberos &#8211; A201218"},"content":{"rendered":"<p>Bloques Sembo Para Armar Bomberos &#8211; A201218 \u00a1Llegaron los bomberos. Bloques y accesorios para armar diferentes veh\u00edculos del escuadr\u00f3n de bomberos. -8 diferentes modelos para coleccionar con diferentes cantidades de \u00b4piezas Modelo 1: Fire Overcraft &#8211; 36 piezas Modelo 2: Fire Speedboat &#8211; 42 Piezas Modelo 3: Fire Patrol Vehicle &#8211; 33 Piezas Modelo 4: Fire Armored Vehicle &#8211; 46 Piezas Modelo 5: Foam Fire Truck &#8211; 52 Piezas Modelo 6: Ladder Fire Truck &#8211; 44 Piezas Modelo 7: Rescue Helicopter &#8211; 36 Piezas Modelo 8: Fire Patrol Aircraft &#8211; 37 Piezas \u00a1Coleccionando los 8 modelos podes armar el cami\u00f3n de bomberos mas grande.<\/p>\n","protected":false},"excerpt":{"rendered":"<p>Bloques Sembo Para Armar Bomberos &#8211; A201218 \u00a1Llegaron los bomberos. Bloques y accesorios para armar diferentes veh\u00edculos del escuadr\u00f3n de bomberos. -8 diferentes modelos para coleccionar con diferentes cantidades de \u00b4piezas Modelo 1: Fire Overcraft &#8211; 36 piezas Modelo 2: Fire Speedboat &#8211; 42 Piezas Modelo 3: Fire Patrol Vehicle &#8211; 33 Piezas Modelo 4: [&hellip;]<\/p>\n","protected":false},"featured_media":26581,"comment_status":"open","ping_status":"closed","template":"","meta":[],"product_brand":[55],"product_cat":[650],"product_tag":[651,466],"class_list":{"0":"post-11537","1":"product","2":"type-product","3":"status-publish","4":"has-post-thumbnail","6":"product_brand-publiled","7":"product_cat-juegos-y-juguetes-ladrillos-y-bloques","8":"product_tag-juegos-y-juguetes-ladrillos-y-bloques","9":"product_tag-regalitos","11":"first","12":"instock","13":"sale","14":"shipping-taxable","15":"purchasable","16":"product-type-simple"},"yoast_head":"<!-- This site is optimized with the Yoast SEO plugin v27.5 - https:\/\/yoast.com\/product\/yoast-seo-wordpress\/ -->\n<title>Bloques Sembo Para Armar Bomberos - A201218 - Tomaso Store<\/title>\n<meta name=\"robots\" content=\"index, follow, max-snippet:-1, max-image-preview:large, max-video-preview:-1\" \/>\n<link rel=\"canonical\" href=\"https:\/\/tomasostore.com.ar\/tienda\/producto\/bloques-sembo-para-armar-bomberos-a201218\/\" \/>\n<meta property=\"og:locale\" content=\"es_ES\" \/>\n<meta property=\"og:type\" content=\"article\" \/>\n<meta property=\"og:title\" content=\"Bloques Sembo Para Armar Bomberos - A201218 - Tomaso Store\" \/>\n<meta property=\"og:description\" content=\"Bloques Sembo Para Armar Bomberos &#8211; A201218 \u00a1Llegaron los bomberos. Bloques y accesorios para armar diferentes veh\u00edculos del escuadr\u00f3n de bomberos. -8 diferentes modelos para coleccionar con diferentes cantidades de \u00b4piezas Modelo 1: Fire Overcraft &#8211; 36 piezas Modelo 2: Fire Speedboat &#8211; 42 Piezas Modelo 3: Fire Patrol Vehicle &#8211; 33 Piezas Modelo 4: [&hellip;]\" \/>\n<meta property=\"og:url\" content=\"https:\/\/tomasostore.com.ar\/tienda\/producto\/bloques-sembo-para-armar-bomberos-a201218\/\" \/>\n<meta property=\"og:site_name\" content=\"Tomaso Store\" \/>\n<meta property=\"article:modified_time\" content=\"2025-07-29T15:47:52+00:00\" \/>\n<meta property=\"og:image\" content=\"https:\/\/tomasostore.com.ar\/tienda\/wp-content\/uploads\/2025\/07\/CAB-5-1-1.png\" \/>\n\t<meta property=\"og:image:width\" content=\"1080\" \/>\n\t<meta property=\"og:image:height\" content=\"1080\" \/>\n\t<meta property=\"og:image:type\" content=\"image\/png\" \/>\n<meta name=\"twitter:card\" content=\"summary_large_image\" \/>\n<script type=\"application\/ld+json\" class=\"yoast-schema-graph\">{\"@context\":\"https:\\\/\\\/schema.org\",\"@graph\":[{\"@type\":\"WebPage\",\"@id\":\"https:\\\/\\\/tomasostore.com.ar\\\/tienda\\\/producto\\\/bloques-sembo-para-armar-bomberos-a201218\\\/\",\"url\":\"https:\\\/\\\/tomasostore.com.ar\\\/tienda\\\/producto\\\/bloques-sembo-para-armar-bomberos-a201218\\\/\",\"name\":\"Bloques Sembo Para Armar Bomberos - A201218 - Tomaso Store\",\"isPartOf\":{\"@id\":\"https:\\\/\\\/tomasostore.com.ar\\\/tienda\\\/#website\"},\"primaryImageOfPage\":{\"@id\":\"https:\\\/\\\/tomasostore.com.ar\\\/tienda\\\/producto\\\/bloques-sembo-para-armar-bomberos-a201218\\\/#primaryimage\"},\"image\":{\"@id\":\"https:\\\/\\\/tomasostore.com.ar\\\/tienda\\\/producto\\\/bloques-sembo-para-armar-bomberos-a201218\\\/#primaryimage\"},\"thumbnailUrl\":\"https:\\\/\\\/tomasostore.com.ar\\\/tienda\\\/wp-content\\\/uploads\\\/2025\\\/07\\\/CAB-5-1-1.png\",\"datePublished\":\"2025-07-19T14:12:45+00:00\",\"dateModified\":\"2025-07-29T15:47:52+00:00\",\"breadcrumb\":{\"@id\":\"https:\\\/\\\/tomasostore.com.ar\\\/tienda\\\/producto\\\/bloques-sembo-para-armar-bomberos-a201218\\\/#breadcrumb\"},\"inLanguage\":\"es\",\"potentialAction\":[{\"@type\":\"ReadAction\",\"target\":[\"https:\\\/\\\/tomasostore.com.ar\\\/tienda\\\/producto\\\/bloques-sembo-para-armar-bomberos-a201218\\\/\"]}]},{\"@type\":\"ImageObject\",\"inLanguage\":\"es\",\"@id\":\"https:\\\/\\\/tomasostore.com.ar\\\/tienda\\\/producto\\\/bloques-sembo-para-armar-bomberos-a201218\\\/#primaryimage\",\"url\":\"https:\\\/\\\/tomasostore.com.ar\\\/tienda\\\/wp-content\\\/uploads\\\/2025\\\/07\\\/CAB-5-1-1.png\",\"contentUrl\":\"https:\\\/\\\/tomasostore.com.ar\\\/tienda\\\/wp-content\\\/uploads\\\/2025\\\/07\\\/CAB-5-1-1.png\",\"width\":1080,\"height\":1080},{\"@type\":\"BreadcrumbList\",\"@id\":\"https:\\\/\\\/tomasostore.com.ar\\\/tienda\\\/producto\\\/bloques-sembo-para-armar-bomberos-a201218\\\/#breadcrumb\",\"itemListElement\":[{\"@type\":\"ListItem\",\"position\":1,\"name\":\"Portada\",\"item\":\"https:\\\/\\\/tomasostore.com.ar\\\/tienda\\\/\"},{\"@type\":\"ListItem\",\"position\":2,\"name\":\"Tienda\",\"item\":\"https:\\\/\\\/tomasostore.com.ar\\\/tienda\\\/tienda\\\/\"},{\"@type\":\"ListItem\",\"position\":3,\"name\":\"Bloques Sembo Para Armar Bomberos &#8211; A201218\"}]},{\"@type\":\"WebSite\",\"@id\":\"https:\\\/\\\/tomasostore.com.ar\\\/tienda\\\/#website\",\"url\":\"https:\\\/\\\/tomasostore.com.ar\\\/tienda\\\/\",\"name\":\"Tomaso Store\",\"description\":\"Compr\u00e1s online, recib\u00eds en mano. Desde Hernando, llevando confianza a tu casa. Productos con garant\u00eda.\",\"potentialAction\":[{\"@type\":\"SearchAction\",\"target\":{\"@type\":\"EntryPoint\",\"urlTemplate\":\"https:\\\/\\\/tomasostore.com.ar\\\/tienda\\\/?s={search_term_string}\"},\"query-input\":{\"@type\":\"PropertyValueSpecification\",\"valueRequired\":true,\"valueName\":\"search_term_string\"}}],\"inLanguage\":\"es\"}]}<\/script>\n<!-- \/ Yoast SEO plugin. -->","yoast_head_json":{"title":"Bloques Sembo Para Armar Bomberos - A201218 - Tomaso Store","robots":{"index":"index","follow":"follow","max-snippet":"max-snippet:-1","max-image-preview":"max-image-preview:large","max-video-preview":"max-video-preview:-1"},"canonical":"https:\/\/tomasostore.com.ar\/tienda\/producto\/bloques-sembo-para-armar-bomberos-a201218\/","og_locale":"es_ES","og_type":"article","og_title":"Bloques Sembo Para Armar Bomberos - A201218 - Tomaso Store","og_description":"Bloques Sembo Para Armar Bomberos &#8211; A201218 \u00a1Llegaron los bomberos. Bloques y accesorios para armar diferentes veh\u00edculos del escuadr\u00f3n de bomberos. -8 diferentes modelos para coleccionar con diferentes cantidades de \u00b4piezas Modelo 1: Fire Overcraft &#8211; 36 piezas Modelo 2: Fire Speedboat &#8211; 42 Piezas Modelo 3: Fire Patrol Vehicle &#8211; 33 Piezas Modelo 4: [&hellip;]","og_url":"https:\/\/tomasostore.com.ar\/tienda\/producto\/bloques-sembo-para-armar-bomberos-a201218\/","og_site_name":"Tomaso Store","article_modified_time":"2025-07-29T15:47:52+00:00","og_image":[{"width":1080,"height":1080,"url":"https:\/\/tomasostore.com.ar\/tienda\/wp-content\/uploads\/2025\/07\/CAB-5-1-1.png","type":"image\/png"}],"twitter_card":"summary_large_image","schema":{"@context":"https:\/\/schema.org","@graph":[{"@type":"WebPage","@id":"https:\/\/tomasostore.com.ar\/tienda\/producto\/bloques-sembo-para-armar-bomberos-a201218\/","url":"https:\/\/tomasostore.com.ar\/tienda\/producto\/bloques-sembo-para-armar-bomberos-a201218\/","name":"Bloques Sembo Para Armar Bomberos - A201218 - Tomaso Store","isPartOf":{"@id":"https:\/\/tomasostore.com.ar\/tienda\/#website"},"primaryImageOfPage":{"@id":"https:\/\/tomasostore.com.ar\/tienda\/producto\/bloques-sembo-para-armar-bomberos-a201218\/#primaryimage"},"image":{"@id":"https:\/\/tomasostore.com.ar\/tienda\/producto\/bloques-sembo-para-armar-bomberos-a201218\/#primaryimage"},"thumbnailUrl":"https:\/\/tomasostore.com.ar\/tienda\/wp-content\/uploads\/2025\/07\/CAB-5-1-1.png","datePublished":"2025-07-19T14:12:45+00:00","dateModified":"2025-07-29T15:47:52+00:00","breadcrumb":{"@id":"https:\/\/tomasostore.com.ar\/tienda\/producto\/bloques-sembo-para-armar-bomberos-a201218\/#breadcrumb"},"inLanguage":"es","potentialAction":[{"@type":"ReadAction","target":["https:\/\/tomasostore.com.ar\/tienda\/producto\/bloques-sembo-para-armar-bomberos-a201218\/"]}]},{"@type":"ImageObject","inLanguage":"es","@id":"https:\/\/tomasostore.com.ar\/tienda\/producto\/bloques-sembo-para-armar-bomberos-a201218\/#primaryimage","url":"https:\/\/tomasostore.com.ar\/tienda\/wp-content\/uploads\/2025\/07\/CAB-5-1-1.png","contentUrl":"https:\/\/tomasostore.com.ar\/tienda\/wp-content\/uploads\/2025\/07\/CAB-5-1-1.png","width":1080,"height":1080},{"@type":"BreadcrumbList","@id":"https:\/\/tomasostore.com.ar\/tienda\/producto\/bloques-sembo-para-armar-bomberos-a201218\/#breadcrumb","itemListElement":[{"@type":"ListItem","position":1,"name":"Portada","item":"https:\/\/tomasostore.com.ar\/tienda\/"},{"@type":"ListItem","position":2,"name":"Tienda","item":"https:\/\/tomasostore.com.ar\/tienda\/tienda\/"},{"@type":"ListItem","position":3,"name":"Bloques Sembo Para Armar Bomberos &#8211; A201218"}]},{"@type":"WebSite","@id":"https:\/\/tomasostore.com.ar\/tienda\/#website","url":"https:\/\/tomasostore.com.ar\/tienda\/","name":"Tomaso Store","description":"Compr\u00e1s online, recib\u00eds en mano. Desde Hernando, llevando confianza a tu casa. Productos con garant\u00eda.","potentialAction":[{"@type":"SearchAction","target":{"@type":"EntryPoint","urlTemplate":"https:\/\/tomasostore.com.ar\/tienda\/?s={search_term_string}"},"query-input":{"@type":"PropertyValueSpecification","valueRequired":true,"valueName":"search_term_string"}}],"inLanguage":"es"}]}},"_links":{"self":[{"href":"https:\/\/tomasostore.com.ar\/tienda\/wp-json\/wp\/v2\/product\/11537","targetHints":{"allow":["GET"]}}],"collection":[{"href":"https:\/\/tomasostore.com.ar\/tienda\/wp-json\/wp\/v2\/product"}],"about":[{"href":"https:\/\/tomasostore.com.ar\/tienda\/wp-json\/wp\/v2\/types\/product"}],"replies":[{"embeddable":true,"href":"https:\/\/tomasostore.com.ar\/tienda\/wp-json\/wp\/v2\/comments?post=11537"}],"version-history":[{"count":2,"href":"https:\/\/tomasostore.com.ar\/tienda\/wp-json\/wp\/v2\/product\/11537\/revisions"}],"predecessor-version":[{"id":33742,"href":"https:\/\/tomasostore.com.ar\/tienda\/wp-json\/wp\/v2\/product\/11537\/revisions\/33742"}],"wp:featuredmedia":[{"embeddable":true,"href":"https:\/\/tomasostore.com.ar\/tienda\/wp-json\/wp\/v2\/media\/26581"}],"wp:attachment":[{"href":"https:\/\/tomasostore.com.ar\/tienda\/wp-json\/wp\/v2\/media?parent=11537"}],"wp:term":[{"taxonomy":"product_brand","embeddable":true,"href":"https:\/\/tomasostore.com.ar\/tienda\/wp-json\/wp\/v2\/product_brand?post=11537"},{"taxonomy":"product_cat","embeddable":true,"href":"https:\/\/tomasostore.com.ar\/tienda\/wp-json\/wp\/v2\/product_cat?post=11537"},{"taxonomy":"product_tag","embeddable":true,"href":"https:\/\/tomasostore.com.ar\/tienda\/wp-json\/wp\/v2\/product_tag?post=11537"}],"curies":[{"name":"wp","href":"https:\/\/api.w.org\/{rel}","templated":true}]}}