{"id":11486,"date":"2025-07-19T10:41:47","date_gmt":"2025-07-19T13:41:47","guid":{"rendered":"https:\/\/tomasostore.com.ar\/tienda\/?post_type=product&#038;p=11486"},"modified":"2025-07-29T12:15:10","modified_gmt":"2025-07-29T15:15:10","slug":"star-wars-young-jedi-adventures-con-vehiculo-f7959","status":"publish","type":"product","link":"https:\/\/tomasostore.com.ar\/tienda\/producto\/star-wars-young-jedi-adventures-con-vehiculo-f7959\/","title":{"rendered":"Star Wars Young Jedi Adventures Con Vehiculo &#8211; F7959"},"content":{"rendered":"<p>Star Wars Young Jedi Adventures Con Vehiculo &#8211; F7959 Sumergite en las emocionantes historias de la serie Star Wars: Young Jedi Adventures con estas figuras articuladas que vienen acompa\u00f1adas de sus propios veh\u00edculos gal\u00e1cticos. Cada set incluye un personaje y su nave, listos para recrear escenas o inventar nuevas aventuras en la galaxia. Modelos disponibles (se venden por separado): Nash con su veloz nave roja.<\/p>\n","protected":false},"excerpt":{"rendered":"<p>Star Wars Young Jedi Adventures Con Vehiculo &#8211; F7959 Sumergite en las emocionantes historias de la serie Star Wars: Young Jedi Adventures con estas figuras articuladas que vienen acompa\u00f1adas de sus propios veh\u00edculos gal\u00e1cticos. Cada set incluye un personaje y su nave, listos para recrear escenas o inventar nuevas aventuras en la galaxia. Modelos disponibles [&hellip;]<\/p>\n","protected":false},"featured_media":24021,"comment_status":"open","ping_status":"closed","template":"","meta":[],"product_brand":[44],"product_cat":[638],"product_tag":[639],"class_list":{"0":"post-11486","1":"product","2":"type-product","3":"status-publish","4":"has-post-thumbnail","6":"product_brand-wabro","7":"product_cat-figuras-de-accion-y-munecos","8":"product_tag-figuras-de-accion-y-munecos","10":"first","11":"instock","12":"sale","13":"shipping-taxable","14":"purchasable","15":"product-type-simple"},"yoast_head":"<!-- This site is optimized with the Yoast SEO plugin v27.5 - https:\/\/yoast.com\/product\/yoast-seo-wordpress\/ -->\n<title>Star Wars Young Jedi Adventures Con Vehiculo - F7959 - Tomaso Store<\/title>\n<meta name=\"robots\" content=\"index, follow, max-snippet:-1, max-image-preview:large, max-video-preview:-1\" \/>\n<link rel=\"canonical\" href=\"https:\/\/tomasostore.com.ar\/tienda\/producto\/star-wars-young-jedi-adventures-con-vehiculo-f7959\/\" \/>\n<meta property=\"og:locale\" content=\"es_ES\" \/>\n<meta property=\"og:type\" content=\"article\" \/>\n<meta property=\"og:title\" content=\"Star Wars Young Jedi Adventures Con Vehiculo - F7959 - Tomaso Store\" \/>\n<meta property=\"og:description\" content=\"Star Wars Young Jedi Adventures Con Vehiculo &#8211; F7959 Sumergite en las emocionantes historias de la serie Star Wars: Young Jedi Adventures con estas figuras articuladas que vienen acompa\u00f1adas de sus propios veh\u00edculos gal\u00e1cticos. Cada set incluye un personaje y su nave, listos para recrear escenas o inventar nuevas aventuras en la galaxia. Modelos disponibles [&hellip;]\" \/>\n<meta property=\"og:url\" content=\"https:\/\/tomasostore.com.ar\/tienda\/producto\/star-wars-young-jedi-adventures-con-vehiculo-f7959\/\" \/>\n<meta property=\"og:site_name\" content=\"Tomaso Store\" \/>\n<meta property=\"article:modified_time\" content=\"2025-07-29T15:15:10+00:00\" \/>\n<meta property=\"og:image\" content=\"https:\/\/tomasostore.com.ar\/tienda\/wp-content\/uploads\/2025\/07\/D_NQ_NP_715084-MLA75356584088_032024-O.webp\" \/>\n\t<meta property=\"og:image:width\" content=\"500\" \/>\n\t<meta property=\"og:image:height\" content=\"493\" \/>\n\t<meta property=\"og:image:type\" content=\"image\/webp\" \/>\n<meta name=\"twitter:card\" content=\"summary_large_image\" \/>\n<script type=\"application\/ld+json\" class=\"yoast-schema-graph\">{\"@context\":\"https:\\\/\\\/schema.org\",\"@graph\":[{\"@type\":\"WebPage\",\"@id\":\"https:\\\/\\\/tomasostore.com.ar\\\/tienda\\\/producto\\\/star-wars-young-jedi-adventures-con-vehiculo-f7959\\\/\",\"url\":\"https:\\\/\\\/tomasostore.com.ar\\\/tienda\\\/producto\\\/star-wars-young-jedi-adventures-con-vehiculo-f7959\\\/\",\"name\":\"Star Wars Young Jedi Adventures Con Vehiculo - F7959 - Tomaso Store\",\"isPartOf\":{\"@id\":\"https:\\\/\\\/tomasostore.com.ar\\\/tienda\\\/#website\"},\"primaryImageOfPage\":{\"@id\":\"https:\\\/\\\/tomasostore.com.ar\\\/tienda\\\/producto\\\/star-wars-young-jedi-adventures-con-vehiculo-f7959\\\/#primaryimage\"},\"image\":{\"@id\":\"https:\\\/\\\/tomasostore.com.ar\\\/tienda\\\/producto\\\/star-wars-young-jedi-adventures-con-vehiculo-f7959\\\/#primaryimage\"},\"thumbnailUrl\":\"https:\\\/\\\/tomasostore.com.ar\\\/tienda\\\/wp-content\\\/uploads\\\/2025\\\/07\\\/D_NQ_NP_715084-MLA75356584088_032024-O.webp\",\"datePublished\":\"2025-07-19T13:41:47+00:00\",\"dateModified\":\"2025-07-29T15:15:10+00:00\",\"breadcrumb\":{\"@id\":\"https:\\\/\\\/tomasostore.com.ar\\\/tienda\\\/producto\\\/star-wars-young-jedi-adventures-con-vehiculo-f7959\\\/#breadcrumb\"},\"inLanguage\":\"es\",\"potentialAction\":[{\"@type\":\"ReadAction\",\"target\":[\"https:\\\/\\\/tomasostore.com.ar\\\/tienda\\\/producto\\\/star-wars-young-jedi-adventures-con-vehiculo-f7959\\\/\"]}]},{\"@type\":\"ImageObject\",\"inLanguage\":\"es\",\"@id\":\"https:\\\/\\\/tomasostore.com.ar\\\/tienda\\\/producto\\\/star-wars-young-jedi-adventures-con-vehiculo-f7959\\\/#primaryimage\",\"url\":\"https:\\\/\\\/tomasostore.com.ar\\\/tienda\\\/wp-content\\\/uploads\\\/2025\\\/07\\\/D_NQ_NP_715084-MLA75356584088_032024-O.webp\",\"contentUrl\":\"https:\\\/\\\/tomasostore.com.ar\\\/tienda\\\/wp-content\\\/uploads\\\/2025\\\/07\\\/D_NQ_NP_715084-MLA75356584088_032024-O.webp\",\"width\":500,\"height\":493},{\"@type\":\"BreadcrumbList\",\"@id\":\"https:\\\/\\\/tomasostore.com.ar\\\/tienda\\\/producto\\\/star-wars-young-jedi-adventures-con-vehiculo-f7959\\\/#breadcrumb\",\"itemListElement\":[{\"@type\":\"ListItem\",\"position\":1,\"name\":\"Portada\",\"item\":\"https:\\\/\\\/tomasostore.com.ar\\\/tienda\\\/\"},{\"@type\":\"ListItem\",\"position\":2,\"name\":\"Tienda\",\"item\":\"https:\\\/\\\/tomasostore.com.ar\\\/tienda\\\/tienda\\\/\"},{\"@type\":\"ListItem\",\"position\":3,\"name\":\"Star Wars Young Jedi Adventures Con Vehiculo &#8211; F7959\"}]},{\"@type\":\"WebSite\",\"@id\":\"https:\\\/\\\/tomasostore.com.ar\\\/tienda\\\/#website\",\"url\":\"https:\\\/\\\/tomasostore.com.ar\\\/tienda\\\/\",\"name\":\"Tomaso Store\",\"description\":\"Compr\u00e1s online, recib\u00eds en mano. Desde Hernando, llevando confianza a tu casa. Productos con garant\u00eda.\",\"potentialAction\":[{\"@type\":\"SearchAction\",\"target\":{\"@type\":\"EntryPoint\",\"urlTemplate\":\"https:\\\/\\\/tomasostore.com.ar\\\/tienda\\\/?s={search_term_string}\"},\"query-input\":{\"@type\":\"PropertyValueSpecification\",\"valueRequired\":true,\"valueName\":\"search_term_string\"}}],\"inLanguage\":\"es\"}]}<\/script>\n<!-- \/ Yoast SEO plugin. -->","yoast_head_json":{"title":"Star Wars Young Jedi Adventures Con Vehiculo - F7959 - Tomaso Store","robots":{"index":"index","follow":"follow","max-snippet":"max-snippet:-1","max-image-preview":"max-image-preview:large","max-video-preview":"max-video-preview:-1"},"canonical":"https:\/\/tomasostore.com.ar\/tienda\/producto\/star-wars-young-jedi-adventures-con-vehiculo-f7959\/","og_locale":"es_ES","og_type":"article","og_title":"Star Wars Young Jedi Adventures Con Vehiculo - F7959 - Tomaso Store","og_description":"Star Wars Young Jedi Adventures Con Vehiculo &#8211; F7959 Sumergite en las emocionantes historias de la serie Star Wars: Young Jedi Adventures con estas figuras articuladas que vienen acompa\u00f1adas de sus propios veh\u00edculos gal\u00e1cticos. Cada set incluye un personaje y su nave, listos para recrear escenas o inventar nuevas aventuras en la galaxia. Modelos disponibles [&hellip;]","og_url":"https:\/\/tomasostore.com.ar\/tienda\/producto\/star-wars-young-jedi-adventures-con-vehiculo-f7959\/","og_site_name":"Tomaso Store","article_modified_time":"2025-07-29T15:15:10+00:00","og_image":[{"width":500,"height":493,"url":"https:\/\/tomasostore.com.ar\/tienda\/wp-content\/uploads\/2025\/07\/D_NQ_NP_715084-MLA75356584088_032024-O.webp","type":"image\/webp"}],"twitter_card":"summary_large_image","schema":{"@context":"https:\/\/schema.org","@graph":[{"@type":"WebPage","@id":"https:\/\/tomasostore.com.ar\/tienda\/producto\/star-wars-young-jedi-adventures-con-vehiculo-f7959\/","url":"https:\/\/tomasostore.com.ar\/tienda\/producto\/star-wars-young-jedi-adventures-con-vehiculo-f7959\/","name":"Star Wars Young Jedi Adventures Con Vehiculo - F7959 - Tomaso Store","isPartOf":{"@id":"https:\/\/tomasostore.com.ar\/tienda\/#website"},"primaryImageOfPage":{"@id":"https:\/\/tomasostore.com.ar\/tienda\/producto\/star-wars-young-jedi-adventures-con-vehiculo-f7959\/#primaryimage"},"image":{"@id":"https:\/\/tomasostore.com.ar\/tienda\/producto\/star-wars-young-jedi-adventures-con-vehiculo-f7959\/#primaryimage"},"thumbnailUrl":"https:\/\/tomasostore.com.ar\/tienda\/wp-content\/uploads\/2025\/07\/D_NQ_NP_715084-MLA75356584088_032024-O.webp","datePublished":"2025-07-19T13:41:47+00:00","dateModified":"2025-07-29T15:15:10+00:00","breadcrumb":{"@id":"https:\/\/tomasostore.com.ar\/tienda\/producto\/star-wars-young-jedi-adventures-con-vehiculo-f7959\/#breadcrumb"},"inLanguage":"es","potentialAction":[{"@type":"ReadAction","target":["https:\/\/tomasostore.com.ar\/tienda\/producto\/star-wars-young-jedi-adventures-con-vehiculo-f7959\/"]}]},{"@type":"ImageObject","inLanguage":"es","@id":"https:\/\/tomasostore.com.ar\/tienda\/producto\/star-wars-young-jedi-adventures-con-vehiculo-f7959\/#primaryimage","url":"https:\/\/tomasostore.com.ar\/tienda\/wp-content\/uploads\/2025\/07\/D_NQ_NP_715084-MLA75356584088_032024-O.webp","contentUrl":"https:\/\/tomasostore.com.ar\/tienda\/wp-content\/uploads\/2025\/07\/D_NQ_NP_715084-MLA75356584088_032024-O.webp","width":500,"height":493},{"@type":"BreadcrumbList","@id":"https:\/\/tomasostore.com.ar\/tienda\/producto\/star-wars-young-jedi-adventures-con-vehiculo-f7959\/#breadcrumb","itemListElement":[{"@type":"ListItem","position":1,"name":"Portada","item":"https:\/\/tomasostore.com.ar\/tienda\/"},{"@type":"ListItem","position":2,"name":"Tienda","item":"https:\/\/tomasostore.com.ar\/tienda\/tienda\/"},{"@type":"ListItem","position":3,"name":"Star Wars Young Jedi Adventures Con Vehiculo &#8211; F7959"}]},{"@type":"WebSite","@id":"https:\/\/tomasostore.com.ar\/tienda\/#website","url":"https:\/\/tomasostore.com.ar\/tienda\/","name":"Tomaso Store","description":"Compr\u00e1s online, recib\u00eds en mano. Desde Hernando, llevando confianza a tu casa. Productos con garant\u00eda.","potentialAction":[{"@type":"SearchAction","target":{"@type":"EntryPoint","urlTemplate":"https:\/\/tomasostore.com.ar\/tienda\/?s={search_term_string}"},"query-input":{"@type":"PropertyValueSpecification","valueRequired":true,"valueName":"search_term_string"}}],"inLanguage":"es"}]}},"_links":{"self":[{"href":"https:\/\/tomasostore.com.ar\/tienda\/wp-json\/wp\/v2\/product\/11486","targetHints":{"allow":["GET"]}}],"collection":[{"href":"https:\/\/tomasostore.com.ar\/tienda\/wp-json\/wp\/v2\/product"}],"about":[{"href":"https:\/\/tomasostore.com.ar\/tienda\/wp-json\/wp\/v2\/types\/product"}],"replies":[{"embeddable":true,"href":"https:\/\/tomasostore.com.ar\/tienda\/wp-json\/wp\/v2\/comments?post=11486"}],"version-history":[{"count":2,"href":"https:\/\/tomasostore.com.ar\/tienda\/wp-json\/wp\/v2\/product\/11486\/revisions"}],"predecessor-version":[{"id":32564,"href":"https:\/\/tomasostore.com.ar\/tienda\/wp-json\/wp\/v2\/product\/11486\/revisions\/32564"}],"wp:featuredmedia":[{"embeddable":true,"href":"https:\/\/tomasostore.com.ar\/tienda\/wp-json\/wp\/v2\/media\/24021"}],"wp:attachment":[{"href":"https:\/\/tomasostore.com.ar\/tienda\/wp-json\/wp\/v2\/media?parent=11486"}],"wp:term":[{"taxonomy":"product_brand","embeddable":true,"href":"https:\/\/tomasostore.com.ar\/tienda\/wp-json\/wp\/v2\/product_brand?post=11486"},{"taxonomy":"product_cat","embeddable":true,"href":"https:\/\/tomasostore.com.ar\/tienda\/wp-json\/wp\/v2\/product_cat?post=11486"},{"taxonomy":"product_tag","embeddable":true,"href":"https:\/\/tomasostore.com.ar\/tienda\/wp-json\/wp\/v2\/product_tag?post=11486"}],"curies":[{"name":"wp","href":"https:\/\/api.w.org\/{rel}","templated":true}]}}