{"id":11485,"date":"2025-07-19T11:45:07","date_gmt":"2025-07-19T14:45:07","guid":{"rendered":"https:\/\/tomasostore.com.ar\/tienda\/?post_type=product&#038;p=11485"},"modified":"2025-07-29T12:47:50","modified_gmt":"2025-07-29T15:47:50","slug":"helicoptero-de-rescate-a-friccion-15-cm-f8730","status":"publish","type":"product","link":"https:\/\/tomasostore.com.ar\/tienda\/producto\/helicoptero-de-rescate-a-friccion-15-cm-f8730\/","title":{"rendered":"Helic\u00f3ptero De Rescate A Fricci\u00f3n 15 Cm &#8211; F8730"},"content":{"rendered":"<p>Helic\u00f3pteros de Juguete &#8211; Colecci\u00f3n de Rescate y Acci\u00f3n Colecci\u00f3n de helic\u00f3pteros de pl\u00e1stico de 15 cm, ideales para juegos de rescate, polic\u00eda y emergencias. Caracter\u00edsticas destacadas: Tama\u00f1o compacto: cada helic\u00f3ptero mide aproximadamente 15 cm de largo. Modelos variados: incluye dise\u00f1os de polic\u00eda, bomberos, rescate a\u00e9reo y patrulla militar.<\/p>\n","protected":false},"excerpt":{"rendered":"<p>Helic\u00f3pteros de Juguete &#8211; Colecci\u00f3n de Rescate y Acci\u00f3n Colecci\u00f3n de helic\u00f3pteros de pl\u00e1stico de 15 cm, ideales para juegos de rescate, polic\u00eda y emergencias. Caracter\u00edsticas destacadas: Tama\u00f1o compacto: cada helic\u00f3ptero mide aproximadamente 15 cm de largo. Modelos variados: incluye dise\u00f1os de polic\u00eda, bomberos, rescate a\u00e9reo y patrulla militar.<\/p>\n","protected":false},"featured_media":29336,"comment_status":"open","ping_status":"closed","template":"","meta":[],"product_brand":[329],"product_cat":[660],"product_tag":[466,661],"class_list":{"0":"post-11485","1":"product","2":"type-product","3":"status-publish","4":"has-post-thumbnail","6":"product_brand-enrique-trucco","7":"product_cat-vehiculos","8":"product_tag-regalitos","9":"product_tag-vehiculos","11":"first","12":"instock","13":"sale","14":"shipping-taxable","15":"purchasable","16":"product-type-simple"},"yoast_head":"<!-- This site is optimized with the Yoast SEO plugin v27.5 - https:\/\/yoast.com\/product\/yoast-seo-wordpress\/ -->\n<title>Helic\u00f3ptero De Rescate A Fricci\u00f3n 15 Cm - F8730 - Tomaso Store<\/title>\n<meta name=\"robots\" content=\"index, follow, max-snippet:-1, max-image-preview:large, max-video-preview:-1\" \/>\n<link rel=\"canonical\" href=\"https:\/\/tomasostore.com.ar\/tienda\/producto\/helicoptero-de-rescate-a-friccion-15-cm-f8730\/\" \/>\n<meta property=\"og:locale\" content=\"es_ES\" \/>\n<meta property=\"og:type\" content=\"article\" \/>\n<meta property=\"og:title\" content=\"Helic\u00f3ptero De Rescate A Fricci\u00f3n 15 Cm - F8730 - Tomaso Store\" \/>\n<meta property=\"og:description\" content=\"Helic\u00f3pteros de Juguete &#8211; Colecci\u00f3n de Rescate y Acci\u00f3n Colecci\u00f3n de helic\u00f3pteros de pl\u00e1stico de 15 cm, ideales para juegos de rescate, polic\u00eda y emergencias. Caracter\u00edsticas destacadas: Tama\u00f1o compacto: cada helic\u00f3ptero mide aproximadamente 15 cm de largo. Modelos variados: incluye dise\u00f1os de polic\u00eda, bomberos, rescate a\u00e9reo y patrulla militar.\" \/>\n<meta property=\"og:url\" content=\"https:\/\/tomasostore.com.ar\/tienda\/producto\/helicoptero-de-rescate-a-friccion-15-cm-f8730\/\" \/>\n<meta property=\"og:site_name\" content=\"Tomaso Store\" \/>\n<meta property=\"article:modified_time\" content=\"2025-07-29T15:47:50+00:00\" \/>\n<meta property=\"og:image\" content=\"https:\/\/tomasostore.com.ar\/tienda\/wp-content\/uploads\/2025\/07\/D_NQ_NP_962731-MLA84214186320_052025-O.webp\" \/>\n\t<meta property=\"og:image:width\" content=\"500\" \/>\n\t<meta property=\"og:image:height\" content=\"478\" \/>\n\t<meta property=\"og:image:type\" content=\"image\/webp\" \/>\n<meta name=\"twitter:card\" content=\"summary_large_image\" \/>\n<script type=\"application\/ld+json\" class=\"yoast-schema-graph\">{\"@context\":\"https:\\\/\\\/schema.org\",\"@graph\":[{\"@type\":\"WebPage\",\"@id\":\"https:\\\/\\\/tomasostore.com.ar\\\/tienda\\\/producto\\\/helicoptero-de-rescate-a-friccion-15-cm-f8730\\\/\",\"url\":\"https:\\\/\\\/tomasostore.com.ar\\\/tienda\\\/producto\\\/helicoptero-de-rescate-a-friccion-15-cm-f8730\\\/\",\"name\":\"Helic\u00f3ptero De Rescate A Fricci\u00f3n 15 Cm - F8730 - Tomaso Store\",\"isPartOf\":{\"@id\":\"https:\\\/\\\/tomasostore.com.ar\\\/tienda\\\/#website\"},\"primaryImageOfPage\":{\"@id\":\"https:\\\/\\\/tomasostore.com.ar\\\/tienda\\\/producto\\\/helicoptero-de-rescate-a-friccion-15-cm-f8730\\\/#primaryimage\"},\"image\":{\"@id\":\"https:\\\/\\\/tomasostore.com.ar\\\/tienda\\\/producto\\\/helicoptero-de-rescate-a-friccion-15-cm-f8730\\\/#primaryimage\"},\"thumbnailUrl\":\"https:\\\/\\\/tomasostore.com.ar\\\/tienda\\\/wp-content\\\/uploads\\\/2025\\\/07\\\/D_NQ_NP_962731-MLA84214186320_052025-O.webp\",\"datePublished\":\"2025-07-19T14:45:07+00:00\",\"dateModified\":\"2025-07-29T15:47:50+00:00\",\"breadcrumb\":{\"@id\":\"https:\\\/\\\/tomasostore.com.ar\\\/tienda\\\/producto\\\/helicoptero-de-rescate-a-friccion-15-cm-f8730\\\/#breadcrumb\"},\"inLanguage\":\"es\",\"potentialAction\":[{\"@type\":\"ReadAction\",\"target\":[\"https:\\\/\\\/tomasostore.com.ar\\\/tienda\\\/producto\\\/helicoptero-de-rescate-a-friccion-15-cm-f8730\\\/\"]}]},{\"@type\":\"ImageObject\",\"inLanguage\":\"es\",\"@id\":\"https:\\\/\\\/tomasostore.com.ar\\\/tienda\\\/producto\\\/helicoptero-de-rescate-a-friccion-15-cm-f8730\\\/#primaryimage\",\"url\":\"https:\\\/\\\/tomasostore.com.ar\\\/tienda\\\/wp-content\\\/uploads\\\/2025\\\/07\\\/D_NQ_NP_962731-MLA84214186320_052025-O.webp\",\"contentUrl\":\"https:\\\/\\\/tomasostore.com.ar\\\/tienda\\\/wp-content\\\/uploads\\\/2025\\\/07\\\/D_NQ_NP_962731-MLA84214186320_052025-O.webp\",\"width\":500,\"height\":478},{\"@type\":\"BreadcrumbList\",\"@id\":\"https:\\\/\\\/tomasostore.com.ar\\\/tienda\\\/producto\\\/helicoptero-de-rescate-a-friccion-15-cm-f8730\\\/#breadcrumb\",\"itemListElement\":[{\"@type\":\"ListItem\",\"position\":1,\"name\":\"Portada\",\"item\":\"https:\\\/\\\/tomasostore.com.ar\\\/tienda\\\/\"},{\"@type\":\"ListItem\",\"position\":2,\"name\":\"Tienda\",\"item\":\"https:\\\/\\\/tomasostore.com.ar\\\/tienda\\\/tienda\\\/\"},{\"@type\":\"ListItem\",\"position\":3,\"name\":\"Helic\u00f3ptero De Rescate A Fricci\u00f3n 15 Cm &#8211; F8730\"}]},{\"@type\":\"WebSite\",\"@id\":\"https:\\\/\\\/tomasostore.com.ar\\\/tienda\\\/#website\",\"url\":\"https:\\\/\\\/tomasostore.com.ar\\\/tienda\\\/\",\"name\":\"Tomaso Store\",\"description\":\"Compr\u00e1s online, recib\u00eds en mano. Desde Hernando, llevando confianza a tu casa. Productos con garant\u00eda.\",\"potentialAction\":[{\"@type\":\"SearchAction\",\"target\":{\"@type\":\"EntryPoint\",\"urlTemplate\":\"https:\\\/\\\/tomasostore.com.ar\\\/tienda\\\/?s={search_term_string}\"},\"query-input\":{\"@type\":\"PropertyValueSpecification\",\"valueRequired\":true,\"valueName\":\"search_term_string\"}}],\"inLanguage\":\"es\"}]}<\/script>\n<!-- \/ Yoast SEO plugin. -->","yoast_head_json":{"title":"Helic\u00f3ptero De Rescate A Fricci\u00f3n 15 Cm - F8730 - Tomaso Store","robots":{"index":"index","follow":"follow","max-snippet":"max-snippet:-1","max-image-preview":"max-image-preview:large","max-video-preview":"max-video-preview:-1"},"canonical":"https:\/\/tomasostore.com.ar\/tienda\/producto\/helicoptero-de-rescate-a-friccion-15-cm-f8730\/","og_locale":"es_ES","og_type":"article","og_title":"Helic\u00f3ptero De Rescate A Fricci\u00f3n 15 Cm - F8730 - Tomaso Store","og_description":"Helic\u00f3pteros de Juguete &#8211; Colecci\u00f3n de Rescate y Acci\u00f3n Colecci\u00f3n de helic\u00f3pteros de pl\u00e1stico de 15 cm, ideales para juegos de rescate, polic\u00eda y emergencias. Caracter\u00edsticas destacadas: Tama\u00f1o compacto: cada helic\u00f3ptero mide aproximadamente 15 cm de largo. Modelos variados: incluye dise\u00f1os de polic\u00eda, bomberos, rescate a\u00e9reo y patrulla militar.","og_url":"https:\/\/tomasostore.com.ar\/tienda\/producto\/helicoptero-de-rescate-a-friccion-15-cm-f8730\/","og_site_name":"Tomaso Store","article_modified_time":"2025-07-29T15:47:50+00:00","og_image":[{"width":500,"height":478,"url":"https:\/\/tomasostore.com.ar\/tienda\/wp-content\/uploads\/2025\/07\/D_NQ_NP_962731-MLA84214186320_052025-O.webp","type":"image\/webp"}],"twitter_card":"summary_large_image","schema":{"@context":"https:\/\/schema.org","@graph":[{"@type":"WebPage","@id":"https:\/\/tomasostore.com.ar\/tienda\/producto\/helicoptero-de-rescate-a-friccion-15-cm-f8730\/","url":"https:\/\/tomasostore.com.ar\/tienda\/producto\/helicoptero-de-rescate-a-friccion-15-cm-f8730\/","name":"Helic\u00f3ptero De Rescate A Fricci\u00f3n 15 Cm - F8730 - Tomaso Store","isPartOf":{"@id":"https:\/\/tomasostore.com.ar\/tienda\/#website"},"primaryImageOfPage":{"@id":"https:\/\/tomasostore.com.ar\/tienda\/producto\/helicoptero-de-rescate-a-friccion-15-cm-f8730\/#primaryimage"},"image":{"@id":"https:\/\/tomasostore.com.ar\/tienda\/producto\/helicoptero-de-rescate-a-friccion-15-cm-f8730\/#primaryimage"},"thumbnailUrl":"https:\/\/tomasostore.com.ar\/tienda\/wp-content\/uploads\/2025\/07\/D_NQ_NP_962731-MLA84214186320_052025-O.webp","datePublished":"2025-07-19T14:45:07+00:00","dateModified":"2025-07-29T15:47:50+00:00","breadcrumb":{"@id":"https:\/\/tomasostore.com.ar\/tienda\/producto\/helicoptero-de-rescate-a-friccion-15-cm-f8730\/#breadcrumb"},"inLanguage":"es","potentialAction":[{"@type":"ReadAction","target":["https:\/\/tomasostore.com.ar\/tienda\/producto\/helicoptero-de-rescate-a-friccion-15-cm-f8730\/"]}]},{"@type":"ImageObject","inLanguage":"es","@id":"https:\/\/tomasostore.com.ar\/tienda\/producto\/helicoptero-de-rescate-a-friccion-15-cm-f8730\/#primaryimage","url":"https:\/\/tomasostore.com.ar\/tienda\/wp-content\/uploads\/2025\/07\/D_NQ_NP_962731-MLA84214186320_052025-O.webp","contentUrl":"https:\/\/tomasostore.com.ar\/tienda\/wp-content\/uploads\/2025\/07\/D_NQ_NP_962731-MLA84214186320_052025-O.webp","width":500,"height":478},{"@type":"BreadcrumbList","@id":"https:\/\/tomasostore.com.ar\/tienda\/producto\/helicoptero-de-rescate-a-friccion-15-cm-f8730\/#breadcrumb","itemListElement":[{"@type":"ListItem","position":1,"name":"Portada","item":"https:\/\/tomasostore.com.ar\/tienda\/"},{"@type":"ListItem","position":2,"name":"Tienda","item":"https:\/\/tomasostore.com.ar\/tienda\/tienda\/"},{"@type":"ListItem","position":3,"name":"Helic\u00f3ptero De Rescate A Fricci\u00f3n 15 Cm &#8211; F8730"}]},{"@type":"WebSite","@id":"https:\/\/tomasostore.com.ar\/tienda\/#website","url":"https:\/\/tomasostore.com.ar\/tienda\/","name":"Tomaso Store","description":"Compr\u00e1s online, recib\u00eds en mano. Desde Hernando, llevando confianza a tu casa. Productos con garant\u00eda.","potentialAction":[{"@type":"SearchAction","target":{"@type":"EntryPoint","urlTemplate":"https:\/\/tomasostore.com.ar\/tienda\/?s={search_term_string}"},"query-input":{"@type":"PropertyValueSpecification","valueRequired":true,"valueName":"search_term_string"}}],"inLanguage":"es"}]}},"_links":{"self":[{"href":"https:\/\/tomasostore.com.ar\/tienda\/wp-json\/wp\/v2\/product\/11485","targetHints":{"allow":["GET"]}}],"collection":[{"href":"https:\/\/tomasostore.com.ar\/tienda\/wp-json\/wp\/v2\/product"}],"about":[{"href":"https:\/\/tomasostore.com.ar\/tienda\/wp-json\/wp\/v2\/types\/product"}],"replies":[{"embeddable":true,"href":"https:\/\/tomasostore.com.ar\/tienda\/wp-json\/wp\/v2\/comments?post=11485"}],"version-history":[{"count":2,"href":"https:\/\/tomasostore.com.ar\/tienda\/wp-json\/wp\/v2\/product\/11485\/revisions"}],"predecessor-version":[{"id":34982,"href":"https:\/\/tomasostore.com.ar\/tienda\/wp-json\/wp\/v2\/product\/11485\/revisions\/34982"}],"wp:featuredmedia":[{"embeddable":true,"href":"https:\/\/tomasostore.com.ar\/tienda\/wp-json\/wp\/v2\/media\/29336"}],"wp:attachment":[{"href":"https:\/\/tomasostore.com.ar\/tienda\/wp-json\/wp\/v2\/media?parent=11485"}],"wp:term":[{"taxonomy":"product_brand","embeddable":true,"href":"https:\/\/tomasostore.com.ar\/tienda\/wp-json\/wp\/v2\/product_brand?post=11485"},{"taxonomy":"product_cat","embeddable":true,"href":"https:\/\/tomasostore.com.ar\/tienda\/wp-json\/wp\/v2\/product_cat?post=11485"},{"taxonomy":"product_tag","embeddable":true,"href":"https:\/\/tomasostore.com.ar\/tienda\/wp-json\/wp\/v2\/product_tag?post=11485"}],"curies":[{"name":"wp","href":"https:\/\/api.w.org\/{rel}","templated":true}]}}