{"id":114,"date":"2025-07-19T10:04:22","date_gmt":"2025-07-19T13:04:22","guid":{"rendered":"https:\/\/tomasostore.com.ar\/tienda\/?post_type=product&#038;p=114"},"modified":"2025-07-29T12:09:12","modified_gmt":"2025-07-29T15:09:12","slug":"valija-marcadores-super-puzzles-con-libro-trabi-tr11191","status":"publish","type":"product","link":"https:\/\/tomasostore.com.ar\/tienda\/producto\/valija-marcadores-super-puzzles-con-libro-trabi-tr11191\/","title":{"rendered":"Valija Marcadores Super Puzzles Con Libro Trabi Tr11191"},"content":{"rendered":"<p>Valija Super Puzzles Colorea y Arma Valija de Plastico Incluye: 10 marcadores cl\u00e1sicos 6 marcadores fl\u00fao 6 marcadores pastel 1 Libro para colorear 2 Puzzles para colorear Lavables y No Toxicos Medida de la valija 22 cm de ancho x 20 cm de alto *Los precios de \u00e9ste sitio web son exclusivos para compras online, y no necesariamente coinciden con los precios en el local. LAS FOTOS E IM\u00c1GENES SON A MODO ILUSTRATIVO INTENTANDO REFLEJAR LO M\u00c1S REAL POSIBLE SUS CARACTER\u00cdSTICAS Y PUEDEN VARIAR SEG\u00daN DECISI\u00d3N DEL FABRICANTE. DADA LA DIVERSIDAD DE PANTALLAS NO PODEMOS GARANTIZARLE QUE EN TODAS VEA LOS MISMOS COLORES.<\/p>\n","protected":false},"excerpt":{"rendered":"<p>Valija Super Puzzles Colorea y Arma Valija de Plastico Incluye: 10 marcadores cl\u00e1sicos 6 marcadores fl\u00fao 6 marcadores pastel 1 Libro para colorear 2 Puzzles para colorear Lavables y No Toxicos Medida de la valija 22 cm de ancho x 20 cm de alto *Los precios de \u00e9ste sitio web son exclusivos para compras online, [&hellip;]<\/p>\n","protected":false},"featured_media":20178,"comment_status":"open","ping_status":"closed","template":"","meta":[],"product_brand":[208],"product_cat":[630],"product_tag":[631],"class_list":{"0":"post-114","1":"product","2":"type-product","3":"status-publish","4":"has-post-thumbnail","6":"product_brand-carti-sa-trabi","7":"product_cat-arte-y-libreria","8":"product_tag-arte-y-libreria","10":"first","11":"instock","12":"sale","13":"shipping-taxable","14":"purchasable","15":"product-type-simple"},"yoast_head":"<!-- This site is optimized with the Yoast SEO plugin v27.4 - https:\/\/yoast.com\/product\/yoast-seo-wordpress\/ -->\n<title>Valija Marcadores Super Puzzles Con Libro Trabi Tr11191 - Tomaso Store<\/title>\n<meta name=\"robots\" content=\"index, follow, max-snippet:-1, max-image-preview:large, max-video-preview:-1\" \/>\n<link rel=\"canonical\" href=\"https:\/\/tomasostore.com.ar\/tienda\/producto\/valija-marcadores-super-puzzles-con-libro-trabi-tr11191\/\" \/>\n<meta property=\"og:locale\" content=\"es_ES\" \/>\n<meta property=\"og:type\" content=\"article\" \/>\n<meta property=\"og:title\" content=\"Valija Marcadores Super Puzzles Con Libro Trabi Tr11191 - Tomaso Store\" \/>\n<meta property=\"og:description\" content=\"Valija Super Puzzles Colorea y Arma Valija de Plastico Incluye: 10 marcadores cl\u00e1sicos 6 marcadores fl\u00fao 6 marcadores pastel 1 Libro para colorear 2 Puzzles para colorear Lavables y No Toxicos Medida de la valija 22 cm de ancho x 20 cm de alto *Los precios de \u00e9ste sitio web son exclusivos para compras online, [&hellip;]\" \/>\n<meta property=\"og:url\" content=\"https:\/\/tomasostore.com.ar\/tienda\/producto\/valija-marcadores-super-puzzles-con-libro-trabi-tr11191\/\" \/>\n<meta property=\"og:site_name\" content=\"Tomaso Store\" \/>\n<meta property=\"article:modified_time\" content=\"2025-07-29T15:09:12+00:00\" \/>\n<meta name=\"twitter:card\" content=\"summary_large_image\" \/>\n<meta name=\"twitter:label1\" content=\"Tiempo de lectura\" \/>\n\t<meta name=\"twitter:data1\" content=\"1 minuto\" \/>\n<script type=\"application\/ld+json\" class=\"yoast-schema-graph\">{\"@context\":\"https:\\\/\\\/schema.org\",\"@graph\":[{\"@type\":\"WebPage\",\"@id\":\"https:\\\/\\\/tomasostore.com.ar\\\/tienda\\\/producto\\\/valija-marcadores-super-puzzles-con-libro-trabi-tr11191\\\/\",\"url\":\"https:\\\/\\\/tomasostore.com.ar\\\/tienda\\\/producto\\\/valija-marcadores-super-puzzles-con-libro-trabi-tr11191\\\/\",\"name\":\"Valija Marcadores Super Puzzles Con Libro Trabi Tr11191 - Tomaso Store\",\"isPartOf\":{\"@id\":\"https:\\\/\\\/tomasostore.com.ar\\\/tienda\\\/#website\"},\"primaryImageOfPage\":{\"@id\":\"https:\\\/\\\/tomasostore.com.ar\\\/tienda\\\/producto\\\/valija-marcadores-super-puzzles-con-libro-trabi-tr11191\\\/#primaryimage\"},\"image\":{\"@id\":\"https:\\\/\\\/tomasostore.com.ar\\\/tienda\\\/producto\\\/valija-marcadores-super-puzzles-con-libro-trabi-tr11191\\\/#primaryimage\"},\"thumbnailUrl\":\"https:\\\/\\\/tomasostore.com.ar\\\/tienda\\\/wp-content\\\/uploads\\\/2025\\\/07\\\/empaque-con-detalles-6-2ef29a495d6a37f84217054078693389-1024-1024.png\",\"datePublished\":\"2025-07-19T13:04:22+00:00\",\"dateModified\":\"2025-07-29T15:09:12+00:00\",\"breadcrumb\":{\"@id\":\"https:\\\/\\\/tomasostore.com.ar\\\/tienda\\\/producto\\\/valija-marcadores-super-puzzles-con-libro-trabi-tr11191\\\/#breadcrumb\"},\"inLanguage\":\"es\",\"potentialAction\":[{\"@type\":\"ReadAction\",\"target\":[\"https:\\\/\\\/tomasostore.com.ar\\\/tienda\\\/producto\\\/valija-marcadores-super-puzzles-con-libro-trabi-tr11191\\\/\"]}]},{\"@type\":\"ImageObject\",\"inLanguage\":\"es\",\"@id\":\"https:\\\/\\\/tomasostore.com.ar\\\/tienda\\\/producto\\\/valija-marcadores-super-puzzles-con-libro-trabi-tr11191\\\/#primaryimage\",\"url\":\"https:\\\/\\\/tomasostore.com.ar\\\/tienda\\\/wp-content\\\/uploads\\\/2025\\\/07\\\/empaque-con-detalles-6-2ef29a495d6a37f84217054078693389-1024-1024.png\",\"contentUrl\":\"https:\\\/\\\/tomasostore.com.ar\\\/tienda\\\/wp-content\\\/uploads\\\/2025\\\/07\\\/empaque-con-detalles-6-2ef29a495d6a37f84217054078693389-1024-1024.png\",\"width\":1024,\"height\":1024},{\"@type\":\"BreadcrumbList\",\"@id\":\"https:\\\/\\\/tomasostore.com.ar\\\/tienda\\\/producto\\\/valija-marcadores-super-puzzles-con-libro-trabi-tr11191\\\/#breadcrumb\",\"itemListElement\":[{\"@type\":\"ListItem\",\"position\":1,\"name\":\"Portada\",\"item\":\"https:\\\/\\\/tomasostore.com.ar\\\/tienda\\\/\"},{\"@type\":\"ListItem\",\"position\":2,\"name\":\"Tienda\",\"item\":\"https:\\\/\\\/tomasostore.com.ar\\\/tienda\\\/tienda\\\/\"},{\"@type\":\"ListItem\",\"position\":3,\"name\":\"Valija Marcadores Super Puzzles Con Libro Trabi Tr11191\"}]},{\"@type\":\"WebSite\",\"@id\":\"https:\\\/\\\/tomasostore.com.ar\\\/tienda\\\/#website\",\"url\":\"https:\\\/\\\/tomasostore.com.ar\\\/tienda\\\/\",\"name\":\"Tomaso Store\",\"description\":\"Compr\u00e1s online, recib\u00eds en mano. Desde Hernando, llevando confianza a tu casa. Productos con garant\u00eda.\",\"potentialAction\":[{\"@type\":\"SearchAction\",\"target\":{\"@type\":\"EntryPoint\",\"urlTemplate\":\"https:\\\/\\\/tomasostore.com.ar\\\/tienda\\\/?s={search_term_string}\"},\"query-input\":{\"@type\":\"PropertyValueSpecification\",\"valueRequired\":true,\"valueName\":\"search_term_string\"}}],\"inLanguage\":\"es\"}]}<\/script>\n<!-- \/ Yoast SEO plugin. -->","yoast_head_json":{"title":"Valija Marcadores Super Puzzles Con Libro Trabi Tr11191 - Tomaso Store","robots":{"index":"index","follow":"follow","max-snippet":"max-snippet:-1","max-image-preview":"max-image-preview:large","max-video-preview":"max-video-preview:-1"},"canonical":"https:\/\/tomasostore.com.ar\/tienda\/producto\/valija-marcadores-super-puzzles-con-libro-trabi-tr11191\/","og_locale":"es_ES","og_type":"article","og_title":"Valija Marcadores Super Puzzles Con Libro Trabi Tr11191 - Tomaso Store","og_description":"Valija Super Puzzles Colorea y Arma Valija de Plastico Incluye: 10 marcadores cl\u00e1sicos 6 marcadores fl\u00fao 6 marcadores pastel 1 Libro para colorear 2 Puzzles para colorear Lavables y No Toxicos Medida de la valija 22 cm de ancho x 20 cm de alto *Los precios de \u00e9ste sitio web son exclusivos para compras online, [&hellip;]","og_url":"https:\/\/tomasostore.com.ar\/tienda\/producto\/valija-marcadores-super-puzzles-con-libro-trabi-tr11191\/","og_site_name":"Tomaso Store","article_modified_time":"2025-07-29T15:09:12+00:00","twitter_card":"summary_large_image","twitter_misc":{"Tiempo de lectura":"1 minuto"},"schema":{"@context":"https:\/\/schema.org","@graph":[{"@type":"WebPage","@id":"https:\/\/tomasostore.com.ar\/tienda\/producto\/valija-marcadores-super-puzzles-con-libro-trabi-tr11191\/","url":"https:\/\/tomasostore.com.ar\/tienda\/producto\/valija-marcadores-super-puzzles-con-libro-trabi-tr11191\/","name":"Valija Marcadores Super Puzzles Con Libro Trabi Tr11191 - Tomaso Store","isPartOf":{"@id":"https:\/\/tomasostore.com.ar\/tienda\/#website"},"primaryImageOfPage":{"@id":"https:\/\/tomasostore.com.ar\/tienda\/producto\/valija-marcadores-super-puzzles-con-libro-trabi-tr11191\/#primaryimage"},"image":{"@id":"https:\/\/tomasostore.com.ar\/tienda\/producto\/valija-marcadores-super-puzzles-con-libro-trabi-tr11191\/#primaryimage"},"thumbnailUrl":"https:\/\/tomasostore.com.ar\/tienda\/wp-content\/uploads\/2025\/07\/empaque-con-detalles-6-2ef29a495d6a37f84217054078693389-1024-1024.png","datePublished":"2025-07-19T13:04:22+00:00","dateModified":"2025-07-29T15:09:12+00:00","breadcrumb":{"@id":"https:\/\/tomasostore.com.ar\/tienda\/producto\/valija-marcadores-super-puzzles-con-libro-trabi-tr11191\/#breadcrumb"},"inLanguage":"es","potentialAction":[{"@type":"ReadAction","target":["https:\/\/tomasostore.com.ar\/tienda\/producto\/valija-marcadores-super-puzzles-con-libro-trabi-tr11191\/"]}]},{"@type":"ImageObject","inLanguage":"es","@id":"https:\/\/tomasostore.com.ar\/tienda\/producto\/valija-marcadores-super-puzzles-con-libro-trabi-tr11191\/#primaryimage","url":"https:\/\/tomasostore.com.ar\/tienda\/wp-content\/uploads\/2025\/07\/empaque-con-detalles-6-2ef29a495d6a37f84217054078693389-1024-1024.png","contentUrl":"https:\/\/tomasostore.com.ar\/tienda\/wp-content\/uploads\/2025\/07\/empaque-con-detalles-6-2ef29a495d6a37f84217054078693389-1024-1024.png","width":1024,"height":1024},{"@type":"BreadcrumbList","@id":"https:\/\/tomasostore.com.ar\/tienda\/producto\/valija-marcadores-super-puzzles-con-libro-trabi-tr11191\/#breadcrumb","itemListElement":[{"@type":"ListItem","position":1,"name":"Portada","item":"https:\/\/tomasostore.com.ar\/tienda\/"},{"@type":"ListItem","position":2,"name":"Tienda","item":"https:\/\/tomasostore.com.ar\/tienda\/tienda\/"},{"@type":"ListItem","position":3,"name":"Valija Marcadores Super Puzzles Con Libro Trabi Tr11191"}]},{"@type":"WebSite","@id":"https:\/\/tomasostore.com.ar\/tienda\/#website","url":"https:\/\/tomasostore.com.ar\/tienda\/","name":"Tomaso Store","description":"Compr\u00e1s online, recib\u00eds en mano. Desde Hernando, llevando confianza a tu casa. Productos con garant\u00eda.","potentialAction":[{"@type":"SearchAction","target":{"@type":"EntryPoint","urlTemplate":"https:\/\/tomasostore.com.ar\/tienda\/?s={search_term_string}"},"query-input":{"@type":"PropertyValueSpecification","valueRequired":true,"valueName":"search_term_string"}}],"inLanguage":"es"}]}},"_links":{"self":[{"href":"https:\/\/tomasostore.com.ar\/tienda\/wp-json\/wp\/v2\/product\/114","targetHints":{"allow":["GET"]}}],"collection":[{"href":"https:\/\/tomasostore.com.ar\/tienda\/wp-json\/wp\/v2\/product"}],"about":[{"href":"https:\/\/tomasostore.com.ar\/tienda\/wp-json\/wp\/v2\/types\/product"}],"replies":[{"embeddable":true,"href":"https:\/\/tomasostore.com.ar\/tienda\/wp-json\/wp\/v2\/comments?post=114"}],"version-history":[{"count":1,"href":"https:\/\/tomasostore.com.ar\/tienda\/wp-json\/wp\/v2\/product\/114\/revisions"}],"predecessor-version":[{"id":20179,"href":"https:\/\/tomasostore.com.ar\/tienda\/wp-json\/wp\/v2\/product\/114\/revisions\/20179"}],"wp:featuredmedia":[{"embeddable":true,"href":"https:\/\/tomasostore.com.ar\/tienda\/wp-json\/wp\/v2\/media\/20178"}],"wp:attachment":[{"href":"https:\/\/tomasostore.com.ar\/tienda\/wp-json\/wp\/v2\/media?parent=114"}],"wp:term":[{"taxonomy":"product_brand","embeddable":true,"href":"https:\/\/tomasostore.com.ar\/tienda\/wp-json\/wp\/v2\/product_brand?post=114"},{"taxonomy":"product_cat","embeddable":true,"href":"https:\/\/tomasostore.com.ar\/tienda\/wp-json\/wp\/v2\/product_cat?post=114"},{"taxonomy":"product_tag","embeddable":true,"href":"https:\/\/tomasostore.com.ar\/tienda\/wp-json\/wp\/v2\/product_tag?post=114"}],"curies":[{"name":"wp","href":"https:\/\/api.w.org\/{rel}","templated":true}]}}