{"id":11314,"date":"2025-07-19T11:41:24","date_gmt":"2025-07-19T14:41:24","guid":{"rendered":"https:\/\/tomasostore.com.ar\/tienda\/?post_type=product&#038;p=11314"},"modified":"2025-07-29T12:22:05","modified_gmt":"2025-07-29T15:22:05","slug":"juego-de-ciencia-brota-y-crece-implas","status":"publish","type":"product","link":"https:\/\/tomasostore.com.ar\/tienda\/producto\/juego-de-ciencia-brota-y-crece-implas\/","title":{"rendered":"Juego De Ciencia Brota Y Crece Implas"},"content":{"rendered":"<p>Set de Ciencia Brota y Crece \u2013 Experimento de Bot\u00e1nica \u00a1Un kit educativo y divertido para que los m\u00e1s chicos descubran el fascinante mundo de la naturaleza. Con Brota y Crece, podr\u00e1n realizar sus primeros experimentos de bot\u00e1nica, observar c\u00f3mo germinan las semillas y aprender jugando.<\/p>\n","protected":false},"excerpt":{"rendered":"<p>Set de Ciencia Brota y Crece \u2013 Experimento de Bot\u00e1nica \u00a1Un kit educativo y divertido para que los m\u00e1s chicos descubran el fascinante mundo de la naturaleza. Con Brota y Crece, podr\u00e1n realizar sus primeros experimentos de bot\u00e1nica, observar c\u00f3mo germinan las semillas y aprender jugando.<\/p>\n","protected":false},"featured_media":28953,"comment_status":"open","ping_status":"closed","template":"","meta":[],"product_brand":[310],"product_cat":[658],"product_tag":[659],"class_list":{"0":"post-11314","1":"product","2":"type-product","3":"status-publish","4":"has-post-thumbnail","6":"product_brand-implas","7":"product_cat-oficios-profesiones-y-herramientas","8":"product_tag-oficios-profesiones-y-herramientas","10":"first","11":"instock","12":"sale","13":"shipping-taxable","14":"purchasable","15":"product-type-simple"},"yoast_head":"<!-- This site is optimized with the Yoast SEO plugin v27.4 - https:\/\/yoast.com\/product\/yoast-seo-wordpress\/ -->\n<title>Juego De Ciencia Brota Y Crece Implas - Tomaso Store<\/title>\n<meta name=\"robots\" content=\"index, follow, max-snippet:-1, max-image-preview:large, max-video-preview:-1\" \/>\n<link rel=\"canonical\" href=\"https:\/\/tomasostore.com.ar\/tienda\/producto\/juego-de-ciencia-brota-y-crece-implas\/\" \/>\n<meta property=\"og:locale\" content=\"es_ES\" \/>\n<meta property=\"og:type\" content=\"article\" \/>\n<meta property=\"og:title\" content=\"Juego De Ciencia Brota Y Crece Implas - Tomaso Store\" \/>\n<meta property=\"og:description\" content=\"Set de Ciencia Brota y Crece \u2013 Experimento de Bot\u00e1nica \u00a1Un kit educativo y divertido para que los m\u00e1s chicos descubran el fascinante mundo de la naturaleza. Con Brota y Crece, podr\u00e1n realizar sus primeros experimentos de bot\u00e1nica, observar c\u00f3mo germinan las semillas y aprender jugando.\" \/>\n<meta property=\"og:url\" content=\"https:\/\/tomasostore.com.ar\/tienda\/producto\/juego-de-ciencia-brota-y-crece-implas\/\" \/>\n<meta property=\"og:site_name\" content=\"Tomaso Store\" \/>\n<meta property=\"article:modified_time\" content=\"2025-07-29T15:22:05+00:00\" \/>\n<meta property=\"og:image\" content=\"https:\/\/tomasostore.com.ar\/tienda\/wp-content\/uploads\/2025\/07\/unicornios20-46-.png\" \/>\n\t<meta property=\"og:image:width\" content=\"1080\" \/>\n\t<meta property=\"og:image:height\" content=\"1080\" \/>\n\t<meta property=\"og:image:type\" content=\"image\/png\" \/>\n<meta name=\"twitter:card\" content=\"summary_large_image\" \/>\n<script type=\"application\/ld+json\" class=\"yoast-schema-graph\">{\"@context\":\"https:\\\/\\\/schema.org\",\"@graph\":[{\"@type\":\"WebPage\",\"@id\":\"https:\\\/\\\/tomasostore.com.ar\\\/tienda\\\/producto\\\/juego-de-ciencia-brota-y-crece-implas\\\/\",\"url\":\"https:\\\/\\\/tomasostore.com.ar\\\/tienda\\\/producto\\\/juego-de-ciencia-brota-y-crece-implas\\\/\",\"name\":\"Juego De Ciencia Brota Y Crece Implas - Tomaso Store\",\"isPartOf\":{\"@id\":\"https:\\\/\\\/tomasostore.com.ar\\\/tienda\\\/#website\"},\"primaryImageOfPage\":{\"@id\":\"https:\\\/\\\/tomasostore.com.ar\\\/tienda\\\/producto\\\/juego-de-ciencia-brota-y-crece-implas\\\/#primaryimage\"},\"image\":{\"@id\":\"https:\\\/\\\/tomasostore.com.ar\\\/tienda\\\/producto\\\/juego-de-ciencia-brota-y-crece-implas\\\/#primaryimage\"},\"thumbnailUrl\":\"https:\\\/\\\/tomasostore.com.ar\\\/tienda\\\/wp-content\\\/uploads\\\/2025\\\/07\\\/unicornios20-46-.png\",\"datePublished\":\"2025-07-19T14:41:24+00:00\",\"dateModified\":\"2025-07-29T15:22:05+00:00\",\"breadcrumb\":{\"@id\":\"https:\\\/\\\/tomasostore.com.ar\\\/tienda\\\/producto\\\/juego-de-ciencia-brota-y-crece-implas\\\/#breadcrumb\"},\"inLanguage\":\"es\",\"potentialAction\":[{\"@type\":\"ReadAction\",\"target\":[\"https:\\\/\\\/tomasostore.com.ar\\\/tienda\\\/producto\\\/juego-de-ciencia-brota-y-crece-implas\\\/\"]}]},{\"@type\":\"ImageObject\",\"inLanguage\":\"es\",\"@id\":\"https:\\\/\\\/tomasostore.com.ar\\\/tienda\\\/producto\\\/juego-de-ciencia-brota-y-crece-implas\\\/#primaryimage\",\"url\":\"https:\\\/\\\/tomasostore.com.ar\\\/tienda\\\/wp-content\\\/uploads\\\/2025\\\/07\\\/unicornios20-46-.png\",\"contentUrl\":\"https:\\\/\\\/tomasostore.com.ar\\\/tienda\\\/wp-content\\\/uploads\\\/2025\\\/07\\\/unicornios20-46-.png\",\"width\":1080,\"height\":1080},{\"@type\":\"BreadcrumbList\",\"@id\":\"https:\\\/\\\/tomasostore.com.ar\\\/tienda\\\/producto\\\/juego-de-ciencia-brota-y-crece-implas\\\/#breadcrumb\",\"itemListElement\":[{\"@type\":\"ListItem\",\"position\":1,\"name\":\"Portada\",\"item\":\"https:\\\/\\\/tomasostore.com.ar\\\/tienda\\\/\"},{\"@type\":\"ListItem\",\"position\":2,\"name\":\"Tienda\",\"item\":\"https:\\\/\\\/tomasostore.com.ar\\\/tienda\\\/tienda\\\/\"},{\"@type\":\"ListItem\",\"position\":3,\"name\":\"Juego De Ciencia Brota Y Crece Implas\"}]},{\"@type\":\"WebSite\",\"@id\":\"https:\\\/\\\/tomasostore.com.ar\\\/tienda\\\/#website\",\"url\":\"https:\\\/\\\/tomasostore.com.ar\\\/tienda\\\/\",\"name\":\"Tomaso Store\",\"description\":\"Compr\u00e1s online, recib\u00eds en mano. Desde Hernando, llevando confianza a tu casa. Productos con garant\u00eda.\",\"potentialAction\":[{\"@type\":\"SearchAction\",\"target\":{\"@type\":\"EntryPoint\",\"urlTemplate\":\"https:\\\/\\\/tomasostore.com.ar\\\/tienda\\\/?s={search_term_string}\"},\"query-input\":{\"@type\":\"PropertyValueSpecification\",\"valueRequired\":true,\"valueName\":\"search_term_string\"}}],\"inLanguage\":\"es\"}]}<\/script>\n<!-- \/ Yoast SEO plugin. -->","yoast_head_json":{"title":"Juego De Ciencia Brota Y Crece Implas - Tomaso Store","robots":{"index":"index","follow":"follow","max-snippet":"max-snippet:-1","max-image-preview":"max-image-preview:large","max-video-preview":"max-video-preview:-1"},"canonical":"https:\/\/tomasostore.com.ar\/tienda\/producto\/juego-de-ciencia-brota-y-crece-implas\/","og_locale":"es_ES","og_type":"article","og_title":"Juego De Ciencia Brota Y Crece Implas - Tomaso Store","og_description":"Set de Ciencia Brota y Crece \u2013 Experimento de Bot\u00e1nica \u00a1Un kit educativo y divertido para que los m\u00e1s chicos descubran el fascinante mundo de la naturaleza. Con Brota y Crece, podr\u00e1n realizar sus primeros experimentos de bot\u00e1nica, observar c\u00f3mo germinan las semillas y aprender jugando.","og_url":"https:\/\/tomasostore.com.ar\/tienda\/producto\/juego-de-ciencia-brota-y-crece-implas\/","og_site_name":"Tomaso Store","article_modified_time":"2025-07-29T15:22:05+00:00","og_image":[{"width":1080,"height":1080,"url":"https:\/\/tomasostore.com.ar\/tienda\/wp-content\/uploads\/2025\/07\/unicornios20-46-.png","type":"image\/png"}],"twitter_card":"summary_large_image","schema":{"@context":"https:\/\/schema.org","@graph":[{"@type":"WebPage","@id":"https:\/\/tomasostore.com.ar\/tienda\/producto\/juego-de-ciencia-brota-y-crece-implas\/","url":"https:\/\/tomasostore.com.ar\/tienda\/producto\/juego-de-ciencia-brota-y-crece-implas\/","name":"Juego De Ciencia Brota Y Crece Implas - Tomaso Store","isPartOf":{"@id":"https:\/\/tomasostore.com.ar\/tienda\/#website"},"primaryImageOfPage":{"@id":"https:\/\/tomasostore.com.ar\/tienda\/producto\/juego-de-ciencia-brota-y-crece-implas\/#primaryimage"},"image":{"@id":"https:\/\/tomasostore.com.ar\/tienda\/producto\/juego-de-ciencia-brota-y-crece-implas\/#primaryimage"},"thumbnailUrl":"https:\/\/tomasostore.com.ar\/tienda\/wp-content\/uploads\/2025\/07\/unicornios20-46-.png","datePublished":"2025-07-19T14:41:24+00:00","dateModified":"2025-07-29T15:22:05+00:00","breadcrumb":{"@id":"https:\/\/tomasostore.com.ar\/tienda\/producto\/juego-de-ciencia-brota-y-crece-implas\/#breadcrumb"},"inLanguage":"es","potentialAction":[{"@type":"ReadAction","target":["https:\/\/tomasostore.com.ar\/tienda\/producto\/juego-de-ciencia-brota-y-crece-implas\/"]}]},{"@type":"ImageObject","inLanguage":"es","@id":"https:\/\/tomasostore.com.ar\/tienda\/producto\/juego-de-ciencia-brota-y-crece-implas\/#primaryimage","url":"https:\/\/tomasostore.com.ar\/tienda\/wp-content\/uploads\/2025\/07\/unicornios20-46-.png","contentUrl":"https:\/\/tomasostore.com.ar\/tienda\/wp-content\/uploads\/2025\/07\/unicornios20-46-.png","width":1080,"height":1080},{"@type":"BreadcrumbList","@id":"https:\/\/tomasostore.com.ar\/tienda\/producto\/juego-de-ciencia-brota-y-crece-implas\/#breadcrumb","itemListElement":[{"@type":"ListItem","position":1,"name":"Portada","item":"https:\/\/tomasostore.com.ar\/tienda\/"},{"@type":"ListItem","position":2,"name":"Tienda","item":"https:\/\/tomasostore.com.ar\/tienda\/tienda\/"},{"@type":"ListItem","position":3,"name":"Juego De Ciencia Brota Y Crece Implas"}]},{"@type":"WebSite","@id":"https:\/\/tomasostore.com.ar\/tienda\/#website","url":"https:\/\/tomasostore.com.ar\/tienda\/","name":"Tomaso Store","description":"Compr\u00e1s online, recib\u00eds en mano. Desde Hernando, llevando confianza a tu casa. Productos con garant\u00eda.","potentialAction":[{"@type":"SearchAction","target":{"@type":"EntryPoint","urlTemplate":"https:\/\/tomasostore.com.ar\/tienda\/?s={search_term_string}"},"query-input":{"@type":"PropertyValueSpecification","valueRequired":true,"valueName":"search_term_string"}}],"inLanguage":"es"}]}},"_links":{"self":[{"href":"https:\/\/tomasostore.com.ar\/tienda\/wp-json\/wp\/v2\/product\/11314","targetHints":{"allow":["GET"]}}],"collection":[{"href":"https:\/\/tomasostore.com.ar\/tienda\/wp-json\/wp\/v2\/product"}],"about":[{"href":"https:\/\/tomasostore.com.ar\/tienda\/wp-json\/wp\/v2\/types\/product"}],"replies":[{"embeddable":true,"href":"https:\/\/tomasostore.com.ar\/tienda\/wp-json\/wp\/v2\/comments?post=11314"}],"version-history":[{"count":2,"href":"https:\/\/tomasostore.com.ar\/tienda\/wp-json\/wp\/v2\/product\/11314\/revisions"}],"predecessor-version":[{"id":34807,"href":"https:\/\/tomasostore.com.ar\/tienda\/wp-json\/wp\/v2\/product\/11314\/revisions\/34807"}],"wp:featuredmedia":[{"embeddable":true,"href":"https:\/\/tomasostore.com.ar\/tienda\/wp-json\/wp\/v2\/media\/28953"}],"wp:attachment":[{"href":"https:\/\/tomasostore.com.ar\/tienda\/wp-json\/wp\/v2\/media?parent=11314"}],"wp:term":[{"taxonomy":"product_brand","embeddable":true,"href":"https:\/\/tomasostore.com.ar\/tienda\/wp-json\/wp\/v2\/product_brand?post=11314"},{"taxonomy":"product_cat","embeddable":true,"href":"https:\/\/tomasostore.com.ar\/tienda\/wp-json\/wp\/v2\/product_cat?post=11314"},{"taxonomy":"product_tag","embeddable":true,"href":"https:\/\/tomasostore.com.ar\/tienda\/wp-json\/wp\/v2\/product_tag?post=11314"}],"curies":[{"name":"wp","href":"https:\/\/api.w.org\/{rel}","templated":true}]}}