{"id":11148,"date":"2025-07-19T11:03:04","date_gmt":"2025-07-19T14:03:04","guid":{"rendered":"https:\/\/tomasostore.com.ar\/tienda\/?post_type=product&#038;p=11148"},"modified":"2025-07-29T12:17:45","modified_gmt":"2025-07-29T15:17:45","slug":"pistola-x-shot-hyper-gel-trace-fire-motorizada-7606","status":"publish","type":"product","link":"https:\/\/tomasostore.com.ar\/tienda\/producto\/pistola-x-shot-hyper-gel-trace-fire-motorizada-7606\/","title":{"rendered":"Pistola X-shot Hyper Gel Trace Fire Motorizada &#8211; 7606"},"content":{"rendered":"<p>Pistola X-shot Hyper Gel Trace Fire Motorizada &#8211; 760 6 Vive la emoci\u00f3n de las batallas como nunca antes con la X-Shot Hyper Gel. Su precisi\u00f3n, velocidad y municiones ecol\u00f3gicas la convierten en la mejor opci\u00f3n para quienes buscan adrenalina sin l\u00edmites. Estos pellets no son t\u00f3xicos, son ecol\u00f3gicos y no manchan.<\/p>\n","protected":false},"excerpt":{"rendered":"<p>Pistola X-shot Hyper Gel Trace Fire Motorizada &#8211; 760 6 Vive la emoci\u00f3n de las batallas como nunca antes con la X-Shot Hyper Gel. Su precisi\u00f3n, velocidad y municiones ecol\u00f3gicas la convierten en la mejor opci\u00f3n para quienes buscan adrenalina sin l\u00edmites. Estos pellets no son t\u00f3xicos, son ecol\u00f3gicos y no manchan.<\/p>\n","protected":false},"featured_media":25820,"comment_status":"open","ping_status":"closed","template":"","meta":[],"product_brand":[381],"product_cat":[648],"product_tag":[649],"class_list":{"0":"post-11148","1":"product","2":"type-product","3":"status-publish","4":"has-post-thumbnail","6":"product_brand-generac-technology","7":"product_cat-juegos-y-juguetes","8":"product_tag-juegos-y-juguetes","10":"first","11":"instock","12":"sale","13":"shipping-taxable","14":"purchasable","15":"product-type-simple"},"yoast_head":"<!-- This site is optimized with the Yoast SEO plugin v27.4 - https:\/\/yoast.com\/product\/yoast-seo-wordpress\/ -->\n<title>Pistola X-shot Hyper Gel Trace Fire Motorizada - 7606 - Tomaso Store<\/title>\n<meta name=\"robots\" content=\"index, follow, max-snippet:-1, max-image-preview:large, max-video-preview:-1\" \/>\n<link rel=\"canonical\" href=\"https:\/\/tomasostore.com.ar\/tienda\/producto\/pistola-x-shot-hyper-gel-trace-fire-motorizada-7606\/\" \/>\n<meta property=\"og:locale\" content=\"es_ES\" \/>\n<meta property=\"og:type\" content=\"article\" \/>\n<meta property=\"og:title\" content=\"Pistola X-shot Hyper Gel Trace Fire Motorizada - 7606 - Tomaso Store\" \/>\n<meta property=\"og:description\" content=\"Pistola X-shot Hyper Gel Trace Fire Motorizada &#8211; 760 6 Vive la emoci\u00f3n de las batallas como nunca antes con la X-Shot Hyper Gel. Su precisi\u00f3n, velocidad y municiones ecol\u00f3gicas la convierten en la mejor opci\u00f3n para quienes buscan adrenalina sin l\u00edmites. Estos pellets no son t\u00f3xicos, son ecol\u00f3gicos y no manchan.\" \/>\n<meta property=\"og:url\" content=\"https:\/\/tomasostore.com.ar\/tienda\/producto\/pistola-x-shot-hyper-gel-trace-fire-motorizada-7606\/\" \/>\n<meta property=\"og:site_name\" content=\"Tomaso Store\" \/>\n<meta property=\"article:modified_time\" content=\"2025-07-29T15:17:45+00:00\" \/>\n<meta property=\"og:image\" content=\"https:\/\/tomasostore.com.ar\/tienda\/wp-content\/uploads\/2025\/07\/cande4.png\" \/>\n\t<meta property=\"og:image:width\" content=\"1080\" \/>\n\t<meta property=\"og:image:height\" content=\"1080\" \/>\n\t<meta property=\"og:image:type\" content=\"image\/png\" \/>\n<meta name=\"twitter:card\" content=\"summary_large_image\" \/>\n<script type=\"application\/ld+json\" class=\"yoast-schema-graph\">{\"@context\":\"https:\\\/\\\/schema.org\",\"@graph\":[{\"@type\":\"WebPage\",\"@id\":\"https:\\\/\\\/tomasostore.com.ar\\\/tienda\\\/producto\\\/pistola-x-shot-hyper-gel-trace-fire-motorizada-7606\\\/\",\"url\":\"https:\\\/\\\/tomasostore.com.ar\\\/tienda\\\/producto\\\/pistola-x-shot-hyper-gel-trace-fire-motorizada-7606\\\/\",\"name\":\"Pistola X-shot Hyper Gel Trace Fire Motorizada - 7606 - Tomaso Store\",\"isPartOf\":{\"@id\":\"https:\\\/\\\/tomasostore.com.ar\\\/tienda\\\/#website\"},\"primaryImageOfPage\":{\"@id\":\"https:\\\/\\\/tomasostore.com.ar\\\/tienda\\\/producto\\\/pistola-x-shot-hyper-gel-trace-fire-motorizada-7606\\\/#primaryimage\"},\"image\":{\"@id\":\"https:\\\/\\\/tomasostore.com.ar\\\/tienda\\\/producto\\\/pistola-x-shot-hyper-gel-trace-fire-motorizada-7606\\\/#primaryimage\"},\"thumbnailUrl\":\"https:\\\/\\\/tomasostore.com.ar\\\/tienda\\\/wp-content\\\/uploads\\\/2025\\\/07\\\/cande4.png\",\"datePublished\":\"2025-07-19T14:03:04+00:00\",\"dateModified\":\"2025-07-29T15:17:45+00:00\",\"breadcrumb\":{\"@id\":\"https:\\\/\\\/tomasostore.com.ar\\\/tienda\\\/producto\\\/pistola-x-shot-hyper-gel-trace-fire-motorizada-7606\\\/#breadcrumb\"},\"inLanguage\":\"es\",\"potentialAction\":[{\"@type\":\"ReadAction\",\"target\":[\"https:\\\/\\\/tomasostore.com.ar\\\/tienda\\\/producto\\\/pistola-x-shot-hyper-gel-trace-fire-motorizada-7606\\\/\"]}]},{\"@type\":\"ImageObject\",\"inLanguage\":\"es\",\"@id\":\"https:\\\/\\\/tomasostore.com.ar\\\/tienda\\\/producto\\\/pistola-x-shot-hyper-gel-trace-fire-motorizada-7606\\\/#primaryimage\",\"url\":\"https:\\\/\\\/tomasostore.com.ar\\\/tienda\\\/wp-content\\\/uploads\\\/2025\\\/07\\\/cande4.png\",\"contentUrl\":\"https:\\\/\\\/tomasostore.com.ar\\\/tienda\\\/wp-content\\\/uploads\\\/2025\\\/07\\\/cande4.png\",\"width\":1080,\"height\":1080},{\"@type\":\"BreadcrumbList\",\"@id\":\"https:\\\/\\\/tomasostore.com.ar\\\/tienda\\\/producto\\\/pistola-x-shot-hyper-gel-trace-fire-motorizada-7606\\\/#breadcrumb\",\"itemListElement\":[{\"@type\":\"ListItem\",\"position\":1,\"name\":\"Portada\",\"item\":\"https:\\\/\\\/tomasostore.com.ar\\\/tienda\\\/\"},{\"@type\":\"ListItem\",\"position\":2,\"name\":\"Tienda\",\"item\":\"https:\\\/\\\/tomasostore.com.ar\\\/tienda\\\/tienda\\\/\"},{\"@type\":\"ListItem\",\"position\":3,\"name\":\"Pistola X-shot Hyper Gel Trace Fire Motorizada &#8211; 7606\"}]},{\"@type\":\"WebSite\",\"@id\":\"https:\\\/\\\/tomasostore.com.ar\\\/tienda\\\/#website\",\"url\":\"https:\\\/\\\/tomasostore.com.ar\\\/tienda\\\/\",\"name\":\"Tomaso Store\",\"description\":\"Compr\u00e1s online, recib\u00eds en mano. Desde Hernando, llevando confianza a tu casa. Productos con garant\u00eda.\",\"potentialAction\":[{\"@type\":\"SearchAction\",\"target\":{\"@type\":\"EntryPoint\",\"urlTemplate\":\"https:\\\/\\\/tomasostore.com.ar\\\/tienda\\\/?s={search_term_string}\"},\"query-input\":{\"@type\":\"PropertyValueSpecification\",\"valueRequired\":true,\"valueName\":\"search_term_string\"}}],\"inLanguage\":\"es\"}]}<\/script>\n<!-- \/ Yoast SEO plugin. -->","yoast_head_json":{"title":"Pistola X-shot Hyper Gel Trace Fire Motorizada - 7606 - Tomaso Store","robots":{"index":"index","follow":"follow","max-snippet":"max-snippet:-1","max-image-preview":"max-image-preview:large","max-video-preview":"max-video-preview:-1"},"canonical":"https:\/\/tomasostore.com.ar\/tienda\/producto\/pistola-x-shot-hyper-gel-trace-fire-motorizada-7606\/","og_locale":"es_ES","og_type":"article","og_title":"Pistola X-shot Hyper Gel Trace Fire Motorizada - 7606 - Tomaso Store","og_description":"Pistola X-shot Hyper Gel Trace Fire Motorizada &#8211; 760 6 Vive la emoci\u00f3n de las batallas como nunca antes con la X-Shot Hyper Gel. Su precisi\u00f3n, velocidad y municiones ecol\u00f3gicas la convierten en la mejor opci\u00f3n para quienes buscan adrenalina sin l\u00edmites. Estos pellets no son t\u00f3xicos, son ecol\u00f3gicos y no manchan.","og_url":"https:\/\/tomasostore.com.ar\/tienda\/producto\/pistola-x-shot-hyper-gel-trace-fire-motorizada-7606\/","og_site_name":"Tomaso Store","article_modified_time":"2025-07-29T15:17:45+00:00","og_image":[{"width":1080,"height":1080,"url":"https:\/\/tomasostore.com.ar\/tienda\/wp-content\/uploads\/2025\/07\/cande4.png","type":"image\/png"}],"twitter_card":"summary_large_image","schema":{"@context":"https:\/\/schema.org","@graph":[{"@type":"WebPage","@id":"https:\/\/tomasostore.com.ar\/tienda\/producto\/pistola-x-shot-hyper-gel-trace-fire-motorizada-7606\/","url":"https:\/\/tomasostore.com.ar\/tienda\/producto\/pistola-x-shot-hyper-gel-trace-fire-motorizada-7606\/","name":"Pistola X-shot Hyper Gel Trace Fire Motorizada - 7606 - Tomaso Store","isPartOf":{"@id":"https:\/\/tomasostore.com.ar\/tienda\/#website"},"primaryImageOfPage":{"@id":"https:\/\/tomasostore.com.ar\/tienda\/producto\/pistola-x-shot-hyper-gel-trace-fire-motorizada-7606\/#primaryimage"},"image":{"@id":"https:\/\/tomasostore.com.ar\/tienda\/producto\/pistola-x-shot-hyper-gel-trace-fire-motorizada-7606\/#primaryimage"},"thumbnailUrl":"https:\/\/tomasostore.com.ar\/tienda\/wp-content\/uploads\/2025\/07\/cande4.png","datePublished":"2025-07-19T14:03:04+00:00","dateModified":"2025-07-29T15:17:45+00:00","breadcrumb":{"@id":"https:\/\/tomasostore.com.ar\/tienda\/producto\/pistola-x-shot-hyper-gel-trace-fire-motorizada-7606\/#breadcrumb"},"inLanguage":"es","potentialAction":[{"@type":"ReadAction","target":["https:\/\/tomasostore.com.ar\/tienda\/producto\/pistola-x-shot-hyper-gel-trace-fire-motorizada-7606\/"]}]},{"@type":"ImageObject","inLanguage":"es","@id":"https:\/\/tomasostore.com.ar\/tienda\/producto\/pistola-x-shot-hyper-gel-trace-fire-motorizada-7606\/#primaryimage","url":"https:\/\/tomasostore.com.ar\/tienda\/wp-content\/uploads\/2025\/07\/cande4.png","contentUrl":"https:\/\/tomasostore.com.ar\/tienda\/wp-content\/uploads\/2025\/07\/cande4.png","width":1080,"height":1080},{"@type":"BreadcrumbList","@id":"https:\/\/tomasostore.com.ar\/tienda\/producto\/pistola-x-shot-hyper-gel-trace-fire-motorizada-7606\/#breadcrumb","itemListElement":[{"@type":"ListItem","position":1,"name":"Portada","item":"https:\/\/tomasostore.com.ar\/tienda\/"},{"@type":"ListItem","position":2,"name":"Tienda","item":"https:\/\/tomasostore.com.ar\/tienda\/tienda\/"},{"@type":"ListItem","position":3,"name":"Pistola X-shot Hyper Gel Trace Fire Motorizada &#8211; 7606"}]},{"@type":"WebSite","@id":"https:\/\/tomasostore.com.ar\/tienda\/#website","url":"https:\/\/tomasostore.com.ar\/tienda\/","name":"Tomaso Store","description":"Compr\u00e1s online, recib\u00eds en mano. Desde Hernando, llevando confianza a tu casa. Productos con garant\u00eda.","potentialAction":[{"@type":"SearchAction","target":{"@type":"EntryPoint","urlTemplate":"https:\/\/tomasostore.com.ar\/tienda\/?s={search_term_string}"},"query-input":{"@type":"PropertyValueSpecification","valueRequired":true,"valueName":"search_term_string"}}],"inLanguage":"es"}]}},"_links":{"self":[{"href":"https:\/\/tomasostore.com.ar\/tienda\/wp-json\/wp\/v2\/product\/11148","targetHints":{"allow":["GET"]}}],"collection":[{"href":"https:\/\/tomasostore.com.ar\/tienda\/wp-json\/wp\/v2\/product"}],"about":[{"href":"https:\/\/tomasostore.com.ar\/tienda\/wp-json\/wp\/v2\/types\/product"}],"replies":[{"embeddable":true,"href":"https:\/\/tomasostore.com.ar\/tienda\/wp-json\/wp\/v2\/comments?post=11148"}],"version-history":[{"count":2,"href":"https:\/\/tomasostore.com.ar\/tienda\/wp-json\/wp\/v2\/product\/11148\/revisions"}],"predecessor-version":[{"id":33397,"href":"https:\/\/tomasostore.com.ar\/tienda\/wp-json\/wp\/v2\/product\/11148\/revisions\/33397"}],"wp:featuredmedia":[{"embeddable":true,"href":"https:\/\/tomasostore.com.ar\/tienda\/wp-json\/wp\/v2\/media\/25820"}],"wp:attachment":[{"href":"https:\/\/tomasostore.com.ar\/tienda\/wp-json\/wp\/v2\/media?parent=11148"}],"wp:term":[{"taxonomy":"product_brand","embeddable":true,"href":"https:\/\/tomasostore.com.ar\/tienda\/wp-json\/wp\/v2\/product_brand?post=11148"},{"taxonomy":"product_cat","embeddable":true,"href":"https:\/\/tomasostore.com.ar\/tienda\/wp-json\/wp\/v2\/product_cat?post=11148"},{"taxonomy":"product_tag","embeddable":true,"href":"https:\/\/tomasostore.com.ar\/tienda\/wp-json\/wp\/v2\/product_tag?post=11148"}],"curies":[{"name":"wp","href":"https:\/\/api.w.org\/{rel}","templated":true}]}}