{"id":11130,"date":"2025-07-19T10:03:07","date_gmt":"2025-07-19T13:03:07","guid":{"rendered":"https:\/\/tomasostore.com.ar\/tienda\/?post_type=product&#038;p=11130"},"modified":"2025-07-29T12:47:45","modified_gmt":"2025-07-29T15:47:45","slug":"pelotas-de-goma-x3-faydi-fd1653","status":"publish","type":"product","link":"https:\/\/tomasostore.com.ar\/tienda\/producto\/pelotas-de-goma-x3-faydi-fd1653\/","title":{"rendered":"Pelotas De Goma X3 Faydi FD1653"},"content":{"rendered":"<p>Las pelotas deportivas inflables de la marca Faydi son el complemento ideal para disfrutar de momentos de diversi\u00f3n en el agua. Con un di\u00e1metro de 15 cm, son perfectas para que los ni\u00f1os de 3 a 7 a\u00f1os se diviertan. Su dise\u00f1o colorido y ligero permite que sean f\u00e1ciles de manejar, fomentando la actividad f\u00edsica y el juego al aire libre.<\/p>\n","protected":false},"excerpt":{"rendered":"<p>Las pelotas deportivas inflables de la marca Faydi son el complemento ideal para disfrutar de momentos de diversi\u00f3n en el agua. Con un di\u00e1metro de 15 cm, son perfectas para que los ni\u00f1os de 3 a 7 a\u00f1os se diviertan. Su dise\u00f1o colorido y ligero permite que sean f\u00e1ciles de manejar, fomentando la actividad f\u00edsica [&hellip;]<\/p>\n","protected":false},"featured_media":19993,"comment_status":"open","ping_status":"closed","template":"","meta":[],"product_brand":[49],"product_cat":[628],"product_tag":[629,466],"class_list":{"0":"post-11130","1":"product","2":"type-product","3":"status-publish","4":"has-post-thumbnail","6":"product_brand-faydi","7":"product_cat-aire-libre","8":"product_tag-aire-libre","9":"product_tag-regalitos","11":"first","12":"instock","13":"sale","14":"shipping-taxable","15":"purchasable","16":"product-type-simple"},"yoast_head":"<!-- This site is optimized with the Yoast SEO plugin v27.5 - https:\/\/yoast.com\/product\/yoast-seo-wordpress\/ -->\n<title>Pelotas De Goma X3 Faydi FD1653 - Tomaso Store<\/title>\n<meta name=\"robots\" content=\"index, follow, max-snippet:-1, max-image-preview:large, max-video-preview:-1\" \/>\n<link rel=\"canonical\" href=\"https:\/\/tomasostore.com.ar\/tienda\/producto\/pelotas-de-goma-x3-faydi-fd1653\/\" \/>\n<meta property=\"og:locale\" content=\"es_ES\" \/>\n<meta property=\"og:type\" content=\"article\" \/>\n<meta property=\"og:title\" content=\"Pelotas De Goma X3 Faydi FD1653 - Tomaso Store\" \/>\n<meta property=\"og:description\" content=\"Las pelotas deportivas inflables de la marca Faydi son el complemento ideal para disfrutar de momentos de diversi\u00f3n en el agua. Con un di\u00e1metro de 15 cm, son perfectas para que los ni\u00f1os de 3 a 7 a\u00f1os se diviertan. Su dise\u00f1o colorido y ligero permite que sean f\u00e1ciles de manejar, fomentando la actividad f\u00edsica [&hellip;]\" \/>\n<meta property=\"og:url\" content=\"https:\/\/tomasostore.com.ar\/tienda\/producto\/pelotas-de-goma-x3-faydi-fd1653\/\" \/>\n<meta property=\"og:site_name\" content=\"Tomaso Store\" \/>\n<meta property=\"article:modified_time\" content=\"2025-07-29T15:47:45+00:00\" \/>\n<meta property=\"og:image\" content=\"https:\/\/tomasostore.com.ar\/tienda\/wp-content\/uploads\/2025\/07\/Florci20-202025-05-23T104543.862.jpg\" \/>\n\t<meta property=\"og:image:width\" content=\"1080\" \/>\n\t<meta property=\"og:image:height\" content=\"1080\" \/>\n\t<meta property=\"og:image:type\" content=\"image\/jpeg\" \/>\n<meta name=\"twitter:card\" content=\"summary_large_image\" \/>\n<script type=\"application\/ld+json\" class=\"yoast-schema-graph\">{\"@context\":\"https:\\\/\\\/schema.org\",\"@graph\":[{\"@type\":\"WebPage\",\"@id\":\"https:\\\/\\\/tomasostore.com.ar\\\/tienda\\\/producto\\\/pelotas-de-goma-x3-faydi-fd1653\\\/\",\"url\":\"https:\\\/\\\/tomasostore.com.ar\\\/tienda\\\/producto\\\/pelotas-de-goma-x3-faydi-fd1653\\\/\",\"name\":\"Pelotas De Goma X3 Faydi FD1653 - Tomaso Store\",\"isPartOf\":{\"@id\":\"https:\\\/\\\/tomasostore.com.ar\\\/tienda\\\/#website\"},\"primaryImageOfPage\":{\"@id\":\"https:\\\/\\\/tomasostore.com.ar\\\/tienda\\\/producto\\\/pelotas-de-goma-x3-faydi-fd1653\\\/#primaryimage\"},\"image\":{\"@id\":\"https:\\\/\\\/tomasostore.com.ar\\\/tienda\\\/producto\\\/pelotas-de-goma-x3-faydi-fd1653\\\/#primaryimage\"},\"thumbnailUrl\":\"https:\\\/\\\/tomasostore.com.ar\\\/tienda\\\/wp-content\\\/uploads\\\/2025\\\/07\\\/Florci20-202025-05-23T104543.862.jpg\",\"datePublished\":\"2025-07-19T13:03:07+00:00\",\"dateModified\":\"2025-07-29T15:47:45+00:00\",\"breadcrumb\":{\"@id\":\"https:\\\/\\\/tomasostore.com.ar\\\/tienda\\\/producto\\\/pelotas-de-goma-x3-faydi-fd1653\\\/#breadcrumb\"},\"inLanguage\":\"es\",\"potentialAction\":[{\"@type\":\"ReadAction\",\"target\":[\"https:\\\/\\\/tomasostore.com.ar\\\/tienda\\\/producto\\\/pelotas-de-goma-x3-faydi-fd1653\\\/\"]}]},{\"@type\":\"ImageObject\",\"inLanguage\":\"es\",\"@id\":\"https:\\\/\\\/tomasostore.com.ar\\\/tienda\\\/producto\\\/pelotas-de-goma-x3-faydi-fd1653\\\/#primaryimage\",\"url\":\"https:\\\/\\\/tomasostore.com.ar\\\/tienda\\\/wp-content\\\/uploads\\\/2025\\\/07\\\/Florci20-202025-05-23T104543.862.jpg\",\"contentUrl\":\"https:\\\/\\\/tomasostore.com.ar\\\/tienda\\\/wp-content\\\/uploads\\\/2025\\\/07\\\/Florci20-202025-05-23T104543.862.jpg\",\"width\":1080,\"height\":1080},{\"@type\":\"BreadcrumbList\",\"@id\":\"https:\\\/\\\/tomasostore.com.ar\\\/tienda\\\/producto\\\/pelotas-de-goma-x3-faydi-fd1653\\\/#breadcrumb\",\"itemListElement\":[{\"@type\":\"ListItem\",\"position\":1,\"name\":\"Portada\",\"item\":\"https:\\\/\\\/tomasostore.com.ar\\\/tienda\\\/\"},{\"@type\":\"ListItem\",\"position\":2,\"name\":\"Tienda\",\"item\":\"https:\\\/\\\/tomasostore.com.ar\\\/tienda\\\/tienda\\\/\"},{\"@type\":\"ListItem\",\"position\":3,\"name\":\"Pelotas De Goma X3 Faydi FD1653\"}]},{\"@type\":\"WebSite\",\"@id\":\"https:\\\/\\\/tomasostore.com.ar\\\/tienda\\\/#website\",\"url\":\"https:\\\/\\\/tomasostore.com.ar\\\/tienda\\\/\",\"name\":\"Tomaso Store\",\"description\":\"Compr\u00e1s online, recib\u00eds en mano. Desde Hernando, llevando confianza a tu casa. Productos con garant\u00eda.\",\"potentialAction\":[{\"@type\":\"SearchAction\",\"target\":{\"@type\":\"EntryPoint\",\"urlTemplate\":\"https:\\\/\\\/tomasostore.com.ar\\\/tienda\\\/?s={search_term_string}\"},\"query-input\":{\"@type\":\"PropertyValueSpecification\",\"valueRequired\":true,\"valueName\":\"search_term_string\"}}],\"inLanguage\":\"es\"}]}<\/script>\n<!-- \/ Yoast SEO plugin. -->","yoast_head_json":{"title":"Pelotas De Goma X3 Faydi FD1653 - Tomaso Store","robots":{"index":"index","follow":"follow","max-snippet":"max-snippet:-1","max-image-preview":"max-image-preview:large","max-video-preview":"max-video-preview:-1"},"canonical":"https:\/\/tomasostore.com.ar\/tienda\/producto\/pelotas-de-goma-x3-faydi-fd1653\/","og_locale":"es_ES","og_type":"article","og_title":"Pelotas De Goma X3 Faydi FD1653 - Tomaso Store","og_description":"Las pelotas deportivas inflables de la marca Faydi son el complemento ideal para disfrutar de momentos de diversi\u00f3n en el agua. Con un di\u00e1metro de 15 cm, son perfectas para que los ni\u00f1os de 3 a 7 a\u00f1os se diviertan. Su dise\u00f1o colorido y ligero permite que sean f\u00e1ciles de manejar, fomentando la actividad f\u00edsica [&hellip;]","og_url":"https:\/\/tomasostore.com.ar\/tienda\/producto\/pelotas-de-goma-x3-faydi-fd1653\/","og_site_name":"Tomaso Store","article_modified_time":"2025-07-29T15:47:45+00:00","og_image":[{"width":1080,"height":1080,"url":"https:\/\/tomasostore.com.ar\/tienda\/wp-content\/uploads\/2025\/07\/Florci20-202025-05-23T104543.862.jpg","type":"image\/jpeg"}],"twitter_card":"summary_large_image","schema":{"@context":"https:\/\/schema.org","@graph":[{"@type":"WebPage","@id":"https:\/\/tomasostore.com.ar\/tienda\/producto\/pelotas-de-goma-x3-faydi-fd1653\/","url":"https:\/\/tomasostore.com.ar\/tienda\/producto\/pelotas-de-goma-x3-faydi-fd1653\/","name":"Pelotas De Goma X3 Faydi FD1653 - Tomaso Store","isPartOf":{"@id":"https:\/\/tomasostore.com.ar\/tienda\/#website"},"primaryImageOfPage":{"@id":"https:\/\/tomasostore.com.ar\/tienda\/producto\/pelotas-de-goma-x3-faydi-fd1653\/#primaryimage"},"image":{"@id":"https:\/\/tomasostore.com.ar\/tienda\/producto\/pelotas-de-goma-x3-faydi-fd1653\/#primaryimage"},"thumbnailUrl":"https:\/\/tomasostore.com.ar\/tienda\/wp-content\/uploads\/2025\/07\/Florci20-202025-05-23T104543.862.jpg","datePublished":"2025-07-19T13:03:07+00:00","dateModified":"2025-07-29T15:47:45+00:00","breadcrumb":{"@id":"https:\/\/tomasostore.com.ar\/tienda\/producto\/pelotas-de-goma-x3-faydi-fd1653\/#breadcrumb"},"inLanguage":"es","potentialAction":[{"@type":"ReadAction","target":["https:\/\/tomasostore.com.ar\/tienda\/producto\/pelotas-de-goma-x3-faydi-fd1653\/"]}]},{"@type":"ImageObject","inLanguage":"es","@id":"https:\/\/tomasostore.com.ar\/tienda\/producto\/pelotas-de-goma-x3-faydi-fd1653\/#primaryimage","url":"https:\/\/tomasostore.com.ar\/tienda\/wp-content\/uploads\/2025\/07\/Florci20-202025-05-23T104543.862.jpg","contentUrl":"https:\/\/tomasostore.com.ar\/tienda\/wp-content\/uploads\/2025\/07\/Florci20-202025-05-23T104543.862.jpg","width":1080,"height":1080},{"@type":"BreadcrumbList","@id":"https:\/\/tomasostore.com.ar\/tienda\/producto\/pelotas-de-goma-x3-faydi-fd1653\/#breadcrumb","itemListElement":[{"@type":"ListItem","position":1,"name":"Portada","item":"https:\/\/tomasostore.com.ar\/tienda\/"},{"@type":"ListItem","position":2,"name":"Tienda","item":"https:\/\/tomasostore.com.ar\/tienda\/tienda\/"},{"@type":"ListItem","position":3,"name":"Pelotas De Goma X3 Faydi FD1653"}]},{"@type":"WebSite","@id":"https:\/\/tomasostore.com.ar\/tienda\/#website","url":"https:\/\/tomasostore.com.ar\/tienda\/","name":"Tomaso Store","description":"Compr\u00e1s online, recib\u00eds en mano. Desde Hernando, llevando confianza a tu casa. Productos con garant\u00eda.","potentialAction":[{"@type":"SearchAction","target":{"@type":"EntryPoint","urlTemplate":"https:\/\/tomasostore.com.ar\/tienda\/?s={search_term_string}"},"query-input":{"@type":"PropertyValueSpecification","valueRequired":true,"valueName":"search_term_string"}}],"inLanguage":"es"}]}},"_links":{"self":[{"href":"https:\/\/tomasostore.com.ar\/tienda\/wp-json\/wp\/v2\/product\/11130","targetHints":{"allow":["GET"]}}],"collection":[{"href":"https:\/\/tomasostore.com.ar\/tienda\/wp-json\/wp\/v2\/product"}],"about":[{"href":"https:\/\/tomasostore.com.ar\/tienda\/wp-json\/wp\/v2\/types\/product"}],"replies":[{"embeddable":true,"href":"https:\/\/tomasostore.com.ar\/tienda\/wp-json\/wp\/v2\/comments?post=11130"}],"version-history":[{"count":2,"href":"https:\/\/tomasostore.com.ar\/tienda\/wp-json\/wp\/v2\/product\/11130\/revisions"}],"predecessor-version":[{"id":30757,"href":"https:\/\/tomasostore.com.ar\/tienda\/wp-json\/wp\/v2\/product\/11130\/revisions\/30757"}],"wp:featuredmedia":[{"embeddable":true,"href":"https:\/\/tomasostore.com.ar\/tienda\/wp-json\/wp\/v2\/media\/19993"}],"wp:attachment":[{"href":"https:\/\/tomasostore.com.ar\/tienda\/wp-json\/wp\/v2\/media?parent=11130"}],"wp:term":[{"taxonomy":"product_brand","embeddable":true,"href":"https:\/\/tomasostore.com.ar\/tienda\/wp-json\/wp\/v2\/product_brand?post=11130"},{"taxonomy":"product_cat","embeddable":true,"href":"https:\/\/tomasostore.com.ar\/tienda\/wp-json\/wp\/v2\/product_cat?post=11130"},{"taxonomy":"product_tag","embeddable":true,"href":"https:\/\/tomasostore.com.ar\/tienda\/wp-json\/wp\/v2\/product_tag?post=11130"}],"curies":[{"name":"wp","href":"https:\/\/api.w.org\/{rel}","templated":true}]}}