{"id":109,"date":"2025-07-19T11:13:05","date_gmt":"2025-07-19T14:13:05","guid":{"rendered":"https:\/\/tomasostore.com.ar\/tienda\/?post_type=product&#038;p=109"},"modified":"2025-07-29T12:18:53","modified_gmt":"2025-07-29T15:18:53","slug":"hatchimals-alive-carton-de-10-con-minifiguras-y-accesorios-19198","status":"publish","type":"product","link":"https:\/\/tomasostore.com.ar\/tienda\/producto\/hatchimals-alive-carton-de-10-con-minifiguras-y-accesorios-19198\/","title":{"rendered":"Hatchimals Alive Carton De 10 Con Minifiguras Y Accesorios 19198"},"content":{"rendered":"<p>Cart\u00f3n De 10 Con Minifiguras Y Accesorios 19198 Una amistad fiel Desde hoy, cada infante estar\u00e1 acompa\u00f1ado por alguien incondicional, capaz de transformar al mundo en un lugar encantador. Personajes inolvidables Con Hatchimals Alive, \u00a1las experiencias de los m\u00e1s peque\u00f1os ser\u00e1n incre\u00edbles. Su dise\u00f1o favorece la creatividad y la imaginaci\u00f3n.<\/p>\n","protected":false},"excerpt":{"rendered":"<p>Cart\u00f3n De 10 Con Minifiguras Y Accesorios 19198 Una amistad fiel Desde hoy, cada infante estar\u00e1 acompa\u00f1ado por alguien incondicional, capaz de transformar al mundo en un lugar encantador. Personajes inolvidables Con Hatchimals Alive, \u00a1las experiencias de los m\u00e1s peque\u00f1os ser\u00e1n incre\u00edbles. Su dise\u00f1o favorece la creatividad y la imaginaci\u00f3n.<\/p>\n","protected":false},"featured_media":26601,"comment_status":"open","ping_status":"closed","template":"","meta":[],"product_brand":[110],"product_cat":[648],"product_tag":[649],"class_list":{"0":"post-109","1":"product","2":"type-product","3":"status-publish","4":"has-post-thumbnail","6":"product_brand-caffaro","7":"product_cat-juegos-y-juguetes","8":"product_tag-juegos-y-juguetes","10":"first","11":"instock","12":"sale","13":"shipping-taxable","14":"purchasable","15":"product-type-simple"},"yoast_head":"<!-- This site is optimized with the Yoast SEO plugin v27.4 - https:\/\/yoast.com\/product\/yoast-seo-wordpress\/ -->\n<title>Hatchimals Alive Carton De 10 Con Minifiguras Y Accesorios 19198 - Tomaso Store<\/title>\n<meta name=\"robots\" content=\"index, follow, max-snippet:-1, max-image-preview:large, max-video-preview:-1\" \/>\n<link rel=\"canonical\" href=\"https:\/\/tomasostore.com.ar\/tienda\/producto\/hatchimals-alive-carton-de-10-con-minifiguras-y-accesorios-19198\/\" \/>\n<meta property=\"og:locale\" content=\"es_ES\" \/>\n<meta property=\"og:type\" content=\"article\" \/>\n<meta property=\"og:title\" content=\"Hatchimals Alive Carton De 10 Con Minifiguras Y Accesorios 19198 - Tomaso Store\" \/>\n<meta property=\"og:description\" content=\"Cart\u00f3n De 10 Con Minifiguras Y Accesorios 19198 Una amistad fiel Desde hoy, cada infante estar\u00e1 acompa\u00f1ado por alguien incondicional, capaz de transformar al mundo en un lugar encantador. Personajes inolvidables Con Hatchimals Alive, \u00a1las experiencias de los m\u00e1s peque\u00f1os ser\u00e1n incre\u00edbles. Su dise\u00f1o favorece la creatividad y la imaginaci\u00f3n.\" \/>\n<meta property=\"og:url\" content=\"https:\/\/tomasostore.com.ar\/tienda\/producto\/hatchimals-alive-carton-de-10-con-minifiguras-y-accesorios-19198\/\" \/>\n<meta property=\"og:site_name\" content=\"Tomaso Store\" \/>\n<meta property=\"article:modified_time\" content=\"2025-07-29T15:18:53+00:00\" \/>\n<meta property=\"og:image\" content=\"https:\/\/tomasostore.com.ar\/tienda\/wp-content\/uploads\/2025\/07\/diseno-sin-titulo-25-4789ebc8e1f8aae68517057753843473-1024-1024.png\" \/>\n\t<meta property=\"og:image:width\" content=\"1024\" \/>\n\t<meta property=\"og:image:height\" content=\"1024\" \/>\n\t<meta property=\"og:image:type\" content=\"image\/png\" \/>\n<meta name=\"twitter:card\" content=\"summary_large_image\" \/>\n<script type=\"application\/ld+json\" class=\"yoast-schema-graph\">{\"@context\":\"https:\\\/\\\/schema.org\",\"@graph\":[{\"@type\":\"WebPage\",\"@id\":\"https:\\\/\\\/tomasostore.com.ar\\\/tienda\\\/producto\\\/hatchimals-alive-carton-de-10-con-minifiguras-y-accesorios-19198\\\/\",\"url\":\"https:\\\/\\\/tomasostore.com.ar\\\/tienda\\\/producto\\\/hatchimals-alive-carton-de-10-con-minifiguras-y-accesorios-19198\\\/\",\"name\":\"Hatchimals Alive Carton De 10 Con Minifiguras Y Accesorios 19198 - Tomaso Store\",\"isPartOf\":{\"@id\":\"https:\\\/\\\/tomasostore.com.ar\\\/tienda\\\/#website\"},\"primaryImageOfPage\":{\"@id\":\"https:\\\/\\\/tomasostore.com.ar\\\/tienda\\\/producto\\\/hatchimals-alive-carton-de-10-con-minifiguras-y-accesorios-19198\\\/#primaryimage\"},\"image\":{\"@id\":\"https:\\\/\\\/tomasostore.com.ar\\\/tienda\\\/producto\\\/hatchimals-alive-carton-de-10-con-minifiguras-y-accesorios-19198\\\/#primaryimage\"},\"thumbnailUrl\":\"https:\\\/\\\/tomasostore.com.ar\\\/tienda\\\/wp-content\\\/uploads\\\/2025\\\/07\\\/diseno-sin-titulo-25-4789ebc8e1f8aae68517057753843473-1024-1024.png\",\"datePublished\":\"2025-07-19T14:13:05+00:00\",\"dateModified\":\"2025-07-29T15:18:53+00:00\",\"breadcrumb\":{\"@id\":\"https:\\\/\\\/tomasostore.com.ar\\\/tienda\\\/producto\\\/hatchimals-alive-carton-de-10-con-minifiguras-y-accesorios-19198\\\/#breadcrumb\"},\"inLanguage\":\"es\",\"potentialAction\":[{\"@type\":\"ReadAction\",\"target\":[\"https:\\\/\\\/tomasostore.com.ar\\\/tienda\\\/producto\\\/hatchimals-alive-carton-de-10-con-minifiguras-y-accesorios-19198\\\/\"]}]},{\"@type\":\"ImageObject\",\"inLanguage\":\"es\",\"@id\":\"https:\\\/\\\/tomasostore.com.ar\\\/tienda\\\/producto\\\/hatchimals-alive-carton-de-10-con-minifiguras-y-accesorios-19198\\\/#primaryimage\",\"url\":\"https:\\\/\\\/tomasostore.com.ar\\\/tienda\\\/wp-content\\\/uploads\\\/2025\\\/07\\\/diseno-sin-titulo-25-4789ebc8e1f8aae68517057753843473-1024-1024.png\",\"contentUrl\":\"https:\\\/\\\/tomasostore.com.ar\\\/tienda\\\/wp-content\\\/uploads\\\/2025\\\/07\\\/diseno-sin-titulo-25-4789ebc8e1f8aae68517057753843473-1024-1024.png\",\"width\":1024,\"height\":1024},{\"@type\":\"BreadcrumbList\",\"@id\":\"https:\\\/\\\/tomasostore.com.ar\\\/tienda\\\/producto\\\/hatchimals-alive-carton-de-10-con-minifiguras-y-accesorios-19198\\\/#breadcrumb\",\"itemListElement\":[{\"@type\":\"ListItem\",\"position\":1,\"name\":\"Portada\",\"item\":\"https:\\\/\\\/tomasostore.com.ar\\\/tienda\\\/\"},{\"@type\":\"ListItem\",\"position\":2,\"name\":\"Tienda\",\"item\":\"https:\\\/\\\/tomasostore.com.ar\\\/tienda\\\/tienda\\\/\"},{\"@type\":\"ListItem\",\"position\":3,\"name\":\"Hatchimals Alive Carton De 10 Con Minifiguras Y Accesorios 19198\"}]},{\"@type\":\"WebSite\",\"@id\":\"https:\\\/\\\/tomasostore.com.ar\\\/tienda\\\/#website\",\"url\":\"https:\\\/\\\/tomasostore.com.ar\\\/tienda\\\/\",\"name\":\"Tomaso Store\",\"description\":\"Compr\u00e1s online, recib\u00eds en mano. Desde Hernando, llevando confianza a tu casa. Productos con garant\u00eda.\",\"potentialAction\":[{\"@type\":\"SearchAction\",\"target\":{\"@type\":\"EntryPoint\",\"urlTemplate\":\"https:\\\/\\\/tomasostore.com.ar\\\/tienda\\\/?s={search_term_string}\"},\"query-input\":{\"@type\":\"PropertyValueSpecification\",\"valueRequired\":true,\"valueName\":\"search_term_string\"}}],\"inLanguage\":\"es\"}]}<\/script>\n<!-- \/ Yoast SEO plugin. -->","yoast_head_json":{"title":"Hatchimals Alive Carton De 10 Con Minifiguras Y Accesorios 19198 - Tomaso Store","robots":{"index":"index","follow":"follow","max-snippet":"max-snippet:-1","max-image-preview":"max-image-preview:large","max-video-preview":"max-video-preview:-1"},"canonical":"https:\/\/tomasostore.com.ar\/tienda\/producto\/hatchimals-alive-carton-de-10-con-minifiguras-y-accesorios-19198\/","og_locale":"es_ES","og_type":"article","og_title":"Hatchimals Alive Carton De 10 Con Minifiguras Y Accesorios 19198 - Tomaso Store","og_description":"Cart\u00f3n De 10 Con Minifiguras Y Accesorios 19198 Una amistad fiel Desde hoy, cada infante estar\u00e1 acompa\u00f1ado por alguien incondicional, capaz de transformar al mundo en un lugar encantador. Personajes inolvidables Con Hatchimals Alive, \u00a1las experiencias de los m\u00e1s peque\u00f1os ser\u00e1n incre\u00edbles. Su dise\u00f1o favorece la creatividad y la imaginaci\u00f3n.","og_url":"https:\/\/tomasostore.com.ar\/tienda\/producto\/hatchimals-alive-carton-de-10-con-minifiguras-y-accesorios-19198\/","og_site_name":"Tomaso Store","article_modified_time":"2025-07-29T15:18:53+00:00","og_image":[{"width":1024,"height":1024,"url":"https:\/\/tomasostore.com.ar\/tienda\/wp-content\/uploads\/2025\/07\/diseno-sin-titulo-25-4789ebc8e1f8aae68517057753843473-1024-1024.png","type":"image\/png"}],"twitter_card":"summary_large_image","schema":{"@context":"https:\/\/schema.org","@graph":[{"@type":"WebPage","@id":"https:\/\/tomasostore.com.ar\/tienda\/producto\/hatchimals-alive-carton-de-10-con-minifiguras-y-accesorios-19198\/","url":"https:\/\/tomasostore.com.ar\/tienda\/producto\/hatchimals-alive-carton-de-10-con-minifiguras-y-accesorios-19198\/","name":"Hatchimals Alive Carton De 10 Con Minifiguras Y Accesorios 19198 - Tomaso Store","isPartOf":{"@id":"https:\/\/tomasostore.com.ar\/tienda\/#website"},"primaryImageOfPage":{"@id":"https:\/\/tomasostore.com.ar\/tienda\/producto\/hatchimals-alive-carton-de-10-con-minifiguras-y-accesorios-19198\/#primaryimage"},"image":{"@id":"https:\/\/tomasostore.com.ar\/tienda\/producto\/hatchimals-alive-carton-de-10-con-minifiguras-y-accesorios-19198\/#primaryimage"},"thumbnailUrl":"https:\/\/tomasostore.com.ar\/tienda\/wp-content\/uploads\/2025\/07\/diseno-sin-titulo-25-4789ebc8e1f8aae68517057753843473-1024-1024.png","datePublished":"2025-07-19T14:13:05+00:00","dateModified":"2025-07-29T15:18:53+00:00","breadcrumb":{"@id":"https:\/\/tomasostore.com.ar\/tienda\/producto\/hatchimals-alive-carton-de-10-con-minifiguras-y-accesorios-19198\/#breadcrumb"},"inLanguage":"es","potentialAction":[{"@type":"ReadAction","target":["https:\/\/tomasostore.com.ar\/tienda\/producto\/hatchimals-alive-carton-de-10-con-minifiguras-y-accesorios-19198\/"]}]},{"@type":"ImageObject","inLanguage":"es","@id":"https:\/\/tomasostore.com.ar\/tienda\/producto\/hatchimals-alive-carton-de-10-con-minifiguras-y-accesorios-19198\/#primaryimage","url":"https:\/\/tomasostore.com.ar\/tienda\/wp-content\/uploads\/2025\/07\/diseno-sin-titulo-25-4789ebc8e1f8aae68517057753843473-1024-1024.png","contentUrl":"https:\/\/tomasostore.com.ar\/tienda\/wp-content\/uploads\/2025\/07\/diseno-sin-titulo-25-4789ebc8e1f8aae68517057753843473-1024-1024.png","width":1024,"height":1024},{"@type":"BreadcrumbList","@id":"https:\/\/tomasostore.com.ar\/tienda\/producto\/hatchimals-alive-carton-de-10-con-minifiguras-y-accesorios-19198\/#breadcrumb","itemListElement":[{"@type":"ListItem","position":1,"name":"Portada","item":"https:\/\/tomasostore.com.ar\/tienda\/"},{"@type":"ListItem","position":2,"name":"Tienda","item":"https:\/\/tomasostore.com.ar\/tienda\/tienda\/"},{"@type":"ListItem","position":3,"name":"Hatchimals Alive Carton De 10 Con Minifiguras Y Accesorios 19198"}]},{"@type":"WebSite","@id":"https:\/\/tomasostore.com.ar\/tienda\/#website","url":"https:\/\/tomasostore.com.ar\/tienda\/","name":"Tomaso Store","description":"Compr\u00e1s online, recib\u00eds en mano. Desde Hernando, llevando confianza a tu casa. Productos con garant\u00eda.","potentialAction":[{"@type":"SearchAction","target":{"@type":"EntryPoint","urlTemplate":"https:\/\/tomasostore.com.ar\/tienda\/?s={search_term_string}"},"query-input":{"@type":"PropertyValueSpecification","valueRequired":true,"valueName":"search_term_string"}}],"inLanguage":"es"}]}},"_links":{"self":[{"href":"https:\/\/tomasostore.com.ar\/tienda\/wp-json\/wp\/v2\/product\/109","targetHints":{"allow":["GET"]}}],"collection":[{"href":"https:\/\/tomasostore.com.ar\/tienda\/wp-json\/wp\/v2\/product"}],"about":[{"href":"https:\/\/tomasostore.com.ar\/tienda\/wp-json\/wp\/v2\/types\/product"}],"replies":[{"embeddable":true,"href":"https:\/\/tomasostore.com.ar\/tienda\/wp-json\/wp\/v2\/comments?post=109"}],"version-history":[{"count":2,"href":"https:\/\/tomasostore.com.ar\/tienda\/wp-json\/wp\/v2\/product\/109\/revisions"}],"predecessor-version":[{"id":33752,"href":"https:\/\/tomasostore.com.ar\/tienda\/wp-json\/wp\/v2\/product\/109\/revisions\/33752"}],"wp:featuredmedia":[{"embeddable":true,"href":"https:\/\/tomasostore.com.ar\/tienda\/wp-json\/wp\/v2\/media\/26601"}],"wp:attachment":[{"href":"https:\/\/tomasostore.com.ar\/tienda\/wp-json\/wp\/v2\/media?parent=109"}],"wp:term":[{"taxonomy":"product_brand","embeddable":true,"href":"https:\/\/tomasostore.com.ar\/tienda\/wp-json\/wp\/v2\/product_brand?post=109"},{"taxonomy":"product_cat","embeddable":true,"href":"https:\/\/tomasostore.com.ar\/tienda\/wp-json\/wp\/v2\/product_cat?post=109"},{"taxonomy":"product_tag","embeddable":true,"href":"https:\/\/tomasostore.com.ar\/tienda\/wp-json\/wp\/v2\/product_tag?post=109"}],"curies":[{"name":"wp","href":"https:\/\/api.w.org\/{rel}","templated":true}]}}