{"id":107,"date":"2025-07-19T11:13:01","date_gmt":"2025-07-19T14:13:01","guid":{"rendered":"https:\/\/tomasostore.com.ar\/tienda\/?post_type=product&#038;p=107"},"modified":"2025-07-29T12:18:52","modified_gmt":"2025-07-29T15:18:52","slug":"hatchimals-alive-huevo-sorpresa-19199","status":"publish","type":"product","link":"https:\/\/tomasostore.com.ar\/tienda\/producto\/hatchimals-alive-huevo-sorpresa-19199\/","title":{"rendered":"Hatchimals Alive Huevo Sorpresa 19199"},"content":{"rendered":"<p>Hatchimals Alive Huevo Sorpresa 19199 Incluye: 1 Hatchimals, 2 accesorios, 1 gu\u00eda de instrucciones DALE VIDA A TUS HATCHIMALS: Gracias a tu amor y cuidados, estas adorables Hatchimals cobrar\u00e1n vida de una forma tan m\u00e1gica que te dejar\u00e1 con la boca abierta. Sus coloridos huevos se rompen como los huevos de verdad. Qui\u00e9n te toque ser\u00e1 una sorpresa HUEVO QUE SE ROMPE SOLO: Alimenta el huevo con agua y observa c\u00f3mo se abre solo.<\/p>\n","protected":false},"excerpt":{"rendered":"<p>Hatchimals Alive Huevo Sorpresa 19199 Incluye: 1 Hatchimals, 2 accesorios, 1 gu\u00eda de instrucciones DALE VIDA A TUS HATCHIMALS: Gracias a tu amor y cuidados, estas adorables Hatchimals cobrar\u00e1n vida de una forma tan m\u00e1gica que te dejar\u00e1 con la boca abierta. Sus coloridos huevos se rompen como los huevos de verdad. Qui\u00e9n te toque [&hellip;]<\/p>\n","protected":false},"featured_media":26597,"comment_status":"open","ping_status":"closed","template":"","meta":[],"product_brand":[110],"product_cat":[648],"product_tag":[649],"class_list":{"0":"post-107","1":"product","2":"type-product","3":"status-publish","4":"has-post-thumbnail","6":"product_brand-caffaro","7":"product_cat-juegos-y-juguetes","8":"product_tag-juegos-y-juguetes","10":"first","11":"instock","12":"sale","13":"shipping-taxable","14":"purchasable","15":"product-type-simple"},"yoast_head":"<!-- This site is optimized with the Yoast SEO plugin v27.4 - https:\/\/yoast.com\/product\/yoast-seo-wordpress\/ -->\n<title>Hatchimals Alive Huevo Sorpresa 19199 - Tomaso Store<\/title>\n<meta name=\"robots\" content=\"index, follow, max-snippet:-1, max-image-preview:large, max-video-preview:-1\" \/>\n<link rel=\"canonical\" href=\"https:\/\/tomasostore.com.ar\/tienda\/producto\/hatchimals-alive-huevo-sorpresa-19199\/\" \/>\n<meta property=\"og:locale\" content=\"es_ES\" \/>\n<meta property=\"og:type\" content=\"article\" \/>\n<meta property=\"og:title\" content=\"Hatchimals Alive Huevo Sorpresa 19199 - Tomaso Store\" \/>\n<meta property=\"og:description\" content=\"Hatchimals Alive Huevo Sorpresa 19199 Incluye: 1 Hatchimals, 2 accesorios, 1 gu\u00eda de instrucciones DALE VIDA A TUS HATCHIMALS: Gracias a tu amor y cuidados, estas adorables Hatchimals cobrar\u00e1n vida de una forma tan m\u00e1gica que te dejar\u00e1 con la boca abierta. Sus coloridos huevos se rompen como los huevos de verdad. Qui\u00e9n te toque [&hellip;]\" \/>\n<meta property=\"og:url\" content=\"https:\/\/tomasostore.com.ar\/tienda\/producto\/hatchimals-alive-huevo-sorpresa-19199\/\" \/>\n<meta property=\"og:site_name\" content=\"Tomaso Store\" \/>\n<meta property=\"article:modified_time\" content=\"2025-07-29T15:18:52+00:00\" \/>\n<meta property=\"og:image\" content=\"https:\/\/tomasostore.com.ar\/tienda\/wp-content\/uploads\/2025\/07\/alive-f04f335bff9e23900117132824257418-1024-1024.jpg\" \/>\n\t<meta property=\"og:image:width\" content=\"1024\" \/>\n\t<meta property=\"og:image:height\" content=\"1024\" \/>\n\t<meta property=\"og:image:type\" content=\"image\/jpeg\" \/>\n<meta name=\"twitter:card\" content=\"summary_large_image\" \/>\n<script type=\"application\/ld+json\" class=\"yoast-schema-graph\">{\"@context\":\"https:\\\/\\\/schema.org\",\"@graph\":[{\"@type\":\"WebPage\",\"@id\":\"https:\\\/\\\/tomasostore.com.ar\\\/tienda\\\/producto\\\/hatchimals-alive-huevo-sorpresa-19199\\\/\",\"url\":\"https:\\\/\\\/tomasostore.com.ar\\\/tienda\\\/producto\\\/hatchimals-alive-huevo-sorpresa-19199\\\/\",\"name\":\"Hatchimals Alive Huevo Sorpresa 19199 - Tomaso Store\",\"isPartOf\":{\"@id\":\"https:\\\/\\\/tomasostore.com.ar\\\/tienda\\\/#website\"},\"primaryImageOfPage\":{\"@id\":\"https:\\\/\\\/tomasostore.com.ar\\\/tienda\\\/producto\\\/hatchimals-alive-huevo-sorpresa-19199\\\/#primaryimage\"},\"image\":{\"@id\":\"https:\\\/\\\/tomasostore.com.ar\\\/tienda\\\/producto\\\/hatchimals-alive-huevo-sorpresa-19199\\\/#primaryimage\"},\"thumbnailUrl\":\"https:\\\/\\\/tomasostore.com.ar\\\/tienda\\\/wp-content\\\/uploads\\\/2025\\\/07\\\/alive-f04f335bff9e23900117132824257418-1024-1024.jpg\",\"datePublished\":\"2025-07-19T14:13:01+00:00\",\"dateModified\":\"2025-07-29T15:18:52+00:00\",\"breadcrumb\":{\"@id\":\"https:\\\/\\\/tomasostore.com.ar\\\/tienda\\\/producto\\\/hatchimals-alive-huevo-sorpresa-19199\\\/#breadcrumb\"},\"inLanguage\":\"es\",\"potentialAction\":[{\"@type\":\"ReadAction\",\"target\":[\"https:\\\/\\\/tomasostore.com.ar\\\/tienda\\\/producto\\\/hatchimals-alive-huevo-sorpresa-19199\\\/\"]}]},{\"@type\":\"ImageObject\",\"inLanguage\":\"es\",\"@id\":\"https:\\\/\\\/tomasostore.com.ar\\\/tienda\\\/producto\\\/hatchimals-alive-huevo-sorpresa-19199\\\/#primaryimage\",\"url\":\"https:\\\/\\\/tomasostore.com.ar\\\/tienda\\\/wp-content\\\/uploads\\\/2025\\\/07\\\/alive-f04f335bff9e23900117132824257418-1024-1024.jpg\",\"contentUrl\":\"https:\\\/\\\/tomasostore.com.ar\\\/tienda\\\/wp-content\\\/uploads\\\/2025\\\/07\\\/alive-f04f335bff9e23900117132824257418-1024-1024.jpg\",\"width\":1024,\"height\":1024},{\"@type\":\"BreadcrumbList\",\"@id\":\"https:\\\/\\\/tomasostore.com.ar\\\/tienda\\\/producto\\\/hatchimals-alive-huevo-sorpresa-19199\\\/#breadcrumb\",\"itemListElement\":[{\"@type\":\"ListItem\",\"position\":1,\"name\":\"Portada\",\"item\":\"https:\\\/\\\/tomasostore.com.ar\\\/tienda\\\/\"},{\"@type\":\"ListItem\",\"position\":2,\"name\":\"Tienda\",\"item\":\"https:\\\/\\\/tomasostore.com.ar\\\/tienda\\\/tienda\\\/\"},{\"@type\":\"ListItem\",\"position\":3,\"name\":\"Hatchimals Alive Huevo Sorpresa 19199\"}]},{\"@type\":\"WebSite\",\"@id\":\"https:\\\/\\\/tomasostore.com.ar\\\/tienda\\\/#website\",\"url\":\"https:\\\/\\\/tomasostore.com.ar\\\/tienda\\\/\",\"name\":\"Tomaso Store\",\"description\":\"Compr\u00e1s online, recib\u00eds en mano. Desde Hernando, llevando confianza a tu casa. Productos con garant\u00eda.\",\"potentialAction\":[{\"@type\":\"SearchAction\",\"target\":{\"@type\":\"EntryPoint\",\"urlTemplate\":\"https:\\\/\\\/tomasostore.com.ar\\\/tienda\\\/?s={search_term_string}\"},\"query-input\":{\"@type\":\"PropertyValueSpecification\",\"valueRequired\":true,\"valueName\":\"search_term_string\"}}],\"inLanguage\":\"es\"}]}<\/script>\n<!-- \/ Yoast SEO plugin. -->","yoast_head_json":{"title":"Hatchimals Alive Huevo Sorpresa 19199 - Tomaso Store","robots":{"index":"index","follow":"follow","max-snippet":"max-snippet:-1","max-image-preview":"max-image-preview:large","max-video-preview":"max-video-preview:-1"},"canonical":"https:\/\/tomasostore.com.ar\/tienda\/producto\/hatchimals-alive-huevo-sorpresa-19199\/","og_locale":"es_ES","og_type":"article","og_title":"Hatchimals Alive Huevo Sorpresa 19199 - Tomaso Store","og_description":"Hatchimals Alive Huevo Sorpresa 19199 Incluye: 1 Hatchimals, 2 accesorios, 1 gu\u00eda de instrucciones DALE VIDA A TUS HATCHIMALS: Gracias a tu amor y cuidados, estas adorables Hatchimals cobrar\u00e1n vida de una forma tan m\u00e1gica que te dejar\u00e1 con la boca abierta. Sus coloridos huevos se rompen como los huevos de verdad. Qui\u00e9n te toque [&hellip;]","og_url":"https:\/\/tomasostore.com.ar\/tienda\/producto\/hatchimals-alive-huevo-sorpresa-19199\/","og_site_name":"Tomaso Store","article_modified_time":"2025-07-29T15:18:52+00:00","og_image":[{"width":1024,"height":1024,"url":"https:\/\/tomasostore.com.ar\/tienda\/wp-content\/uploads\/2025\/07\/alive-f04f335bff9e23900117132824257418-1024-1024.jpg","type":"image\/jpeg"}],"twitter_card":"summary_large_image","schema":{"@context":"https:\/\/schema.org","@graph":[{"@type":"WebPage","@id":"https:\/\/tomasostore.com.ar\/tienda\/producto\/hatchimals-alive-huevo-sorpresa-19199\/","url":"https:\/\/tomasostore.com.ar\/tienda\/producto\/hatchimals-alive-huevo-sorpresa-19199\/","name":"Hatchimals Alive Huevo Sorpresa 19199 - Tomaso Store","isPartOf":{"@id":"https:\/\/tomasostore.com.ar\/tienda\/#website"},"primaryImageOfPage":{"@id":"https:\/\/tomasostore.com.ar\/tienda\/producto\/hatchimals-alive-huevo-sorpresa-19199\/#primaryimage"},"image":{"@id":"https:\/\/tomasostore.com.ar\/tienda\/producto\/hatchimals-alive-huevo-sorpresa-19199\/#primaryimage"},"thumbnailUrl":"https:\/\/tomasostore.com.ar\/tienda\/wp-content\/uploads\/2025\/07\/alive-f04f335bff9e23900117132824257418-1024-1024.jpg","datePublished":"2025-07-19T14:13:01+00:00","dateModified":"2025-07-29T15:18:52+00:00","breadcrumb":{"@id":"https:\/\/tomasostore.com.ar\/tienda\/producto\/hatchimals-alive-huevo-sorpresa-19199\/#breadcrumb"},"inLanguage":"es","potentialAction":[{"@type":"ReadAction","target":["https:\/\/tomasostore.com.ar\/tienda\/producto\/hatchimals-alive-huevo-sorpresa-19199\/"]}]},{"@type":"ImageObject","inLanguage":"es","@id":"https:\/\/tomasostore.com.ar\/tienda\/producto\/hatchimals-alive-huevo-sorpresa-19199\/#primaryimage","url":"https:\/\/tomasostore.com.ar\/tienda\/wp-content\/uploads\/2025\/07\/alive-f04f335bff9e23900117132824257418-1024-1024.jpg","contentUrl":"https:\/\/tomasostore.com.ar\/tienda\/wp-content\/uploads\/2025\/07\/alive-f04f335bff9e23900117132824257418-1024-1024.jpg","width":1024,"height":1024},{"@type":"BreadcrumbList","@id":"https:\/\/tomasostore.com.ar\/tienda\/producto\/hatchimals-alive-huevo-sorpresa-19199\/#breadcrumb","itemListElement":[{"@type":"ListItem","position":1,"name":"Portada","item":"https:\/\/tomasostore.com.ar\/tienda\/"},{"@type":"ListItem","position":2,"name":"Tienda","item":"https:\/\/tomasostore.com.ar\/tienda\/tienda\/"},{"@type":"ListItem","position":3,"name":"Hatchimals Alive Huevo Sorpresa 19199"}]},{"@type":"WebSite","@id":"https:\/\/tomasostore.com.ar\/tienda\/#website","url":"https:\/\/tomasostore.com.ar\/tienda\/","name":"Tomaso Store","description":"Compr\u00e1s online, recib\u00eds en mano. Desde Hernando, llevando confianza a tu casa. Productos con garant\u00eda.","potentialAction":[{"@type":"SearchAction","target":{"@type":"EntryPoint","urlTemplate":"https:\/\/tomasostore.com.ar\/tienda\/?s={search_term_string}"},"query-input":{"@type":"PropertyValueSpecification","valueRequired":true,"valueName":"search_term_string"}}],"inLanguage":"es"}]}},"_links":{"self":[{"href":"https:\/\/tomasostore.com.ar\/tienda\/wp-json\/wp\/v2\/product\/107","targetHints":{"allow":["GET"]}}],"collection":[{"href":"https:\/\/tomasostore.com.ar\/tienda\/wp-json\/wp\/v2\/product"}],"about":[{"href":"https:\/\/tomasostore.com.ar\/tienda\/wp-json\/wp\/v2\/types\/product"}],"replies":[{"embeddable":true,"href":"https:\/\/tomasostore.com.ar\/tienda\/wp-json\/wp\/v2\/comments?post=107"}],"version-history":[{"count":2,"href":"https:\/\/tomasostore.com.ar\/tienda\/wp-json\/wp\/v2\/product\/107\/revisions"}],"predecessor-version":[{"id":33750,"href":"https:\/\/tomasostore.com.ar\/tienda\/wp-json\/wp\/v2\/product\/107\/revisions\/33750"}],"wp:featuredmedia":[{"embeddable":true,"href":"https:\/\/tomasostore.com.ar\/tienda\/wp-json\/wp\/v2\/media\/26597"}],"wp:attachment":[{"href":"https:\/\/tomasostore.com.ar\/tienda\/wp-json\/wp\/v2\/media?parent=107"}],"wp:term":[{"taxonomy":"product_brand","embeddable":true,"href":"https:\/\/tomasostore.com.ar\/tienda\/wp-json\/wp\/v2\/product_brand?post=107"},{"taxonomy":"product_cat","embeddable":true,"href":"https:\/\/tomasostore.com.ar\/tienda\/wp-json\/wp\/v2\/product_cat?post=107"},{"taxonomy":"product_tag","embeddable":true,"href":"https:\/\/tomasostore.com.ar\/tienda\/wp-json\/wp\/v2\/product_tag?post=107"}],"curies":[{"name":"wp","href":"https:\/\/api.w.org\/{rel}","templated":true}]}}