{"id":10609,"date":"2025-07-19T10:16:56","date_gmt":"2025-07-19T13:16:56","guid":{"rendered":"https:\/\/tomasostore.com.ar\/tienda\/?post_type=product&#038;p=10609"},"modified":"2025-07-29T12:11:18","modified_gmt":"2025-07-29T15:11:18","slug":"mochila-milan-chimola-m198","status":"publish","type":"product","link":"https:\/\/tomasostore.com.ar\/tienda\/producto\/mochila-milan-chimola-m198\/","title":{"rendered":"Mochila Milan Chimola M198"},"content":{"rendered":"<p>Nuestros productos Milan definitivamente est\u00e1n dise\u00f1ados para elevar todos tus outfits. En esta mochila pod\u00e9s llevar lo que necesites para tus d\u00edas. Adem\u00e1s, su sistema de cerramiento permite que tengas todo asegurado ya que posee tanto cierre como solapa en su compartimiento principal.<\/p>\n","protected":false},"excerpt":{"rendered":"<p>Nuestros productos Milan definitivamente est\u00e1n dise\u00f1ados para elevar todos tus outfits. En esta mochila pod\u00e9s llevar lo que necesites para tus d\u00edas. Adem\u00e1s, su sistema de cerramiento permite que tengas todo asegurado ya que posee tanto cierre como solapa en su compartimiento principal.<\/p>\n","protected":false},"featured_media":21535,"comment_status":"open","ping_status":"closed","template":"","meta":[],"product_brand":[130],"product_cat":[630],"product_tag":[631],"class_list":{"0":"post-10609","1":"product","2":"type-product","3":"status-publish","4":"has-post-thumbnail","6":"product_brand-chimola","7":"product_cat-arte-y-libreria","8":"product_tag-arte-y-libreria","10":"first","11":"instock","12":"sale","13":"shipping-taxable","14":"purchasable","15":"product-type-simple"},"yoast_head":"<!-- This site is optimized with the Yoast SEO plugin v27.5 - https:\/\/yoast.com\/product\/yoast-seo-wordpress\/ -->\n<title>Mochila Milan Chimola M198 - Tomaso Store<\/title>\n<meta name=\"robots\" content=\"index, follow, max-snippet:-1, max-image-preview:large, max-video-preview:-1\" \/>\n<link rel=\"canonical\" href=\"https:\/\/tomasostore.com.ar\/tienda\/producto\/mochila-milan-chimola-m198\/\" \/>\n<meta property=\"og:locale\" content=\"es_ES\" \/>\n<meta property=\"og:type\" content=\"article\" \/>\n<meta property=\"og:title\" content=\"Mochila Milan Chimola M198 - Tomaso Store\" \/>\n<meta property=\"og:description\" content=\"Nuestros productos Milan definitivamente est\u00e1n dise\u00f1ados para elevar todos tus outfits. En esta mochila pod\u00e9s llevar lo que necesites para tus d\u00edas. Adem\u00e1s, su sistema de cerramiento permite que tengas todo asegurado ya que posee tanto cierre como solapa en su compartimiento principal.\" \/>\n<meta property=\"og:url\" content=\"https:\/\/tomasostore.com.ar\/tienda\/producto\/mochila-milan-chimola-m198\/\" \/>\n<meta property=\"og:site_name\" content=\"Tomaso Store\" \/>\n<meta property=\"article:modified_time\" content=\"2025-07-29T15:11:18+00:00\" \/>\n<meta property=\"og:image\" content=\"https:\/\/tomasostore.com.ar\/tienda\/wp-content\/uploads\/2025\/07\/FFFFFF10-35-.png.png\" \/>\n\t<meta property=\"og:image:width\" content=\"1080\" \/>\n\t<meta property=\"og:image:height\" content=\"1080\" \/>\n\t<meta property=\"og:image:type\" content=\"image\/png\" \/>\n<meta name=\"twitter:card\" content=\"summary_large_image\" \/>\n<script type=\"application\/ld+json\" class=\"yoast-schema-graph\">{\"@context\":\"https:\\\/\\\/schema.org\",\"@graph\":[{\"@type\":\"WebPage\",\"@id\":\"https:\\\/\\\/tomasostore.com.ar\\\/tienda\\\/producto\\\/mochila-milan-chimola-m198\\\/\",\"url\":\"https:\\\/\\\/tomasostore.com.ar\\\/tienda\\\/producto\\\/mochila-milan-chimola-m198\\\/\",\"name\":\"Mochila Milan Chimola M198 - Tomaso Store\",\"isPartOf\":{\"@id\":\"https:\\\/\\\/tomasostore.com.ar\\\/tienda\\\/#website\"},\"primaryImageOfPage\":{\"@id\":\"https:\\\/\\\/tomasostore.com.ar\\\/tienda\\\/producto\\\/mochila-milan-chimola-m198\\\/#primaryimage\"},\"image\":{\"@id\":\"https:\\\/\\\/tomasostore.com.ar\\\/tienda\\\/producto\\\/mochila-milan-chimola-m198\\\/#primaryimage\"},\"thumbnailUrl\":\"https:\\\/\\\/tomasostore.com.ar\\\/tienda\\\/wp-content\\\/uploads\\\/2025\\\/07\\\/FFFFFF10-35-.png.png\",\"datePublished\":\"2025-07-19T13:16:56+00:00\",\"dateModified\":\"2025-07-29T15:11:18+00:00\",\"breadcrumb\":{\"@id\":\"https:\\\/\\\/tomasostore.com.ar\\\/tienda\\\/producto\\\/mochila-milan-chimola-m198\\\/#breadcrumb\"},\"inLanguage\":\"es\",\"potentialAction\":[{\"@type\":\"ReadAction\",\"target\":[\"https:\\\/\\\/tomasostore.com.ar\\\/tienda\\\/producto\\\/mochila-milan-chimola-m198\\\/\"]}]},{\"@type\":\"ImageObject\",\"inLanguage\":\"es\",\"@id\":\"https:\\\/\\\/tomasostore.com.ar\\\/tienda\\\/producto\\\/mochila-milan-chimola-m198\\\/#primaryimage\",\"url\":\"https:\\\/\\\/tomasostore.com.ar\\\/tienda\\\/wp-content\\\/uploads\\\/2025\\\/07\\\/FFFFFF10-35-.png.png\",\"contentUrl\":\"https:\\\/\\\/tomasostore.com.ar\\\/tienda\\\/wp-content\\\/uploads\\\/2025\\\/07\\\/FFFFFF10-35-.png.png\",\"width\":1080,\"height\":1080},{\"@type\":\"BreadcrumbList\",\"@id\":\"https:\\\/\\\/tomasostore.com.ar\\\/tienda\\\/producto\\\/mochila-milan-chimola-m198\\\/#breadcrumb\",\"itemListElement\":[{\"@type\":\"ListItem\",\"position\":1,\"name\":\"Portada\",\"item\":\"https:\\\/\\\/tomasostore.com.ar\\\/tienda\\\/\"},{\"@type\":\"ListItem\",\"position\":2,\"name\":\"Tienda\",\"item\":\"https:\\\/\\\/tomasostore.com.ar\\\/tienda\\\/tienda\\\/\"},{\"@type\":\"ListItem\",\"position\":3,\"name\":\"Mochila Milan Chimola M198\"}]},{\"@type\":\"WebSite\",\"@id\":\"https:\\\/\\\/tomasostore.com.ar\\\/tienda\\\/#website\",\"url\":\"https:\\\/\\\/tomasostore.com.ar\\\/tienda\\\/\",\"name\":\"Tomaso Store\",\"description\":\"Compr\u00e1s online, recib\u00eds en mano. Desde Hernando, llevando confianza a tu casa. Productos con garant\u00eda.\",\"potentialAction\":[{\"@type\":\"SearchAction\",\"target\":{\"@type\":\"EntryPoint\",\"urlTemplate\":\"https:\\\/\\\/tomasostore.com.ar\\\/tienda\\\/?s={search_term_string}\"},\"query-input\":{\"@type\":\"PropertyValueSpecification\",\"valueRequired\":true,\"valueName\":\"search_term_string\"}}],\"inLanguage\":\"es\"}]}<\/script>\n<!-- \/ Yoast SEO plugin. -->","yoast_head_json":{"title":"Mochila Milan Chimola M198 - Tomaso Store","robots":{"index":"index","follow":"follow","max-snippet":"max-snippet:-1","max-image-preview":"max-image-preview:large","max-video-preview":"max-video-preview:-1"},"canonical":"https:\/\/tomasostore.com.ar\/tienda\/producto\/mochila-milan-chimola-m198\/","og_locale":"es_ES","og_type":"article","og_title":"Mochila Milan Chimola M198 - Tomaso Store","og_description":"Nuestros productos Milan definitivamente est\u00e1n dise\u00f1ados para elevar todos tus outfits. En esta mochila pod\u00e9s llevar lo que necesites para tus d\u00edas. Adem\u00e1s, su sistema de cerramiento permite que tengas todo asegurado ya que posee tanto cierre como solapa en su compartimiento principal.","og_url":"https:\/\/tomasostore.com.ar\/tienda\/producto\/mochila-milan-chimola-m198\/","og_site_name":"Tomaso Store","article_modified_time":"2025-07-29T15:11:18+00:00","og_image":[{"width":1080,"height":1080,"url":"https:\/\/tomasostore.com.ar\/tienda\/wp-content\/uploads\/2025\/07\/FFFFFF10-35-.png.png","type":"image\/png"}],"twitter_card":"summary_large_image","schema":{"@context":"https:\/\/schema.org","@graph":[{"@type":"WebPage","@id":"https:\/\/tomasostore.com.ar\/tienda\/producto\/mochila-milan-chimola-m198\/","url":"https:\/\/tomasostore.com.ar\/tienda\/producto\/mochila-milan-chimola-m198\/","name":"Mochila Milan Chimola M198 - Tomaso Store","isPartOf":{"@id":"https:\/\/tomasostore.com.ar\/tienda\/#website"},"primaryImageOfPage":{"@id":"https:\/\/tomasostore.com.ar\/tienda\/producto\/mochila-milan-chimola-m198\/#primaryimage"},"image":{"@id":"https:\/\/tomasostore.com.ar\/tienda\/producto\/mochila-milan-chimola-m198\/#primaryimage"},"thumbnailUrl":"https:\/\/tomasostore.com.ar\/tienda\/wp-content\/uploads\/2025\/07\/FFFFFF10-35-.png.png","datePublished":"2025-07-19T13:16:56+00:00","dateModified":"2025-07-29T15:11:18+00:00","breadcrumb":{"@id":"https:\/\/tomasostore.com.ar\/tienda\/producto\/mochila-milan-chimola-m198\/#breadcrumb"},"inLanguage":"es","potentialAction":[{"@type":"ReadAction","target":["https:\/\/tomasostore.com.ar\/tienda\/producto\/mochila-milan-chimola-m198\/"]}]},{"@type":"ImageObject","inLanguage":"es","@id":"https:\/\/tomasostore.com.ar\/tienda\/producto\/mochila-milan-chimola-m198\/#primaryimage","url":"https:\/\/tomasostore.com.ar\/tienda\/wp-content\/uploads\/2025\/07\/FFFFFF10-35-.png.png","contentUrl":"https:\/\/tomasostore.com.ar\/tienda\/wp-content\/uploads\/2025\/07\/FFFFFF10-35-.png.png","width":1080,"height":1080},{"@type":"BreadcrumbList","@id":"https:\/\/tomasostore.com.ar\/tienda\/producto\/mochila-milan-chimola-m198\/#breadcrumb","itemListElement":[{"@type":"ListItem","position":1,"name":"Portada","item":"https:\/\/tomasostore.com.ar\/tienda\/"},{"@type":"ListItem","position":2,"name":"Tienda","item":"https:\/\/tomasostore.com.ar\/tienda\/tienda\/"},{"@type":"ListItem","position":3,"name":"Mochila Milan Chimola M198"}]},{"@type":"WebSite","@id":"https:\/\/tomasostore.com.ar\/tienda\/#website","url":"https:\/\/tomasostore.com.ar\/tienda\/","name":"Tomaso Store","description":"Compr\u00e1s online, recib\u00eds en mano. Desde Hernando, llevando confianza a tu casa. Productos con garant\u00eda.","potentialAction":[{"@type":"SearchAction","target":{"@type":"EntryPoint","urlTemplate":"https:\/\/tomasostore.com.ar\/tienda\/?s={search_term_string}"},"query-input":{"@type":"PropertyValueSpecification","valueRequired":true,"valueName":"search_term_string"}}],"inLanguage":"es"}]}},"_links":{"self":[{"href":"https:\/\/tomasostore.com.ar\/tienda\/wp-json\/wp\/v2\/product\/10609","targetHints":{"allow":["GET"]}}],"collection":[{"href":"https:\/\/tomasostore.com.ar\/tienda\/wp-json\/wp\/v2\/product"}],"about":[{"href":"https:\/\/tomasostore.com.ar\/tienda\/wp-json\/wp\/v2\/types\/product"}],"replies":[{"embeddable":true,"href":"https:\/\/tomasostore.com.ar\/tienda\/wp-json\/wp\/v2\/comments?post=10609"}],"version-history":[{"count":2,"href":"https:\/\/tomasostore.com.ar\/tienda\/wp-json\/wp\/v2\/product\/10609\/revisions"}],"predecessor-version":[{"id":31413,"href":"https:\/\/tomasostore.com.ar\/tienda\/wp-json\/wp\/v2\/product\/10609\/revisions\/31413"}],"wp:featuredmedia":[{"embeddable":true,"href":"https:\/\/tomasostore.com.ar\/tienda\/wp-json\/wp\/v2\/media\/21535"}],"wp:attachment":[{"href":"https:\/\/tomasostore.com.ar\/tienda\/wp-json\/wp\/v2\/media?parent=10609"}],"wp:term":[{"taxonomy":"product_brand","embeddable":true,"href":"https:\/\/tomasostore.com.ar\/tienda\/wp-json\/wp\/v2\/product_brand?post=10609"},{"taxonomy":"product_cat","embeddable":true,"href":"https:\/\/tomasostore.com.ar\/tienda\/wp-json\/wp\/v2\/product_cat?post=10609"},{"taxonomy":"product_tag","embeddable":true,"href":"https:\/\/tomasostore.com.ar\/tienda\/wp-json\/wp\/v2\/product_tag?post=10609"}],"curies":[{"name":"wp","href":"https:\/\/api.w.org\/{rel}","templated":true}]}}