{"id":106,"date":"2025-07-19T10:04:18","date_gmt":"2025-07-19T13:04:18","guid":{"rendered":"https:\/\/tomasostore.com.ar\/tienda\/?post_type=product&#038;p=106"},"modified":"2025-07-29T12:09:12","modified_gmt":"2025-07-29T15:09:12","slug":"pizarra-magnetica-2-en-1-faydi-art-fd2003","status":"publish","type":"product","link":"https:\/\/tomasostore.com.ar\/tienda\/producto\/pizarra-magnetica-2-en-1-faydi-art-fd2003\/","title":{"rendered":"Pizarra Magnetica 2 En 1 Faydi &#8211; Art. Fd2003"},"content":{"rendered":"<p>Pizarra Magnetica 2 en 1 Faydi &#8211; Art. FD2003 Caracteristicas: PIZARRA MAGNETICA &#8211; Con un l\u00e1piz magn\u00e9tico puede dibujar y al mover la perilla se borra todo. &#8211; Contiene: 1 sellito divertido para usar.<\/p>\n","protected":false},"excerpt":{"rendered":"<p>Pizarra Magnetica 2 en 1 Faydi &#8211; Art. FD2003 Caracteristicas: PIZARRA MAGNETICA &#8211; Con un l\u00e1piz magn\u00e9tico puede dibujar y al mover la perilla se borra todo. &#8211; Contiene: 1 sellito divertido para usar.<\/p>\n","protected":false},"featured_media":20172,"comment_status":"open","ping_status":"closed","template":"","meta":[],"product_brand":[49],"product_cat":[630],"product_tag":[631],"class_list":{"0":"post-106","1":"product","2":"type-product","3":"status-publish","4":"has-post-thumbnail","6":"product_brand-faydi","7":"product_cat-arte-y-libreria","8":"product_tag-arte-y-libreria","10":"first","11":"instock","12":"sale","13":"shipping-taxable","14":"purchasable","15":"product-type-simple"},"yoast_head":"<!-- This site is optimized with the Yoast SEO plugin v27.4 - https:\/\/yoast.com\/product\/yoast-seo-wordpress\/ -->\n<title>Pizarra Magnetica 2 En 1 Faydi - Art. Fd2003 - Tomaso Store<\/title>\n<meta name=\"robots\" content=\"index, follow, max-snippet:-1, max-image-preview:large, max-video-preview:-1\" \/>\n<link rel=\"canonical\" href=\"https:\/\/tomasostore.com.ar\/tienda\/producto\/pizarra-magnetica-2-en-1-faydi-art-fd2003\/\" \/>\n<meta property=\"og:locale\" content=\"es_ES\" \/>\n<meta property=\"og:type\" content=\"article\" \/>\n<meta property=\"og:title\" content=\"Pizarra Magnetica 2 En 1 Faydi - Art. Fd2003 - Tomaso Store\" \/>\n<meta property=\"og:description\" content=\"Pizarra Magnetica 2 en 1 Faydi &#8211; Art. FD2003 Caracteristicas: PIZARRA MAGNETICA &#8211; Con un l\u00e1piz magn\u00e9tico puede dibujar y al mover la perilla se borra todo. &#8211; Contiene: 1 sellito divertido para usar.\" \/>\n<meta property=\"og:url\" content=\"https:\/\/tomasostore.com.ar\/tienda\/producto\/pizarra-magnetica-2-en-1-faydi-art-fd2003\/\" \/>\n<meta property=\"og:site_name\" content=\"Tomaso Store\" \/>\n<meta property=\"article:modified_time\" content=\"2025-07-29T15:09:12+00:00\" \/>\n<meta property=\"og:image\" content=\"https:\/\/tomasostore.com.ar\/tienda\/wp-content\/uploads\/2025\/07\/pizarra-6-f7e7142a91d6a2a98717062046915673-1024-1024.png\" \/>\n\t<meta property=\"og:image:width\" content=\"1024\" \/>\n\t<meta property=\"og:image:height\" content=\"1024\" \/>\n\t<meta property=\"og:image:type\" content=\"image\/png\" \/>\n<meta name=\"twitter:card\" content=\"summary_large_image\" \/>\n<script type=\"application\/ld+json\" class=\"yoast-schema-graph\">{\"@context\":\"https:\\\/\\\/schema.org\",\"@graph\":[{\"@type\":\"WebPage\",\"@id\":\"https:\\\/\\\/tomasostore.com.ar\\\/tienda\\\/producto\\\/pizarra-magnetica-2-en-1-faydi-art-fd2003\\\/\",\"url\":\"https:\\\/\\\/tomasostore.com.ar\\\/tienda\\\/producto\\\/pizarra-magnetica-2-en-1-faydi-art-fd2003\\\/\",\"name\":\"Pizarra Magnetica 2 En 1 Faydi - Art. Fd2003 - Tomaso Store\",\"isPartOf\":{\"@id\":\"https:\\\/\\\/tomasostore.com.ar\\\/tienda\\\/#website\"},\"primaryImageOfPage\":{\"@id\":\"https:\\\/\\\/tomasostore.com.ar\\\/tienda\\\/producto\\\/pizarra-magnetica-2-en-1-faydi-art-fd2003\\\/#primaryimage\"},\"image\":{\"@id\":\"https:\\\/\\\/tomasostore.com.ar\\\/tienda\\\/producto\\\/pizarra-magnetica-2-en-1-faydi-art-fd2003\\\/#primaryimage\"},\"thumbnailUrl\":\"https:\\\/\\\/tomasostore.com.ar\\\/tienda\\\/wp-content\\\/uploads\\\/2025\\\/07\\\/pizarra-6-f7e7142a91d6a2a98717062046915673-1024-1024.png\",\"datePublished\":\"2025-07-19T13:04:18+00:00\",\"dateModified\":\"2025-07-29T15:09:12+00:00\",\"breadcrumb\":{\"@id\":\"https:\\\/\\\/tomasostore.com.ar\\\/tienda\\\/producto\\\/pizarra-magnetica-2-en-1-faydi-art-fd2003\\\/#breadcrumb\"},\"inLanguage\":\"es\",\"potentialAction\":[{\"@type\":\"ReadAction\",\"target\":[\"https:\\\/\\\/tomasostore.com.ar\\\/tienda\\\/producto\\\/pizarra-magnetica-2-en-1-faydi-art-fd2003\\\/\"]}]},{\"@type\":\"ImageObject\",\"inLanguage\":\"es\",\"@id\":\"https:\\\/\\\/tomasostore.com.ar\\\/tienda\\\/producto\\\/pizarra-magnetica-2-en-1-faydi-art-fd2003\\\/#primaryimage\",\"url\":\"https:\\\/\\\/tomasostore.com.ar\\\/tienda\\\/wp-content\\\/uploads\\\/2025\\\/07\\\/pizarra-6-f7e7142a91d6a2a98717062046915673-1024-1024.png\",\"contentUrl\":\"https:\\\/\\\/tomasostore.com.ar\\\/tienda\\\/wp-content\\\/uploads\\\/2025\\\/07\\\/pizarra-6-f7e7142a91d6a2a98717062046915673-1024-1024.png\",\"width\":1024,\"height\":1024},{\"@type\":\"BreadcrumbList\",\"@id\":\"https:\\\/\\\/tomasostore.com.ar\\\/tienda\\\/producto\\\/pizarra-magnetica-2-en-1-faydi-art-fd2003\\\/#breadcrumb\",\"itemListElement\":[{\"@type\":\"ListItem\",\"position\":1,\"name\":\"Portada\",\"item\":\"https:\\\/\\\/tomasostore.com.ar\\\/tienda\\\/\"},{\"@type\":\"ListItem\",\"position\":2,\"name\":\"Tienda\",\"item\":\"https:\\\/\\\/tomasostore.com.ar\\\/tienda\\\/tienda\\\/\"},{\"@type\":\"ListItem\",\"position\":3,\"name\":\"Pizarra Magnetica 2 En 1 Faydi &#8211; Art. Fd2003\"}]},{\"@type\":\"WebSite\",\"@id\":\"https:\\\/\\\/tomasostore.com.ar\\\/tienda\\\/#website\",\"url\":\"https:\\\/\\\/tomasostore.com.ar\\\/tienda\\\/\",\"name\":\"Tomaso Store\",\"description\":\"Compr\u00e1s online, recib\u00eds en mano. Desde Hernando, llevando confianza a tu casa. Productos con garant\u00eda.\",\"potentialAction\":[{\"@type\":\"SearchAction\",\"target\":{\"@type\":\"EntryPoint\",\"urlTemplate\":\"https:\\\/\\\/tomasostore.com.ar\\\/tienda\\\/?s={search_term_string}\"},\"query-input\":{\"@type\":\"PropertyValueSpecification\",\"valueRequired\":true,\"valueName\":\"search_term_string\"}}],\"inLanguage\":\"es\"}]}<\/script>\n<!-- \/ Yoast SEO plugin. -->","yoast_head_json":{"title":"Pizarra Magnetica 2 En 1 Faydi - Art. Fd2003 - Tomaso Store","robots":{"index":"index","follow":"follow","max-snippet":"max-snippet:-1","max-image-preview":"max-image-preview:large","max-video-preview":"max-video-preview:-1"},"canonical":"https:\/\/tomasostore.com.ar\/tienda\/producto\/pizarra-magnetica-2-en-1-faydi-art-fd2003\/","og_locale":"es_ES","og_type":"article","og_title":"Pizarra Magnetica 2 En 1 Faydi - Art. Fd2003 - Tomaso Store","og_description":"Pizarra Magnetica 2 en 1 Faydi &#8211; Art. FD2003 Caracteristicas: PIZARRA MAGNETICA &#8211; Con un l\u00e1piz magn\u00e9tico puede dibujar y al mover la perilla se borra todo. &#8211; Contiene: 1 sellito divertido para usar.","og_url":"https:\/\/tomasostore.com.ar\/tienda\/producto\/pizarra-magnetica-2-en-1-faydi-art-fd2003\/","og_site_name":"Tomaso Store","article_modified_time":"2025-07-29T15:09:12+00:00","og_image":[{"width":1024,"height":1024,"url":"https:\/\/tomasostore.com.ar\/tienda\/wp-content\/uploads\/2025\/07\/pizarra-6-f7e7142a91d6a2a98717062046915673-1024-1024.png","type":"image\/png"}],"twitter_card":"summary_large_image","schema":{"@context":"https:\/\/schema.org","@graph":[{"@type":"WebPage","@id":"https:\/\/tomasostore.com.ar\/tienda\/producto\/pizarra-magnetica-2-en-1-faydi-art-fd2003\/","url":"https:\/\/tomasostore.com.ar\/tienda\/producto\/pizarra-magnetica-2-en-1-faydi-art-fd2003\/","name":"Pizarra Magnetica 2 En 1 Faydi - Art. Fd2003 - Tomaso Store","isPartOf":{"@id":"https:\/\/tomasostore.com.ar\/tienda\/#website"},"primaryImageOfPage":{"@id":"https:\/\/tomasostore.com.ar\/tienda\/producto\/pizarra-magnetica-2-en-1-faydi-art-fd2003\/#primaryimage"},"image":{"@id":"https:\/\/tomasostore.com.ar\/tienda\/producto\/pizarra-magnetica-2-en-1-faydi-art-fd2003\/#primaryimage"},"thumbnailUrl":"https:\/\/tomasostore.com.ar\/tienda\/wp-content\/uploads\/2025\/07\/pizarra-6-f7e7142a91d6a2a98717062046915673-1024-1024.png","datePublished":"2025-07-19T13:04:18+00:00","dateModified":"2025-07-29T15:09:12+00:00","breadcrumb":{"@id":"https:\/\/tomasostore.com.ar\/tienda\/producto\/pizarra-magnetica-2-en-1-faydi-art-fd2003\/#breadcrumb"},"inLanguage":"es","potentialAction":[{"@type":"ReadAction","target":["https:\/\/tomasostore.com.ar\/tienda\/producto\/pizarra-magnetica-2-en-1-faydi-art-fd2003\/"]}]},{"@type":"ImageObject","inLanguage":"es","@id":"https:\/\/tomasostore.com.ar\/tienda\/producto\/pizarra-magnetica-2-en-1-faydi-art-fd2003\/#primaryimage","url":"https:\/\/tomasostore.com.ar\/tienda\/wp-content\/uploads\/2025\/07\/pizarra-6-f7e7142a91d6a2a98717062046915673-1024-1024.png","contentUrl":"https:\/\/tomasostore.com.ar\/tienda\/wp-content\/uploads\/2025\/07\/pizarra-6-f7e7142a91d6a2a98717062046915673-1024-1024.png","width":1024,"height":1024},{"@type":"BreadcrumbList","@id":"https:\/\/tomasostore.com.ar\/tienda\/producto\/pizarra-magnetica-2-en-1-faydi-art-fd2003\/#breadcrumb","itemListElement":[{"@type":"ListItem","position":1,"name":"Portada","item":"https:\/\/tomasostore.com.ar\/tienda\/"},{"@type":"ListItem","position":2,"name":"Tienda","item":"https:\/\/tomasostore.com.ar\/tienda\/tienda\/"},{"@type":"ListItem","position":3,"name":"Pizarra Magnetica 2 En 1 Faydi &#8211; Art. Fd2003"}]},{"@type":"WebSite","@id":"https:\/\/tomasostore.com.ar\/tienda\/#website","url":"https:\/\/tomasostore.com.ar\/tienda\/","name":"Tomaso Store","description":"Compr\u00e1s online, recib\u00eds en mano. Desde Hernando, llevando confianza a tu casa. Productos con garant\u00eda.","potentialAction":[{"@type":"SearchAction","target":{"@type":"EntryPoint","urlTemplate":"https:\/\/tomasostore.com.ar\/tienda\/?s={search_term_string}"},"query-input":{"@type":"PropertyValueSpecification","valueRequired":true,"valueName":"search_term_string"}}],"inLanguage":"es"}]}},"_links":{"self":[{"href":"https:\/\/tomasostore.com.ar\/tienda\/wp-json\/wp\/v2\/product\/106","targetHints":{"allow":["GET"]}}],"collection":[{"href":"https:\/\/tomasostore.com.ar\/tienda\/wp-json\/wp\/v2\/product"}],"about":[{"href":"https:\/\/tomasostore.com.ar\/tienda\/wp-json\/wp\/v2\/types\/product"}],"replies":[{"embeddable":true,"href":"https:\/\/tomasostore.com.ar\/tienda\/wp-json\/wp\/v2\/comments?post=106"}],"version-history":[{"count":2,"href":"https:\/\/tomasostore.com.ar\/tienda\/wp-json\/wp\/v2\/product\/106\/revisions"}],"predecessor-version":[{"id":30828,"href":"https:\/\/tomasostore.com.ar\/tienda\/wp-json\/wp\/v2\/product\/106\/revisions\/30828"}],"wp:featuredmedia":[{"embeddable":true,"href":"https:\/\/tomasostore.com.ar\/tienda\/wp-json\/wp\/v2\/media\/20172"}],"wp:attachment":[{"href":"https:\/\/tomasostore.com.ar\/tienda\/wp-json\/wp\/v2\/media?parent=106"}],"wp:term":[{"taxonomy":"product_brand","embeddable":true,"href":"https:\/\/tomasostore.com.ar\/tienda\/wp-json\/wp\/v2\/product_brand?post=106"},{"taxonomy":"product_cat","embeddable":true,"href":"https:\/\/tomasostore.com.ar\/tienda\/wp-json\/wp\/v2\/product_cat?post=106"},{"taxonomy":"product_tag","embeddable":true,"href":"https:\/\/tomasostore.com.ar\/tienda\/wp-json\/wp\/v2\/product_tag?post=106"}],"curies":[{"name":"wp","href":"https:\/\/api.w.org\/{rel}","templated":true}]}}