{"id":10446,"date":"2025-07-19T10:51:13","date_gmt":"2025-07-19T13:51:13","guid":{"rendered":"https:\/\/tomasostore.com.ar\/tienda\/?post_type=product&#038;p=10446"},"modified":"2025-07-29T12:16:20","modified_gmt":"2025-07-29T15:16:20","slug":"juego-de-mesa-carrera-de-mente-la-vuelta-al-mundo-4122","status":"publish","type":"product","link":"https:\/\/tomasostore.com.ar\/tienda\/producto\/juego-de-mesa-carrera-de-mente-la-vuelta-al-mundo-4122\/","title":{"rendered":"Juego De Mesa Carrera De Mente La Vuelta Al Mundo 4122"},"content":{"rendered":"<p>\u00bfEst\u00e1s listo para embarcarte en una aventura llena de curiosidades y desaf\u00edos. Con El Gran Juego de Preguntas, recorrer\u00e1s Argentina y el mundo a trav\u00e9s de 2,592 preguntas sobre paisajes, costumbres, personajes y cultura general. No necesitas haber viajado miles de kil\u00f3metros para jugar: \u00a1todo lo que sabes por pel\u00edculas, documentales, programas de cocina, canciones o recuerdos de vacaciones te ayudar\u00e1 a ganar.<\/p>\n","protected":false},"excerpt":{"rendered":"<p>\u00bfEst\u00e1s listo para embarcarte en una aventura llena de curiosidades y desaf\u00edos. Con El Gran Juego de Preguntas, recorrer\u00e1s Argentina y el mundo a trav\u00e9s de 2,592 preguntas sobre paisajes, costumbres, personajes y cultura general. No necesitas haber viajado miles de kil\u00f3metros para jugar: \u00a1todo lo que sabes por pel\u00edculas, documentales, programas de cocina, canciones [&hellip;]<\/p>\n","protected":false},"featured_media":24798,"comment_status":"open","ping_status":"closed","template":"","meta":[],"product_brand":[359],"product_cat":[642],"product_tag":[643],"class_list":{"0":"post-10446","1":"product","2":"type-product","3":"status-publish","4":"has-post-thumbnail","6":"product_brand-ruibal","7":"product_cat-juegos-de-mesa-familiares","8":"product_tag-juegos-de-mesa-familiares","10":"first","11":"instock","12":"sale","13":"shipping-taxable","14":"purchasable","15":"product-type-simple"},"yoast_head":"<!-- This site is optimized with the Yoast SEO plugin v27.5 - https:\/\/yoast.com\/product\/yoast-seo-wordpress\/ -->\n<title>Juego De Mesa Carrera De Mente La Vuelta Al Mundo 4122 - Tomaso Store<\/title>\n<meta name=\"robots\" content=\"index, follow, max-snippet:-1, max-image-preview:large, max-video-preview:-1\" \/>\n<link rel=\"canonical\" href=\"https:\/\/tomasostore.com.ar\/tienda\/producto\/juego-de-mesa-carrera-de-mente-la-vuelta-al-mundo-4122\/\" \/>\n<meta property=\"og:locale\" content=\"es_ES\" \/>\n<meta property=\"og:type\" content=\"article\" \/>\n<meta property=\"og:title\" content=\"Juego De Mesa Carrera De Mente La Vuelta Al Mundo 4122 - Tomaso Store\" \/>\n<meta property=\"og:description\" content=\"\u00bfEst\u00e1s listo para embarcarte en una aventura llena de curiosidades y desaf\u00edos. Con El Gran Juego de Preguntas, recorrer\u00e1s Argentina y el mundo a trav\u00e9s de 2,592 preguntas sobre paisajes, costumbres, personajes y cultura general. No necesitas haber viajado miles de kil\u00f3metros para jugar: \u00a1todo lo que sabes por pel\u00edculas, documentales, programas de cocina, canciones [&hellip;]\" \/>\n<meta property=\"og:url\" content=\"https:\/\/tomasostore.com.ar\/tienda\/producto\/juego-de-mesa-carrera-de-mente-la-vuelta-al-mundo-4122\/\" \/>\n<meta property=\"og:site_name\" content=\"Tomaso Store\" \/>\n<meta property=\"article:modified_time\" content=\"2025-07-29T15:16:20+00:00\" \/>\n<meta property=\"og:image\" content=\"https:\/\/tomasostore.com.ar\/tienda\/wp-content\/uploads\/2025\/07\/PIZ-6.png\" \/>\n\t<meta property=\"og:image:width\" content=\"1080\" \/>\n\t<meta property=\"og:image:height\" content=\"1080\" \/>\n\t<meta property=\"og:image:type\" content=\"image\/png\" \/>\n<meta name=\"twitter:card\" content=\"summary_large_image\" \/>\n<script type=\"application\/ld+json\" class=\"yoast-schema-graph\">{\"@context\":\"https:\\\/\\\/schema.org\",\"@graph\":[{\"@type\":\"WebPage\",\"@id\":\"https:\\\/\\\/tomasostore.com.ar\\\/tienda\\\/producto\\\/juego-de-mesa-carrera-de-mente-la-vuelta-al-mundo-4122\\\/\",\"url\":\"https:\\\/\\\/tomasostore.com.ar\\\/tienda\\\/producto\\\/juego-de-mesa-carrera-de-mente-la-vuelta-al-mundo-4122\\\/\",\"name\":\"Juego De Mesa Carrera De Mente La Vuelta Al Mundo 4122 - Tomaso Store\",\"isPartOf\":{\"@id\":\"https:\\\/\\\/tomasostore.com.ar\\\/tienda\\\/#website\"},\"primaryImageOfPage\":{\"@id\":\"https:\\\/\\\/tomasostore.com.ar\\\/tienda\\\/producto\\\/juego-de-mesa-carrera-de-mente-la-vuelta-al-mundo-4122\\\/#primaryimage\"},\"image\":{\"@id\":\"https:\\\/\\\/tomasostore.com.ar\\\/tienda\\\/producto\\\/juego-de-mesa-carrera-de-mente-la-vuelta-al-mundo-4122\\\/#primaryimage\"},\"thumbnailUrl\":\"https:\\\/\\\/tomasostore.com.ar\\\/tienda\\\/wp-content\\\/uploads\\\/2025\\\/07\\\/PIZ-6.png\",\"datePublished\":\"2025-07-19T13:51:13+00:00\",\"dateModified\":\"2025-07-29T15:16:20+00:00\",\"breadcrumb\":{\"@id\":\"https:\\\/\\\/tomasostore.com.ar\\\/tienda\\\/producto\\\/juego-de-mesa-carrera-de-mente-la-vuelta-al-mundo-4122\\\/#breadcrumb\"},\"inLanguage\":\"es\",\"potentialAction\":[{\"@type\":\"ReadAction\",\"target\":[\"https:\\\/\\\/tomasostore.com.ar\\\/tienda\\\/producto\\\/juego-de-mesa-carrera-de-mente-la-vuelta-al-mundo-4122\\\/\"]}]},{\"@type\":\"ImageObject\",\"inLanguage\":\"es\",\"@id\":\"https:\\\/\\\/tomasostore.com.ar\\\/tienda\\\/producto\\\/juego-de-mesa-carrera-de-mente-la-vuelta-al-mundo-4122\\\/#primaryimage\",\"url\":\"https:\\\/\\\/tomasostore.com.ar\\\/tienda\\\/wp-content\\\/uploads\\\/2025\\\/07\\\/PIZ-6.png\",\"contentUrl\":\"https:\\\/\\\/tomasostore.com.ar\\\/tienda\\\/wp-content\\\/uploads\\\/2025\\\/07\\\/PIZ-6.png\",\"width\":1080,\"height\":1080},{\"@type\":\"BreadcrumbList\",\"@id\":\"https:\\\/\\\/tomasostore.com.ar\\\/tienda\\\/producto\\\/juego-de-mesa-carrera-de-mente-la-vuelta-al-mundo-4122\\\/#breadcrumb\",\"itemListElement\":[{\"@type\":\"ListItem\",\"position\":1,\"name\":\"Portada\",\"item\":\"https:\\\/\\\/tomasostore.com.ar\\\/tienda\\\/\"},{\"@type\":\"ListItem\",\"position\":2,\"name\":\"Tienda\",\"item\":\"https:\\\/\\\/tomasostore.com.ar\\\/tienda\\\/tienda\\\/\"},{\"@type\":\"ListItem\",\"position\":3,\"name\":\"Juego De Mesa Carrera De Mente La Vuelta Al Mundo 4122\"}]},{\"@type\":\"WebSite\",\"@id\":\"https:\\\/\\\/tomasostore.com.ar\\\/tienda\\\/#website\",\"url\":\"https:\\\/\\\/tomasostore.com.ar\\\/tienda\\\/\",\"name\":\"Tomaso Store\",\"description\":\"Compr\u00e1s online, recib\u00eds en mano. Desde Hernando, llevando confianza a tu casa. Productos con garant\u00eda.\",\"potentialAction\":[{\"@type\":\"SearchAction\",\"target\":{\"@type\":\"EntryPoint\",\"urlTemplate\":\"https:\\\/\\\/tomasostore.com.ar\\\/tienda\\\/?s={search_term_string}\"},\"query-input\":{\"@type\":\"PropertyValueSpecification\",\"valueRequired\":true,\"valueName\":\"search_term_string\"}}],\"inLanguage\":\"es\"}]}<\/script>\n<!-- \/ Yoast SEO plugin. -->","yoast_head_json":{"title":"Juego De Mesa Carrera De Mente La Vuelta Al Mundo 4122 - Tomaso Store","robots":{"index":"index","follow":"follow","max-snippet":"max-snippet:-1","max-image-preview":"max-image-preview:large","max-video-preview":"max-video-preview:-1"},"canonical":"https:\/\/tomasostore.com.ar\/tienda\/producto\/juego-de-mesa-carrera-de-mente-la-vuelta-al-mundo-4122\/","og_locale":"es_ES","og_type":"article","og_title":"Juego De Mesa Carrera De Mente La Vuelta Al Mundo 4122 - Tomaso Store","og_description":"\u00bfEst\u00e1s listo para embarcarte en una aventura llena de curiosidades y desaf\u00edos. Con El Gran Juego de Preguntas, recorrer\u00e1s Argentina y el mundo a trav\u00e9s de 2,592 preguntas sobre paisajes, costumbres, personajes y cultura general. No necesitas haber viajado miles de kil\u00f3metros para jugar: \u00a1todo lo que sabes por pel\u00edculas, documentales, programas de cocina, canciones [&hellip;]","og_url":"https:\/\/tomasostore.com.ar\/tienda\/producto\/juego-de-mesa-carrera-de-mente-la-vuelta-al-mundo-4122\/","og_site_name":"Tomaso Store","article_modified_time":"2025-07-29T15:16:20+00:00","og_image":[{"width":1080,"height":1080,"url":"https:\/\/tomasostore.com.ar\/tienda\/wp-content\/uploads\/2025\/07\/PIZ-6.png","type":"image\/png"}],"twitter_card":"summary_large_image","schema":{"@context":"https:\/\/schema.org","@graph":[{"@type":"WebPage","@id":"https:\/\/tomasostore.com.ar\/tienda\/producto\/juego-de-mesa-carrera-de-mente-la-vuelta-al-mundo-4122\/","url":"https:\/\/tomasostore.com.ar\/tienda\/producto\/juego-de-mesa-carrera-de-mente-la-vuelta-al-mundo-4122\/","name":"Juego De Mesa Carrera De Mente La Vuelta Al Mundo 4122 - Tomaso Store","isPartOf":{"@id":"https:\/\/tomasostore.com.ar\/tienda\/#website"},"primaryImageOfPage":{"@id":"https:\/\/tomasostore.com.ar\/tienda\/producto\/juego-de-mesa-carrera-de-mente-la-vuelta-al-mundo-4122\/#primaryimage"},"image":{"@id":"https:\/\/tomasostore.com.ar\/tienda\/producto\/juego-de-mesa-carrera-de-mente-la-vuelta-al-mundo-4122\/#primaryimage"},"thumbnailUrl":"https:\/\/tomasostore.com.ar\/tienda\/wp-content\/uploads\/2025\/07\/PIZ-6.png","datePublished":"2025-07-19T13:51:13+00:00","dateModified":"2025-07-29T15:16:20+00:00","breadcrumb":{"@id":"https:\/\/tomasostore.com.ar\/tienda\/producto\/juego-de-mesa-carrera-de-mente-la-vuelta-al-mundo-4122\/#breadcrumb"},"inLanguage":"es","potentialAction":[{"@type":"ReadAction","target":["https:\/\/tomasostore.com.ar\/tienda\/producto\/juego-de-mesa-carrera-de-mente-la-vuelta-al-mundo-4122\/"]}]},{"@type":"ImageObject","inLanguage":"es","@id":"https:\/\/tomasostore.com.ar\/tienda\/producto\/juego-de-mesa-carrera-de-mente-la-vuelta-al-mundo-4122\/#primaryimage","url":"https:\/\/tomasostore.com.ar\/tienda\/wp-content\/uploads\/2025\/07\/PIZ-6.png","contentUrl":"https:\/\/tomasostore.com.ar\/tienda\/wp-content\/uploads\/2025\/07\/PIZ-6.png","width":1080,"height":1080},{"@type":"BreadcrumbList","@id":"https:\/\/tomasostore.com.ar\/tienda\/producto\/juego-de-mesa-carrera-de-mente-la-vuelta-al-mundo-4122\/#breadcrumb","itemListElement":[{"@type":"ListItem","position":1,"name":"Portada","item":"https:\/\/tomasostore.com.ar\/tienda\/"},{"@type":"ListItem","position":2,"name":"Tienda","item":"https:\/\/tomasostore.com.ar\/tienda\/tienda\/"},{"@type":"ListItem","position":3,"name":"Juego De Mesa Carrera De Mente La Vuelta Al Mundo 4122"}]},{"@type":"WebSite","@id":"https:\/\/tomasostore.com.ar\/tienda\/#website","url":"https:\/\/tomasostore.com.ar\/tienda\/","name":"Tomaso Store","description":"Compr\u00e1s online, recib\u00eds en mano. Desde Hernando, llevando confianza a tu casa. Productos con garant\u00eda.","potentialAction":[{"@type":"SearchAction","target":{"@type":"EntryPoint","urlTemplate":"https:\/\/tomasostore.com.ar\/tienda\/?s={search_term_string}"},"query-input":{"@type":"PropertyValueSpecification","valueRequired":true,"valueName":"search_term_string"}}],"inLanguage":"es"}]}},"_links":{"self":[{"href":"https:\/\/tomasostore.com.ar\/tienda\/wp-json\/wp\/v2\/product\/10446","targetHints":{"allow":["GET"]}}],"collection":[{"href":"https:\/\/tomasostore.com.ar\/tienda\/wp-json\/wp\/v2\/product"}],"about":[{"href":"https:\/\/tomasostore.com.ar\/tienda\/wp-json\/wp\/v2\/types\/product"}],"replies":[{"embeddable":true,"href":"https:\/\/tomasostore.com.ar\/tienda\/wp-json\/wp\/v2\/comments?post=10446"}],"version-history":[{"count":2,"href":"https:\/\/tomasostore.com.ar\/tienda\/wp-json\/wp\/v2\/product\/10446\/revisions"}],"predecessor-version":[{"id":32924,"href":"https:\/\/tomasostore.com.ar\/tienda\/wp-json\/wp\/v2\/product\/10446\/revisions\/32924"}],"wp:featuredmedia":[{"embeddable":true,"href":"https:\/\/tomasostore.com.ar\/tienda\/wp-json\/wp\/v2\/media\/24798"}],"wp:attachment":[{"href":"https:\/\/tomasostore.com.ar\/tienda\/wp-json\/wp\/v2\/media?parent=10446"}],"wp:term":[{"taxonomy":"product_brand","embeddable":true,"href":"https:\/\/tomasostore.com.ar\/tienda\/wp-json\/wp\/v2\/product_brand?post=10446"},{"taxonomy":"product_cat","embeddable":true,"href":"https:\/\/tomasostore.com.ar\/tienda\/wp-json\/wp\/v2\/product_cat?post=10446"},{"taxonomy":"product_tag","embeddable":true,"href":"https:\/\/tomasostore.com.ar\/tienda\/wp-json\/wp\/v2\/product_tag?post=10446"}],"curies":[{"name":"wp","href":"https:\/\/api.w.org\/{rel}","templated":true}]}}