{"id":10185,"date":"2025-07-19T10:59:46","date_gmt":"2025-07-19T13:59:46","guid":{"rendered":"https:\/\/tomasostore.com.ar\/tienda\/?post_type=product&#038;p=10185"},"modified":"2025-07-29T12:47:26","modified_gmt":"2025-07-29T15:47:26","slug":"rompecabezas-3d-cubicfun-67413-4","status":"publish","type":"product","link":"https:\/\/tomasostore.com.ar\/tienda\/producto\/rompecabezas-3d-cubicfun-67413-4\/","title":{"rendered":"Rompecabezas 3D CubicFun 67413\/4"},"content":{"rendered":"<p>Revive la emoci\u00f3n de la navegaci\u00f3n: Experimenta la excitante sensaci\u00f3n de surcar los mares, que captura a la perfecci\u00f3n la esencia de la navegaci\u00f3n. Cada pieza de este detallado kit est\u00e1 dise\u00f1ada para reflejar la vida en alta mar, desde las velas ondeando al viento hasta los detalles realistas de los ca\u00f1ones listos para el combate. Detalles realistas y ecol\u00f3gicos: Las piezas est\u00e1n fabricadas con cart\u00f3n de espuma ecol\u00f3gica de alta calidad, un material m\u00e1s ligero que el pl\u00e1stico, que cumple con los est\u00e1ndares m\u00e1s rigurosos.<\/p>\n","protected":false},"excerpt":{"rendered":"<p>Revive la emoci\u00f3n de la navegaci\u00f3n: Experimenta la excitante sensaci\u00f3n de surcar los mares, que captura a la perfecci\u00f3n la esencia de la navegaci\u00f3n. Cada pieza de este detallado kit est\u00e1 dise\u00f1ada para reflejar la vida en alta mar, desde las velas ondeando al viento hasta los detalles realistas de los ca\u00f1ones listos para el [&hellip;]<\/p>\n","protected":false},"featured_media":25553,"comment_status":"open","ping_status":"closed","template":"","meta":[],"product_brand":[44],"product_cat":[646],"product_tag":[647,466],"class_list":{"0":"post-10185","1":"product","2":"type-product","3":"status-publish","4":"has-post-thumbnail","6":"product_brand-wabro","7":"product_cat-juegos-de-mesa-rompecabezas","8":"product_tag-juegos-de-mesa-rompecabezas","9":"product_tag-regalitos","11":"first","12":"instock","13":"sale","14":"shipping-taxable","15":"purchasable","16":"product-type-simple"},"yoast_head":"<!-- This site is optimized with the Yoast SEO plugin v27.5 - https:\/\/yoast.com\/product\/yoast-seo-wordpress\/ -->\n<title>Rompecabezas 3D CubicFun 67413\/4 - Tomaso Store<\/title>\n<meta name=\"robots\" content=\"index, follow, max-snippet:-1, max-image-preview:large, max-video-preview:-1\" \/>\n<link rel=\"canonical\" href=\"https:\/\/tomasostore.com.ar\/tienda\/producto\/rompecabezas-3d-cubicfun-67413-4\/\" \/>\n<meta property=\"og:locale\" content=\"es_ES\" \/>\n<meta property=\"og:type\" content=\"article\" \/>\n<meta property=\"og:title\" content=\"Rompecabezas 3D CubicFun 67413\/4 - Tomaso Store\" \/>\n<meta property=\"og:description\" content=\"Revive la emoci\u00f3n de la navegaci\u00f3n: Experimenta la excitante sensaci\u00f3n de surcar los mares, que captura a la perfecci\u00f3n la esencia de la navegaci\u00f3n. Cada pieza de este detallado kit est\u00e1 dise\u00f1ada para reflejar la vida en alta mar, desde las velas ondeando al viento hasta los detalles realistas de los ca\u00f1ones listos para el [&hellip;]\" \/>\n<meta property=\"og:url\" content=\"https:\/\/tomasostore.com.ar\/tienda\/producto\/rompecabezas-3d-cubicfun-67413-4\/\" \/>\n<meta property=\"og:site_name\" content=\"Tomaso Store\" \/>\n<meta property=\"article:modified_time\" content=\"2025-07-29T15:47:26+00:00\" \/>\n<meta property=\"og:image\" content=\"https:\/\/tomasostore.com.ar\/tienda\/wp-content\/uploads\/2025\/07\/imagen1-2025-01-13T134330.735.png\" \/>\n\t<meta property=\"og:image:width\" content=\"1080\" \/>\n\t<meta property=\"og:image:height\" content=\"1080\" \/>\n\t<meta property=\"og:image:type\" content=\"image\/png\" \/>\n<meta name=\"twitter:card\" content=\"summary_large_image\" \/>\n<meta name=\"twitter:label1\" content=\"Tiempo de lectura\" \/>\n\t<meta name=\"twitter:data1\" content=\"1 minuto\" \/>\n<script type=\"application\/ld+json\" class=\"yoast-schema-graph\">{\"@context\":\"https:\\\/\\\/schema.org\",\"@graph\":[{\"@type\":\"WebPage\",\"@id\":\"https:\\\/\\\/tomasostore.com.ar\\\/tienda\\\/producto\\\/rompecabezas-3d-cubicfun-67413-4\\\/\",\"url\":\"https:\\\/\\\/tomasostore.com.ar\\\/tienda\\\/producto\\\/rompecabezas-3d-cubicfun-67413-4\\\/\",\"name\":\"Rompecabezas 3D CubicFun 67413\\\/4 - Tomaso Store\",\"isPartOf\":{\"@id\":\"https:\\\/\\\/tomasostore.com.ar\\\/tienda\\\/#website\"},\"primaryImageOfPage\":{\"@id\":\"https:\\\/\\\/tomasostore.com.ar\\\/tienda\\\/producto\\\/rompecabezas-3d-cubicfun-67413-4\\\/#primaryimage\"},\"image\":{\"@id\":\"https:\\\/\\\/tomasostore.com.ar\\\/tienda\\\/producto\\\/rompecabezas-3d-cubicfun-67413-4\\\/#primaryimage\"},\"thumbnailUrl\":\"https:\\\/\\\/tomasostore.com.ar\\\/tienda\\\/wp-content\\\/uploads\\\/2025\\\/07\\\/imagen1-2025-01-13T134330.735.png\",\"datePublished\":\"2025-07-19T13:59:46+00:00\",\"dateModified\":\"2025-07-29T15:47:26+00:00\",\"breadcrumb\":{\"@id\":\"https:\\\/\\\/tomasostore.com.ar\\\/tienda\\\/producto\\\/rompecabezas-3d-cubicfun-67413-4\\\/#breadcrumb\"},\"inLanguage\":\"es\",\"potentialAction\":[{\"@type\":\"ReadAction\",\"target\":[\"https:\\\/\\\/tomasostore.com.ar\\\/tienda\\\/producto\\\/rompecabezas-3d-cubicfun-67413-4\\\/\"]}]},{\"@type\":\"ImageObject\",\"inLanguage\":\"es\",\"@id\":\"https:\\\/\\\/tomasostore.com.ar\\\/tienda\\\/producto\\\/rompecabezas-3d-cubicfun-67413-4\\\/#primaryimage\",\"url\":\"https:\\\/\\\/tomasostore.com.ar\\\/tienda\\\/wp-content\\\/uploads\\\/2025\\\/07\\\/imagen1-2025-01-13T134330.735.png\",\"contentUrl\":\"https:\\\/\\\/tomasostore.com.ar\\\/tienda\\\/wp-content\\\/uploads\\\/2025\\\/07\\\/imagen1-2025-01-13T134330.735.png\",\"width\":1080,\"height\":1080},{\"@type\":\"BreadcrumbList\",\"@id\":\"https:\\\/\\\/tomasostore.com.ar\\\/tienda\\\/producto\\\/rompecabezas-3d-cubicfun-67413-4\\\/#breadcrumb\",\"itemListElement\":[{\"@type\":\"ListItem\",\"position\":1,\"name\":\"Portada\",\"item\":\"https:\\\/\\\/tomasostore.com.ar\\\/tienda\\\/\"},{\"@type\":\"ListItem\",\"position\":2,\"name\":\"Tienda\",\"item\":\"https:\\\/\\\/tomasostore.com.ar\\\/tienda\\\/tienda\\\/\"},{\"@type\":\"ListItem\",\"position\":3,\"name\":\"Rompecabezas 3D CubicFun 67413\\\/4\"}]},{\"@type\":\"WebSite\",\"@id\":\"https:\\\/\\\/tomasostore.com.ar\\\/tienda\\\/#website\",\"url\":\"https:\\\/\\\/tomasostore.com.ar\\\/tienda\\\/\",\"name\":\"Tomaso Store\",\"description\":\"Compr\u00e1s online, recib\u00eds en mano. Desde Hernando, llevando confianza a tu casa. Productos con garant\u00eda.\",\"potentialAction\":[{\"@type\":\"SearchAction\",\"target\":{\"@type\":\"EntryPoint\",\"urlTemplate\":\"https:\\\/\\\/tomasostore.com.ar\\\/tienda\\\/?s={search_term_string}\"},\"query-input\":{\"@type\":\"PropertyValueSpecification\",\"valueRequired\":true,\"valueName\":\"search_term_string\"}}],\"inLanguage\":\"es\"}]}<\/script>\n<!-- \/ Yoast SEO plugin. -->","yoast_head_json":{"title":"Rompecabezas 3D CubicFun 67413\/4 - Tomaso Store","robots":{"index":"index","follow":"follow","max-snippet":"max-snippet:-1","max-image-preview":"max-image-preview:large","max-video-preview":"max-video-preview:-1"},"canonical":"https:\/\/tomasostore.com.ar\/tienda\/producto\/rompecabezas-3d-cubicfun-67413-4\/","og_locale":"es_ES","og_type":"article","og_title":"Rompecabezas 3D CubicFun 67413\/4 - Tomaso Store","og_description":"Revive la emoci\u00f3n de la navegaci\u00f3n: Experimenta la excitante sensaci\u00f3n de surcar los mares, que captura a la perfecci\u00f3n la esencia de la navegaci\u00f3n. Cada pieza de este detallado kit est\u00e1 dise\u00f1ada para reflejar la vida en alta mar, desde las velas ondeando al viento hasta los detalles realistas de los ca\u00f1ones listos para el [&hellip;]","og_url":"https:\/\/tomasostore.com.ar\/tienda\/producto\/rompecabezas-3d-cubicfun-67413-4\/","og_site_name":"Tomaso Store","article_modified_time":"2025-07-29T15:47:26+00:00","og_image":[{"width":1080,"height":1080,"url":"https:\/\/tomasostore.com.ar\/tienda\/wp-content\/uploads\/2025\/07\/imagen1-2025-01-13T134330.735.png","type":"image\/png"}],"twitter_card":"summary_large_image","twitter_misc":{"Tiempo de lectura":"1 minuto"},"schema":{"@context":"https:\/\/schema.org","@graph":[{"@type":"WebPage","@id":"https:\/\/tomasostore.com.ar\/tienda\/producto\/rompecabezas-3d-cubicfun-67413-4\/","url":"https:\/\/tomasostore.com.ar\/tienda\/producto\/rompecabezas-3d-cubicfun-67413-4\/","name":"Rompecabezas 3D CubicFun 67413\/4 - Tomaso Store","isPartOf":{"@id":"https:\/\/tomasostore.com.ar\/tienda\/#website"},"primaryImageOfPage":{"@id":"https:\/\/tomasostore.com.ar\/tienda\/producto\/rompecabezas-3d-cubicfun-67413-4\/#primaryimage"},"image":{"@id":"https:\/\/tomasostore.com.ar\/tienda\/producto\/rompecabezas-3d-cubicfun-67413-4\/#primaryimage"},"thumbnailUrl":"https:\/\/tomasostore.com.ar\/tienda\/wp-content\/uploads\/2025\/07\/imagen1-2025-01-13T134330.735.png","datePublished":"2025-07-19T13:59:46+00:00","dateModified":"2025-07-29T15:47:26+00:00","breadcrumb":{"@id":"https:\/\/tomasostore.com.ar\/tienda\/producto\/rompecabezas-3d-cubicfun-67413-4\/#breadcrumb"},"inLanguage":"es","potentialAction":[{"@type":"ReadAction","target":["https:\/\/tomasostore.com.ar\/tienda\/producto\/rompecabezas-3d-cubicfun-67413-4\/"]}]},{"@type":"ImageObject","inLanguage":"es","@id":"https:\/\/tomasostore.com.ar\/tienda\/producto\/rompecabezas-3d-cubicfun-67413-4\/#primaryimage","url":"https:\/\/tomasostore.com.ar\/tienda\/wp-content\/uploads\/2025\/07\/imagen1-2025-01-13T134330.735.png","contentUrl":"https:\/\/tomasostore.com.ar\/tienda\/wp-content\/uploads\/2025\/07\/imagen1-2025-01-13T134330.735.png","width":1080,"height":1080},{"@type":"BreadcrumbList","@id":"https:\/\/tomasostore.com.ar\/tienda\/producto\/rompecabezas-3d-cubicfun-67413-4\/#breadcrumb","itemListElement":[{"@type":"ListItem","position":1,"name":"Portada","item":"https:\/\/tomasostore.com.ar\/tienda\/"},{"@type":"ListItem","position":2,"name":"Tienda","item":"https:\/\/tomasostore.com.ar\/tienda\/tienda\/"},{"@type":"ListItem","position":3,"name":"Rompecabezas 3D CubicFun 67413\/4"}]},{"@type":"WebSite","@id":"https:\/\/tomasostore.com.ar\/tienda\/#website","url":"https:\/\/tomasostore.com.ar\/tienda\/","name":"Tomaso Store","description":"Compr\u00e1s online, recib\u00eds en mano. Desde Hernando, llevando confianza a tu casa. Productos con garant\u00eda.","potentialAction":[{"@type":"SearchAction","target":{"@type":"EntryPoint","urlTemplate":"https:\/\/tomasostore.com.ar\/tienda\/?s={search_term_string}"},"query-input":{"@type":"PropertyValueSpecification","valueRequired":true,"valueName":"search_term_string"}}],"inLanguage":"es"}]}},"_links":{"self":[{"href":"https:\/\/tomasostore.com.ar\/tienda\/wp-json\/wp\/v2\/product\/10185","targetHints":{"allow":["GET"]}}],"collection":[{"href":"https:\/\/tomasostore.com.ar\/tienda\/wp-json\/wp\/v2\/product"}],"about":[{"href":"https:\/\/tomasostore.com.ar\/tienda\/wp-json\/wp\/v2\/types\/product"}],"replies":[{"embeddable":true,"href":"https:\/\/tomasostore.com.ar\/tienda\/wp-json\/wp\/v2\/comments?post=10185"}],"version-history":[{"count":2,"href":"https:\/\/tomasostore.com.ar\/tienda\/wp-json\/wp\/v2\/product\/10185\/revisions"}],"predecessor-version":[{"id":33278,"href":"https:\/\/tomasostore.com.ar\/tienda\/wp-json\/wp\/v2\/product\/10185\/revisions\/33278"}],"wp:featuredmedia":[{"embeddable":true,"href":"https:\/\/tomasostore.com.ar\/tienda\/wp-json\/wp\/v2\/media\/25553"}],"wp:attachment":[{"href":"https:\/\/tomasostore.com.ar\/tienda\/wp-json\/wp\/v2\/media?parent=10185"}],"wp:term":[{"taxonomy":"product_brand","embeddable":true,"href":"https:\/\/tomasostore.com.ar\/tienda\/wp-json\/wp\/v2\/product_brand?post=10185"},{"taxonomy":"product_cat","embeddable":true,"href":"https:\/\/tomasostore.com.ar\/tienda\/wp-json\/wp\/v2\/product_cat?post=10185"},{"taxonomy":"product_tag","embeddable":true,"href":"https:\/\/tomasostore.com.ar\/tienda\/wp-json\/wp\/v2\/product_tag?post=10185"}],"curies":[{"name":"wp","href":"https:\/\/api.w.org\/{rel}","templated":true}]}}