{"id":30347,"date":"2025-07-19T12:40:32","date_gmt":"2025-07-19T15:40:32","guid":{"rendered":"https:\/\/tomasostore.com.ar\/tienda\/?page_id=30347"},"modified":"2025-07-29T12:50:04","modified_gmt":"2025-07-29T15:50:04","slug":"adultos","status":"publish","type":"page","link":"https:\/\/tomasostore.com.ar\/tienda\/adultos\/","title":{"rendered":"Adultos"},"content":{"rendered":"\t\t<div data-elementor-type=\"wp-page\" data-elementor-id=\"30347\" class=\"elementor elementor-30347\" data-elementor-post-type=\"page\">\n\t\t\t\t<div class=\"elementor-element elementor-element-2ef5a47 e-flex e-con-boxed e-con e-parent\" data-id=\"2ef5a47\" data-element_type=\"container\" data-e-type=\"container\" data-settings=\"{&quot;background_background&quot;:&quot;classic&quot;}\">\n\t\t\t\t\t<div class=\"e-con-inner\">\n\t\t\t\t<div class=\"elementor-element elementor-element-ee118fe elementor-widget__width-initial elementor-widget elementor-widget-image\" data-id=\"ee118fe\" data-element_type=\"widget\" data-e-type=\"widget\" data-widget_type=\"image.default\">\n\t\t\t\t\t\t\t\t\t\t\t\t\t\t\t\t<a href=\"https:\/\/tomasostore.com.ar\">\n\t\t\t\t\t\t\t<img fetchpriority=\"high\" decoding=\"async\" width=\"1131\" height=\"242\" src=\"https:\/\/tomasostore.com.ar\/tienda\/wp-content\/uploads\/2025\/07\/Logo-Horizontal.png\" class=\"attachment-full size-full wp-image-13924\" alt=\"\" srcset=\"https:\/\/tomasostore.com.ar\/tienda\/wp-content\/uploads\/2025\/07\/Logo-Horizontal.png 1131w, https:\/\/tomasostore.com.ar\/tienda\/wp-content\/uploads\/2025\/07\/Logo-Horizontal-300x64.png 300w, https:\/\/tomasostore.com.ar\/tienda\/wp-content\/uploads\/2025\/07\/Logo-Horizontal-1024x219.png 1024w, https:\/\/tomasostore.com.ar\/tienda\/wp-content\/uploads\/2025\/07\/Logo-Horizontal-768x164.png 768w, https:\/\/tomasostore.com.ar\/tienda\/wp-content\/uploads\/2025\/07\/Logo-Horizontal-600x128.png 600w\" sizes=\"(max-width: 1131px) 100vw, 1131px\" \/>\t\t\t\t\t\t\t\t<\/a>\n\t\t\t\t\t\t\t\t\t\t\t\t\t\t\t<\/div>\n\t\t<div class=\"elementor-element elementor-element-b4fd60e e-flex e-con-boxed e-con e-child\" data-id=\"b4fd60e\" data-element_type=\"container\" data-e-type=\"container\">\n\t\t\t\t\t<div class=\"e-con-inner\">\n\t\t\t\t<div class=\"elementor-element elementor-element-a69487f elementor-view-default elementor-widget elementor-widget-icon\" data-id=\"a69487f\" data-element_type=\"widget\" data-e-type=\"widget\" data-widget_type=\"icon.default\">\n\t\t\t\t\t\t\t<div class=\"elementor-icon-wrapper\">\n\t\t\t<div class=\"elementor-icon\">\n\t\t\t<i aria-hidden=\"true\" class=\"jki jki-shopping-cart-line\"><\/i>\t\t\t<\/div>\n\t\t<\/div>\n\t\t\t\t\t\t<\/div>\n\t\t\t\t<div class=\"elementor-element elementor-element-9615530 elementor-view-default elementor-widget elementor-widget-icon\" data-id=\"9615530\" data-element_type=\"widget\" data-e-type=\"widget\" data-widget_type=\"icon.default\">\n\t\t\t\t\t\t\t<div class=\"elementor-icon-wrapper\">\n\t\t\t<div class=\"elementor-icon\">\n\t\t\t<i aria-hidden=\"true\" class=\"jki jki-search2-light\"><\/i>\t\t\t<\/div>\n\t\t<\/div>\n\t\t\t\t\t\t<\/div>\n\t\t\t\t<div class=\"elementor-element elementor-element-b587fb0 elementor-view-default elementor-widget elementor-widget-icon\" data-id=\"b587fb0\" data-element_type=\"widget\" data-e-type=\"widget\" data-widget_type=\"icon.default\">\n\t\t\t\t\t\t\t<div class=\"elementor-icon-wrapper\">\n\t\t\t<div class=\"elementor-icon\">\n\t\t\t<i aria-hidden=\"true\" class=\"jki jki-user\"><\/i>\t\t\t<\/div>\n\t\t<\/div>\n\t\t\t\t\t\t<\/div>\n\t\t\t\t\t<\/div>\n\t\t\t\t<\/div>\n\t\t\t\t\t<\/div>\n\t\t\t\t<\/div>\n\t\t<div class=\"elementor-element elementor-element-88d3d79 e-flex e-con-boxed e-con e-parent\" data-id=\"88d3d79\" data-element_type=\"container\" data-e-type=\"container\">\n\t\t\t\t\t<div class=\"e-con-inner\">\n\t\t\t\t<div class=\"elementor-element elementor-element-186904c elementor-nav-menu__align-end elementor-nav-menu--dropdown-tablet elementor-nav-menu__text-align-aside elementor-nav-menu--toggle elementor-nav-menu--burger elementor-widget elementor-widget-nav-menu\" data-id=\"186904c\" data-element_type=\"widget\" data-e-type=\"widget\" data-settings=\"{&quot;layout&quot;:&quot;horizontal&quot;,&quot;submenu_icon&quot;:{&quot;value&quot;:&quot;&lt;svg class=\\&quot;e-font-icon-svg e-fas-caret-down\\&quot; viewBox=\\&quot;0 0 320 512\\&quot; xmlns=\\&quot;http:\\\/\\\/www.w3.org\\\/2000\\\/svg\\&quot;&gt;&lt;path d=\\&quot;M31.3 192h257.3c17.8 0 26.7 21.5 14.1 34.1L174.1 354.8c-7.8 7.8-20.5 7.8-28.3 0L17.2 226.1C4.6 213.5 13.5 192 31.3 192z\\&quot;&gt;&lt;\\\/path&gt;&lt;\\\/svg&gt;&quot;,&quot;library&quot;:&quot;fa-solid&quot;},&quot;toggle&quot;:&quot;burger&quot;}\" data-widget_type=\"nav-menu.default\">\n\t\t\t\t\t\t\t\t<nav aria-label=\"Menu\" class=\"elementor-nav-menu--main elementor-nav-menu__container elementor-nav-menu--layout-horizontal e--pointer-underline e--animation-fade\">\n\t\t\t\t<ul id=\"menu-1-186904c\" class=\"elementor-nav-menu\"><li class=\"menu-item menu-item-type-custom menu-item-object-custom menu-item-3149\"><a href=\"https:\/\/tomasostore.com.ar\/\" class=\"elementor-item\">Home<\/a><\/li>\n<li class=\"menu-item menu-item-type-custom menu-item-object-custom menu-item-3150\"><a href=\"https:\/\/tomasostore.com.ar\/tienda\/los-mas-vendidos\/\" class=\"elementor-item\">Destacados<\/a><\/li>\n<\/ul>\t\t\t<\/nav>\n\t\t\t\t\t<div class=\"elementor-menu-toggle\" role=\"button\" tabindex=\"0\" aria-label=\"Menu Toggle\" aria-expanded=\"false\">\n\t\t\t<svg aria-hidden=\"true\" role=\"presentation\" class=\"elementor-menu-toggle__icon--open e-font-icon-svg e-eicon-menu-bar\" viewBox=\"0 0 1000 1000\" xmlns=\"http:\/\/www.w3.org\/2000\/svg\"><path d=\"M104 333H896C929 333 958 304 958 271S929 208 896 208H104C71 208 42 237 42 271S71 333 104 333ZM104 583H896C929 583 958 554 958 521S929 458 896 458H104C71 458 42 487 42 521S71 583 104 583ZM104 833H896C929 833 958 804 958 771S929 708 896 708H104C71 708 42 737 42 771S71 833 104 833Z\"><\/path><\/svg><svg aria-hidden=\"true\" role=\"presentation\" class=\"elementor-menu-toggle__icon--close e-font-icon-svg e-eicon-close\" viewBox=\"0 0 1000 1000\" xmlns=\"http:\/\/www.w3.org\/2000\/svg\"><path d=\"M742 167L500 408 258 167C246 154 233 150 217 150 196 150 179 158 167 167 154 179 150 196 150 212 150 229 154 242 171 254L408 500 167 742C138 771 138 800 167 829 196 858 225 858 254 829L496 587 738 829C750 842 767 846 783 846 800 846 817 842 829 829 842 817 846 804 846 783 846 767 842 750 829 737L588 500 833 258C863 229 863 200 833 171 804 137 775 137 742 167Z\"><\/path><\/svg>\t\t<\/div>\n\t\t\t\t\t<nav class=\"elementor-nav-menu--dropdown elementor-nav-menu__container\" aria-hidden=\"true\">\n\t\t\t\t<ul id=\"menu-2-186904c\" class=\"elementor-nav-menu\"><li class=\"menu-item menu-item-type-custom menu-item-object-custom menu-item-3149\"><a href=\"https:\/\/tomasostore.com.ar\/\" class=\"elementor-item\" tabindex=\"-1\">Home<\/a><\/li>\n<li class=\"menu-item menu-item-type-custom menu-item-object-custom menu-item-3150\"><a href=\"https:\/\/tomasostore.com.ar\/tienda\/los-mas-vendidos\/\" class=\"elementor-item\" tabindex=\"-1\">Destacados<\/a><\/li>\n<\/ul>\t\t\t<\/nav>\n\t\t\t\t\t\t<\/div>\n\t\t\t\t\t<\/div>\n\t\t\t\t<\/div>\n\t\t<div class=\"elementor-element elementor-element-f430096 e-flex e-con-boxed e-con e-parent\" data-id=\"f430096\" data-element_type=\"container\" data-e-type=\"container\">\n\t\t\t\t\t<div class=\"e-con-inner\">\n\t\t\t\t<div class=\"elementor-element elementor-element-9eec437 elementor-grid-4 elementor-grid-tablet-2 elementor-grid-mobile-1 elementor-posts--thumbnail-top elementor-card-shadow-yes elementor-posts__hover-gradient elementor-widget elementor-widget-posts\" data-id=\"9eec437\" data-element_type=\"widget\" data-e-type=\"widget\" data-settings=\"{&quot;cards_columns&quot;:&quot;4&quot;,&quot;cards_masonry&quot;:&quot;yes&quot;,&quot;pagination_type&quot;:&quot;load_more_infinite_scroll&quot;,&quot;cards_columns_tablet&quot;:&quot;2&quot;,&quot;cards_columns_mobile&quot;:&quot;1&quot;,&quot;cards_row_gap&quot;:{&quot;unit&quot;:&quot;px&quot;,&quot;size&quot;:35,&quot;sizes&quot;:[]},&quot;cards_row_gap_tablet&quot;:{&quot;unit&quot;:&quot;px&quot;,&quot;size&quot;:&quot;&quot;,&quot;sizes&quot;:[]},&quot;cards_row_gap_mobile&quot;:{&quot;unit&quot;:&quot;px&quot;,&quot;size&quot;:&quot;&quot;,&quot;sizes&quot;:[]},&quot;load_more_spinner&quot;:{&quot;value&quot;:&quot;fas fa-spinner&quot;,&quot;library&quot;:&quot;fa-solid&quot;}}\" data-widget_type=\"posts.cards\">\n\t\t\t\t<div class=\"elementor-widget-container\">\n\t\t\t\t\t\t\t<div class=\"elementor-posts-container elementor-posts elementor-posts--skin-cards elementor-grid\" role=\"list\">\n\t\t\t\t<article class=\"elementor-post elementor-grid-item post-1506 product type-product status-publish has-post-thumbnail product_brand-bureau product_cat-juegos-de-mesa-adultos product_tag-juegos-de-mesa-adultos first instock sale shipping-taxable purchasable product-type-simple\" role=\"listitem\">\n\t\t\t<div class=\"elementor-post__card\">\n\t\t\t\t<a class=\"elementor-post__thumbnail__link\" href=\"https:\/\/tomasostore.com.ar\/tienda\/producto\/juego-de-cartas-bandido-buro\/\" tabindex=\"-1\" ><div class=\"elementor-post__thumbnail\"><img decoding=\"async\" width=\"150\" height=\"150\" src=\"https:\/\/tomasostore.com.ar\/tienda\/wp-content\/uploads\/2025\/07\/image-1001-e1daf5528c56ee3cf616897878358751-1024-1024.jpg\" class=\"attachment-thumbnail size-thumbnail wp-image-24472\" alt=\"\" \/><\/div><\/a>\n\t\t\t\t<div class=\"elementor-post__text\">\n\t\t\t\t<h3 class=\"elementor-post__title\">\n\t\t\t<a href=\"https:\/\/tomasostore.com.ar\/tienda\/producto\/juego-de-cartas-bandido-buro\/\" >\n\t\t\t\tJuego De Cartas Bandido Bur\u00f3\t\t\t<\/a>\n\t\t<\/h3>\n\t\t\t\t<div class=\"elementor-post__excerpt\">\n\t\t\t<p>Juego de Cartas Bandido Bur\u00f3 Es un juego de colocaci\u00f3n<\/p>\n\t\t<\/div>\n\t\t\t\t<\/div>\n\t\t\t\t\t<\/div>\n\t\t<\/article>\n\t\t\t\t<article class=\"elementor-post elementor-grid-item post-2190 product type-product status-publish has-post-thumbnail product_brand-juegos-maldon product_cat-juegos-de-mesa-adultos product_tag-juegos-de-mesa-adultos  instock sale shipping-taxable purchasable product-type-simple\" role=\"listitem\">\n\t\t\t<div class=\"elementor-post__card\">\n\t\t\t\t<a class=\"elementor-post__thumbnail__link\" href=\"https:\/\/tomasostore.com.ar\/tienda\/producto\/juego-de-mesa-aventureros-al-tren-america-maldon\/\" tabindex=\"-1\" ><div class=\"elementor-post__thumbnail\"><img decoding=\"async\" width=\"150\" height=\"150\" src=\"https:\/\/tomasostore.com.ar\/tienda\/wp-content\/uploads\/2025\/07\/image-131-eebe676dc4f8d2682f16814832206583-1024-1024.jpg\" class=\"attachment-thumbnail size-thumbnail wp-image-24476\" alt=\"\" \/><\/div><\/a>\n\t\t\t\t<div class=\"elementor-post__text\">\n\t\t\t\t<h3 class=\"elementor-post__title\">\n\t\t\t<a href=\"https:\/\/tomasostore.com.ar\/tienda\/producto\/juego-de-mesa-aventureros-al-tren-america-maldon\/\" >\n\t\t\t\tJuego De Mesa Aventureros Al Tren Am\u00e9rica Mald\u00f3n\t\t\t<\/a>\n\t\t<\/h3>\n\t\t\t\t<div class=\"elementor-post__excerpt\">\n\t\t\t<p>(Ticket To Ride) 2 de octubre, 1900. 28 a\u00f1os despu\u00e9s<\/p>\n\t\t<\/div>\n\t\t\t\t<\/div>\n\t\t\t\t\t<\/div>\n\t\t<\/article>\n\t\t\t\t<article class=\"elementor-post elementor-grid-item post-708 product type-product status-publish has-post-thumbnail product_brand-bureau product_cat-juegos-de-mesa-adultos product_tag-juegos-de-mesa-adultos  instock sale shipping-taxable purchasable product-type-simple\" role=\"listitem\">\n\t\t\t<div class=\"elementor-post__card\">\n\t\t\t\t<a class=\"elementor-post__thumbnail__link\" href=\"https:\/\/tomasostore.com.ar\/tienda\/producto\/atr-juego-de-cartas-ahora-todos-reimos\/\" tabindex=\"-1\" ><div class=\"elementor-post__thumbnail\"><img loading=\"lazy\" decoding=\"async\" width=\"150\" height=\"150\" src=\"https:\/\/tomasostore.com.ar\/tienda\/wp-content\/uploads\/2025\/07\/untitled-design-2-96a6617b2b65931fab17019647631079-1024-1024.png\" class=\"attachment-thumbnail size-thumbnail wp-image-24468\" alt=\"\" \/><\/div><\/a>\n\t\t\t\t<div class=\"elementor-post__text\">\n\t\t\t\t<h3 class=\"elementor-post__title\">\n\t\t\t<a href=\"https:\/\/tomasostore.com.ar\/tienda\/producto\/atr-juego-de-cartas-ahora-todos-reimos\/\" >\n\t\t\t\tAtr Juego De Cartas Ahora Todos Re\u00edmos\t\t\t<\/a>\n\t\t<\/h3>\n\t\t\t\t<div class=\"elementor-post__excerpt\">\n\t\t\t<p>Atr Juego De Cartas Ahora Todos Re\u00edmos AHORA TODOS RE\u00cdMOS,<\/p>\n\t\t<\/div>\n\t\t\t\t<\/div>\n\t\t\t\t\t<\/div>\n\t\t<\/article>\n\t\t\t\t<article class=\"elementor-post elementor-grid-item post-2291 product type-product status-publish has-post-thumbnail product_brand-bureau product_cat-juegos-de-mesa-adultos product_tag-juegos-de-mesa-adultos last instock sale shipping-taxable purchasable product-type-simple\" role=\"listitem\">\n\t\t\t<div class=\"elementor-post__card\">\n\t\t\t\t<a class=\"elementor-post__thumbnail__link\" href=\"https:\/\/tomasostore.com.ar\/tienda\/producto\/juego-de-cartas-hdp\/\" tabindex=\"-1\" ><div class=\"elementor-post__thumbnail\"><img loading=\"lazy\" decoding=\"async\" width=\"150\" height=\"150\" src=\"https:\/\/tomasostore.com.ar\/tienda\/wp-content\/uploads\/2025\/07\/producto22-11-cf2f739b6dccedba0116801092726911-1024-1024.jpg\" class=\"attachment-thumbnail size-thumbnail wp-image-24486\" alt=\"\" \/><\/div><\/a>\n\t\t\t\t<div class=\"elementor-post__text\">\n\t\t\t\t<h3 class=\"elementor-post__title\">\n\t\t\t<a href=\"https:\/\/tomasostore.com.ar\/tienda\/producto\/juego-de-cartas-hdp\/\" >\n\t\t\t\tJuego De Cartas Hdp\t\t\t<\/a>\n\t\t<\/h3>\n\t\t\t\t<div class=\"elementor-post__excerpt\">\n\t\t\t<p>Respond\u00e9 la pregunta de la carta negra con alguna de<\/p>\n\t\t<\/div>\n\t\t\t\t<\/div>\n\t\t\t\t\t<\/div>\n\t\t<\/article>\n\t\t\t\t<\/div>\n\t\t\t\t\t<span class=\"e-load-more-spinner\">\n\t\t\t\t<svg aria-hidden=\"true\" class=\"e-font-icon-svg e-fas-spinner\" viewBox=\"0 0 512 512\" xmlns=\"http:\/\/www.w3.org\/2000\/svg\"><path d=\"M304 48c0 26.51-21.49 48-48 48s-48-21.49-48-48 21.49-48 48-48 48 21.49 48 48zm-48 368c-26.51 0-48 21.49-48 48s21.49 48 48 48 48-21.49 48-48-21.49-48-48-48zm208-208c-26.51 0-48 21.49-48 48s21.49 48 48 48 48-21.49 48-48-21.49-48-48-48zM96 256c0-26.51-21.49-48-48-48S0 229.49 0 256s21.49 48 48 48 48-21.49 48-48zm12.922 99.078c-26.51 0-48 21.49-48 48s21.49 48 48 48 48-21.49 48-48c0-26.509-21.491-48-48-48zm294.156 0c-26.51 0-48 21.49-48 48s21.49 48 48 48 48-21.49 48-48c0-26.509-21.49-48-48-48zM108.922 60.922c-26.51 0-48 21.49-48 48s21.49 48 48 48 48-21.49 48-48-21.491-48-48-48z\"><\/path><\/svg>\t\t\t<\/span>\n\t\t\n\t\t\t\t<div class=\"e-load-more-anchor\" data-page=\"1\" data-max-page=\"9\" data-next-page=\"https:\/\/tomasostore.com.ar\/tienda\/wp-json\/wp\/v2\/pages\/30347\/page\/2\/\"><\/div>\n\t\t\t\t<div class=\"e-load-more-message\"><\/div>\n\t\t\t\t\t\t<\/div>\n\t\t\t\t<\/div>\n\t\t\t\t\t<\/div>\n\t\t\t\t<\/div>\n\t\t\t\t<\/div>\n\t\t","protected":false},"excerpt":{"rendered":"","protected":false},"author":1,"featured_media":0,"parent":0,"menu_order":0,"comment_status":"closed","ping_status":"closed","template":"elementor_canvas","meta":{"footnotes":""},"class_list":["post-30347","page","type-page","status-publish","hentry"],"yoast_head":"<!-- This site is optimized with the Yoast SEO plugin v27.5 - https:\/\/yoast.com\/product\/yoast-seo-wordpress\/ -->\n<title>Adultos - Tomaso Store<\/title>\n<meta name=\"robots\" content=\"index, follow, max-snippet:-1, max-image-preview:large, max-video-preview:-1\" \/>\n<link rel=\"canonical\" href=\"https:\/\/tomasostore.com.ar\/tienda\/adultos\/\" \/>\n<meta property=\"og:locale\" content=\"es_ES\" \/>\n<meta property=\"og:type\" content=\"article\" \/>\n<meta property=\"og:title\" content=\"Adultos - Tomaso Store\" \/>\n<meta property=\"og:url\" content=\"https:\/\/tomasostore.com.ar\/tienda\/adultos\/\" \/>\n<meta property=\"og:site_name\" content=\"Tomaso Store\" \/>\n<meta property=\"article:modified_time\" content=\"2025-07-29T15:50:04+00:00\" \/>\n<meta property=\"og:image\" content=\"https:\/\/tomasostore.com.ar\/tienda\/wp-content\/uploads\/2025\/07\/Logo-Horizontal.png\" \/>\n\t<meta property=\"og:image:width\" content=\"1131\" \/>\n\t<meta property=\"og:image:height\" content=\"242\" \/>\n\t<meta property=\"og:image:type\" content=\"image\/png\" \/>\n<meta name=\"twitter:card\" content=\"summary_large_image\" \/>\n<meta name=\"twitter:label1\" content=\"Tiempo de lectura\" \/>\n\t<meta name=\"twitter:data1\" content=\"2 minutos\" \/>\n<script type=\"application\/ld+json\" class=\"yoast-schema-graph\">{\"@context\":\"https:\\\/\\\/schema.org\",\"@graph\":[{\"@type\":\"WebPage\",\"@id\":\"https:\\\/\\\/tomasostore.com.ar\\\/tienda\\\/adultos\\\/\",\"url\":\"https:\\\/\\\/tomasostore.com.ar\\\/tienda\\\/adultos\\\/\",\"name\":\"Adultos - Tomaso Store\",\"isPartOf\":{\"@id\":\"https:\\\/\\\/tomasostore.com.ar\\\/tienda\\\/#website\"},\"primaryImageOfPage\":{\"@id\":\"https:\\\/\\\/tomasostore.com.ar\\\/tienda\\\/adultos\\\/#primaryimage\"},\"image\":{\"@id\":\"https:\\\/\\\/tomasostore.com.ar\\\/tienda\\\/adultos\\\/#primaryimage\"},\"thumbnailUrl\":\"https:\\\/\\\/tomasostore.com.ar\\\/tienda\\\/wp-content\\\/uploads\\\/2025\\\/07\\\/Logo-Horizontal.png\",\"datePublished\":\"2025-07-19T15:40:32+00:00\",\"dateModified\":\"2025-07-29T15:50:04+00:00\",\"breadcrumb\":{\"@id\":\"https:\\\/\\\/tomasostore.com.ar\\\/tienda\\\/adultos\\\/#breadcrumb\"},\"inLanguage\":\"es\",\"potentialAction\":[{\"@type\":\"ReadAction\",\"target\":[\"https:\\\/\\\/tomasostore.com.ar\\\/tienda\\\/adultos\\\/\"]}]},{\"@type\":\"ImageObject\",\"inLanguage\":\"es\",\"@id\":\"https:\\\/\\\/tomasostore.com.ar\\\/tienda\\\/adultos\\\/#primaryimage\",\"url\":\"\",\"contentUrl\":\"\"},{\"@type\":\"BreadcrumbList\",\"@id\":\"https:\\\/\\\/tomasostore.com.ar\\\/tienda\\\/adultos\\\/#breadcrumb\",\"itemListElement\":[{\"@type\":\"ListItem\",\"position\":1,\"name\":\"Portada\",\"item\":\"https:\\\/\\\/tomasostore.com.ar\\\/tienda\\\/\"},{\"@type\":\"ListItem\",\"position\":2,\"name\":\"Adultos\"}]},{\"@type\":\"WebSite\",\"@id\":\"https:\\\/\\\/tomasostore.com.ar\\\/tienda\\\/#website\",\"url\":\"https:\\\/\\\/tomasostore.com.ar\\\/tienda\\\/\",\"name\":\"Tomaso Store\",\"description\":\"Compr\u00e1s online, recib\u00eds en mano. Desde Hernando, llevando confianza a tu casa. Productos con garant\u00eda.\",\"potentialAction\":[{\"@type\":\"SearchAction\",\"target\":{\"@type\":\"EntryPoint\",\"urlTemplate\":\"https:\\\/\\\/tomasostore.com.ar\\\/tienda\\\/?s={search_term_string}\"},\"query-input\":{\"@type\":\"PropertyValueSpecification\",\"valueRequired\":true,\"valueName\":\"search_term_string\"}}],\"inLanguage\":\"es\"}]}<\/script>\n<!-- \/ Yoast SEO plugin. -->","yoast_head_json":{"title":"Adultos - Tomaso Store","robots":{"index":"index","follow":"follow","max-snippet":"max-snippet:-1","max-image-preview":"max-image-preview:large","max-video-preview":"max-video-preview:-1"},"canonical":"https:\/\/tomasostore.com.ar\/tienda\/adultos\/","og_locale":"es_ES","og_type":"article","og_title":"Adultos - Tomaso Store","og_url":"https:\/\/tomasostore.com.ar\/tienda\/adultos\/","og_site_name":"Tomaso Store","article_modified_time":"2025-07-29T15:50:04+00:00","og_image":[{"width":1131,"height":242,"url":"https:\/\/tomasostore.com.ar\/tienda\/wp-content\/uploads\/2025\/07\/Logo-Horizontal.png","type":"image\/png"}],"twitter_card":"summary_large_image","twitter_misc":{"Tiempo de lectura":"2 minutos"},"schema":{"@context":"https:\/\/schema.org","@graph":[{"@type":"WebPage","@id":"https:\/\/tomasostore.com.ar\/tienda\/adultos\/","url":"https:\/\/tomasostore.com.ar\/tienda\/adultos\/","name":"Adultos - Tomaso Store","isPartOf":{"@id":"https:\/\/tomasostore.com.ar\/tienda\/#website"},"primaryImageOfPage":{"@id":"https:\/\/tomasostore.com.ar\/tienda\/adultos\/#primaryimage"},"image":{"@id":"https:\/\/tomasostore.com.ar\/tienda\/adultos\/#primaryimage"},"thumbnailUrl":"https:\/\/tomasostore.com.ar\/tienda\/wp-content\/uploads\/2025\/07\/Logo-Horizontal.png","datePublished":"2025-07-19T15:40:32+00:00","dateModified":"2025-07-29T15:50:04+00:00","breadcrumb":{"@id":"https:\/\/tomasostore.com.ar\/tienda\/adultos\/#breadcrumb"},"inLanguage":"es","potentialAction":[{"@type":"ReadAction","target":["https:\/\/tomasostore.com.ar\/tienda\/adultos\/"]}]},{"@type":"ImageObject","inLanguage":"es","@id":"https:\/\/tomasostore.com.ar\/tienda\/adultos\/#primaryimage","url":"","contentUrl":""},{"@type":"BreadcrumbList","@id":"https:\/\/tomasostore.com.ar\/tienda\/adultos\/#breadcrumb","itemListElement":[{"@type":"ListItem","position":1,"name":"Portada","item":"https:\/\/tomasostore.com.ar\/tienda\/"},{"@type":"ListItem","position":2,"name":"Adultos"}]},{"@type":"WebSite","@id":"https:\/\/tomasostore.com.ar\/tienda\/#website","url":"https:\/\/tomasostore.com.ar\/tienda\/","name":"Tomaso Store","description":"Compr\u00e1s online, recib\u00eds en mano. Desde Hernando, llevando confianza a tu casa. Productos con garant\u00eda.","potentialAction":[{"@type":"SearchAction","target":{"@type":"EntryPoint","urlTemplate":"https:\/\/tomasostore.com.ar\/tienda\/?s={search_term_string}"},"query-input":{"@type":"PropertyValueSpecification","valueRequired":true,"valueName":"search_term_string"}}],"inLanguage":"es"}]}},"_links":{"self":[{"href":"https:\/\/tomasostore.com.ar\/tienda\/wp-json\/wp\/v2\/pages\/30347","targetHints":{"allow":["GET"]}}],"collection":[{"href":"https:\/\/tomasostore.com.ar\/tienda\/wp-json\/wp\/v2\/pages"}],"about":[{"href":"https:\/\/tomasostore.com.ar\/tienda\/wp-json\/wp\/v2\/types\/page"}],"author":[{"embeddable":true,"href":"https:\/\/tomasostore.com.ar\/tienda\/wp-json\/wp\/v2\/users\/1"}],"replies":[{"embeddable":true,"href":"https:\/\/tomasostore.com.ar\/tienda\/wp-json\/wp\/v2\/comments?post=30347"}],"version-history":[{"count":19,"href":"https:\/\/tomasostore.com.ar\/tienda\/wp-json\/wp\/v2\/pages\/30347\/revisions"}],"predecessor-version":[{"id":35444,"href":"https:\/\/tomasostore.com.ar\/tienda\/wp-json\/wp\/v2\/pages\/30347\/revisions\/35444"}],"wp:attachment":[{"href":"https:\/\/tomasostore.com.ar\/tienda\/wp-json\/wp\/v2\/media?parent=30347"}],"curies":[{"name":"wp","href":"https:\/\/api.w.org\/{rel}","templated":true}]}}